{"id":1031,"date":"2016-06-01T15:20:00","date_gmt":"2016-06-01T15:20:00","guid":{"rendered":"https:\/\/isd-freiburg.de\/en\/products\/german-intensive-course-regular-kopie-2\/"},"modified":"2022-05-17T13:26:03","modified_gmt":"2022-05-17T13:26:03","slug":"deutsch-intensiv-regular","status":"publish","type":"product","link":"https:\/\/isd-freiburg.de\/en\/online-anmeldung\/deutsch-intensiv-regular\/","title":{"rendered":"German course &#8211; REGULAR 20 units\/week"},"content":{"rendered":"<h3>Intensivkurs Regular<br \/>\n<strong><span style=\"font-size: 18pt;\">Courses Descripcion and schedules<\/span><img fetchpriority=\"high\" decoding=\"async\" class=\"size-medium wp-image-3479 alignright\" src=\"https:\/\/isd-freiburg.de\/wp-content\/uploads\/2016\/06\/DEU_INtensiv_Regular.jpg\" sizes=\"(max-width: 360px) 100vw, 360px\" srcset=\"https:\/\/isd-freiburg.de\/wp-content\/uploads\/2016\/06\/DEU_INtensiv_Regular.jpg 360w, https:\/\/isd-freiburg.de\/wp-content\/uploads\/2016\/06\/DEU_INtensiv_Regular-768x512.jpg 768w, https:\/\/isd-freiburg.de\/wp-content\/uploads\/2016\/06\/DEU_INtensiv_Regular.jpg 977w\" alt=\"DEU_INtensiv_Regular\" width=\"360\" height=\"240\" \/><\/strong><\/h3>\n<p>Are you looking for a German course with motivated participants, good teachers, efficient learn planning and proficient consultants?<br \/>\nThe Intensivkurs REGULAR might be your choice. This is no INTEGRATIONSKURS (!), which means that all the participants do really want to learn, the groups are not oversized, You learn faster and we have the biggest flexibility in terms of choosing and implementing teaching programs and materials. Most important we have no overbureaucratized administration. You can enroll, You can start anytime you want.<br \/>\nThis course was planned as an alternative solution to the problems of the traditional Integration courses and helps You to learn and practise the german language successfully, due to the execution of a rigorous Quality Control system.<br \/>\n<strong style=\"font-size: 1.618em;\"><br \/>\n<span style=\"font-size: 12pt;\">Preisliste 2022<\/span><\/strong><\/p>\n<div class=\"su-table su-table-responsive su-table-alternate\">\n<table>\n<tbody>\n<tr>\n<td><strong>Wochen<\/strong><\/td>\n<td><strong>intensiv 20 UE<\/strong><\/td>\n<td><strong>superintensiv 24 UE<\/strong><\/td>\n<\/tr>\n<tr>\n<td>1 Woche:<\/td>\n<td>169,- EUR<\/td>\n<td>192,- EUR<\/td>\n<\/tr>\n<tr>\n<td>2 Wochen:<\/td>\n<td>309,- EUR<\/td>\n<td>355,- EUR<\/td>\n<\/tr>\n<tr>\n<td>4 Wochen:<\/td>\n<td>548,- EUR<\/td>\n<td>640,- EUR<\/td>\n<\/tr>\n<tr>\n<td>6 Wochen:<\/td>\n<td>799,- EUR<\/td>\n<td>937,- EUR<\/td>\n<\/tr>\n<tr>\n<td>8 Wochen:<\/td>\n<td>948,- EUR<\/td>\n<td>1.132,- EUR<\/td>\n<\/tr>\n<tr>\n<td>10 Wochen:<\/td>\n<td>1.150,- EUR<\/td>\n<td>1.380,- EUR<\/td>\n<\/tr>\n<tr>\n<td>ab 11 Wochen:<\/td>\n<td>113,- EUR\/Woche<\/td>\n<td>136,- EUR\/Woche<\/td>\n<\/tr>\n<\/tbody>\n<\/table>\n<\/div>\n<h3><strong>Termine 2022<\/strong><\/h3>\n<p>Alle Deutschkurse REGULAR sind <strong>intensiv<\/strong> und finden t\u00e4glich montags bis freitags i.d.R. <strong>von 9 bis 12.15<\/strong> <strong>Uhr* <\/strong>statt.<br \/>\n*Die Uhrzeit kann variieren.<br \/>\nWenn Sie bereits \u00fcber Vorkenntnisse verf\u00fcgen, k\u00f6nnen Sie sich jederzeit anmelden und nach einem schnellen Einstufungstest in die passende Gruppe einsteigen. Alternativ schauen Sie folgende Starttermine:<\/p>\n<div class=\"su-table su-table-responsive su-table-alternate\">\n<table>\n<tbody>\n<tr>\n<td><strong>Kursstart <\/strong><strong>A1:<\/strong><\/td>\n<td><strong>Kursstart A2:<\/strong><\/td>\n<td><strong>Kursstart B1:<\/strong><\/td>\n<td><strong>Kursstart B2:<\/strong><\/td>\n<td><strong>Kursstart C1:<\/strong><\/td>\n<\/tr>\n<tr>\n<td><strong>07.02.2022<br \/>\n14.03.2022<br \/>\n25.04.2022<br \/>\n07.06.2022<br \/>\n04.07.2022<br \/>\n08.08.2022<br \/>\n12.09.2022<br \/>\n17.10.2022<br \/>\n14.11.2022<\/strong><\/td>\n<td><strong>21.02.2022<br \/>\n21.03.2022<br \/>\n02.05.2022<br \/>\n13.06.2022<br \/>\n18.07.2022<br \/>\n15.08.2022<br \/>\n19.09.2022<br \/>\n24.10.2022<\/strong><\/td>\n<td><strong>28.02.2022<br \/>\n<\/strong><strong>28.03.2022<br \/>\n<\/strong><strong>25.04.2022<br \/>\n<\/strong><strong>30.05.2022<br \/>\n27.06.2022<br \/>\n01.08.2022<br \/>\n12.09.2022<br \/>\n17.10.2022<br \/>\n14.11.2022<\/strong><\/td>\n<td><strong>07.02.2022<br \/>\n14.03.2022<br \/>\n09.05.2022<br \/>\n07.06.2022<br \/>\n04.07.2022<br \/>\n01.08.2022<br \/>\n05.09.2022<br \/>\n10.10.2022<br \/>\n14.11.2022<\/strong><\/td>\n<td><strong>07.02.2022<br \/>\n14.03.2022<br \/>\n25.04.2022<br \/>\n30.05.2022<br \/>\n18.07.2022<br \/>\n15.08.2022<br \/>\n12.09.2022<br \/>\n17.10.2022<br \/>\n21.11.2022<\/strong><\/td>\n<\/tr>\n<\/tbody>\n<\/table>\n<\/div>\n<p><em>A1a basic (2 weeks)<\/em><br \/>\n<em>A1b basic + (2 weeks)<\/em><br \/>\n<em>A1c basic ++ (2 weeks)<\/em><\/p>\n<p><em>A2a pre-intermediate (2 weeks)<\/em><br \/>\n<em>A2b pre-intermediate + (2 weeks)<\/em><br \/>\n<em>A2c pre-intermediate ++ (2 weeks)<\/em><\/p>\n<p><em>B1a intermediate (2 weeks)<\/em><br \/>\n<em>B1b intermediate + (2 weeks)<\/em><br \/>\n<em>B1c intermediate ++ (2 weeks)<\/em><br \/>\n<em>B1d Intermediate +++ (2 weeks)<\/em><\/p>\n<p><em>B2a upper-intermediate (2 weeks)<\/em><br \/>\n<em>B2b upper-intermediate + (2 weeks)<\/em><br \/>\n<em>B2c upper-intermediate ++ (2 weeks)<\/em><br \/>\n<em>B2d upper-intermediate +++ (2 weeks)<\/em><\/p>\n<p><em>C1a advanced (2 weeks)<\/em><br \/>\n<em>C1b advanced + (2 weeks)<\/em><br \/>\n<em>C1c advanced ++ (2 weeks)<\/em><br \/>\n<em>C1d advanced +++ (2 weeks)<\/em><br \/>\n<em>C1e advanced ++++ (2 weeks)<br \/>\n<\/em><br \/>\nAll the courses are didactically structured and planned to give the possibility to do in Addition to the internal Zwischentest the following telc-exams:<\/p>\n<p><em>Start Deutsch 1 (telc Deutsch A1)<\/em><br \/>\n<em>Start Deutsch 2 (telc Deutsch A1)<\/em><br \/>\n<em>telc Test Deutsch alfa A2+<\/em><br \/>\n<em>telc Test Deutsch A2+<\/em><br \/>\n<em>telc Test Arbeitsplatz Deutsch A2+<\/em><br \/>\n<em>Zertifikat Deutsch (telc Deutsch B1)<\/em><br \/>\n<em>Zertifikat Deutsch f\u00fcr Jugendliche (telc Deutsch B1 Schule)<\/em><br \/>\n<em>telc Deutsch B2<\/em><br \/>\n<em>Zertifikat Deutsch f\u00fcr den Beruf (telc Deutsch B2 Beruf)<\/em><br \/>\n<em>telc Deutsch C1<\/em><br \/>\n<em>telc Deutsch C1 Hochschule<\/em><br \/>\n<em>Test DaF<\/em><br \/>\n<em>DSH<\/em><\/p>\n<div class=\"shariff shariff-align-left shariff-widget-align-left shariff-buttonstretch\" style=\"display:none\"><ul class=\"shariff-buttons theme-default orientation-horizontal buttonsize-medium\"><li class=\"shariff-button facebook shariff-nocustomcolor\" style=\"background-color:#7e8700\"><a href=\"https:\/\/www.facebook.com\/sharer\/sharer.php?u=https%3A%2F%2Fisd-freiburg.de%2Fen%2Fonline-anmeldung%2Fdeutsch-intensiv-regular%2F\" title=\"Share on Facebook\" aria-label=\"Share on Facebook\" role=\"button\" rel=\"nofollow\" class=\"shariff-link\" style=\"; background-color:#3b5998; color:#fff\" target=\"_blank\"><span class=\"shariff-icon\" style=\"\"><svg width=\"32px\" height=\"20px\" xmlns=\"http:\/\/www.w3.org\/2000\/svg\" viewBox=\"0 0 18 32\"><path fill=\"#3b5998\" d=\"M17.1 0.2v4.7h-2.8q-1.5 0-2.1 0.6t-0.5 1.9v3.4h5.2l-0.7 5.3h-4.5v13.6h-5.5v-13.6h-4.5v-5.3h4.5v-3.9q0-3.3 1.9-5.2t5-1.8q2.6 0 4.1 0.2z\"\/><\/svg><\/span><span class=\"shariff-text\">share<\/span>&nbsp;<\/a><\/li><li class=\"shariff-button twitter shariff-nocustomcolor\" style=\"background-color:#7e8700\"><a href=\"https:\/\/twitter.com\/share?url=https%3A%2F%2Fisd-freiburg.de%2Fen%2Fonline-anmeldung%2Fdeutsch-intensiv-regular%2F&text=German%20course%20%E2%80%93%20REGULAR%2020%20units%2Fweek\" title=\"Share on X\" aria-label=\"Share on X\" role=\"button\" rel=\"noopener nofollow\" class=\"shariff-link\" style=\"; background-color:#000; color:#fff\" target=\"_blank\"><span class=\"shariff-icon\" style=\"\"><svg width=\"32px\" height=\"20px\" xmlns=\"http:\/\/www.w3.org\/2000\/svg\" viewBox=\"0 0 24 24\"><path fill=\"#000\" d=\"M14.258 10.152L23.176 0h-2.113l-7.747 8.813L7.133 0H0l9.352 13.328L0 23.973h2.113l8.176-9.309 6.531 9.309h7.133zm-2.895 3.293l-.949-1.328L2.875 1.56h3.246l6.086 8.523.945 1.328 7.91 11.078h-3.246zm0 0\"\/><\/svg><\/span><span class=\"shariff-text\">share<\/span>&nbsp;<\/a><\/li><li class=\"shariff-button linkedin shariff-nocustomcolor\" style=\"background-color:#7e8700\"><a href=\"https:\/\/www.linkedin.com\/sharing\/share-offsite\/?url=https%3A%2F%2Fisd-freiburg.de%2Fen%2Fonline-anmeldung%2Fdeutsch-intensiv-regular%2F\" title=\"Share on LinkedIn\" aria-label=\"Share on LinkedIn\" role=\"button\" rel=\"noopener nofollow\" class=\"shariff-link\" style=\"; background-color:#0077b5; color:#fff\" target=\"_blank\"><span class=\"shariff-icon\" style=\"\"><svg width=\"32px\" height=\"20px\" xmlns=\"http:\/\/www.w3.org\/2000\/svg\" viewBox=\"0 0 27 32\"><path fill=\"#0077b5\" d=\"M6.2 11.2v17.7h-5.9v-17.7h5.9zM6.6 5.7q0 1.3-0.9 2.2t-2.4 0.9h0q-1.5 0-2.4-0.9t-0.9-2.2 0.9-2.2 2.4-0.9 2.4 0.9 0.9 2.2zM27.4 18.7v10.1h-5.9v-9.5q0-1.9-0.7-2.9t-2.3-1.1q-1.1 0-1.9 0.6t-1.2 1.5q-0.2 0.5-0.2 1.4v9.9h-5.9q0-7.1 0-11.6t0-5.3l0-0.9h5.9v2.6h0q0.4-0.6 0.7-1t1-0.9 1.6-0.8 2-0.3q3 0 4.9 2t1.9 6z\"\/><\/svg><\/span><span class=\"shariff-text\">share<\/span>&nbsp;<\/a><\/li><li class=\"shariff-button xing shariff-nocustomcolor\" style=\"background-color:#7e8700\"><a href=\"https:\/\/www.xing.com\/spi\/shares\/new?url=https%3A%2F%2Fisd-freiburg.de%2Fen%2Fonline-anmeldung%2Fdeutsch-intensiv-regular%2F\" title=\"Share on XING\" aria-label=\"Share on XING\" role=\"button\" rel=\"noopener nofollow\" class=\"shariff-link\" style=\"; background-color:#126567; color:#fff\" target=\"_blank\"><span class=\"shariff-icon\" style=\"\"><svg width=\"32px\" height=\"20px\" xmlns=\"http:\/\/www.w3.org\/2000\/svg\" viewBox=\"0 0 25 32\"><path fill=\"#126567\" d=\"M10.7 11.9q-0.2 0.3-4.6 8.2-0.5 0.8-1.2 0.8h-4.3q-0.4 0-0.5-0.3t0-0.6l4.5-8q0 0 0 0l-2.9-5q-0.2-0.4 0-0.7 0.2-0.3 0.5-0.3h4.3q0.7 0 1.2 0.8zM25.1 0.4q0.2 0.3 0 0.7l-9.4 16.7 6 11q0.2 0.4 0 0.6-0.2 0.3-0.6 0.3h-4.3q-0.7 0-1.2-0.8l-6-11.1q0.3-0.6 9.5-16.8 0.4-0.8 1.2-0.8h4.3q0.4 0 0.5 0.3z\"\/><\/svg><\/span><span class=\"shariff-text\">share<\/span>&nbsp;<\/a><\/li><\/ul><\/div>","protected":false},"excerpt":{"rendered":"<p>German\u00a0REGULAR runs (usually) from\u00a0monday to friday from 9 a.M. to 12:15 a.M.<br \/>\n20 Units a week. Please\u00a0choose below the amount of weeks and the month in which you would like to start. Inform us also about your previous knowledges. You will be contacted within 48 Hours.<strong><br \/>\n<\/strong><\/p>\n","protected":false},"featured_media":4334,"template":"","meta":{"_exactmetrics_skip_tracking":false,"_exactmetrics_sitenote_active":false,"_exactmetrics_sitenote_note":"","_exactmetrics_sitenote_category":0},"product_brand":[],"product_cat":[401,396],"product_tag":[145,146,140,147,148],"class_list":{"0":"post-1031","1":"product","2":"type-product","3":"status-publish","4":"has-post-thumbnail","6":"product_cat-german-courses","7":"product_cat-language-courses","8":"product_tag-daf-en-2","9":"product_tag-deutsch-en-2","10":"product_tag-deutschkurs-en-2","11":"product_tag-freiburg-en-2","12":"product_tag-sprachschule-en","13":"pa_kursbeginn-april-en","14":"pa_kursbeginn-august-en","15":"pa_kursbeginn-december","16":"pa_kursbeginn-february","17":"pa_kursbeginn-january","18":"pa_kursbeginn-july","19":"pa_kursbeginn-june","20":"pa_kursbeginn-march","21":"pa_kursbeginn-may","22":"pa_kursbeginn-november-en","23":"pa_kursbeginn-october","24":"pa_kursbeginn-september-en","25":"pa_kursdauer-10-weeks","26":"pa_kursdauer-12-weeks","27":"pa_kursdauer-14-weeks","28":"pa_kursdauer-16-weeks","29":"pa_kursdauer-18-weeks","30":"pa_kursdauer-2-weeks","31":"pa_kursdauer-20-weeks","32":"pa_kursdauer-22-weeks","33":"pa_kursdauer-24-weeks","34":"pa_kursdauer-26-weeks","35":"pa_kursdauer-28-weeks","36":"pa_kursdauer-30-weeks","37":"pa_kursdauer-32-weeks","38":"pa_kursdauer-34-weeks","39":"pa_kursdauer-36-weeks","40":"pa_kursdauer-38-weeks","41":"pa_kursdauer-38-plus-weeks","42":"pa_kursdauer-4-weeks","43":"pa_kursdauer-6-weeks","44":"pa_kursdauer-8-weeks","46":"first","47":"instock","48":"sold-individually","49":"shipping-taxable","50":"purchasable","51":"product-type-variable","52":"has-default-attributes"},"yoast_head":"<!-- This site is optimized with the Yoast SEO plugin v27.4 - https:\/\/yoast.com\/product\/yoast-seo-wordpress\/ -->\n<title>German course - REGULAR 20 units\/week - isd-freiburg.de<\/title>\n<meta name=\"description\" content=\"German course intensiv 20 units a week. Der Deutschkurs kostet ab 85 Euro pro Woche. Deutschkurs f\u00fcr alle Niveaus zwischen A1 und C1.\" \/>\n<meta name=\"robots\" content=\"index, follow, max-snippet:-1, max-image-preview:large, max-video-preview:-1\" \/>\n<link rel=\"canonical\" href=\"https:\/\/isd-freiburg.de\/en\/online-anmeldung\/deutsch-intensiv-regular\/\" \/>\n<meta property=\"og:locale\" content=\"en_US\" \/>\n<meta property=\"og:type\" content=\"article\" \/>\n<meta property=\"og:title\" content=\"German course - REGULAR 20 units\/week - isd-freiburg.de\" \/>\n<meta property=\"og:description\" content=\"German course intensiv 20 units a week. Der Deutschkurs kostet ab 85 Euro pro Woche. Deutschkurs f\u00fcr alle Niveaus zwischen A1 und C1.\" \/>\n<meta property=\"og:url\" content=\"https:\/\/isd-freiburg.de\/en\/online-anmeldung\/deutsch-intensiv-regular\/\" \/>\n<meta property=\"og:site_name\" content=\"isd-freiburg.de\" \/>\n<meta property=\"article:publisher\" content=\"https:\/\/www.facebook.com\/isd.freiburg\/\" \/>\n<meta property=\"article:modified_time\" content=\"2022-05-17T13:26:03+00:00\" \/>\n<meta property=\"og:image\" content=\"https:\/\/isd-freiburg.de\/wp-content\/uploads\/2016\/06\/DEU_REG_PROF.jpg\" \/>\n\t<meta property=\"og:image:width\" content=\"977\" \/>\n\t<meta property=\"og:image:height\" content=\"651\" \/>\n\t<meta property=\"og:image:type\" content=\"image\/jpeg\" \/>\n<meta name=\"twitter:card\" content=\"summary_large_image\" \/>\n<meta name=\"twitter:label1\" content=\"Est. reading time\" \/>\n\t<meta name=\"twitter:data1\" content=\"3 minutes\" \/>\n<script type=\"application\/ld+json\" class=\"yoast-schema-graph\">{\"@context\":\"https:\\\/\\\/schema.org\",\"@graph\":[{\"@type\":\"WebPage\",\"@id\":\"https:\\\/\\\/isd-freiburg.de\\\/en\\\/online-anmeldung\\\/deutsch-intensiv-regular\\\/\",\"url\":\"https:\\\/\\\/isd-freiburg.de\\\/en\\\/online-anmeldung\\\/deutsch-intensiv-regular\\\/\",\"name\":\"German course - REGULAR 20 units\\\/week - isd-freiburg.de\",\"isPartOf\":{\"@id\":\"https:\\\/\\\/isd-freiburg.de\\\/en\\\/#website\"},\"primaryImageOfPage\":{\"@id\":\"https:\\\/\\\/isd-freiburg.de\\\/en\\\/online-anmeldung\\\/deutsch-intensiv-regular\\\/#primaryimage\"},\"image\":{\"@id\":\"https:\\\/\\\/isd-freiburg.de\\\/en\\\/online-anmeldung\\\/deutsch-intensiv-regular\\\/#primaryimage\"},\"thumbnailUrl\":\"https:\\\/\\\/isd-freiburg.de\\\/wp-content\\\/uploads\\\/2016\\\/06\\\/DEU_REG_PROF.jpg\",\"datePublished\":\"2016-06-01T15:20:00+00:00\",\"dateModified\":\"2022-05-17T13:26:03+00:00\",\"description\":\"German course intensiv 20 units a week. Der Deutschkurs kostet ab 85 Euro pro Woche. Deutschkurs f\u00fcr alle Niveaus zwischen A1 und C1.\",\"breadcrumb\":{\"@id\":\"https:\\\/\\\/isd-freiburg.de\\\/en\\\/online-anmeldung\\\/deutsch-intensiv-regular\\\/#breadcrumb\"},\"inLanguage\":\"en-US\",\"potentialAction\":[{\"@type\":\"ReadAction\",\"target\":[\"https:\\\/\\\/isd-freiburg.de\\\/en\\\/online-anmeldung\\\/deutsch-intensiv-regular\\\/\"]}]},{\"@type\":\"ImageObject\",\"inLanguage\":\"en-US\",\"@id\":\"https:\\\/\\\/isd-freiburg.de\\\/en\\\/online-anmeldung\\\/deutsch-intensiv-regular\\\/#primaryimage\",\"url\":\"https:\\\/\\\/isd-freiburg.de\\\/wp-content\\\/uploads\\\/2016\\\/06\\\/DEU_REG_PROF.jpg\",\"contentUrl\":\"https:\\\/\\\/isd-freiburg.de\\\/wp-content\\\/uploads\\\/2016\\\/06\\\/DEU_REG_PROF.jpg\",\"width\":977,\"height\":651},{\"@type\":\"BreadcrumbList\",\"@id\":\"https:\\\/\\\/isd-freiburg.de\\\/en\\\/online-anmeldung\\\/deutsch-intensiv-regular\\\/#breadcrumb\",\"itemListElement\":[{\"@type\":\"ListItem\",\"position\":1,\"name\":\"Home\",\"item\":\"https:\\\/\\\/isd-freiburg.de\\\/en\\\/\"},{\"@type\":\"ListItem\",\"position\":2,\"name\":\"online booking\",\"item\":\"https:\\\/\\\/isd-freiburg.de\\\/en\\\/online-booking\\\/\"},{\"@type\":\"ListItem\",\"position\":3,\"name\":\"German course &#8211; REGULAR 20 units\\\/week\"}]},{\"@type\":\"WebSite\",\"@id\":\"https:\\\/\\\/isd-freiburg.de\\\/en\\\/#website\",\"url\":\"https:\\\/\\\/isd-freiburg.de\\\/en\\\/\",\"name\":\"isd-freiburg.de\",\"description\":\"Just another WordPress site\",\"publisher\":{\"@id\":\"https:\\\/\\\/isd-freiburg.de\\\/en\\\/#organization\"},\"potentialAction\":[{\"@type\":\"SearchAction\",\"target\":{\"@type\":\"EntryPoint\",\"urlTemplate\":\"https:\\\/\\\/isd-freiburg.de\\\/en\\\/?s={search_term_string}\"},\"query-input\":{\"@type\":\"PropertyValueSpecification\",\"valueRequired\":true,\"valueName\":\"search_term_string\"}}],\"inLanguage\":\"en-US\"},{\"@type\":\"Organization\",\"@id\":\"https:\\\/\\\/isd-freiburg.de\\\/en\\\/#organization\",\"name\":\"ISD Freiburg\",\"url\":\"https:\\\/\\\/isd-freiburg.de\\\/en\\\/\",\"logo\":{\"@type\":\"ImageObject\",\"inLanguage\":\"en-US\",\"@id\":\"https:\\\/\\\/isd-freiburg.de\\\/en\\\/#\\\/schema\\\/logo\\\/image\\\/\",\"url\":\"https:\\\/\\\/isd-freiburg.de\\\/wp-content\\\/uploads\\\/2015\\\/11\\\/isd_logo.jpg\",\"contentUrl\":\"https:\\\/\\\/isd-freiburg.de\\\/wp-content\\\/uploads\\\/2015\\\/11\\\/isd_logo.jpg\",\"width\":222,\"height\":80,\"caption\":\"ISD Freiburg\"},\"image\":{\"@id\":\"https:\\\/\\\/isd-freiburg.de\\\/en\\\/#\\\/schema\\\/logo\\\/image\\\/\"},\"sameAs\":[\"https:\\\/\\\/www.facebook.com\\\/isd.freiburg\\\/\"]}]}<\/script>\n<!-- \/ Yoast SEO plugin. -->","yoast_head_json":{"title":"German course - REGULAR 20 units\/week - isd-freiburg.de","description":"German course intensiv 20 units a week. Der Deutschkurs kostet ab 85 Euro pro Woche. Deutschkurs f\u00fcr alle Niveaus zwischen A1 und C1.","robots":{"index":"index","follow":"follow","max-snippet":"max-snippet:-1","max-image-preview":"max-image-preview:large","max-video-preview":"max-video-preview:-1"},"canonical":"https:\/\/isd-freiburg.de\/en\/online-anmeldung\/deutsch-intensiv-regular\/","og_locale":"en_US","og_type":"article","og_title":"German course - REGULAR 20 units\/week - isd-freiburg.de","og_description":"German course intensiv 20 units a week. Der Deutschkurs kostet ab 85 Euro pro Woche. Deutschkurs f\u00fcr alle Niveaus zwischen A1 und C1.","og_url":"https:\/\/isd-freiburg.de\/en\/online-anmeldung\/deutsch-intensiv-regular\/","og_site_name":"isd-freiburg.de","article_publisher":"https:\/\/www.facebook.com\/isd.freiburg\/","article_modified_time":"2022-05-17T13:26:03+00:00","og_image":[{"width":977,"height":651,"url":"https:\/\/isd-freiburg.de\/wp-content\/uploads\/2016\/06\/DEU_REG_PROF.jpg","type":"image\/jpeg"}],"twitter_card":"summary_large_image","twitter_misc":{"Est. reading time":"3 minutes"},"schema":{"@context":"https:\/\/schema.org","@graph":[{"@type":"WebPage","@id":"https:\/\/isd-freiburg.de\/en\/online-anmeldung\/deutsch-intensiv-regular\/","url":"https:\/\/isd-freiburg.de\/en\/online-anmeldung\/deutsch-intensiv-regular\/","name":"German course - REGULAR 20 units\/week - isd-freiburg.de","isPartOf":{"@id":"https:\/\/isd-freiburg.de\/en\/#website"},"primaryImageOfPage":{"@id":"https:\/\/isd-freiburg.de\/en\/online-anmeldung\/deutsch-intensiv-regular\/#primaryimage"},"image":{"@id":"https:\/\/isd-freiburg.de\/en\/online-anmeldung\/deutsch-intensiv-regular\/#primaryimage"},"thumbnailUrl":"https:\/\/isd-freiburg.de\/wp-content\/uploads\/2016\/06\/DEU_REG_PROF.jpg","datePublished":"2016-06-01T15:20:00+00:00","dateModified":"2022-05-17T13:26:03+00:00","description":"German course intensiv 20 units a week. Der Deutschkurs kostet ab 85 Euro pro Woche. Deutschkurs f\u00fcr alle Niveaus zwischen A1 und C1.","breadcrumb":{"@id":"https:\/\/isd-freiburg.de\/en\/online-anmeldung\/deutsch-intensiv-regular\/#breadcrumb"},"inLanguage":"en-US","potentialAction":[{"@type":"ReadAction","target":["https:\/\/isd-freiburg.de\/en\/online-anmeldung\/deutsch-intensiv-regular\/"]}]},{"@type":"ImageObject","inLanguage":"en-US","@id":"https:\/\/isd-freiburg.de\/en\/online-anmeldung\/deutsch-intensiv-regular\/#primaryimage","url":"https:\/\/isd-freiburg.de\/wp-content\/uploads\/2016\/06\/DEU_REG_PROF.jpg","contentUrl":"https:\/\/isd-freiburg.de\/wp-content\/uploads\/2016\/06\/DEU_REG_PROF.jpg","width":977,"height":651},{"@type":"BreadcrumbList","@id":"https:\/\/isd-freiburg.de\/en\/online-anmeldung\/deutsch-intensiv-regular\/#breadcrumb","itemListElement":[{"@type":"ListItem","position":1,"name":"Home","item":"https:\/\/isd-freiburg.de\/en\/"},{"@type":"ListItem","position":2,"name":"online booking","item":"https:\/\/isd-freiburg.de\/en\/online-booking\/"},{"@type":"ListItem","position":3,"name":"German course &#8211; REGULAR 20 units\/week"}]},{"@type":"WebSite","@id":"https:\/\/isd-freiburg.de\/en\/#website","url":"https:\/\/isd-freiburg.de\/en\/","name":"isd-freiburg.de","description":"Just another WordPress site","publisher":{"@id":"https:\/\/isd-freiburg.de\/en\/#organization"},"potentialAction":[{"@type":"SearchAction","target":{"@type":"EntryPoint","urlTemplate":"https:\/\/isd-freiburg.de\/en\/?s={search_term_string}"},"query-input":{"@type":"PropertyValueSpecification","valueRequired":true,"valueName":"search_term_string"}}],"inLanguage":"en-US"},{"@type":"Organization","@id":"https:\/\/isd-freiburg.de\/en\/#organization","name":"ISD Freiburg","url":"https:\/\/isd-freiburg.de\/en\/","logo":{"@type":"ImageObject","inLanguage":"en-US","@id":"https:\/\/isd-freiburg.de\/en\/#\/schema\/logo\/image\/","url":"https:\/\/isd-freiburg.de\/wp-content\/uploads\/2015\/11\/isd_logo.jpg","contentUrl":"https:\/\/isd-freiburg.de\/wp-content\/uploads\/2015\/11\/isd_logo.jpg","width":222,"height":80,"caption":"ISD Freiburg"},"image":{"@id":"https:\/\/isd-freiburg.de\/en\/#\/schema\/logo\/image\/"},"sameAs":["https:\/\/www.facebook.com\/isd.freiburg\/"]}]}},"_links":{"self":[{"href":"https:\/\/isd-freiburg.de\/en\/wp-json\/wp\/v2\/product\/1031","targetHints":{"allow":["GET"]}}],"collection":[{"href":"https:\/\/isd-freiburg.de\/en\/wp-json\/wp\/v2\/product"}],"about":[{"href":"https:\/\/isd-freiburg.de\/en\/wp-json\/wp\/v2\/types\/product"}],"wp:featuredmedia":[{"embeddable":true,"href":"https:\/\/isd-freiburg.de\/en\/wp-json\/wp\/v2\/media\/4334"}],"wp:attachment":[{"href":"https:\/\/isd-freiburg.de\/en\/wp-json\/wp\/v2\/media?parent=1031"}],"wp:term":[{"taxonomy":"product_brand","embeddable":true,"href":"https:\/\/isd-freiburg.de\/en\/wp-json\/wp\/v2\/product_brand?post=1031"},{"taxonomy":"product_cat","embeddable":true,"href":"https:\/\/isd-freiburg.de\/en\/wp-json\/wp\/v2\/product_cat?post=1031"},{"taxonomy":"product_tag","embeddable":true,"href":"https:\/\/isd-freiburg.de\/en\/wp-json\/wp\/v2\/product_tag?post=1031"}],"curies":[{"name":"wp","href":"https:\/\/api.w.org\/{rel}","templated":true}]}}