{"id":1046,"date":"2016-06-02T06:39:11","date_gmt":"2016-06-02T06:39:11","guid":{"rendered":"https:\/\/isd-freiburg.de\/es\/?page_id=1046"},"modified":"2024-05-08T08:39:48","modified_gmt":"2024-05-08T08:39:48","slug":"la-ciudad-de-friburgo","status":"publish","type":"page","link":"https:\/\/isd-freiburg.de\/es\/internationales-sprachzentrum-dialogo-escuela-de-idiomas-en-friburgo-freiburg\/la-ciudad-de-friburgo\/","title":{"rendered":"La ciudad de Friburgo"},"content":{"rendered":"<div id=\"main\">\n<div id=\"content\" class=\"column\">\n<div id=\"contentInner\">\n<div id=\"contentInnerInner\">\n<p><strong>Freiburg-im-Breisgau, m\u00e1s cononcida como Freiburg <\/strong>(en espa\u00f1ol Friburgo) es con sus 220.000 habitantes (entre ellos 33.000 estudiantes) la cuarta ciudad m\u00e1s grande de la regi\u00f3n de Baden-Wuerttemberg despu\u00e9s de Stuttgart, Karlsuhe y Mannheim. Conocida no s\u00f3lo por su importante catedral, sino tambi\u00e9n por su clima, Friburgo es la ciudad m\u00e1s al sur de Alemania y se sit\u00faa entre la regi\u00f3n de la Selva Negra y las fronteras de Suiza y Francia.<\/p>\n<p>Las monta\u00f1as de la Selva Negra (Schauinsland, Feldberg, Belchen), a las que se puede llegar con mucha facilidad desde el centro de la ciudad, son un destino tur\u00edstico muy demandado. En invierno por su oferta de deportes de nieve y en verano por sus maravillosos paisajes, lagos, bosques y una red muy buena de caminos de senderismo.<\/p>\n<p><img fetchpriority=\"high\" decoding=\"async\" class=\"floatLeft\" title=\"Fest im Park\" src=\"https:\/\/isd-freiburg.de\/wp-content\/uploads\/2015\/11\/Freiburg_Fest.jpg\" alt=\"Fest im Park\" width=\"300\" height=\"400\" \/>Debido a la presencia de una de las m\u00e1s importantes Universidades de Alemania, Freiburg es la ciudad alemana con la edad promedio m\u00e1s joven. La vida ciudadana est\u00e1 muy influenciada no s\u00f3lo por las facultades de la Albert-Ludwigs-Universit\u00e4t, sino tambi\u00e9n por los numerosos institutos de investigaci\u00f3n, que centran sus actividades en diversos campos, pero sobre todo en el campo de la energia solar, en el que Freiburg representa la excelencia mundial. El casco antiguo es una inmensa zona peatonal, muy bien conectado a todos los barrios de la ciudad y de la periferia mediante una red de transporte p\u00fablico (tranv\u00edas, autobuses, trenes) muy eficiente.<\/p>\n<p>Sin embargo la caracter\u00edstica m\u00e1s importante de Freiburg es el uso de bicicleta. Gracias a que dispone de una de las mejores circuitos de ciclov\u00edas de Europa, en Freiburg con la bici no s\u00f3lo se puede alcanzar cada rinc\u00f3n de la ciudad, sino tambi\u00e9n se pueden organizar excursiones a los fabulosos alrededores, como Kaiserstuhl, una peque\u00f1a Toscana a pocos kil\u00f3metros del centro de la ciudad. Tambi\u00e9n se puede llegar hasta el Rin a 26Km de Freiburg y por supuesto cruzarlo para tocar as\u00ed suelo franc\u00e9s, desde la orilla opuesta.<\/p>\n<p><img decoding=\"async\" class=\"floatRight\" title=\"Schwabentor\" src=\"https:\/\/isd-freiburg.de\/wp-content\/uploads\/2015\/11\/Freiburg_3.jpg\" alt=\"Schwabentor\" width=\"300\" height=\"400\" \/>De mi\u00e9rcoles a domingo es cuando m\u00e1s vida nocturna encontramos en la ciudad de Freiburg. La movida friburguesa ofrece todo tipo de diversi\u00f3n, desde la cl\u00e1sica discoteca a los pubs, los conciertos, los bares, sin hablar por supuesto de cines y teatros. Cada verano en el Zelt Musik Festival, que en Friburgo todo el mundo llama ZMF (se pronuncia: tset em ef), se exhiben las m\u00e1s actuales estrellas del rock y del pop.<\/p>\n<p>Para aprender Alem\u00e1n y conocer de cerca Alemania, Freiburg es la ciudad ideal.<\/p>\n<p>Pinchar aqu\u00ed para ver un Video de Freiburg en Espa\u00f1ol.<\/p>\n<\/div>\n<\/div>\n<\/div>\n<div id=\"sideMenu\" class=\"column menu\">\n<h3>CURSOS<\/h3>\n<ul>\n<li><a title=\"Cursos de Alem\u00e1n en Friburgo Alemania\" href=\"https:\/\/isd-freiburg.de\/es\/cursos-de-aleman\/Cursos-de-Aleman-en-Friburgo-Alemania\">Alem\u00e1n<\/a><\/li>\n<li><a title=\"Cursos Individuales de Alem\u00e1n en Friburgo Alemania\" href=\"https:\/\/isd-freiburg.de\/es\/cursos-de-aleman-en-freiburg\/\">Alem\u00e1n individual<\/a><\/li>\n<li><a title=\"Cursos compactos de Alem\u00e1n en Friburgo Alemania\" href=\"https:\/\/isd-freiburg.de\/es\/cursos-de-aleman-en-freiburg\/\">Alem\u00e1n COMPACTO<\/a><\/li>\n<li class=\"last\"><a title=\"Alem\u00e1n para m\u00e9dicos\" href=\"https:\/\/isd-freiburg.de\/es\/cursos-de-aleman-en-freiburg\/\">Alem\u00e1n para M\u00c9DICOS<\/a><\/li>\n<\/ul>\n<ul>\n<li><a title=\"Inscripci\u00f3n\" href=\"https:\/\/isd-freiburg.de\/es\/Inscripcion\">Inscripci\u00f3n online<\/a><\/li>\n<\/ul>\n<h3>TEST DE NIVEL<\/h3>\n<ul>\n<li><a title=\"Deutsch-Einstufungstest in Freiburg\" href=\"https:\/\/isd-freiburg.de\/es\/test-de-nivel-in-freiburg\/deutsch-einstufungstest-in-freiburg\">Deutsch<\/a><\/li>\n<li><a title=\"Englisch-Einstufungstest in Freiburg\" href=\"https:\/\/isd-freiburg.de\/einstufungstests\/einstufungstest-englisch-in-freiburg\/\">Englisch<\/a><\/li>\n<li>Franz\u00f6sisch<\/li>\n<li><a title=\"Italienisch-Einstufungstest in Freiburg\" href=\"https:\/\/isd-freiburg.de\/einstufungstests\/einstufungstest-italienisch-in-freiburg\/\">Italienisch<\/a><\/li>\n<li class=\"last\"><a title=\"Spanisch-Einstufungstest in Freiburg\" href=\"https:\/\/isd-freiburg.de\/einstufungstests\/einstufungstest-spanisch-in-freiburg\/\">Spanisch<\/a><\/li>\n<\/ul>\n<\/div>\n<\/div>\n<p>&gt;&gt; EL ARRANQUE<\/p>\n<div class=\"shariff shariff-align-flex-start shariff-widget-align-flex-start shariff-buttonstretch\" style=\"display:none\"><ul class=\"shariff-buttons theme-default orientation-horizontal buttonsize-medium\"><li class=\"shariff-button facebook shariff-nocustomcolor\" style=\"background-color:#7e8700\"><a href=\"https:\/\/www.facebook.com\/sharer\/sharer.php?u=https%3A%2F%2Fisd-freiburg.de%2Fes%2Finternationales-sprachzentrum-dialogo-escuela-de-idiomas-en-friburgo-freiburg%2Fla-ciudad-de-friburgo%2F\" title=\"Compartir en Facebook\" aria-label=\"Compartir en Facebook\" role=\"button\" rel=\"nofollow\" class=\"shariff-link\" style=\"; background-color:#3b5998; color:#fff\" target=\"_blank\"><span class=\"shariff-icon\" style=\"\"><svg width=\"32px\" height=\"20px\" xmlns=\"http:\/\/www.w3.org\/2000\/svg\" viewBox=\"0 0 18 32\"><path fill=\"#3b5998\" d=\"M17.1 0.2v4.7h-2.8q-1.5 0-2.1 0.6t-0.5 1.9v3.4h5.2l-0.7 5.3h-4.5v13.6h-5.5v-13.6h-4.5v-5.3h4.5v-3.9q0-3.3 1.9-5.2t5-1.8q2.6 0 4.1 0.2z\"\/><\/svg><\/span><span class=\"shariff-text\">compartir<\/span>&nbsp;<\/a><\/li><li class=\"shariff-button twitter shariff-nocustomcolor\" style=\"background-color:#7e8700\"><a href=\"https:\/\/twitter.com\/share?url=https%3A%2F%2Fisd-freiburg.de%2Fes%2Finternationales-sprachzentrum-dialogo-escuela-de-idiomas-en-friburgo-freiburg%2Fla-ciudad-de-friburgo%2F&text=La%20ciudad%20de%20Friburgo\" title=\"Compartir en X\" aria-label=\"Compartir en X\" role=\"button\" rel=\"noopener nofollow\" class=\"shariff-link\" style=\"; background-color:#000; color:#fff\" target=\"_blank\"><span class=\"shariff-icon\" style=\"\"><svg width=\"32px\" height=\"20px\" xmlns=\"http:\/\/www.w3.org\/2000\/svg\" viewBox=\"0 0 24 24\"><path fill=\"#000\" d=\"M14.258 10.152L23.176 0h-2.113l-7.747 8.813L7.133 0H0l9.352 13.328L0 23.973h2.113l8.176-9.309 6.531 9.309h7.133zm-2.895 3.293l-.949-1.328L2.875 1.56h3.246l6.086 8.523.945 1.328 7.91 11.078h-3.246zm0 0\"\/><\/svg><\/span><span class=\"shariff-text\">compartir<\/span>&nbsp;<\/a><\/li><li class=\"shariff-button linkedin shariff-nocustomcolor\" style=\"background-color:#7e8700\"><a href=\"https:\/\/www.linkedin.com\/sharing\/share-offsite\/?url=https%3A%2F%2Fisd-freiburg.de%2Fes%2Finternationales-sprachzentrum-dialogo-escuela-de-idiomas-en-friburgo-freiburg%2Fla-ciudad-de-friburgo%2F\" title=\"Compartir en LinkedIn\" aria-label=\"Compartir en LinkedIn\" role=\"button\" rel=\"noopener nofollow\" class=\"shariff-link\" style=\"; background-color:#0077b5; color:#fff\" target=\"_blank\"><span class=\"shariff-icon\" style=\"\"><svg width=\"32px\" height=\"20px\" xmlns=\"http:\/\/www.w3.org\/2000\/svg\" viewBox=\"0 0 27 32\"><path fill=\"#0077b5\" d=\"M6.2 11.2v17.7h-5.9v-17.7h5.9zM6.6 5.7q0 1.3-0.9 2.2t-2.4 0.9h0q-1.5 0-2.4-0.9t-0.9-2.2 0.9-2.2 2.4-0.9 2.4 0.9 0.9 2.2zM27.4 18.7v10.1h-5.9v-9.5q0-1.9-0.7-2.9t-2.3-1.1q-1.1 0-1.9 0.6t-1.2 1.5q-0.2 0.5-0.2 1.4v9.9h-5.9q0-7.1 0-11.6t0-5.3l0-0.9h5.9v2.6h0q0.4-0.6 0.7-1t1-0.9 1.6-0.8 2-0.3q3 0 4.9 2t1.9 6z\"\/><\/svg><\/span><span class=\"shariff-text\">compartir<\/span>&nbsp;<\/a><\/li><li class=\"shariff-button xing shariff-nocustomcolor\" style=\"background-color:#7e8700\"><a href=\"https:\/\/www.xing.com\/spi\/shares\/new?url=https%3A%2F%2Fisd-freiburg.de%2Fes%2Finternationales-sprachzentrum-dialogo-escuela-de-idiomas-en-friburgo-freiburg%2Fla-ciudad-de-friburgo%2F\" title=\"Compartir en XING\" aria-label=\"Compartir en XING\" role=\"button\" rel=\"noopener nofollow\" class=\"shariff-link\" style=\"; background-color:#126567; color:#fff\" target=\"_blank\"><span class=\"shariff-icon\" style=\"\"><svg width=\"32px\" height=\"20px\" xmlns=\"http:\/\/www.w3.org\/2000\/svg\" viewBox=\"0 0 25 32\"><path fill=\"#126567\" d=\"M10.7 11.9q-0.2 0.3-4.6 8.2-0.5 0.8-1.2 0.8h-4.3q-0.4 0-0.5-0.3t0-0.6l4.5-8q0 0 0 0l-2.9-5q-0.2-0.4 0-0.7 0.2-0.3 0.5-0.3h4.3q0.7 0 1.2 0.8zM25.1 0.4q0.2 0.3 0 0.7l-9.4 16.7 6 11q0.2 0.4 0 0.6-0.2 0.3-0.6 0.3h-4.3q-0.7 0-1.2-0.8l-6-11.1q0.3-0.6 9.5-16.8 0.4-0.8 1.2-0.8h4.3q0.4 0 0.5 0.3z\"\/><\/svg><\/span><span class=\"shariff-text\">compartir<\/span>&nbsp;<\/a><\/li><\/ul><\/div>","protected":false},"excerpt":{"rendered":"<p>Freiburg-im-Breisgau, m\u00e1s cononcida como Freiburg (en espa\u00f1ol Friburgo) es con sus 220.000 habitantes (entre ellos 33.000 estudiantes) la cuarta ciudad m\u00e1s grande de la regi\u00f3n de Baden-Wuerttemberg despu\u00e9s de Stuttgart, Karlsuhe y Mannheim. Conocida no s\u00f3lo por su importante catedral, sino tambi\u00e9n por su clima, Friburgo es la ciudad m\u00e1s al sur de Alemania y [&hellip;]<\/p>\n","protected":false},"author":3,"featured_media":0,"parent":103,"menu_order":20,"comment_status":"closed","ping_status":"closed","template":"","meta":{"_exactmetrics_skip_tracking":false,"_exactmetrics_sitenote_active":false,"_exactmetrics_sitenote_note":"","_exactmetrics_sitenote_category":0,"footnotes":""},"class_list":["post-1046","page","type-page","status-publish","hentry"],"yoast_head":"<!-- This site is optimized with the Yoast SEO plugin v27.3 - https:\/\/yoast.com\/product\/yoast-seo-wordpress\/ -->\n<title>La ciudad de Friburgo - isd-freiburg.de<\/title>\n<meta name=\"robots\" content=\"index, follow, max-snippet:-1, max-image-preview:large, max-video-preview:-1\" \/>\n<link rel=\"canonical\" href=\"https:\/\/isd-freiburg.de\/es\/internationales-sprachzentrum-dialogo-escuela-de-idiomas-en-friburgo-freiburg\/la-ciudad-de-friburgo\/\" \/>\n<meta property=\"og:locale\" content=\"es_ES\" \/>\n<meta property=\"og:type\" content=\"article\" \/>\n<meta property=\"og:title\" content=\"La ciudad de Friburgo - isd-freiburg.de\" \/>\n<meta property=\"og:description\" content=\"Freiburg-im-Breisgau, m\u00e1s cononcida como Freiburg (en espa\u00f1ol Friburgo) es con sus 220.000 habitantes (entre ellos 33.000 estudiantes) la cuarta ciudad m\u00e1s grande de la regi\u00f3n de Baden-Wuerttemberg despu\u00e9s de Stuttgart, Karlsuhe y Mannheim. Conocida no s\u00f3lo por su importante catedral, sino tambi\u00e9n por su clima, Friburgo es la ciudad m\u00e1s al sur de Alemania y [&hellip;]\" \/>\n<meta property=\"og:url\" content=\"https:\/\/isd-freiburg.de\/es\/internationales-sprachzentrum-dialogo-escuela-de-idiomas-en-friburgo-freiburg\/la-ciudad-de-friburgo\/\" \/>\n<meta property=\"og:site_name\" content=\"isd-freiburg.de\" \/>\n<meta property=\"article:publisher\" content=\"https:\/\/www.facebook.com\/isd.freiburg\/\" \/>\n<meta property=\"article:modified_time\" content=\"2024-05-08T08:39:48+00:00\" \/>\n<meta property=\"og:image\" content=\"https:\/\/isd-freiburg.de\/wp-content\/uploads\/2015\/11\/Freiburg_Fest.jpg\" \/>\n<meta name=\"twitter:card\" content=\"summary_large_image\" \/>\n<meta name=\"twitter:label1\" content=\"Tiempo de lectura\" \/>\n\t<meta name=\"twitter:data1\" content=\"2 minutos\" \/>\n<script type=\"application\/ld+json\" class=\"yoast-schema-graph\">{\"@context\":\"https:\\\/\\\/schema.org\",\"@graph\":[{\"@type\":\"WebPage\",\"@id\":\"https:\\\/\\\/isd-freiburg.de\\\/es\\\/internationales-sprachzentrum-dialogo-escuela-de-idiomas-en-friburgo-freiburg\\\/la-ciudad-de-friburgo\\\/\",\"url\":\"https:\\\/\\\/isd-freiburg.de\\\/es\\\/internationales-sprachzentrum-dialogo-escuela-de-idiomas-en-friburgo-freiburg\\\/la-ciudad-de-friburgo\\\/\",\"name\":\"La ciudad de Friburgo - isd-freiburg.de\",\"isPartOf\":{\"@id\":\"https:\\\/\\\/isd-freiburg.de\\\/es\\\/#website\"},\"primaryImageOfPage\":{\"@id\":\"https:\\\/\\\/isd-freiburg.de\\\/es\\\/internationales-sprachzentrum-dialogo-escuela-de-idiomas-en-friburgo-freiburg\\\/la-ciudad-de-friburgo\\\/#primaryimage\"},\"image\":{\"@id\":\"https:\\\/\\\/isd-freiburg.de\\\/es\\\/internationales-sprachzentrum-dialogo-escuela-de-idiomas-en-friburgo-freiburg\\\/la-ciudad-de-friburgo\\\/#primaryimage\"},\"thumbnailUrl\":\"https:\\\/\\\/isd-freiburg.de\\\/wp-content\\\/uploads\\\/2015\\\/11\\\/Freiburg_Fest.jpg\",\"datePublished\":\"2016-06-02T06:39:11+00:00\",\"dateModified\":\"2024-05-08T08:39:48+00:00\",\"breadcrumb\":{\"@id\":\"https:\\\/\\\/isd-freiburg.de\\\/es\\\/internationales-sprachzentrum-dialogo-escuela-de-idiomas-en-friburgo-freiburg\\\/la-ciudad-de-friburgo\\\/#breadcrumb\"},\"inLanguage\":\"es\",\"potentialAction\":[{\"@type\":\"ReadAction\",\"target\":[\"https:\\\/\\\/isd-freiburg.de\\\/es\\\/internationales-sprachzentrum-dialogo-escuela-de-idiomas-en-friburgo-freiburg\\\/la-ciudad-de-friburgo\\\/\"]}]},{\"@type\":\"ImageObject\",\"inLanguage\":\"es\",\"@id\":\"https:\\\/\\\/isd-freiburg.de\\\/es\\\/internationales-sprachzentrum-dialogo-escuela-de-idiomas-en-friburgo-freiburg\\\/la-ciudad-de-friburgo\\\/#primaryimage\",\"url\":\"https:\\\/\\\/isd-freiburg.de\\\/wp-content\\\/uploads\\\/2015\\\/11\\\/Freiburg_Fest.jpg\",\"contentUrl\":\"https:\\\/\\\/isd-freiburg.de\\\/wp-content\\\/uploads\\\/2015\\\/11\\\/Freiburg_Fest.jpg\"},{\"@type\":\"BreadcrumbList\",\"@id\":\"https:\\\/\\\/isd-freiburg.de\\\/es\\\/internationales-sprachzentrum-dialogo-escuela-de-idiomas-en-friburgo-freiburg\\\/la-ciudad-de-friburgo\\\/#breadcrumb\",\"itemListElement\":[{\"@type\":\"ListItem\",\"position\":1,\"name\":\"Home\",\"item\":\"https:\\\/\\\/isd-freiburg.de\\\/es\\\/\"},{\"@type\":\"ListItem\",\"position\":2,\"name\":\"La ciudad de Friburgo\"}]},{\"@type\":\"WebSite\",\"@id\":\"https:\\\/\\\/isd-freiburg.de\\\/es\\\/#website\",\"url\":\"https:\\\/\\\/isd-freiburg.de\\\/es\\\/\",\"name\":\"isd-freiburg.de\",\"description\":\"Just another WordPress site\",\"publisher\":{\"@id\":\"https:\\\/\\\/isd-freiburg.de\\\/es\\\/#organization\"},\"potentialAction\":[{\"@type\":\"SearchAction\",\"target\":{\"@type\":\"EntryPoint\",\"urlTemplate\":\"https:\\\/\\\/isd-freiburg.de\\\/es\\\/?s={search_term_string}\"},\"query-input\":{\"@type\":\"PropertyValueSpecification\",\"valueRequired\":true,\"valueName\":\"search_term_string\"}}],\"inLanguage\":\"es\"},{\"@type\":\"Organization\",\"@id\":\"https:\\\/\\\/isd-freiburg.de\\\/es\\\/#organization\",\"name\":\"ISD Freiburg\",\"url\":\"https:\\\/\\\/isd-freiburg.de\\\/es\\\/\",\"logo\":{\"@type\":\"ImageObject\",\"inLanguage\":\"es\",\"@id\":\"https:\\\/\\\/isd-freiburg.de\\\/es\\\/#\\\/schema\\\/logo\\\/image\\\/\",\"url\":\"https:\\\/\\\/isd-freiburg.de\\\/wp-content\\\/uploads\\\/2015\\\/11\\\/isd_logo.jpg\",\"contentUrl\":\"https:\\\/\\\/isd-freiburg.de\\\/wp-content\\\/uploads\\\/2015\\\/11\\\/isd_logo.jpg\",\"width\":222,\"height\":80,\"caption\":\"ISD Freiburg\"},\"image\":{\"@id\":\"https:\\\/\\\/isd-freiburg.de\\\/es\\\/#\\\/schema\\\/logo\\\/image\\\/\"},\"sameAs\":[\"https:\\\/\\\/www.facebook.com\\\/isd.freiburg\\\/\"]}]}<\/script>\n<!-- \/ Yoast SEO plugin. -->","yoast_head_json":{"title":"La ciudad de Friburgo - isd-freiburg.de","robots":{"index":"index","follow":"follow","max-snippet":"max-snippet:-1","max-image-preview":"max-image-preview:large","max-video-preview":"max-video-preview:-1"},"canonical":"https:\/\/isd-freiburg.de\/es\/internationales-sprachzentrum-dialogo-escuela-de-idiomas-en-friburgo-freiburg\/la-ciudad-de-friburgo\/","og_locale":"es_ES","og_type":"article","og_title":"La ciudad de Friburgo - isd-freiburg.de","og_description":"Freiburg-im-Breisgau, m\u00e1s cononcida como Freiburg (en espa\u00f1ol Friburgo) es con sus 220.000 habitantes (entre ellos 33.000 estudiantes) la cuarta ciudad m\u00e1s grande de la regi\u00f3n de Baden-Wuerttemberg despu\u00e9s de Stuttgart, Karlsuhe y Mannheim. Conocida no s\u00f3lo por su importante catedral, sino tambi\u00e9n por su clima, Friburgo es la ciudad m\u00e1s al sur de Alemania y [&hellip;]","og_url":"https:\/\/isd-freiburg.de\/es\/internationales-sprachzentrum-dialogo-escuela-de-idiomas-en-friburgo-freiburg\/la-ciudad-de-friburgo\/","og_site_name":"isd-freiburg.de","article_publisher":"https:\/\/www.facebook.com\/isd.freiburg\/","article_modified_time":"2024-05-08T08:39:48+00:00","og_image":[{"url":"https:\/\/isd-freiburg.de\/wp-content\/uploads\/2015\/11\/Freiburg_Fest.jpg","type":"","width":"","height":""}],"twitter_card":"summary_large_image","twitter_misc":{"Tiempo de lectura":"2 minutos"},"schema":{"@context":"https:\/\/schema.org","@graph":[{"@type":"WebPage","@id":"https:\/\/isd-freiburg.de\/es\/internationales-sprachzentrum-dialogo-escuela-de-idiomas-en-friburgo-freiburg\/la-ciudad-de-friburgo\/","url":"https:\/\/isd-freiburg.de\/es\/internationales-sprachzentrum-dialogo-escuela-de-idiomas-en-friburgo-freiburg\/la-ciudad-de-friburgo\/","name":"La ciudad de Friburgo - isd-freiburg.de","isPartOf":{"@id":"https:\/\/isd-freiburg.de\/es\/#website"},"primaryImageOfPage":{"@id":"https:\/\/isd-freiburg.de\/es\/internationales-sprachzentrum-dialogo-escuela-de-idiomas-en-friburgo-freiburg\/la-ciudad-de-friburgo\/#primaryimage"},"image":{"@id":"https:\/\/isd-freiburg.de\/es\/internationales-sprachzentrum-dialogo-escuela-de-idiomas-en-friburgo-freiburg\/la-ciudad-de-friburgo\/#primaryimage"},"thumbnailUrl":"https:\/\/isd-freiburg.de\/wp-content\/uploads\/2015\/11\/Freiburg_Fest.jpg","datePublished":"2016-06-02T06:39:11+00:00","dateModified":"2024-05-08T08:39:48+00:00","breadcrumb":{"@id":"https:\/\/isd-freiburg.de\/es\/internationales-sprachzentrum-dialogo-escuela-de-idiomas-en-friburgo-freiburg\/la-ciudad-de-friburgo\/#breadcrumb"},"inLanguage":"es","potentialAction":[{"@type":"ReadAction","target":["https:\/\/isd-freiburg.de\/es\/internationales-sprachzentrum-dialogo-escuela-de-idiomas-en-friburgo-freiburg\/la-ciudad-de-friburgo\/"]}]},{"@type":"ImageObject","inLanguage":"es","@id":"https:\/\/isd-freiburg.de\/es\/internationales-sprachzentrum-dialogo-escuela-de-idiomas-en-friburgo-freiburg\/la-ciudad-de-friburgo\/#primaryimage","url":"https:\/\/isd-freiburg.de\/wp-content\/uploads\/2015\/11\/Freiburg_Fest.jpg","contentUrl":"https:\/\/isd-freiburg.de\/wp-content\/uploads\/2015\/11\/Freiburg_Fest.jpg"},{"@type":"BreadcrumbList","@id":"https:\/\/isd-freiburg.de\/es\/internationales-sprachzentrum-dialogo-escuela-de-idiomas-en-friburgo-freiburg\/la-ciudad-de-friburgo\/#breadcrumb","itemListElement":[{"@type":"ListItem","position":1,"name":"Home","item":"https:\/\/isd-freiburg.de\/es\/"},{"@type":"ListItem","position":2,"name":"La ciudad de Friburgo"}]},{"@type":"WebSite","@id":"https:\/\/isd-freiburg.de\/es\/#website","url":"https:\/\/isd-freiburg.de\/es\/","name":"isd-freiburg.de","description":"Just another WordPress site","publisher":{"@id":"https:\/\/isd-freiburg.de\/es\/#organization"},"potentialAction":[{"@type":"SearchAction","target":{"@type":"EntryPoint","urlTemplate":"https:\/\/isd-freiburg.de\/es\/?s={search_term_string}"},"query-input":{"@type":"PropertyValueSpecification","valueRequired":true,"valueName":"search_term_string"}}],"inLanguage":"es"},{"@type":"Organization","@id":"https:\/\/isd-freiburg.de\/es\/#organization","name":"ISD Freiburg","url":"https:\/\/isd-freiburg.de\/es\/","logo":{"@type":"ImageObject","inLanguage":"es","@id":"https:\/\/isd-freiburg.de\/es\/#\/schema\/logo\/image\/","url":"https:\/\/isd-freiburg.de\/wp-content\/uploads\/2015\/11\/isd_logo.jpg","contentUrl":"https:\/\/isd-freiburg.de\/wp-content\/uploads\/2015\/11\/isd_logo.jpg","width":222,"height":80,"caption":"ISD Freiburg"},"image":{"@id":"https:\/\/isd-freiburg.de\/es\/#\/schema\/logo\/image\/"},"sameAs":["https:\/\/www.facebook.com\/isd.freiburg\/"]}]}},"_links":{"self":[{"href":"https:\/\/isd-freiburg.de\/es\/wp-json\/wp\/v2\/pages\/1046","targetHints":{"allow":["GET"]}}],"collection":[{"href":"https:\/\/isd-freiburg.de\/es\/wp-json\/wp\/v2\/pages"}],"about":[{"href":"https:\/\/isd-freiburg.de\/es\/wp-json\/wp\/v2\/types\/page"}],"author":[{"embeddable":true,"href":"https:\/\/isd-freiburg.de\/es\/wp-json\/wp\/v2\/users\/3"}],"replies":[{"embeddable":true,"href":"https:\/\/isd-freiburg.de\/es\/wp-json\/wp\/v2\/comments?post=1046"}],"version-history":[{"count":1,"href":"https:\/\/isd-freiburg.de\/es\/wp-json\/wp\/v2\/pages\/1046\/revisions"}],"predecessor-version":[{"id":27938,"href":"https:\/\/isd-freiburg.de\/es\/wp-json\/wp\/v2\/pages\/1046\/revisions\/27938"}],"up":[{"embeddable":true,"href":"https:\/\/isd-freiburg.de\/es\/wp-json\/wp\/v2\/pages\/103"}],"wp:attachment":[{"href":"https:\/\/isd-freiburg.de\/es\/wp-json\/wp\/v2\/media?parent=1046"}],"curies":[{"name":"wp","href":"https:\/\/api.w.org\/{rel}","templated":true}]}}