{"id":14825,"date":"2020-06-19T13:44:55","date_gmt":"2020-06-19T13:44:55","guid":{"rendered":"https:\/\/isd-freiburg.de\/top-qualitaet\/"},"modified":"2024-02-03T19:29:46","modified_gmt":"2024-02-03T19:29:46","slug":"top-qualitaet","status":"publish","type":"page","link":"https:\/\/isd-freiburg.de\/es\/internationales-sprachzentrum-dialogo-escuela-de-idiomas-en-friburgo-freiburg\/top-qualitaet\/","title":{"rendered":"Top Qualit\u00e4t"},"content":{"rendered":"\n<h2 class=\"wp-block-heading\"><strong>7 Fragen f\u00fcr die Qualit\u00e4t<\/strong><\/h2>\n\n\n\n<p>Bevor Sie sich f\u00fcr einen Sprachkurs anmelden bzw. f\u00fcr eine Sprachschule entscheiden, stellen Sie sich folgende <strong>7 Fragen<\/strong> und lesen Sie weiter, um zu erfahren, was beim ISD Freiburg unter <strong>Qualit\u00e4t<\/strong> verstanden wird:<br><br>1.  Ist die Sprachschule zertifiziert?<br>2.  Wird der Lernerfolg regelm\u00e4\u00dfig und effizient \u00fcberpr\u00fcft?<br>3. Sind die Verwaltungs- und Lehrkr\u00e4fte erfahren und kompetent?<br>4. Sind die R\u00e4umlichkeiten gro\u00df, hell und professionell ausgestattet?<br>5. Verf\u00fcgt die Sprachschule \u00fcber besondere Zulassungen?<br>6. Kann die Sprachschule mich am besten beraten?<br>7. Ist das Anmeldeverfahren schnell und unkompliziert?<br><br><strong>1. Ist die Sprachschule zertifiziert?<\/strong> <strong>Ja!<\/strong>   <br>Eine Zertifizierung garantiert, dass das Managementsystem und die internen Verfahren j\u00e4hrlich nach Qualit\u00e4t gepr\u00fcft werden. Eine solche Zertifizierung ist bei einer professionellen Schule unerl\u00e4sslich. Das ISD Freiburg hat seit 2015 ein g\u00fcltiges <b><i>AZAV Zertifikat<\/i><\/b>. Dieses wurde am 20.03.2020 f\u00fcr weitere 5 Jahre renoviert.<br><br><b>2. Wird der Lernerfolg regelm\u00e4\u00dfig und effizient \u00fcberpr\u00fcft? Ja!<\/b><br>W\u00e4hrend des Kurses werden zu gegebenen Zeiten Zwischen- und Abschlusstests durchgef\u00fchrt. Die Ergebnisse werden dann \u00fcberpr\u00fcft und dokumentiert, damit die Qualit\u00e4t der Didaktik und ihr Erfolg st\u00e4ndig gef\u00f6rdert werden. Dieses System f\u00f6rdert die Qualit\u00e4t der Didaktik und f\u00fchrt zu einer immer effizienteren Kursplanung und -Durchf\u00fchrung.<br><br><strong>3. Sind die Verwaltungs- und Lehrkr\u00e4fte erfahren und kompetent?<\/strong> <strong>Ja!<\/strong><br>Eine Fremdsprache zu lernen ist nicht nur ein mechanisches Verfahren. Es ist eher ein innerer Prozess der Erweiterung seiner eigenen Perspektiven. Dadurch lernt man, die Welt anders zu sehen und zu sch\u00e4tzen. W\u00e4hrend dieses wichtigen und komplexen Prozesses begleiten uns die Lehrerinnen und die Lehrer, die uns die Fremdsprache mit all ihren codierten Strukturen vermitteln und erkl\u00e4ren. <br>Die Auswahl der Lehrkr\u00e4fte ist der erste Schritt zum Erfolg einer Sprachschule. Erfahrung und Kompetenz spielen dabei eine wichtige Rolle. Die vorhandenen Qualifikationen auf akademischen Niveau werden beim ISD Freiburg regelm\u00e4\u00dfig durch <em>ad hoc<\/em> angebotene Weiterbildungsma\u00dfnahmen (wie z. B. die Lizenzierung als Pr\u00fcfer durch telc) erg\u00e4nzt. Prim\u00e4r ist f\u00fcr uns eine weitere Voraussetzung, n\u00e4mlich die F\u00e4higkeit, Menschen und Situationen zu verstehen. Nur die Kombination zwischen Welt-, Menschen- und Fachkenntnisse macht einen exzellenten Lehrer. <br><br><strong>4. Sind die R\u00e4umlichkeiten gro\u00df, hell und professionell ausgestattet? Ja!<\/strong><br>Um den Lernprozess zu f\u00f6rdern, ist es wichtig, dass der Kurs in entsprechenden, modern ausgestatteten R\u00e4umlichkeiten stattfindet. Gro\u00dfe und helle R\u00e4ume, in denen man sich wohl f\u00fchlt, f\u00f6rdern die Konzentration und tragen somit zum Erfolg bei. Unser Standort in der Rehlingstr. 6 d bietet den Kursteilnehmerinnen und Kursteilnehmern au\u00dferdem einen gro\u00dfen und angenehmen Kaffeepausenraum und einen Raum f\u00fcr die Hausaufgaben. Wichtig: Die Sprachschule ist auch 100% barrierefrei. <br><br><strong>5. Verf\u00fcgt die Sprachschule \u00fcber besondere Zulassungen?<\/strong> <strong>Ja!<\/strong><br>Wir haben in den letzten Jahren sehr fokussiert daran gearbeitet, aus der Sprachschule einen anerkannten und institutionalisierten Bildungsanbieter zu machen. Aktuell verf\u00fcgt das ISD-Freiburg \u00fcber offizielle Zulassungen f\u00fcr gef\u00f6rderte <strong>Berufssprachkurse <\/strong>insbesondere im medizinischen Bereich (\u00c4rzte, Krankenpfleger, medizinische Fachberufe) und arbeitet somit aktiv mit dem BAMF, mit der Arbeitsagentur und den Jobcenters zusammen, um die Integration von spezialisierten und relevanten Fachkr\u00e4ften in den deutschen Arbeitsmarkt zu f\u00f6rdern.<br><br><strong>6. Kann die Sprachschule mich am besten beraten? Ja!<\/strong><br>Wir sind seit 2009 t\u00e4glich pausenlos im Bereich der Erwachsenenbildung t\u00e4tig und kennen uns mit allen darauf bezogenen Themen und Problematiken sehr gut aus. Durch regelm\u00e4\u00dfige Workshops und gezielte Trainings werden unsere Verwaltungskr\u00e4fte optimal ausgebildet, Ihnen einen effizienten Lernplan anzubieten. Wir bearbeiten die F\u00e4lle individuell und k\u00f6nnen somit bei der Kursplanung Ihre W\u00fcnsche ber\u00fccksichtigen. Au\u00dferdem bieten wir Ihnen gerne einzelne <strong>Beratungstermine <\/strong>mit den F\u00fchrungskr\u00e4ften unseres B\u00fcros an, falls Sie sich eine pers\u00f6nliche professionelle Beratung w\u00fcnschen. Weitere Services, wie z.B. Unterst\u00fctzung bei Bewerbung und Jobsuche, erg\u00e4nzen unser Beratungsangebot.<br><br><strong>7. Ist das Anmeldeverfahren schnell und unkompliziert? Ja!<\/strong><br>Unser <em>Credo<\/em> ist, dass B\u00fcrokratie zwar notwendig ist, sie soll aber kein Hindernis zur Beschleunigung des Sprachenerwerbs darstellen. Beim ISD-Freiburg werden die Kurse so geplant, dass die Wartezeiten f\u00fcr den Kurseinstieg minimal sind. Grunds\u00e4tzlich k\u00f6nnen Sie jederzeit in einen Kurs f\u00fcr Selbstzahler einsteigen. Bei gef\u00f6rderten Kursen \u00fcbernehmen wir gerne die b\u00fcrokratische Arbeit, damit der Kursteilnehmer entlastet ist und sich ausschlie\u00dflich auf das Lernen konzentrieren kann.<br><\/p>\n<div class=\"shariff shariff-align-flex-start shariff-widget-align-flex-start shariff-buttonstretch\" style=\"display:none\"><ul class=\"shariff-buttons theme-default orientation-horizontal buttonsize-medium\"><li class=\"shariff-button facebook shariff-nocustomcolor\" style=\"background-color:#7e8700\"><a href=\"https:\/\/www.facebook.com\/sharer\/sharer.php?u=https%3A%2F%2Fisd-freiburg.de%2Fes%2Finternationales-sprachzentrum-dialogo-escuela-de-idiomas-en-friburgo-freiburg%2Ftop-qualitaet%2F\" title=\"Compartir en Facebook\" aria-label=\"Compartir en Facebook\" role=\"button\" rel=\"nofollow\" class=\"shariff-link\" style=\"; background-color:#3b5998; color:#fff\" target=\"_blank\"><span class=\"shariff-icon\" style=\"\"><svg width=\"32px\" height=\"20px\" xmlns=\"http:\/\/www.w3.org\/2000\/svg\" viewBox=\"0 0 18 32\"><path fill=\"#3b5998\" d=\"M17.1 0.2v4.7h-2.8q-1.5 0-2.1 0.6t-0.5 1.9v3.4h5.2l-0.7 5.3h-4.5v13.6h-5.5v-13.6h-4.5v-5.3h4.5v-3.9q0-3.3 1.9-5.2t5-1.8q2.6 0 4.1 0.2z\"\/><\/svg><\/span><span class=\"shariff-text\">compartir<\/span>&nbsp;<\/a><\/li><li class=\"shariff-button twitter shariff-nocustomcolor\" style=\"background-color:#7e8700\"><a href=\"https:\/\/twitter.com\/share?url=https%3A%2F%2Fisd-freiburg.de%2Fes%2Finternationales-sprachzentrum-dialogo-escuela-de-idiomas-en-friburgo-freiburg%2Ftop-qualitaet%2F&text=Top%20Qualit%C3%A4t\" title=\"Compartir en X\" aria-label=\"Compartir en X\" role=\"button\" rel=\"noopener nofollow\" class=\"shariff-link\" style=\"; background-color:#000; color:#fff\" target=\"_blank\"><span class=\"shariff-icon\" style=\"\"><svg width=\"32px\" height=\"20px\" xmlns=\"http:\/\/www.w3.org\/2000\/svg\" viewBox=\"0 0 24 24\"><path fill=\"#000\" d=\"M14.258 10.152L23.176 0h-2.113l-7.747 8.813L7.133 0H0l9.352 13.328L0 23.973h2.113l8.176-9.309 6.531 9.309h7.133zm-2.895 3.293l-.949-1.328L2.875 1.56h3.246l6.086 8.523.945 1.328 7.91 11.078h-3.246zm0 0\"\/><\/svg><\/span><span class=\"shariff-text\">compartir<\/span>&nbsp;<\/a><\/li><li class=\"shariff-button linkedin shariff-nocustomcolor\" style=\"background-color:#7e8700\"><a href=\"https:\/\/www.linkedin.com\/sharing\/share-offsite\/?url=https%3A%2F%2Fisd-freiburg.de%2Fes%2Finternationales-sprachzentrum-dialogo-escuela-de-idiomas-en-friburgo-freiburg%2Ftop-qualitaet%2F\" title=\"Compartir en LinkedIn\" aria-label=\"Compartir en LinkedIn\" role=\"button\" rel=\"noopener nofollow\" class=\"shariff-link\" style=\"; background-color:#0077b5; color:#fff\" target=\"_blank\"><span class=\"shariff-icon\" style=\"\"><svg width=\"32px\" height=\"20px\" xmlns=\"http:\/\/www.w3.org\/2000\/svg\" viewBox=\"0 0 27 32\"><path fill=\"#0077b5\" d=\"M6.2 11.2v17.7h-5.9v-17.7h5.9zM6.6 5.7q0 1.3-0.9 2.2t-2.4 0.9h0q-1.5 0-2.4-0.9t-0.9-2.2 0.9-2.2 2.4-0.9 2.4 0.9 0.9 2.2zM27.4 18.7v10.1h-5.9v-9.5q0-1.9-0.7-2.9t-2.3-1.1q-1.1 0-1.9 0.6t-1.2 1.5q-0.2 0.5-0.2 1.4v9.9h-5.9q0-7.1 0-11.6t0-5.3l0-0.9h5.9v2.6h0q0.4-0.6 0.7-1t1-0.9 1.6-0.8 2-0.3q3 0 4.9 2t1.9 6z\"\/><\/svg><\/span><span class=\"shariff-text\">compartir<\/span>&nbsp;<\/a><\/li><li class=\"shariff-button xing shariff-nocustomcolor\" style=\"background-color:#7e8700\"><a href=\"https:\/\/www.xing.com\/spi\/shares\/new?url=https%3A%2F%2Fisd-freiburg.de%2Fes%2Finternationales-sprachzentrum-dialogo-escuela-de-idiomas-en-friburgo-freiburg%2Ftop-qualitaet%2F\" title=\"Compartir en XING\" aria-label=\"Compartir en XING\" role=\"button\" rel=\"noopener nofollow\" class=\"shariff-link\" style=\"; background-color:#126567; color:#fff\" target=\"_blank\"><span class=\"shariff-icon\" style=\"\"><svg width=\"32px\" height=\"20px\" xmlns=\"http:\/\/www.w3.org\/2000\/svg\" viewBox=\"0 0 25 32\"><path fill=\"#126567\" d=\"M10.7 11.9q-0.2 0.3-4.6 8.2-0.5 0.8-1.2 0.8h-4.3q-0.4 0-0.5-0.3t0-0.6l4.5-8q0 0 0 0l-2.9-5q-0.2-0.4 0-0.7 0.2-0.3 0.5-0.3h4.3q0.7 0 1.2 0.8zM25.1 0.4q0.2 0.3 0 0.7l-9.4 16.7 6 11q0.2 0.4 0 0.6-0.2 0.3-0.6 0.3h-4.3q-0.7 0-1.2-0.8l-6-11.1q0.3-0.6 9.5-16.8 0.4-0.8 1.2-0.8h4.3q0.4 0 0.5 0.3z\"\/><\/svg><\/span><span class=\"shariff-text\">compartir<\/span>&nbsp;<\/a><\/li><\/ul><\/div>","protected":false},"excerpt":{"rendered":"<p>7 Fragen f\u00fcr die Qualit\u00e4t Bevor Sie sich f\u00fcr einen Sprachkurs anmelden bzw. f\u00fcr eine Sprachschule entscheiden, stellen Sie sich folgende 7 Fragen und lesen Sie weiter, um zu erfahren, was beim ISD Freiburg unter Qualit\u00e4t verstanden wird: 1. Ist die Sprachschule zertifiziert?2. Wird der Lernerfolg regelm\u00e4\u00dfig und effizient \u00fcberpr\u00fcft?3. Sind die Verwaltungs- und Lehrkr\u00e4fte [&hellip;]<\/p>\n","protected":false},"author":3,"featured_media":0,"parent":103,"menu_order":10,"comment_status":"closed","ping_status":"closed","template":"","meta":{"_exactmetrics_skip_tracking":false,"_exactmetrics_sitenote_active":false,"_exactmetrics_sitenote_note":"","_exactmetrics_sitenote_category":0,"footnotes":""},"class_list":["post-14825","page","type-page","status-publish","hentry"],"yoast_head":"<!-- This site is optimized with the Yoast SEO plugin v27.3 - https:\/\/yoast.com\/product\/yoast-seo-wordpress\/ -->\n<title>Top Qualit\u00e4t - isd-freiburg.de<\/title>\n<meta name=\"robots\" content=\"index, follow, max-snippet:-1, max-image-preview:large, max-video-preview:-1\" \/>\n<link rel=\"canonical\" href=\"https:\/\/isd-freiburg.de\/es\/internationales-sprachzentrum-dialogo-escuela-de-idiomas-en-friburgo-freiburg\/top-qualitaet\/\" \/>\n<meta property=\"og:locale\" content=\"es_ES\" \/>\n<meta property=\"og:type\" content=\"article\" \/>\n<meta property=\"og:title\" content=\"Top Qualit\u00e4t - isd-freiburg.de\" \/>\n<meta property=\"og:description\" content=\"7 Fragen f\u00fcr die Qualit\u00e4t Bevor Sie sich f\u00fcr einen Sprachkurs anmelden bzw. f\u00fcr eine Sprachschule entscheiden, stellen Sie sich folgende 7 Fragen und lesen Sie weiter, um zu erfahren, was beim ISD Freiburg unter Qualit\u00e4t verstanden wird: 1. Ist die Sprachschule zertifiziert?2. Wird der Lernerfolg regelm\u00e4\u00dfig und effizient \u00fcberpr\u00fcft?3. Sind die Verwaltungs- und Lehrkr\u00e4fte [&hellip;]\" \/>\n<meta property=\"og:url\" content=\"https:\/\/isd-freiburg.de\/es\/internationales-sprachzentrum-dialogo-escuela-de-idiomas-en-friburgo-freiburg\/top-qualitaet\/\" \/>\n<meta property=\"og:site_name\" content=\"isd-freiburg.de\" \/>\n<meta property=\"article:publisher\" content=\"https:\/\/www.facebook.com\/isd.freiburg\/\" \/>\n<meta property=\"article:modified_time\" content=\"2024-02-03T19:29:46+00:00\" \/>\n<meta property=\"og:image\" content=\"https:\/\/isd-freiburg.de\/wp-content\/uploads\/2016\/06\/ISD-Logo-Schatten.png\" \/>\n\t<meta property=\"og:image:width\" content=\"311\" \/>\n\t<meta property=\"og:image:height\" content=\"120\" \/>\n\t<meta property=\"og:image:type\" content=\"image\/png\" \/>\n<meta name=\"twitter:card\" content=\"summary_large_image\" \/>\n<meta name=\"twitter:label1\" content=\"Tiempo de lectura\" \/>\n\t<meta name=\"twitter:data1\" content=\"4 minutos\" \/>\n<script type=\"application\/ld+json\" class=\"yoast-schema-graph\">{\"@context\":\"https:\\\/\\\/schema.org\",\"@graph\":[{\"@type\":\"WebPage\",\"@id\":\"https:\\\/\\\/isd-freiburg.de\\\/es\\\/internationales-sprachzentrum-dialogo-escuela-de-idiomas-en-friburgo-freiburg\\\/top-qualitaet\\\/\",\"url\":\"https:\\\/\\\/isd-freiburg.de\\\/es\\\/internationales-sprachzentrum-dialogo-escuela-de-idiomas-en-friburgo-freiburg\\\/top-qualitaet\\\/\",\"name\":\"Top Qualit\u00e4t - isd-freiburg.de\",\"isPartOf\":{\"@id\":\"https:\\\/\\\/isd-freiburg.de\\\/es\\\/#website\"},\"datePublished\":\"2020-06-19T13:44:55+00:00\",\"dateModified\":\"2024-02-03T19:29:46+00:00\",\"breadcrumb\":{\"@id\":\"https:\\\/\\\/isd-freiburg.de\\\/es\\\/internationales-sprachzentrum-dialogo-escuela-de-idiomas-en-friburgo-freiburg\\\/top-qualitaet\\\/#breadcrumb\"},\"inLanguage\":\"es\",\"potentialAction\":[{\"@type\":\"ReadAction\",\"target\":[\"https:\\\/\\\/isd-freiburg.de\\\/es\\\/internationales-sprachzentrum-dialogo-escuela-de-idiomas-en-friburgo-freiburg\\\/top-qualitaet\\\/\"]}]},{\"@type\":\"BreadcrumbList\",\"@id\":\"https:\\\/\\\/isd-freiburg.de\\\/es\\\/internationales-sprachzentrum-dialogo-escuela-de-idiomas-en-friburgo-freiburg\\\/top-qualitaet\\\/#breadcrumb\",\"itemListElement\":[{\"@type\":\"ListItem\",\"position\":1,\"name\":\"Home\",\"item\":\"https:\\\/\\\/isd-freiburg.de\\\/es\\\/\"},{\"@type\":\"ListItem\",\"position\":2,\"name\":\"Top Qualit\u00e4t\"}]},{\"@type\":\"WebSite\",\"@id\":\"https:\\\/\\\/isd-freiburg.de\\\/es\\\/#website\",\"url\":\"https:\\\/\\\/isd-freiburg.de\\\/es\\\/\",\"name\":\"isd-freiburg.de\",\"description\":\"Just another WordPress site\",\"publisher\":{\"@id\":\"https:\\\/\\\/isd-freiburg.de\\\/es\\\/#organization\"},\"potentialAction\":[{\"@type\":\"SearchAction\",\"target\":{\"@type\":\"EntryPoint\",\"urlTemplate\":\"https:\\\/\\\/isd-freiburg.de\\\/es\\\/?s={search_term_string}\"},\"query-input\":{\"@type\":\"PropertyValueSpecification\",\"valueRequired\":true,\"valueName\":\"search_term_string\"}}],\"inLanguage\":\"es\"},{\"@type\":\"Organization\",\"@id\":\"https:\\\/\\\/isd-freiburg.de\\\/es\\\/#organization\",\"name\":\"ISD Freiburg\",\"url\":\"https:\\\/\\\/isd-freiburg.de\\\/es\\\/\",\"logo\":{\"@type\":\"ImageObject\",\"inLanguage\":\"es\",\"@id\":\"https:\\\/\\\/isd-freiburg.de\\\/es\\\/#\\\/schema\\\/logo\\\/image\\\/\",\"url\":\"https:\\\/\\\/isd-freiburg.de\\\/wp-content\\\/uploads\\\/2015\\\/11\\\/isd_logo.jpg\",\"contentUrl\":\"https:\\\/\\\/isd-freiburg.de\\\/wp-content\\\/uploads\\\/2015\\\/11\\\/isd_logo.jpg\",\"width\":222,\"height\":80,\"caption\":\"ISD Freiburg\"},\"image\":{\"@id\":\"https:\\\/\\\/isd-freiburg.de\\\/es\\\/#\\\/schema\\\/logo\\\/image\\\/\"},\"sameAs\":[\"https:\\\/\\\/www.facebook.com\\\/isd.freiburg\\\/\"]}]}<\/script>\n<!-- \/ Yoast SEO plugin. -->","yoast_head_json":{"title":"Top Qualit\u00e4t - isd-freiburg.de","robots":{"index":"index","follow":"follow","max-snippet":"max-snippet:-1","max-image-preview":"max-image-preview:large","max-video-preview":"max-video-preview:-1"},"canonical":"https:\/\/isd-freiburg.de\/es\/internationales-sprachzentrum-dialogo-escuela-de-idiomas-en-friburgo-freiburg\/top-qualitaet\/","og_locale":"es_ES","og_type":"article","og_title":"Top Qualit\u00e4t - isd-freiburg.de","og_description":"7 Fragen f\u00fcr die Qualit\u00e4t Bevor Sie sich f\u00fcr einen Sprachkurs anmelden bzw. f\u00fcr eine Sprachschule entscheiden, stellen Sie sich folgende 7 Fragen und lesen Sie weiter, um zu erfahren, was beim ISD Freiburg unter Qualit\u00e4t verstanden wird: 1. Ist die Sprachschule zertifiziert?2. Wird der Lernerfolg regelm\u00e4\u00dfig und effizient \u00fcberpr\u00fcft?3. Sind die Verwaltungs- und Lehrkr\u00e4fte [&hellip;]","og_url":"https:\/\/isd-freiburg.de\/es\/internationales-sprachzentrum-dialogo-escuela-de-idiomas-en-friburgo-freiburg\/top-qualitaet\/","og_site_name":"isd-freiburg.de","article_publisher":"https:\/\/www.facebook.com\/isd.freiburg\/","article_modified_time":"2024-02-03T19:29:46+00:00","og_image":[{"width":311,"height":120,"url":"https:\/\/isd-freiburg.de\/wp-content\/uploads\/2016\/06\/ISD-Logo-Schatten.png","type":"image\/png"}],"twitter_card":"summary_large_image","twitter_misc":{"Tiempo de lectura":"4 minutos"},"schema":{"@context":"https:\/\/schema.org","@graph":[{"@type":"WebPage","@id":"https:\/\/isd-freiburg.de\/es\/internationales-sprachzentrum-dialogo-escuela-de-idiomas-en-friburgo-freiburg\/top-qualitaet\/","url":"https:\/\/isd-freiburg.de\/es\/internationales-sprachzentrum-dialogo-escuela-de-idiomas-en-friburgo-freiburg\/top-qualitaet\/","name":"Top Qualit\u00e4t - isd-freiburg.de","isPartOf":{"@id":"https:\/\/isd-freiburg.de\/es\/#website"},"datePublished":"2020-06-19T13:44:55+00:00","dateModified":"2024-02-03T19:29:46+00:00","breadcrumb":{"@id":"https:\/\/isd-freiburg.de\/es\/internationales-sprachzentrum-dialogo-escuela-de-idiomas-en-friburgo-freiburg\/top-qualitaet\/#breadcrumb"},"inLanguage":"es","potentialAction":[{"@type":"ReadAction","target":["https:\/\/isd-freiburg.de\/es\/internationales-sprachzentrum-dialogo-escuela-de-idiomas-en-friburgo-freiburg\/top-qualitaet\/"]}]},{"@type":"BreadcrumbList","@id":"https:\/\/isd-freiburg.de\/es\/internationales-sprachzentrum-dialogo-escuela-de-idiomas-en-friburgo-freiburg\/top-qualitaet\/#breadcrumb","itemListElement":[{"@type":"ListItem","position":1,"name":"Home","item":"https:\/\/isd-freiburg.de\/es\/"},{"@type":"ListItem","position":2,"name":"Top Qualit\u00e4t"}]},{"@type":"WebSite","@id":"https:\/\/isd-freiburg.de\/es\/#website","url":"https:\/\/isd-freiburg.de\/es\/","name":"isd-freiburg.de","description":"Just another WordPress site","publisher":{"@id":"https:\/\/isd-freiburg.de\/es\/#organization"},"potentialAction":[{"@type":"SearchAction","target":{"@type":"EntryPoint","urlTemplate":"https:\/\/isd-freiburg.de\/es\/?s={search_term_string}"},"query-input":{"@type":"PropertyValueSpecification","valueRequired":true,"valueName":"search_term_string"}}],"inLanguage":"es"},{"@type":"Organization","@id":"https:\/\/isd-freiburg.de\/es\/#organization","name":"ISD Freiburg","url":"https:\/\/isd-freiburg.de\/es\/","logo":{"@type":"ImageObject","inLanguage":"es","@id":"https:\/\/isd-freiburg.de\/es\/#\/schema\/logo\/image\/","url":"https:\/\/isd-freiburg.de\/wp-content\/uploads\/2015\/11\/isd_logo.jpg","contentUrl":"https:\/\/isd-freiburg.de\/wp-content\/uploads\/2015\/11\/isd_logo.jpg","width":222,"height":80,"caption":"ISD Freiburg"},"image":{"@id":"https:\/\/isd-freiburg.de\/es\/#\/schema\/logo\/image\/"},"sameAs":["https:\/\/www.facebook.com\/isd.freiburg\/"]}]}},"_links":{"self":[{"href":"https:\/\/isd-freiburg.de\/es\/wp-json\/wp\/v2\/pages\/14825","targetHints":{"allow":["GET"]}}],"collection":[{"href":"https:\/\/isd-freiburg.de\/es\/wp-json\/wp\/v2\/pages"}],"about":[{"href":"https:\/\/isd-freiburg.de\/es\/wp-json\/wp\/v2\/types\/page"}],"author":[{"embeddable":true,"href":"https:\/\/isd-freiburg.de\/es\/wp-json\/wp\/v2\/users\/3"}],"replies":[{"embeddable":true,"href":"https:\/\/isd-freiburg.de\/es\/wp-json\/wp\/v2\/comments?post=14825"}],"version-history":[{"count":1,"href":"https:\/\/isd-freiburg.de\/es\/wp-json\/wp\/v2\/pages\/14825\/revisions"}],"predecessor-version":[{"id":27623,"href":"https:\/\/isd-freiburg.de\/es\/wp-json\/wp\/v2\/pages\/14825\/revisions\/27623"}],"up":[{"embeddable":true,"href":"https:\/\/isd-freiburg.de\/es\/wp-json\/wp\/v2\/pages\/103"}],"wp:attachment":[{"href":"https:\/\/isd-freiburg.de\/es\/wp-json\/wp\/v2\/media?parent=14825"}],"curies":[{"name":"wp","href":"https:\/\/api.w.org\/{rel}","templated":true}]}}