{"id":21127,"date":"2023-04-19T17:58:54","date_gmt":"2023-04-19T17:58:54","guid":{"rendered":"https:\/\/isd-freiburg.de\/?page_id=21127"},"modified":"2023-04-19T19:12:22","modified_gmt":"2023-04-19T19:12:22","slug":"preguntas-frecuentes","status":"publish","type":"page","link":"https:\/\/isd-freiburg.de\/es\/preguntas-frecuentes\/","title":{"rendered":"Preguntas frecuentes (FAQs)"},"content":{"rendered":"\n<h2 class=\"wp-block-heading\">Cursos de Alem\u00e1n<\/h2>\n\n\n\n<h3 class=\"wp-block-heading has-normal-font-size\"><strong><em>\u00bfC\u00f3mo puedo inscribirme en <a href=\"https:\/\/isd-freiburg.de\/es\/cursos-de-aleman-en-freiburg\/\">un curso intensivo de alem\u00e1n<\/a>?<\/em><\/strong><\/h3>\n\n\n\n<p>Puede inscribirse con nosotros en l\u00ednea, por correo electr\u00f3nico (info@isd-freiburg.de), por tel\u00e9fono (0049 (0)761 610 50 60) o <a href=\"https:\/\/isd-freiburg.de\/es\/contact-informationen-driving-directions\/\">en persona<\/a>. Si a\u00fan tiene preguntas, puede ponerse en contacto directamente con nosotros.<\/p>\n\n\n\n<h3 class=\"wp-block-heading has-normal-font-size\"><strong><em>\u00bfQu\u00e9 programa de cursos me conviene?<\/em><\/strong><\/h3>\n\n\n\n<p>P\u00f3ngase en contacto con nosotros por correo electr\u00f3nico (info@isd-freiburg.de) o por tel\u00e9fono (0049 (0)761 610 50 60). Tambi\u00e9n puede pedirnos consejo <a href=\"https:\/\/isd-freiburg.de\/es\/contact-informationen-driving-directions\/\">en persona<\/a>. Si se pone en contacto con nosotros por correo electr\u00f3nico, responda a las siguientes preguntas (si es posible):<\/p>\n\n\n\n<ol class=\"wp-block-list\">\n<li style=\"font-style:normal;font-weight:600\">\u00bfTiene conocimientos previos de alem\u00e1n? En caso afirmativo, \u00bfcu\u00e1l es su nivel ling\u00fc\u00edstico? Como alternativa a un nivel, tambi\u00e9n puede describir aqu\u00ed su nivel de conocimientos.<\/li>\n\n\n\n<li style=\"font-style:normal;font-weight:600\">\u00bfCu\u00e1l es su objetivo de aprendizaje? \u00bfQu\u00e9 nivel le gustar\u00eda alcanzar o cu\u00e1ntas semanas le gustar\u00eda asistir a <a href=\"https:\/\/isd-freiburg.de\/es\/cursos-de-aleman-en-freiburg\/\">un curso de alem\u00e1n<\/a>?<\/li>\n\n\n\n<li style=\"font-style:normal;font-weight:600\">\u00bfCu\u00e1ndo (en qu\u00e9 mes) le gustar\u00eda empezar el curso en Friburgo?<\/li>\n\n\n\n<li style=\"font-style:normal;font-weight:600\">\u00bfVa a solicitar un visado para asistir a un curso de idiomas?<\/li>\n<\/ol>\n\n\n\n<p>Por supuesto, estaremos encantados de aclarar cualquier duda sobre los puntos anteriores.<\/p>\n\n\n\n<p>A continuaci\u00f3n recibir\u00e1 por correo electr\u00f3nico la factura y el contrato de inscripci\u00f3n.<\/p>\n\n\n\n<p>Antes de inscribirse, puede realizar una prueba de nivel gratuita en l\u00ednea o una prueba de nivel escrita en nuestra oficina. Para principiantes sin conocimientos previos, no es necesaria una prueba de nivel.<\/p>\n\n\n\n<h3 class=\"wp-block-heading has-normal-font-size\"><strong><em>\u00bfCu\u00e1ndo y d\u00f3nde tienen lugar los cursos intensivos de alem\u00e1n?<\/em><\/strong><\/h3>\n\n\n\n<p>Nuestros <a href=\"https:\/\/isd-freiburg.de\/es\/cursos-de-aleman-en-freiburg\/\">cursos intensivos de alem\u00e1n REGULARES<\/a> suelen tener lugar <strong>de lunes a viernes, de 09:00 a 12:15<em>, <\/em>en nuestras aulas de <a href=\"https:\/\/isd-freiburg.de\/es\/contact-informationen-driving-directions\/\">Raustra\u00dfe 6, 2\u00aa planta, 79098 Friburgo<\/a><\/strong>. La mejora superintensiva (curso de comunicaci\u00f3n) al curso intensivo REGULAR tiene lugar de lunes a jueves de 12:30-13:15. En casos excepcionales, el curso se imparte en Habsburgerstra\u00dfe 83, 79104 Friburgo.<\/p>\n\n\n\n<p>Por cierto: tambi\u00e9n ofrecemos cursos internos para empresas. P\u00f3ngase en contacto con nosotros para recibir una oferta individual.<\/p>\n\n\n\n<p>Excepci\u00f3n: Nuestros <a href=\"https:\/\/isd-freiburg.de\/es\/cursos-de-aleman-en-freiburg\/\">cursos de preparaci\u00f3n al FSP para m\u00e9dicos generalistas<\/a> (-&gt; Medicina alemana) siempre tienen lugar por la ma\u00f1ana (09:00-13:10) o por la tarde (13:00-17:10 o el curso compacto del FSP por la tarde, normalmente de 16:30-19:00).<\/p>\n\n\n\n<p>*El horario del curso puede variar en casos excepcionales.<\/p>\n\n\n\n<h2 class=\"wp-block-heading has-normal-font-size\"><strong><em>\u00bfC\u00f3mo puedo pagar?<\/em><\/strong><\/h2>\n\n\n\n<p>Aceptamos los siguientes m\u00e9todos de pago:<\/p>\n\n\n\n<ul class=\"wp-block-list\">\n<li>en efectivo o mediante giro postal\/tarjeta de cr\u00e9dito (in situ en Raustra\u00dfe 6, 79098 Friburgo)<\/li>\n\n\n\n<li>transferencia bancaria<\/li>\n\n\n\n<li>Paypal Express\/Paypal<\/li>\n<\/ul>\n\n\n\n<h3 class=\"wp-block-heading has-normal-font-size\"><strong><em>Soy m\u00e9dico y me gustar\u00eda obtener el reconocimiento profesional en Alemania. \u00bfPuedo adquirir en ISD los conocimientos de alem\u00e1n necesarios, tanto generales como m\u00e9dicos?<\/em><\/strong><\/h3>\n\n\n\n<p>Nosotros, el ISD Friburgo, somos la primera opci\u00f3n para un gran n\u00famero de m\u00e9dicos que desean trabajar en Alemania, as\u00ed como especializarse. Nuestra oferta de cursos incluye tanto cursos intensivos de alem\u00e1n general de A1 a C1 y cursos compactos de 4 semanas para la preparaci\u00f3n del examen de lengua especializada (FSP) como cursos extensivos de 16 semanas de preparaci\u00f3n del FSP para m\u00e9dicos generalistas, que son financiados por la Oficina Federal de Migraci\u00f3n y Refugiados (BAMF) y, por lo tanto, suelen ser gratuitos.<\/p>\n\n\n\n<p>Dependiendo de sus conocimientos previos de la lengua alemana, estaremos encantados de enviarle el programa del curso intensivo de alem\u00e1n que sea adecuado para usted y compatible con el visado deseado, incluida la medicina alemana. Para ello, p\u00f3ngase en contacto con nosotros por correo electr\u00f3nico.<\/p>\n\n\n\n<h3 class=\"wp-block-heading has-normal-font-size\"><strong><em>No tengo tiempo por las ma\u00f1anas. \u00bfQu\u00e9 opciones tengo?<\/em><\/strong><\/h3>\n\n\n\n<p>En estos casos, un curso individual por la tarde suele ser la mejor alternativa. P\u00f3ngase en contacto con nosotros por tel\u00e9fono o correo electr\u00f3nico para que podamos encontrar juntos una soluci\u00f3n individual.<\/p>\n\n\n\n<h2 class=\"wp-block-heading has-medium-font-size\">Visado<\/h2>\n\n\n\n<h3 class=\"wp-block-heading has-normal-font-size\"><strong><em>Me gustar\u00eda venir a Alemania con un visado para aprender alem\u00e1n. \u00bfRecibir\u00e9 una confirmaci\u00f3n de inscripci\u00f3n del ISD que podr\u00e9 presentar en la embajada?<\/em><\/strong><\/h3>\n\n\n\n<p>S\u00ed, tras el pago del importe total del curso o, en caso de pago a plazos, tras el pago de al menos el 50% del importe total, recibir\u00e1 por correo electr\u00f3nico la carta de aceptaci\u00f3n (la confirmaci\u00f3n de la inscripci\u00f3n con toda la informaci\u00f3n sobre la duraci\u00f3n del curso, el n\u00famero semanal de lecciones, etc.) del programa del curso que haya reservado para su solicitud de visado. A continuaci\u00f3n, deber\u00e1 presentar esta carta en la Embajada de Alemania de su pa\u00eds.<\/p>\n\n\n\n<h3 class=\"wp-block-heading has-normal-font-size\"><strong><em>\u00bfEs posible aplazar el inicio de mi curso en caso de retrasos en la expedici\u00f3n de mi visado?<\/em><\/strong><\/h3>\n\n\n\n<p>En principio, s\u00ed. En ese caso, comenzar\u00e1 otro curso del mismo nivel en una fecha posterior. Por favor, inf\u00f3rmenos inmediatamente si se produce un retraso inesperado en la expedici\u00f3n de su visado para que podamos encontrar con usted una nueva fecha de inicio adecuada.<\/p>\n\n\n\n<p>El primer cambio de fecha de inicio del curso es gratuito. A partir del segundo cambio, deber\u00e1 abonar una tasa administrativa de 75,- EUR por cada cambio de fecha de inicio de curso.<\/p>\n\n\n\n<h2 class=\"wp-block-heading has-medium-font-size\">Examen oficial de idiomas<\/h2>\n\n\n\n<h3 class=\"wp-block-heading has-normal-font-size\"><strong><em>\u00bfQu\u00e9 ex\u00e1menes de alem\u00e1n reconocidos nacional e internacionalmente pueden realizarse en ISD?<\/em><\/strong><\/h3>\n\n\n\n<p>Ofrecemos todos los formatos de examen de alem\u00e1n telc en los niveles de competencia A1 &#8211; C2. <a href=\"https:\/\/isd-freiburg.de\/es\/internationales-sprachzentrum-dialogo-escuela-de-idiomas-en-friburgo-freiburg\/examenes-telc-y-certificados\/\">Aqu\u00ed <\/a>encontrar\u00e1 m\u00e1s informaci\u00f3n sobre fechas, niveles y precios de los ex\u00e1menes.<\/p>\n\n\n\n<h2 class=\"wp-block-heading has-medium-font-size\">Idiomas extranjeros<\/h2>\n\n\n\n<h3 class=\"wp-block-heading has-normal-font-size\"><strong><em>\u00bfQu\u00e9 otros idiomas ofrecen actualmente?<\/em><\/strong><\/h3>\n\n\n\n<p>Adem\u00e1s de cursos de alem\u00e1n, actualmente ofrecemos cursos de ingl\u00e9s, franc\u00e9s e italiano, as\u00ed como cursos de espa\u00f1ol, portugu\u00e9s y ruso. Se trata sobre todo de cursos individuales o en grupos reducidos. Puede ponerse en contacto directamente con nosotros por correo electr\u00f3nico (info@isd-freiburg.de), llamarnos por tel\u00e9fono (0761 610 50 60) o <a href=\"https:\/\/isd-freiburg.de\/es\/contact-informationen-driving-directions\/\">en persona<\/a>.<\/p>\n\n\n\n<p><\/p>\n<div class=\"shariff shariff-align-flex-start shariff-widget-align-flex-start shariff-buttonstretch\" style=\"display:none\"><ul class=\"shariff-buttons theme-default orientation-horizontal buttonsize-medium\"><li class=\"shariff-button facebook shariff-nocustomcolor\" style=\"background-color:#7e8700\"><a href=\"https:\/\/www.facebook.com\/sharer\/sharer.php?u=https%3A%2F%2Fisd-freiburg.de%2Fes%2Fpreguntas-frecuentes%2F\" title=\"Compartir en Facebook\" aria-label=\"Compartir en Facebook\" role=\"button\" rel=\"nofollow\" class=\"shariff-link\" style=\"; background-color:#3b5998; color:#fff\" target=\"_blank\"><span class=\"shariff-icon\" style=\"\"><svg width=\"32px\" height=\"20px\" xmlns=\"http:\/\/www.w3.org\/2000\/svg\" viewBox=\"0 0 18 32\"><path fill=\"#3b5998\" d=\"M17.1 0.2v4.7h-2.8q-1.5 0-2.1 0.6t-0.5 1.9v3.4h5.2l-0.7 5.3h-4.5v13.6h-5.5v-13.6h-4.5v-5.3h4.5v-3.9q0-3.3 1.9-5.2t5-1.8q2.6 0 4.1 0.2z\"\/><\/svg><\/span><span class=\"shariff-text\">compartir<\/span>&nbsp;<\/a><\/li><li class=\"shariff-button twitter shariff-nocustomcolor\" style=\"background-color:#7e8700\"><a href=\"https:\/\/twitter.com\/share?url=https%3A%2F%2Fisd-freiburg.de%2Fes%2Fpreguntas-frecuentes%2F&text=Preguntas%20frecuentes%20%28FAQs%29\" title=\"Compartir en X\" aria-label=\"Compartir en X\" role=\"button\" rel=\"noopener nofollow\" class=\"shariff-link\" style=\"; background-color:#000; color:#fff\" target=\"_blank\"><span class=\"shariff-icon\" style=\"\"><svg width=\"32px\" height=\"20px\" xmlns=\"http:\/\/www.w3.org\/2000\/svg\" viewBox=\"0 0 24 24\"><path fill=\"#000\" d=\"M14.258 10.152L23.176 0h-2.113l-7.747 8.813L7.133 0H0l9.352 13.328L0 23.973h2.113l8.176-9.309 6.531 9.309h7.133zm-2.895 3.293l-.949-1.328L2.875 1.56h3.246l6.086 8.523.945 1.328 7.91 11.078h-3.246zm0 0\"\/><\/svg><\/span><span class=\"shariff-text\">compartir<\/span>&nbsp;<\/a><\/li><li class=\"shariff-button linkedin shariff-nocustomcolor\" style=\"background-color:#7e8700\"><a href=\"https:\/\/www.linkedin.com\/sharing\/share-offsite\/?url=https%3A%2F%2Fisd-freiburg.de%2Fes%2Fpreguntas-frecuentes%2F\" title=\"Compartir en LinkedIn\" aria-label=\"Compartir en LinkedIn\" role=\"button\" rel=\"noopener nofollow\" class=\"shariff-link\" style=\"; background-color:#0077b5; color:#fff\" target=\"_blank\"><span class=\"shariff-icon\" style=\"\"><svg width=\"32px\" height=\"20px\" xmlns=\"http:\/\/www.w3.org\/2000\/svg\" viewBox=\"0 0 27 32\"><path fill=\"#0077b5\" d=\"M6.2 11.2v17.7h-5.9v-17.7h5.9zM6.6 5.7q0 1.3-0.9 2.2t-2.4 0.9h0q-1.5 0-2.4-0.9t-0.9-2.2 0.9-2.2 2.4-0.9 2.4 0.9 0.9 2.2zM27.4 18.7v10.1h-5.9v-9.5q0-1.9-0.7-2.9t-2.3-1.1q-1.1 0-1.9 0.6t-1.2 1.5q-0.2 0.5-0.2 1.4v9.9h-5.9q0-7.1 0-11.6t0-5.3l0-0.9h5.9v2.6h0q0.4-0.6 0.7-1t1-0.9 1.6-0.8 2-0.3q3 0 4.9 2t1.9 6z\"\/><\/svg><\/span><span class=\"shariff-text\">compartir<\/span>&nbsp;<\/a><\/li><li class=\"shariff-button xing shariff-nocustomcolor\" style=\"background-color:#7e8700\"><a href=\"https:\/\/www.xing.com\/spi\/shares\/new?url=https%3A%2F%2Fisd-freiburg.de%2Fes%2Fpreguntas-frecuentes%2F\" title=\"Compartir en XING\" aria-label=\"Compartir en XING\" role=\"button\" rel=\"noopener nofollow\" class=\"shariff-link\" style=\"; background-color:#126567; color:#fff\" target=\"_blank\"><span class=\"shariff-icon\" style=\"\"><svg width=\"32px\" height=\"20px\" xmlns=\"http:\/\/www.w3.org\/2000\/svg\" viewBox=\"0 0 25 32\"><path fill=\"#126567\" d=\"M10.7 11.9q-0.2 0.3-4.6 8.2-0.5 0.8-1.2 0.8h-4.3q-0.4 0-0.5-0.3t0-0.6l4.5-8q0 0 0 0l-2.9-5q-0.2-0.4 0-0.7 0.2-0.3 0.5-0.3h4.3q0.7 0 1.2 0.8zM25.1 0.4q0.2 0.3 0 0.7l-9.4 16.7 6 11q0.2 0.4 0 0.6-0.2 0.3-0.6 0.3h-4.3q-0.7 0-1.2-0.8l-6-11.1q0.3-0.6 9.5-16.8 0.4-0.8 1.2-0.8h4.3q0.4 0 0.5 0.3z\"\/><\/svg><\/span><span class=\"shariff-text\">compartir<\/span>&nbsp;<\/a><\/li><\/ul><\/div>","protected":false},"excerpt":{"rendered":"<p>Cursos de Alem\u00e1n \u00bfC\u00f3mo puedo inscribirme en un curso intensivo de alem\u00e1n? Puede inscribirse con nosotros en l\u00ednea, por correo electr\u00f3nico (info@isd-freiburg.de), por tel\u00e9fono (0049 (0)761 610 50 60) o en persona. Si a\u00fan tiene preguntas, puede ponerse en contacto directamente con nosotros. \u00bfQu\u00e9 programa de cursos me conviene? P\u00f3ngase en contacto con nosotros por [&hellip;]<\/p>\n","protected":false},"author":3,"featured_media":0,"parent":0,"menu_order":0,"comment_status":"closed","ping_status":"closed","template":"","meta":{"_exactmetrics_skip_tracking":false,"_exactmetrics_sitenote_active":false,"_exactmetrics_sitenote_note":"","_exactmetrics_sitenote_category":0,"footnotes":""},"class_list":["post-21127","page","type-page","status-publish","hentry"],"yoast_head":"<!-- This site is optimized with the Yoast SEO plugin v27.3 - https:\/\/yoast.com\/product\/yoast-seo-wordpress\/ -->\n<title>Preguntas frecuentes (FAQs) - isd-freiburg.de<\/title>\n<meta name=\"robots\" content=\"index, follow, max-snippet:-1, max-image-preview:large, max-video-preview:-1\" \/>\n<link rel=\"canonical\" href=\"https:\/\/isd-freiburg.de\/es\/preguntas-frecuentes\/\" \/>\n<meta property=\"og:locale\" content=\"es_ES\" \/>\n<meta property=\"og:type\" content=\"article\" \/>\n<meta property=\"og:title\" content=\"Preguntas frecuentes (FAQs) - isd-freiburg.de\" \/>\n<meta property=\"og:description\" content=\"Cursos de Alem\u00e1n \u00bfC\u00f3mo puedo inscribirme en un curso intensivo de alem\u00e1n? Puede inscribirse con nosotros en l\u00ednea, por correo electr\u00f3nico (info@isd-freiburg.de), por tel\u00e9fono (0049 (0)761 610 50 60) o en persona. Si a\u00fan tiene preguntas, puede ponerse en contacto directamente con nosotros. \u00bfQu\u00e9 programa de cursos me conviene? P\u00f3ngase en contacto con nosotros por [&hellip;]\" \/>\n<meta property=\"og:url\" content=\"https:\/\/isd-freiburg.de\/es\/preguntas-frecuentes\/\" \/>\n<meta property=\"og:site_name\" content=\"isd-freiburg.de\" \/>\n<meta property=\"article:publisher\" content=\"https:\/\/www.facebook.com\/isd.freiburg\/\" \/>\n<meta property=\"article:modified_time\" content=\"2023-04-19T19:12:22+00:00\" \/>\n<meta property=\"og:image\" content=\"https:\/\/isd-freiburg.de\/wp-content\/uploads\/2016\/06\/ISD-Logo-Schatten.png\" \/>\n\t<meta property=\"og:image:width\" content=\"311\" \/>\n\t<meta property=\"og:image:height\" content=\"120\" \/>\n\t<meta property=\"og:image:type\" content=\"image\/png\" \/>\n<meta name=\"twitter:card\" content=\"summary_large_image\" \/>\n<meta name=\"twitter:label1\" content=\"Tiempo de lectura\" \/>\n\t<meta name=\"twitter:data1\" content=\"5 minutos\" \/>\n<script type=\"application\/ld+json\" class=\"yoast-schema-graph\">{\"@context\":\"https:\\\/\\\/schema.org\",\"@graph\":[{\"@type\":\"WebPage\",\"@id\":\"https:\\\/\\\/isd-freiburg.de\\\/es\\\/preguntas-frecuentes\\\/\",\"url\":\"https:\\\/\\\/isd-freiburg.de\\\/es\\\/preguntas-frecuentes\\\/\",\"name\":\"Preguntas frecuentes (FAQs) - isd-freiburg.de\",\"isPartOf\":{\"@id\":\"https:\\\/\\\/isd-freiburg.de\\\/es\\\/#website\"},\"datePublished\":\"2023-04-19T17:58:54+00:00\",\"dateModified\":\"2023-04-19T19:12:22+00:00\",\"breadcrumb\":{\"@id\":\"https:\\\/\\\/isd-freiburg.de\\\/es\\\/preguntas-frecuentes\\\/#breadcrumb\"},\"inLanguage\":\"es\",\"potentialAction\":[{\"@type\":\"ReadAction\",\"target\":[\"https:\\\/\\\/isd-freiburg.de\\\/es\\\/preguntas-frecuentes\\\/\"]}]},{\"@type\":\"BreadcrumbList\",\"@id\":\"https:\\\/\\\/isd-freiburg.de\\\/es\\\/preguntas-frecuentes\\\/#breadcrumb\",\"itemListElement\":[{\"@type\":\"ListItem\",\"position\":1,\"name\":\"Home\",\"item\":\"https:\\\/\\\/isd-freiburg.de\\\/es\\\/\"},{\"@type\":\"ListItem\",\"position\":2,\"name\":\"Preguntas frecuentes (FAQs)\"}]},{\"@type\":\"WebSite\",\"@id\":\"https:\\\/\\\/isd-freiburg.de\\\/es\\\/#website\",\"url\":\"https:\\\/\\\/isd-freiburg.de\\\/es\\\/\",\"name\":\"isd-freiburg.de\",\"description\":\"Just another WordPress site\",\"publisher\":{\"@id\":\"https:\\\/\\\/isd-freiburg.de\\\/es\\\/#organization\"},\"potentialAction\":[{\"@type\":\"SearchAction\",\"target\":{\"@type\":\"EntryPoint\",\"urlTemplate\":\"https:\\\/\\\/isd-freiburg.de\\\/es\\\/?s={search_term_string}\"},\"query-input\":{\"@type\":\"PropertyValueSpecification\",\"valueRequired\":true,\"valueName\":\"search_term_string\"}}],\"inLanguage\":\"es\"},{\"@type\":\"Organization\",\"@id\":\"https:\\\/\\\/isd-freiburg.de\\\/es\\\/#organization\",\"name\":\"ISD Freiburg\",\"url\":\"https:\\\/\\\/isd-freiburg.de\\\/es\\\/\",\"logo\":{\"@type\":\"ImageObject\",\"inLanguage\":\"es\",\"@id\":\"https:\\\/\\\/isd-freiburg.de\\\/es\\\/#\\\/schema\\\/logo\\\/image\\\/\",\"url\":\"https:\\\/\\\/isd-freiburg.de\\\/wp-content\\\/uploads\\\/2015\\\/11\\\/isd_logo.jpg\",\"contentUrl\":\"https:\\\/\\\/isd-freiburg.de\\\/wp-content\\\/uploads\\\/2015\\\/11\\\/isd_logo.jpg\",\"width\":222,\"height\":80,\"caption\":\"ISD Freiburg\"},\"image\":{\"@id\":\"https:\\\/\\\/isd-freiburg.de\\\/es\\\/#\\\/schema\\\/logo\\\/image\\\/\"},\"sameAs\":[\"https:\\\/\\\/www.facebook.com\\\/isd.freiburg\\\/\"]}]}<\/script>\n<!-- \/ Yoast SEO plugin. -->","yoast_head_json":{"title":"Preguntas frecuentes (FAQs) - isd-freiburg.de","robots":{"index":"index","follow":"follow","max-snippet":"max-snippet:-1","max-image-preview":"max-image-preview:large","max-video-preview":"max-video-preview:-1"},"canonical":"https:\/\/isd-freiburg.de\/es\/preguntas-frecuentes\/","og_locale":"es_ES","og_type":"article","og_title":"Preguntas frecuentes (FAQs) - isd-freiburg.de","og_description":"Cursos de Alem\u00e1n \u00bfC\u00f3mo puedo inscribirme en un curso intensivo de alem\u00e1n? Puede inscribirse con nosotros en l\u00ednea, por correo electr\u00f3nico (info@isd-freiburg.de), por tel\u00e9fono (0049 (0)761 610 50 60) o en persona. Si a\u00fan tiene preguntas, puede ponerse en contacto directamente con nosotros. \u00bfQu\u00e9 programa de cursos me conviene? P\u00f3ngase en contacto con nosotros por [&hellip;]","og_url":"https:\/\/isd-freiburg.de\/es\/preguntas-frecuentes\/","og_site_name":"isd-freiburg.de","article_publisher":"https:\/\/www.facebook.com\/isd.freiburg\/","article_modified_time":"2023-04-19T19:12:22+00:00","og_image":[{"width":311,"height":120,"url":"https:\/\/isd-freiburg.de\/wp-content\/uploads\/2016\/06\/ISD-Logo-Schatten.png","type":"image\/png"}],"twitter_card":"summary_large_image","twitter_misc":{"Tiempo de lectura":"5 minutos"},"schema":{"@context":"https:\/\/schema.org","@graph":[{"@type":"WebPage","@id":"https:\/\/isd-freiburg.de\/es\/preguntas-frecuentes\/","url":"https:\/\/isd-freiburg.de\/es\/preguntas-frecuentes\/","name":"Preguntas frecuentes (FAQs) - isd-freiburg.de","isPartOf":{"@id":"https:\/\/isd-freiburg.de\/es\/#website"},"datePublished":"2023-04-19T17:58:54+00:00","dateModified":"2023-04-19T19:12:22+00:00","breadcrumb":{"@id":"https:\/\/isd-freiburg.de\/es\/preguntas-frecuentes\/#breadcrumb"},"inLanguage":"es","potentialAction":[{"@type":"ReadAction","target":["https:\/\/isd-freiburg.de\/es\/preguntas-frecuentes\/"]}]},{"@type":"BreadcrumbList","@id":"https:\/\/isd-freiburg.de\/es\/preguntas-frecuentes\/#breadcrumb","itemListElement":[{"@type":"ListItem","position":1,"name":"Home","item":"https:\/\/isd-freiburg.de\/es\/"},{"@type":"ListItem","position":2,"name":"Preguntas frecuentes (FAQs)"}]},{"@type":"WebSite","@id":"https:\/\/isd-freiburg.de\/es\/#website","url":"https:\/\/isd-freiburg.de\/es\/","name":"isd-freiburg.de","description":"Just another WordPress site","publisher":{"@id":"https:\/\/isd-freiburg.de\/es\/#organization"},"potentialAction":[{"@type":"SearchAction","target":{"@type":"EntryPoint","urlTemplate":"https:\/\/isd-freiburg.de\/es\/?s={search_term_string}"},"query-input":{"@type":"PropertyValueSpecification","valueRequired":true,"valueName":"search_term_string"}}],"inLanguage":"es"},{"@type":"Organization","@id":"https:\/\/isd-freiburg.de\/es\/#organization","name":"ISD Freiburg","url":"https:\/\/isd-freiburg.de\/es\/","logo":{"@type":"ImageObject","inLanguage":"es","@id":"https:\/\/isd-freiburg.de\/es\/#\/schema\/logo\/image\/","url":"https:\/\/isd-freiburg.de\/wp-content\/uploads\/2015\/11\/isd_logo.jpg","contentUrl":"https:\/\/isd-freiburg.de\/wp-content\/uploads\/2015\/11\/isd_logo.jpg","width":222,"height":80,"caption":"ISD Freiburg"},"image":{"@id":"https:\/\/isd-freiburg.de\/es\/#\/schema\/logo\/image\/"},"sameAs":["https:\/\/www.facebook.com\/isd.freiburg\/"]}]}},"_links":{"self":[{"href":"https:\/\/isd-freiburg.de\/es\/wp-json\/wp\/v2\/pages\/21127","targetHints":{"allow":["GET"]}}],"collection":[{"href":"https:\/\/isd-freiburg.de\/es\/wp-json\/wp\/v2\/pages"}],"about":[{"href":"https:\/\/isd-freiburg.de\/es\/wp-json\/wp\/v2\/types\/page"}],"author":[{"embeddable":true,"href":"https:\/\/isd-freiburg.de\/es\/wp-json\/wp\/v2\/users\/3"}],"replies":[{"embeddable":true,"href":"https:\/\/isd-freiburg.de\/es\/wp-json\/wp\/v2\/comments?post=21127"}],"version-history":[{"count":2,"href":"https:\/\/isd-freiburg.de\/es\/wp-json\/wp\/v2\/pages\/21127\/revisions"}],"predecessor-version":[{"id":21143,"href":"https:\/\/isd-freiburg.de\/es\/wp-json\/wp\/v2\/pages\/21127\/revisions\/21143"}],"wp:attachment":[{"href":"https:\/\/isd-freiburg.de\/es\/wp-json\/wp\/v2\/media?parent=21127"}],"curies":[{"name":"wp","href":"https:\/\/api.w.org\/{rel}","templated":true}]}}