{"id":3449,"date":"2016-06-08T19:04:00","date_gmt":"2016-06-08T19:04:00","guid":{"rendered":"https:\/\/isd-freiburg.de\/es\/?page_id=3449"},"modified":"2016-06-08T19:04:00","modified_gmt":"2016-06-08T19:04:00","slug":"visum-seguro-de-salud","status":"publish","type":"page","link":"https:\/\/isd-freiburg.de\/es\/internationales-sprachzentrum-dialogo-escuela-de-idiomas-en-friburgo-freiburg\/visum-seguro-de-salud\/","title":{"rendered":"Visum &#038; seguro de salud"},"content":{"rendered":"<h2><img fetchpriority=\"high\" decoding=\"async\" class=\"alignright size-medium wp-image-326\" src=\"https:\/\/isd-freiburg.de\/wp-content\/uploads\/2015\/11\/p1040166-360x270.jpg\" alt=\"Anmeldung Sprachkurse ISD Freiburg\" width=\"360\" height=\"270\" \/>VISUM<\/h2>\n<p>A trav\u00e9s de la inscripci\u00f3n a uno de nuestros cursos intensivos de Alem\u00e1n, es posible para ciudadanos que no sean de la Uni\u00f3n europea obtener una VISA de estudiante.<br \/>\n<strong>Despu\u00e9s<\/strong>\u00a0del pago del precio total (en algunos casos tambi\u00e9n despu\u00e9s del pago de una parte del curso, dependiendo de los acordes bilaterales entre Alemania y su Pa\u00eds de or\u00edgen)\u00a0Usted recibir\u00e1 de nuestra academia\u00a0los documentos oficiales (una <em>confirmaci\u00f3n de inscripci\u00f3n y pago<\/em>\u00a0y una <em>carta de aceptaci\u00f3n<\/em>) para obtener la VISA.\u00a0Si no le aceptan la VISA para razones que no podemos conocer y que no dependen de nosotros le devolveremos el pago efectuado con la excepci\u00f3n de 100,- EUR.<\/p>\n<h2>Seguo de Salud<\/h2>\n<p>Sie Usted viaja a Alemnia tiene que tener seguro de salud.<br \/>\nEs importante, porque a la hora de necesitar ayuda de un m\u00e9dico o de una estructura sanitaria\u00a0los gastos para todo tipo de tratamiento en Alemania son muy altos.<\/p>\n<p>Con nuestro partner\u00a0<em>Care Concept<\/em>\u00a0usted puede conseguir\u00a0un seguro m\u00e9dico muy conveniente en el precio y muy facil para obtener. Lo mejor es que: Usted puede\u00a0hacer el contrato en pocos minutos directamente online<b>, no importa donde Usted se encuentre.<\/b>\u00a0Ya tr\u00e1s 15-20 minutos puede Usted\u00a0disponer de su <em>Versicherungsschein<\/em>\u00a0(tarjeta de seguro) via\u00a0eMail.<\/p>\n<p><strong>M\u00e1s infromaciones directamente en la <a href=\"https:\/\/www.care-concept.de\/index_esp.html?navilang=esp&amp;PHPSESSID=412aef4e05d4f0a8cbb263d6a1b72b00\">p\u00e1gina web de\u00a0Care-Concept<\/a>.<\/strong><\/p>\n<div class=\"shariff shariff-align-flex-start shariff-widget-align-flex-start shariff-buttonstretch\" style=\"display:none\"><ul class=\"shariff-buttons theme-default orientation-horizontal buttonsize-medium\"><li class=\"shariff-button facebook shariff-nocustomcolor\" style=\"background-color:#7e8700\"><a href=\"https:\/\/www.facebook.com\/sharer\/sharer.php?u=https%3A%2F%2Fisd-freiburg.de%2Fes%2Finternationales-sprachzentrum-dialogo-escuela-de-idiomas-en-friburgo-freiburg%2Fvisum-seguro-de-salud%2F\" title=\"Compartir en Facebook\" aria-label=\"Compartir en Facebook\" role=\"button\" rel=\"nofollow\" class=\"shariff-link\" style=\"; background-color:#3b5998; color:#fff\" target=\"_blank\"><span class=\"shariff-icon\" style=\"\"><svg width=\"32px\" height=\"20px\" xmlns=\"http:\/\/www.w3.org\/2000\/svg\" viewBox=\"0 0 18 32\"><path fill=\"#3b5998\" d=\"M17.1 0.2v4.7h-2.8q-1.5 0-2.1 0.6t-0.5 1.9v3.4h5.2l-0.7 5.3h-4.5v13.6h-5.5v-13.6h-4.5v-5.3h4.5v-3.9q0-3.3 1.9-5.2t5-1.8q2.6 0 4.1 0.2z\"\/><\/svg><\/span><span class=\"shariff-text\">compartir<\/span>&nbsp;<\/a><\/li><li class=\"shariff-button twitter shariff-nocustomcolor\" style=\"background-color:#7e8700\"><a href=\"https:\/\/twitter.com\/share?url=https%3A%2F%2Fisd-freiburg.de%2Fes%2Finternationales-sprachzentrum-dialogo-escuela-de-idiomas-en-friburgo-freiburg%2Fvisum-seguro-de-salud%2F&text=Visum%20%26%20seguro%20de%20salud\" title=\"Compartir en X\" aria-label=\"Compartir en X\" role=\"button\" rel=\"noopener nofollow\" class=\"shariff-link\" style=\"; background-color:#000; color:#fff\" target=\"_blank\"><span class=\"shariff-icon\" style=\"\"><svg width=\"32px\" height=\"20px\" xmlns=\"http:\/\/www.w3.org\/2000\/svg\" viewBox=\"0 0 24 24\"><path fill=\"#000\" d=\"M14.258 10.152L23.176 0h-2.113l-7.747 8.813L7.133 0H0l9.352 13.328L0 23.973h2.113l8.176-9.309 6.531 9.309h7.133zm-2.895 3.293l-.949-1.328L2.875 1.56h3.246l6.086 8.523.945 1.328 7.91 11.078h-3.246zm0 0\"\/><\/svg><\/span><span class=\"shariff-text\">compartir<\/span>&nbsp;<\/a><\/li><li class=\"shariff-button linkedin shariff-nocustomcolor\" style=\"background-color:#7e8700\"><a href=\"https:\/\/www.linkedin.com\/sharing\/share-offsite\/?url=https%3A%2F%2Fisd-freiburg.de%2Fes%2Finternationales-sprachzentrum-dialogo-escuela-de-idiomas-en-friburgo-freiburg%2Fvisum-seguro-de-salud%2F\" title=\"Compartir en LinkedIn\" aria-label=\"Compartir en LinkedIn\" role=\"button\" rel=\"noopener nofollow\" class=\"shariff-link\" style=\"; background-color:#0077b5; color:#fff\" target=\"_blank\"><span class=\"shariff-icon\" style=\"\"><svg width=\"32px\" height=\"20px\" xmlns=\"http:\/\/www.w3.org\/2000\/svg\" viewBox=\"0 0 27 32\"><path fill=\"#0077b5\" d=\"M6.2 11.2v17.7h-5.9v-17.7h5.9zM6.6 5.7q0 1.3-0.9 2.2t-2.4 0.9h0q-1.5 0-2.4-0.9t-0.9-2.2 0.9-2.2 2.4-0.9 2.4 0.9 0.9 2.2zM27.4 18.7v10.1h-5.9v-9.5q0-1.9-0.7-2.9t-2.3-1.1q-1.1 0-1.9 0.6t-1.2 1.5q-0.2 0.5-0.2 1.4v9.9h-5.9q0-7.1 0-11.6t0-5.3l0-0.9h5.9v2.6h0q0.4-0.6 0.7-1t1-0.9 1.6-0.8 2-0.3q3 0 4.9 2t1.9 6z\"\/><\/svg><\/span><span class=\"shariff-text\">compartir<\/span>&nbsp;<\/a><\/li><li class=\"shariff-button xing shariff-nocustomcolor\" style=\"background-color:#7e8700\"><a href=\"https:\/\/www.xing.com\/spi\/shares\/new?url=https%3A%2F%2Fisd-freiburg.de%2Fes%2Finternationales-sprachzentrum-dialogo-escuela-de-idiomas-en-friburgo-freiburg%2Fvisum-seguro-de-salud%2F\" title=\"Compartir en XING\" aria-label=\"Compartir en XING\" role=\"button\" rel=\"noopener nofollow\" class=\"shariff-link\" style=\"; background-color:#126567; color:#fff\" target=\"_blank\"><span class=\"shariff-icon\" style=\"\"><svg width=\"32px\" height=\"20px\" xmlns=\"http:\/\/www.w3.org\/2000\/svg\" viewBox=\"0 0 25 32\"><path fill=\"#126567\" d=\"M10.7 11.9q-0.2 0.3-4.6 8.2-0.5 0.8-1.2 0.8h-4.3q-0.4 0-0.5-0.3t0-0.6l4.5-8q0 0 0 0l-2.9-5q-0.2-0.4 0-0.7 0.2-0.3 0.5-0.3h4.3q0.7 0 1.2 0.8zM25.1 0.4q0.2 0.3 0 0.7l-9.4 16.7 6 11q0.2 0.4 0 0.6-0.2 0.3-0.6 0.3h-4.3q-0.7 0-1.2-0.8l-6-11.1q0.3-0.6 9.5-16.8 0.4-0.8 1.2-0.8h4.3q0.4 0 0.5 0.3z\"\/><\/svg><\/span><span class=\"shariff-text\">compartir<\/span>&nbsp;<\/a><\/li><\/ul><\/div>","protected":false},"excerpt":{"rendered":"<p>VISUM A trav\u00e9s de la inscripci\u00f3n a uno de nuestros cursos intensivos de Alem\u00e1n, es posible para ciudadanos que no sean de la Uni\u00f3n europea obtener una VISA de estudiante. Despu\u00e9s\u00a0del pago del precio total (en algunos casos tambi\u00e9n despu\u00e9s del pago de una parte del curso, dependiendo de los acordes bilaterales entre Alemania y [&hellip;]<\/p>\n","protected":false},"author":3,"featured_media":0,"parent":103,"menu_order":30,"comment_status":"closed","ping_status":"closed","template":"","meta":{"_exactmetrics_skip_tracking":false,"_exactmetrics_sitenote_active":false,"_exactmetrics_sitenote_note":"","_exactmetrics_sitenote_category":0,"footnotes":""},"class_list":["post-3449","page","type-page","status-publish","hentry"],"yoast_head":"<!-- This site is optimized with the Yoast SEO plugin v27.3 - https:\/\/yoast.com\/product\/yoast-seo-wordpress\/ -->\n<title>Visum &amp; seguro de salud - isd-freiburg.de<\/title>\n<meta name=\"description\" content=\"Como obtener Visum y seguro de salud a traves de la Escuela de idioma ISD. Informaciones sobre la inscripci\u00f3n y link para el seguro m\u00e9dico.\" \/>\n<meta name=\"robots\" content=\"index, follow, max-snippet:-1, max-image-preview:large, max-video-preview:-1\" \/>\n<link rel=\"canonical\" href=\"https:\/\/isd-freiburg.de\/es\/internationales-sprachzentrum-dialogo-escuela-de-idiomas-en-friburgo-freiburg\/visum-seguro-de-salud\/\" \/>\n<meta property=\"og:locale\" content=\"es_ES\" \/>\n<meta property=\"og:type\" content=\"article\" \/>\n<meta property=\"og:title\" content=\"Visum &amp; seguro de salud - isd-freiburg.de\" \/>\n<meta property=\"og:description\" content=\"Como obtener Visum y seguro de salud a traves de la Escuela de idioma ISD. Informaciones sobre la inscripci\u00f3n y link para el seguro m\u00e9dico.\" \/>\n<meta property=\"og:url\" content=\"https:\/\/isd-freiburg.de\/es\/internationales-sprachzentrum-dialogo-escuela-de-idiomas-en-friburgo-freiburg\/visum-seguro-de-salud\/\" \/>\n<meta property=\"og:site_name\" content=\"isd-freiburg.de\" \/>\n<meta property=\"article:publisher\" content=\"https:\/\/www.facebook.com\/isd.freiburg\/\" \/>\n<meta property=\"og:image\" content=\"https:\/\/isd-freiburg.de\/wp-content\/uploads\/2015\/11\/p1040166-360x270.jpg\" \/>\n<meta name=\"twitter:card\" content=\"summary_large_image\" \/>\n<meta name=\"twitter:label1\" content=\"Tiempo de lectura\" \/>\n\t<meta name=\"twitter:data1\" content=\"1 minuto\" \/>\n<script type=\"application\/ld+json\" class=\"yoast-schema-graph\">{\"@context\":\"https:\\\/\\\/schema.org\",\"@graph\":[{\"@type\":\"WebPage\",\"@id\":\"https:\\\/\\\/isd-freiburg.de\\\/es\\\/internationales-sprachzentrum-dialogo-escuela-de-idiomas-en-friburgo-freiburg\\\/visum-seguro-de-salud\\\/\",\"url\":\"https:\\\/\\\/isd-freiburg.de\\\/es\\\/internationales-sprachzentrum-dialogo-escuela-de-idiomas-en-friburgo-freiburg\\\/visum-seguro-de-salud\\\/\",\"name\":\"Visum & seguro de salud - isd-freiburg.de\",\"isPartOf\":{\"@id\":\"https:\\\/\\\/isd-freiburg.de\\\/es\\\/#website\"},\"primaryImageOfPage\":{\"@id\":\"https:\\\/\\\/isd-freiburg.de\\\/es\\\/internationales-sprachzentrum-dialogo-escuela-de-idiomas-en-friburgo-freiburg\\\/visum-seguro-de-salud\\\/#primaryimage\"},\"image\":{\"@id\":\"https:\\\/\\\/isd-freiburg.de\\\/es\\\/internationales-sprachzentrum-dialogo-escuela-de-idiomas-en-friburgo-freiburg\\\/visum-seguro-de-salud\\\/#primaryimage\"},\"thumbnailUrl\":\"https:\\\/\\\/isd-freiburg.de\\\/wp-content\\\/uploads\\\/2015\\\/11\\\/p1040166-360x270.jpg\",\"datePublished\":\"2016-06-08T19:04:00+00:00\",\"description\":\"Como obtener Visum y seguro de salud a traves de la Escuela de idioma ISD. Informaciones sobre la inscripci\u00f3n y link para el seguro m\u00e9dico.\",\"breadcrumb\":{\"@id\":\"https:\\\/\\\/isd-freiburg.de\\\/es\\\/internationales-sprachzentrum-dialogo-escuela-de-idiomas-en-friburgo-freiburg\\\/visum-seguro-de-salud\\\/#breadcrumb\"},\"inLanguage\":\"es\",\"potentialAction\":[{\"@type\":\"ReadAction\",\"target\":[\"https:\\\/\\\/isd-freiburg.de\\\/es\\\/internationales-sprachzentrum-dialogo-escuela-de-idiomas-en-friburgo-freiburg\\\/visum-seguro-de-salud\\\/\"]}]},{\"@type\":\"ImageObject\",\"inLanguage\":\"es\",\"@id\":\"https:\\\/\\\/isd-freiburg.de\\\/es\\\/internationales-sprachzentrum-dialogo-escuela-de-idiomas-en-friburgo-freiburg\\\/visum-seguro-de-salud\\\/#primaryimage\",\"url\":\"https:\\\/\\\/isd-freiburg.de\\\/wp-content\\\/uploads\\\/2015\\\/11\\\/p1040166-360x270.jpg\",\"contentUrl\":\"https:\\\/\\\/isd-freiburg.de\\\/wp-content\\\/uploads\\\/2015\\\/11\\\/p1040166-360x270.jpg\"},{\"@type\":\"BreadcrumbList\",\"@id\":\"https:\\\/\\\/isd-freiburg.de\\\/es\\\/internationales-sprachzentrum-dialogo-escuela-de-idiomas-en-friburgo-freiburg\\\/visum-seguro-de-salud\\\/#breadcrumb\",\"itemListElement\":[{\"@type\":\"ListItem\",\"position\":1,\"name\":\"Home\",\"item\":\"https:\\\/\\\/isd-freiburg.de\\\/es\\\/\"},{\"@type\":\"ListItem\",\"position\":2,\"name\":\"Visum &#038; seguro de salud\"}]},{\"@type\":\"WebSite\",\"@id\":\"https:\\\/\\\/isd-freiburg.de\\\/es\\\/#website\",\"url\":\"https:\\\/\\\/isd-freiburg.de\\\/es\\\/\",\"name\":\"isd-freiburg.de\",\"description\":\"Just another WordPress site\",\"publisher\":{\"@id\":\"https:\\\/\\\/isd-freiburg.de\\\/es\\\/#organization\"},\"potentialAction\":[{\"@type\":\"SearchAction\",\"target\":{\"@type\":\"EntryPoint\",\"urlTemplate\":\"https:\\\/\\\/isd-freiburg.de\\\/es\\\/?s={search_term_string}\"},\"query-input\":{\"@type\":\"PropertyValueSpecification\",\"valueRequired\":true,\"valueName\":\"search_term_string\"}}],\"inLanguage\":\"es\"},{\"@type\":\"Organization\",\"@id\":\"https:\\\/\\\/isd-freiburg.de\\\/es\\\/#organization\",\"name\":\"ISD Freiburg\",\"url\":\"https:\\\/\\\/isd-freiburg.de\\\/es\\\/\",\"logo\":{\"@type\":\"ImageObject\",\"inLanguage\":\"es\",\"@id\":\"https:\\\/\\\/isd-freiburg.de\\\/es\\\/#\\\/schema\\\/logo\\\/image\\\/\",\"url\":\"https:\\\/\\\/isd-freiburg.de\\\/wp-content\\\/uploads\\\/2015\\\/11\\\/isd_logo.jpg\",\"contentUrl\":\"https:\\\/\\\/isd-freiburg.de\\\/wp-content\\\/uploads\\\/2015\\\/11\\\/isd_logo.jpg\",\"width\":222,\"height\":80,\"caption\":\"ISD Freiburg\"},\"image\":{\"@id\":\"https:\\\/\\\/isd-freiburg.de\\\/es\\\/#\\\/schema\\\/logo\\\/image\\\/\"},\"sameAs\":[\"https:\\\/\\\/www.facebook.com\\\/isd.freiburg\\\/\"]}]}<\/script>\n<!-- \/ Yoast SEO plugin. -->","yoast_head_json":{"title":"Visum & seguro de salud - isd-freiburg.de","description":"Como obtener Visum y seguro de salud a traves de la Escuela de idioma ISD. Informaciones sobre la inscripci\u00f3n y link para el seguro m\u00e9dico.","robots":{"index":"index","follow":"follow","max-snippet":"max-snippet:-1","max-image-preview":"max-image-preview:large","max-video-preview":"max-video-preview:-1"},"canonical":"https:\/\/isd-freiburg.de\/es\/internationales-sprachzentrum-dialogo-escuela-de-idiomas-en-friburgo-freiburg\/visum-seguro-de-salud\/","og_locale":"es_ES","og_type":"article","og_title":"Visum & seguro de salud - isd-freiburg.de","og_description":"Como obtener Visum y seguro de salud a traves de la Escuela de idioma ISD. Informaciones sobre la inscripci\u00f3n y link para el seguro m\u00e9dico.","og_url":"https:\/\/isd-freiburg.de\/es\/internationales-sprachzentrum-dialogo-escuela-de-idiomas-en-friburgo-freiburg\/visum-seguro-de-salud\/","og_site_name":"isd-freiburg.de","article_publisher":"https:\/\/www.facebook.com\/isd.freiburg\/","og_image":[{"url":"https:\/\/isd-freiburg.de\/wp-content\/uploads\/2015\/11\/p1040166-360x270.jpg","type":"","width":"","height":""}],"twitter_card":"summary_large_image","twitter_misc":{"Tiempo de lectura":"1 minuto"},"schema":{"@context":"https:\/\/schema.org","@graph":[{"@type":"WebPage","@id":"https:\/\/isd-freiburg.de\/es\/internationales-sprachzentrum-dialogo-escuela-de-idiomas-en-friburgo-freiburg\/visum-seguro-de-salud\/","url":"https:\/\/isd-freiburg.de\/es\/internationales-sprachzentrum-dialogo-escuela-de-idiomas-en-friburgo-freiburg\/visum-seguro-de-salud\/","name":"Visum & seguro de salud - isd-freiburg.de","isPartOf":{"@id":"https:\/\/isd-freiburg.de\/es\/#website"},"primaryImageOfPage":{"@id":"https:\/\/isd-freiburg.de\/es\/internationales-sprachzentrum-dialogo-escuela-de-idiomas-en-friburgo-freiburg\/visum-seguro-de-salud\/#primaryimage"},"image":{"@id":"https:\/\/isd-freiburg.de\/es\/internationales-sprachzentrum-dialogo-escuela-de-idiomas-en-friburgo-freiburg\/visum-seguro-de-salud\/#primaryimage"},"thumbnailUrl":"https:\/\/isd-freiburg.de\/wp-content\/uploads\/2015\/11\/p1040166-360x270.jpg","datePublished":"2016-06-08T19:04:00+00:00","description":"Como obtener Visum y seguro de salud a traves de la Escuela de idioma ISD. Informaciones sobre la inscripci\u00f3n y link para el seguro m\u00e9dico.","breadcrumb":{"@id":"https:\/\/isd-freiburg.de\/es\/internationales-sprachzentrum-dialogo-escuela-de-idiomas-en-friburgo-freiburg\/visum-seguro-de-salud\/#breadcrumb"},"inLanguage":"es","potentialAction":[{"@type":"ReadAction","target":["https:\/\/isd-freiburg.de\/es\/internationales-sprachzentrum-dialogo-escuela-de-idiomas-en-friburgo-freiburg\/visum-seguro-de-salud\/"]}]},{"@type":"ImageObject","inLanguage":"es","@id":"https:\/\/isd-freiburg.de\/es\/internationales-sprachzentrum-dialogo-escuela-de-idiomas-en-friburgo-freiburg\/visum-seguro-de-salud\/#primaryimage","url":"https:\/\/isd-freiburg.de\/wp-content\/uploads\/2015\/11\/p1040166-360x270.jpg","contentUrl":"https:\/\/isd-freiburg.de\/wp-content\/uploads\/2015\/11\/p1040166-360x270.jpg"},{"@type":"BreadcrumbList","@id":"https:\/\/isd-freiburg.de\/es\/internationales-sprachzentrum-dialogo-escuela-de-idiomas-en-friburgo-freiburg\/visum-seguro-de-salud\/#breadcrumb","itemListElement":[{"@type":"ListItem","position":1,"name":"Home","item":"https:\/\/isd-freiburg.de\/es\/"},{"@type":"ListItem","position":2,"name":"Visum &#038; seguro de salud"}]},{"@type":"WebSite","@id":"https:\/\/isd-freiburg.de\/es\/#website","url":"https:\/\/isd-freiburg.de\/es\/","name":"isd-freiburg.de","description":"Just another WordPress site","publisher":{"@id":"https:\/\/isd-freiburg.de\/es\/#organization"},"potentialAction":[{"@type":"SearchAction","target":{"@type":"EntryPoint","urlTemplate":"https:\/\/isd-freiburg.de\/es\/?s={search_term_string}"},"query-input":{"@type":"PropertyValueSpecification","valueRequired":true,"valueName":"search_term_string"}}],"inLanguage":"es"},{"@type":"Organization","@id":"https:\/\/isd-freiburg.de\/es\/#organization","name":"ISD Freiburg","url":"https:\/\/isd-freiburg.de\/es\/","logo":{"@type":"ImageObject","inLanguage":"es","@id":"https:\/\/isd-freiburg.de\/es\/#\/schema\/logo\/image\/","url":"https:\/\/isd-freiburg.de\/wp-content\/uploads\/2015\/11\/isd_logo.jpg","contentUrl":"https:\/\/isd-freiburg.de\/wp-content\/uploads\/2015\/11\/isd_logo.jpg","width":222,"height":80,"caption":"ISD Freiburg"},"image":{"@id":"https:\/\/isd-freiburg.de\/es\/#\/schema\/logo\/image\/"},"sameAs":["https:\/\/www.facebook.com\/isd.freiburg\/"]}]}},"_links":{"self":[{"href":"https:\/\/isd-freiburg.de\/es\/wp-json\/wp\/v2\/pages\/3449","targetHints":{"allow":["GET"]}}],"collection":[{"href":"https:\/\/isd-freiburg.de\/es\/wp-json\/wp\/v2\/pages"}],"about":[{"href":"https:\/\/isd-freiburg.de\/es\/wp-json\/wp\/v2\/types\/page"}],"author":[{"embeddable":true,"href":"https:\/\/isd-freiburg.de\/es\/wp-json\/wp\/v2\/users\/3"}],"replies":[{"embeddable":true,"href":"https:\/\/isd-freiburg.de\/es\/wp-json\/wp\/v2\/comments?post=3449"}],"version-history":[{"count":0,"href":"https:\/\/isd-freiburg.de\/es\/wp-json\/wp\/v2\/pages\/3449\/revisions"}],"up":[{"embeddable":true,"href":"https:\/\/isd-freiburg.de\/es\/wp-json\/wp\/v2\/pages\/103"}],"wp:attachment":[{"href":"https:\/\/isd-freiburg.de\/es\/wp-json\/wp\/v2\/media?parent=3449"}],"curies":[{"name":"wp","href":"https:\/\/api.w.org\/{rel}","templated":true}]}}