{"id":3453,"date":"2016-06-08T19:24:36","date_gmt":"2016-06-08T19:24:36","guid":{"rendered":"https:\/\/isd-freiburg.de\/es\/?page_id=3453"},"modified":"2026-04-07T14:48:15","modified_gmt":"2026-04-07T14:48:15","slug":"cursos-de-aleman-en-freiburg","status":"publish","type":"page","link":"https:\/\/isd-freiburg.de\/es\/cursos-de-aleman-en-freiburg\/","title":{"rendered":"Cursos de alem\u00e1n &#8211; intensivos, medicos, preparaci\u00f3n de ex\u00e1menes, m\u00f3dulos online"},"content":{"rendered":"\t\t<div data-elementor-type=\"wp-page\" data-elementor-id=\"3453\" class=\"elementor elementor-3453 elementor-50\">\n\t\t\t\t<div class=\"elementor-element elementor-element-9f1d4 e-flex e-con-boxed e-con e-parent\" data-id=\"9f1d4\" data-element_type=\"container\" data-e-type=\"container\">\n\t\t\t\t\t<div class=\"e-con-inner\">\n\t\t\t\t<div class=\"elementor-element elementor-element-1efed6c elementor-widget elementor-widget-text-editor\" data-id=\"1efed6c\" data-element_type=\"widget\" data-e-type=\"widget\" data-widget_type=\"text-editor.default\">\n\t\t\t\t<div class=\"elementor-widget-container\">\n\t\t\t\t\t\t\t\t\t<div class=\"wp-block-group\"><h2 id=\"pageTitle\">Cursos de Alem\u00e1n<\/h2><p>   <\/p><h3><strong><img decoding=\"async\" class=\"alignleft wp-image-16546\" src=\"https:\/\/isd-freiburg.de\/wp-content\/uploads\/2022\/09\/medic.png\" alt=\"\" width=\"42\" height=\"82\" \/><\/strong><b>Alem\u00e1n para profesionales de la medicina \u2013 cursos de lenguaje m\u00e9dico especializado<\/b><\/h3><p><img fetchpriority=\"high\" decoding=\"async\" class=\"wp-image-12532 alignright\" src=\"https:\/\/isd-freiburg.de\/wp-content\/uploads\/2019\/08\/Medici-360x256.jpeg\" alt=\"\" width=\"302\" height=\"215\" srcset=\"https:\/\/isd-freiburg.de\/wp-content\/uploads\/2019\/08\/Medici-360x256.jpeg 360w, https:\/\/isd-freiburg.de\/wp-content\/uploads\/2019\/08\/Medici-768x547.jpeg 768w, https:\/\/isd-freiburg.de\/wp-content\/uploads\/2019\/08\/Medici.jpeg 977w, https:\/\/isd-freiburg.de\/wp-content\/uploads\/2019\/08\/Medici-416x296.jpeg 416w\" sizes=\"(max-width: 302px) 100vw, 302px\" \/><\/p><p>El ISD es un centro homologado por el <strong>BAMF (Ministerio Federal)<\/strong> para impartir cursos especializados de <strong>alem\u00e1n m\u00e9dico<\/strong>. Nuestros cursos de alem\u00e1n para profesionales de la medicina est\u00e1n dirigidos a m\u00e9dicos que ya cuentan con conocimientos previos equivalentes, como m\u00ednimo, al nivel <b>B2<\/b> del MCER. El objetivo de todos los cursos es, bien la preparaci\u00f3n para los ex\u00e1menes <i>B2-C1 telc Medizin Fachsprachenpr\u00fcfung <\/i>y<i> Fachsprachpr\u00fcfung der \u00c4rztekammer<\/i>, bien la iniciaci\u00f3n al lenguaje m\u00e9dico alem\u00e1n.<\/p><p>Las formaciones son intensivas y tienen lugar todos los d\u00edas. Los cursos se dise\u00f1an en colaboraci\u00f3n con especialistas cualificados y se ofrecen en cooperaci\u00f3n con la consultor\u00eda empresarial y de recursos humanos <a href=\"http:\/\/www.freiburgeraerzteconsulting.de\/\"><u>Freiburger \u00c4rzte Consulting<\/u><\/a>, certificada y acreditada por la RKW de Baden-Wurtemberg (\u00e1rea m\u00e9dica), y con la BAMF.<\/p><p>Tras cada curso, tambi\u00e9n es posible realizar en nuestro centro de idiomas un examen telc B2\/C1 de medicina o un examen telc B2\/C1 de lenguaje m\u00e9dico especializado (solo seg\u00fan disponibilidad).<\/p><h3>Option 1 &#8211; Compacto 6 Semanas<\/h3><p>Esta opci\u00f3n constituye una alternativa r\u00e1pida y excelente al curso largo y es adecuada para personas interesadas que desean una preparaci\u00f3n espec\u00edfica para el examen. El curso se puede reservar en combinaci\u00f3n con un curso regular de alem\u00e1n C1. Tambi\u00e9n se admiten personas interesadas que no asistan a un curso C1, pero que tengan un certificado B2 con una nota global a partir del 80 %.<\/p><p><b>Curso<\/b>: Individual o Minigrupo (3-6 TN)<br \/><b>Objetivo<\/b>: preparaci\u00f3n r\u00e1pida al telc B2\/C1 Medizin (Niveau C1) y a la <em>Fachsprachpr\u00fcfung<\/em><br \/><strong>Precio<\/strong> pro persona: 1.469,- EUR (2.929,- EUR como curso individual para 1 Participante con 2 unidades diarias durante 6 semanas)<br \/><strong>Fechas de comienzo<\/strong>:<br \/>13.04.2026<br \/>22.06.2026<br \/>28.09.2026<br \/>11.01.2027<strong><br \/>Horario<\/strong>: lun.-vie. 16:30 &#8211; 19:00 (puede variar!)<br \/><strong>Duraci\u00f3n<\/strong>: 6 semanas<br \/><strong>Unidades<\/strong> (diarias): 2,5 UE \u00e0 60 Minuten (=150 Minuten pro Tag)<br \/><a href=\"https:\/\/isd-freiburg.de\/online-anmeldung\/deutsch-medizin-duo-gruppenkurs\/\" class=\"su-button su-button-style-default\" style=\"color:#000000;background-color:#B8C223;border-color:#949c1c;border-radius:10px\" target=\"_blank\" rel=\"noopener noreferrer\"><span style=\"color:#000000;padding:6px 16px;font-size:13px;line-height:20px;border-color:#ced565;border-radius:10px;text-shadow:1px 1px 10px #cccccc\"><i class=\"sui sui-hand-o-right\" style=\"font-size:13px;color:#FFFFFF\"><\/i> inscripcion<\/span><\/a><\/p><h3>Opci\u00f3n 2 \u2013 Alem\u00e1n m\u00e9dico (curso BAMF) GRATUITO<\/h3><p>Esta opci\u00f3n es adecuada para personas interesadas que tengan conocimientos previos del idioma general equivalentes al nivel B2. Este curso se ofrece en el marco del <strong>programa de apoyo DeuF\u00f6V\u00a0<\/strong> y se puede asistir al mismo previa presentaci\u00f3n de un certificado de autorizaci\u00f3n.<\/p><p>Se trata de un curso intensivo con 25 horas lectivas a la semana. La participaci\u00f3n es gratuita.<\/p><p>Puede solicitar un <b>certificado de autorizaci\u00f3n<\/b> directamente a nosotros si ya dispone de los siguientes documentos:<\/p><p>\u2013 Copia compulsada del permiso de trabajo o del t\u00edtulo (Medicina)<br \/>\u2013 telc B2 o Goethe B2<br \/>\u2013 Permiso de residencia o visado<\/p><p>P\u00f3ngase en contacto con nosotros para presentar la solicitud.<\/p><p>Alternativamente, puede obtener un certificado de autorizaci\u00f3n directamente en la Agencia de Empleo o en la Oficina de Empleo.<\/p><p>Si ya tiene contacto (por ejemplo, un correo electr\u00f3nico) con una Presidencia Regional en relaci\u00f3n con la licencia m\u00e9dica, p\u00f3ngase en contacto directamente con nosotros.<\/p><p><b><strong>El programa del curso est\u00e1 disponible directamente con nosotros <\/strong><\/b><\/p><p><b>Tipo <\/b>de curso: curso en grupo (3-12 participantes)<br \/><b>Objetivo<\/b> del curso: adquisici\u00f3n de conocimientos seg\u00fan el MCER C1 de lengua general y C1 de medicina para la preparaci\u00f3n del examen de lenguaje especializado<br \/><b>Precio: <\/b>gratuito<br \/><b>Pr\u00f3ximo inicio del curso: <\/b>P\u00f3ngase en contacto con nosotros por correo electr\u00f3nico en info@isd-freiburg.de<br \/><b>Horario<\/b>: entre las 8:30 y las 13:30 o de 12:30 a 17:30<br \/><b>Duraci\u00f3n<\/b>: aprox. 18 semanas<br \/><b>Unidades lectivas<\/b> (total): 500 UL<br \/><b>Unidades lectivas<\/b> (por d\u00eda): de 5 a 6 UL<\/p><p><a href=\"https:\/\/isd-freiburg.de\/online-anmeldung\/deutsch-medizin-anerkennungsverfahren\/\"><u> Inscripci\u00f3n<\/u><\/a><\/p><p>Podr\u00e1n inscribirse aquellas personas que<\/p><ul><li>hayan completado estudios de Medicina en su pa\u00eds de origen<img decoding=\"async\" class=\" wp-image-16528 alignright\" src=\"https:\/\/isd-freiburg.de\/wp-content\/uploads\/2022\/09\/medicalman.png\" alt=\"\" width=\"93\" height=\"111\" \/><\/li><li>dispongan de un permiso de residencia (p. ej., visado)<img loading=\"lazy\" decoding=\"async\" class=\" wp-image-16540 alignright\" src=\"https:\/\/isd-freiburg.de\/wp-content\/uploads\/2022\/09\/medical-e1662731042365.png\" alt=\"\" width=\"70\" height=\"111\" \/><\/li><li>tengan la intenci\u00f3n, en el marco del reconocimiento de su profesi\u00f3n, de presentar una solicitud de concesi\u00f3n de la licencia m\u00e9dica ante las autoridades regionales correspondientes<\/li><\/ul><h3>Certificado<\/h3><p>Al finalizar el curso, se puede realizar tanto el examen Alem\u00e1n m\u00e9dico telc B2-C1 como el examen de la Asociaci\u00f3n M\u00e9dica de Baden-Wurtemberg. El examen telc tiene lugar directamente en nuestro centro de idiomas (siempre el \u00faltimo s\u00e1bado del mes). Para el examen de la Asociaci\u00f3n M\u00e9dica, recibir\u00e1 una invitaci\u00f3n de la propia Asociaci\u00f3n. Estaremos encantados de ayudarle con ambas solicitudes. Tras el examen, recibir\u00e1 un <b>certificado<\/b> oficial, que es un requisito previo para el reconocimiento de sus estudios de medicina en Alemania.<br \/><br \/>Iscripcion tambien por Email, Telefono al +497616105060 o personalmente en Raustra\u00dfe 6 in Freiburg (Lu.-Vi. 9:00-12:00 y 14:00 &#8211; 17:00)<\/p><div class=\"daa-m11 daa-with-background\"><div class=\"container\"><div class=\"row\">\u00a0<\/div><\/div><\/div><\/div>\t\t\t\t\t\t\t\t<\/div>\n\t\t\t\t<\/div>\n\t\t\t\t\t<\/div>\n\t\t\t\t<\/div>\n\t\t\t\t<\/div>\n\t\t<div class=\"shariff shariff-align-left shariff-widget-align-left shariff-buttonstretch\" style=\"display:none\"><ul class=\"shariff-buttons theme-default orientation-horizontal buttonsize-medium\"><li class=\"shariff-button facebook shariff-nocustomcolor\" style=\"background-color:#7e8700\"><a href=\"https:\/\/www.facebook.com\/sharer\/sharer.php?u=https%3A%2F%2Fisd-freiburg.de%2Fes%2Fcursos-de-aleman-en-freiburg%2F\" title=\"Compartir en Facebook\" aria-label=\"Compartir en Facebook\" role=\"button\" rel=\"nofollow\" class=\"shariff-link\" style=\"; background-color:#3b5998; color:#fff\" target=\"_blank\"><span class=\"shariff-icon\" style=\"\"><svg width=\"32px\" height=\"20px\" xmlns=\"http:\/\/www.w3.org\/2000\/svg\" viewBox=\"0 0 18 32\"><path fill=\"#3b5998\" d=\"M17.1 0.2v4.7h-2.8q-1.5 0-2.1 0.6t-0.5 1.9v3.4h5.2l-0.7 5.3h-4.5v13.6h-5.5v-13.6h-4.5v-5.3h4.5v-3.9q0-3.3 1.9-5.2t5-1.8q2.6 0 4.1 0.2z\"\/><\/svg><\/span><span class=\"shariff-text\">compartir<\/span>&nbsp;<\/a><\/li><li class=\"shariff-button twitter shariff-nocustomcolor\" style=\"background-color:#7e8700\"><a href=\"https:\/\/twitter.com\/share?url=https%3A%2F%2Fisd-freiburg.de%2Fes%2Fcursos-de-aleman-en-freiburg%2F&text=Cursos%20de%20alem%C3%A1n%20%E2%80%93%20intensivos%2C%20medicos%2C%20preparaci%C3%B3n%20de%20ex%C3%A1menes%2C%20m%C3%B3dulos%20online\" title=\"Compartir en X\" aria-label=\"Compartir en X\" role=\"button\" rel=\"noopener nofollow\" class=\"shariff-link\" style=\"; background-color:#000; color:#fff\" target=\"_blank\"><span class=\"shariff-icon\" style=\"\"><svg width=\"32px\" height=\"20px\" xmlns=\"http:\/\/www.w3.org\/2000\/svg\" viewBox=\"0 0 24 24\"><path fill=\"#000\" d=\"M14.258 10.152L23.176 0h-2.113l-7.747 8.813L7.133 0H0l9.352 13.328L0 23.973h2.113l8.176-9.309 6.531 9.309h7.133zm-2.895 3.293l-.949-1.328L2.875 1.56h3.246l6.086 8.523.945 1.328 7.91 11.078h-3.246zm0 0\"\/><\/svg><\/span><span class=\"shariff-text\">compartir<\/span>&nbsp;<\/a><\/li><li class=\"shariff-button linkedin shariff-nocustomcolor\" style=\"background-color:#7e8700\"><a href=\"https:\/\/www.linkedin.com\/sharing\/share-offsite\/?url=https%3A%2F%2Fisd-freiburg.de%2Fes%2Fcursos-de-aleman-en-freiburg%2F\" title=\"Compartir en LinkedIn\" aria-label=\"Compartir en LinkedIn\" role=\"button\" rel=\"noopener nofollow\" class=\"shariff-link\" style=\"; background-color:#0077b5; color:#fff\" target=\"_blank\"><span class=\"shariff-icon\" style=\"\"><svg width=\"32px\" height=\"20px\" xmlns=\"http:\/\/www.w3.org\/2000\/svg\" viewBox=\"0 0 27 32\"><path fill=\"#0077b5\" d=\"M6.2 11.2v17.7h-5.9v-17.7h5.9zM6.6 5.7q0 1.3-0.9 2.2t-2.4 0.9h0q-1.5 0-2.4-0.9t-0.9-2.2 0.9-2.2 2.4-0.9 2.4 0.9 0.9 2.2zM27.4 18.7v10.1h-5.9v-9.5q0-1.9-0.7-2.9t-2.3-1.1q-1.1 0-1.9 0.6t-1.2 1.5q-0.2 0.5-0.2 1.4v9.9h-5.9q0-7.1 0-11.6t0-5.3l0-0.9h5.9v2.6h0q0.4-0.6 0.7-1t1-0.9 1.6-0.8 2-0.3q3 0 4.9 2t1.9 6z\"\/><\/svg><\/span><span class=\"shariff-text\">compartir<\/span>&nbsp;<\/a><\/li><li class=\"shariff-button xing shariff-nocustomcolor\" style=\"background-color:#7e8700\"><a href=\"https:\/\/www.xing.com\/spi\/shares\/new?url=https%3A%2F%2Fisd-freiburg.de%2Fes%2Fcursos-de-aleman-en-freiburg%2F\" title=\"Compartir en XING\" aria-label=\"Compartir en XING\" role=\"button\" rel=\"noopener nofollow\" class=\"shariff-link\" style=\"; background-color:#126567; color:#fff\" target=\"_blank\"><span class=\"shariff-icon\" style=\"\"><svg width=\"32px\" height=\"20px\" xmlns=\"http:\/\/www.w3.org\/2000\/svg\" viewBox=\"0 0 25 32\"><path fill=\"#126567\" d=\"M10.7 11.9q-0.2 0.3-4.6 8.2-0.5 0.8-1.2 0.8h-4.3q-0.4 0-0.5-0.3t0-0.6l4.5-8q0 0 0 0l-2.9-5q-0.2-0.4 0-0.7 0.2-0.3 0.5-0.3h4.3q0.7 0 1.2 0.8zM25.1 0.4q0.2 0.3 0 0.7l-9.4 16.7 6 11q0.2 0.4 0 0.6-0.2 0.3-0.6 0.3h-4.3q-0.7 0-1.2-0.8l-6-11.1q0.3-0.6 9.5-16.8 0.4-0.8 1.2-0.8h4.3q0.4 0 0.5 0.3z\"\/><\/svg><\/span><span class=\"shariff-text\">compartir<\/span>&nbsp;<\/a><\/li><\/ul><\/div>","protected":false},"excerpt":{"rendered":"<p>Cursos de Alem\u00e1n Alem\u00e1n para profesionales de la medicina \u2013 cursos de lenguaje m\u00e9dico especializado El ISD es un centro homologado por el BAMF (Ministerio Federal) para impartir cursos especializados de alem\u00e1n m\u00e9dico. Nuestros cursos de alem\u00e1n para profesionales de la medicina est\u00e1n dirigidos a m\u00e9dicos que ya cuentan con conocimientos previos equivalentes, como m\u00ednimo, [&hellip;]<\/p>\n","protected":false},"author":3,"featured_media":21239,"parent":0,"menu_order":20,"comment_status":"closed","ping_status":"closed","template":"template-fullwidth.php","meta":{"_exactmetrics_skip_tracking":false,"_exactmetrics_sitenote_active":false,"_exactmetrics_sitenote_note":"","_exactmetrics_sitenote_category":0,"footnotes":""},"class_list":["post-3453","page","type-page","status-publish","has-post-thumbnail","hentry"],"yoast_head":"<!-- This site is optimized with the Yoast SEO plugin v27.4 - https:\/\/yoast.com\/product\/yoast-seo-wordpress\/ -->\n<title>Cursos de alem\u00e1n - intensivos, medicos, preparaci\u00f3n de ex\u00e1menes, m\u00f3dulos online - isd-freiburg.de<\/title>\n<meta name=\"description\" content=\"Cursos de Alem\u00e1n en Freiburg, cursos grupales o individuales para el aprendizaje del idioma alem\u00e1n o la preparaci\u00f3n a un certificado telc\" \/>\n<meta name=\"robots\" content=\"index, follow, max-snippet:-1, max-image-preview:large, max-video-preview:-1\" \/>\n<link rel=\"canonical\" href=\"https:\/\/isd-freiburg.de\/es\/cursos-de-aleman-en-freiburg\/\" \/>\n<meta property=\"og:locale\" content=\"es_ES\" \/>\n<meta property=\"og:type\" content=\"article\" \/>\n<meta property=\"og:title\" content=\"Cursos de alem\u00e1n - intensivos, medicos, preparaci\u00f3n de ex\u00e1menes, m\u00f3dulos online - isd-freiburg.de\" \/>\n<meta property=\"og:description\" content=\"Cursos de Alem\u00e1n en Freiburg, cursos grupales o individuales para el aprendizaje del idioma alem\u00e1n o la preparaci\u00f3n a un certificado telc\" \/>\n<meta property=\"og:url\" content=\"https:\/\/isd-freiburg.de\/es\/cursos-de-aleman-en-freiburg\/\" \/>\n<meta property=\"og:site_name\" content=\"isd-freiburg.de\" \/>\n<meta property=\"article:publisher\" content=\"https:\/\/www.facebook.com\/isd.freiburg\/\" \/>\n<meta property=\"article:modified_time\" content=\"2026-04-07T14:48:15+00:00\" \/>\n<meta property=\"og:image\" content=\"https:\/\/isd-freiburg.de\/wp-content\/uploads\/2023\/04\/cropped-DSC1016.jpeg\" \/>\n\t<meta property=\"og:image:width\" content=\"899\" \/>\n\t<meta property=\"og:image:height\" content=\"553\" \/>\n\t<meta property=\"og:image:type\" content=\"image\/jpeg\" \/>\n<meta name=\"twitter:card\" content=\"summary_large_image\" \/>\n<meta name=\"twitter:label1\" content=\"Tiempo de lectura\" \/>\n\t<meta name=\"twitter:data1\" content=\"16 minutos\" \/>\n<script type=\"application\/ld+json\" class=\"yoast-schema-graph\">{\"@context\":\"https:\\\/\\\/schema.org\",\"@graph\":[{\"@type\":\"WebPage\",\"@id\":\"https:\\\/\\\/isd-freiburg.de\\\/es\\\/cursos-de-aleman-en-freiburg\\\/\",\"url\":\"https:\\\/\\\/isd-freiburg.de\\\/es\\\/cursos-de-aleman-en-freiburg\\\/\",\"name\":\"Cursos de alem\u00e1n - intensivos, medicos, preparaci\u00f3n de ex\u00e1menes, m\u00f3dulos online - isd-freiburg.de\",\"isPartOf\":{\"@id\":\"https:\\\/\\\/isd-freiburg.de\\\/es\\\/#website\"},\"primaryImageOfPage\":{\"@id\":\"https:\\\/\\\/isd-freiburg.de\\\/es\\\/cursos-de-aleman-en-freiburg\\\/#primaryimage\"},\"image\":{\"@id\":\"https:\\\/\\\/isd-freiburg.de\\\/es\\\/cursos-de-aleman-en-freiburg\\\/#primaryimage\"},\"thumbnailUrl\":\"https:\\\/\\\/isd-freiburg.de\\\/wp-content\\\/uploads\\\/2023\\\/04\\\/cropped-DSC1016.jpeg\",\"datePublished\":\"2016-06-08T19:24:36+00:00\",\"dateModified\":\"2026-04-07T14:48:15+00:00\",\"description\":\"Cursos de Alem\u00e1n en Freiburg, cursos grupales o individuales para el aprendizaje del idioma alem\u00e1n o la preparaci\u00f3n a un certificado telc\",\"breadcrumb\":{\"@id\":\"https:\\\/\\\/isd-freiburg.de\\\/es\\\/cursos-de-aleman-en-freiburg\\\/#breadcrumb\"},\"inLanguage\":\"es\",\"potentialAction\":[{\"@type\":\"ReadAction\",\"target\":[\"https:\\\/\\\/isd-freiburg.de\\\/es\\\/cursos-de-aleman-en-freiburg\\\/\"]}]},{\"@type\":\"ImageObject\",\"inLanguage\":\"es\",\"@id\":\"https:\\\/\\\/isd-freiburg.de\\\/es\\\/cursos-de-aleman-en-freiburg\\\/#primaryimage\",\"url\":\"https:\\\/\\\/isd-freiburg.de\\\/wp-content\\\/uploads\\\/2023\\\/04\\\/cropped-DSC1016.jpeg\",\"contentUrl\":\"https:\\\/\\\/isd-freiburg.de\\\/wp-content\\\/uploads\\\/2023\\\/04\\\/cropped-DSC1016.jpeg\",\"width\":899,\"height\":553},{\"@type\":\"BreadcrumbList\",\"@id\":\"https:\\\/\\\/isd-freiburg.de\\\/es\\\/cursos-de-aleman-en-freiburg\\\/#breadcrumb\",\"itemListElement\":[{\"@type\":\"ListItem\",\"position\":1,\"name\":\"Home\",\"item\":\"https:\\\/\\\/isd-freiburg.de\\\/es\\\/\"},{\"@type\":\"ListItem\",\"position\":2,\"name\":\"Cursos de alem\u00e1n &#8211; intensivos, medicos, preparaci\u00f3n de ex\u00e1menes, m\u00f3dulos online\"}]},{\"@type\":\"WebSite\",\"@id\":\"https:\\\/\\\/isd-freiburg.de\\\/es\\\/#website\",\"url\":\"https:\\\/\\\/isd-freiburg.de\\\/es\\\/\",\"name\":\"isd-freiburg.de\",\"description\":\"Just another WordPress site\",\"publisher\":{\"@id\":\"https:\\\/\\\/isd-freiburg.de\\\/es\\\/#organization\"},\"potentialAction\":[{\"@type\":\"SearchAction\",\"target\":{\"@type\":\"EntryPoint\",\"urlTemplate\":\"https:\\\/\\\/isd-freiburg.de\\\/es\\\/?s={search_term_string}\"},\"query-input\":{\"@type\":\"PropertyValueSpecification\",\"valueRequired\":true,\"valueName\":\"search_term_string\"}}],\"inLanguage\":\"es\"},{\"@type\":\"Organization\",\"@id\":\"https:\\\/\\\/isd-freiburg.de\\\/es\\\/#organization\",\"name\":\"ISD Freiburg\",\"url\":\"https:\\\/\\\/isd-freiburg.de\\\/es\\\/\",\"logo\":{\"@type\":\"ImageObject\",\"inLanguage\":\"es\",\"@id\":\"https:\\\/\\\/isd-freiburg.de\\\/es\\\/#\\\/schema\\\/logo\\\/image\\\/\",\"url\":\"https:\\\/\\\/isd-freiburg.de\\\/wp-content\\\/uploads\\\/2015\\\/11\\\/isd_logo.jpg\",\"contentUrl\":\"https:\\\/\\\/isd-freiburg.de\\\/wp-content\\\/uploads\\\/2015\\\/11\\\/isd_logo.jpg\",\"width\":222,\"height\":80,\"caption\":\"ISD Freiburg\"},\"image\":{\"@id\":\"https:\\\/\\\/isd-freiburg.de\\\/es\\\/#\\\/schema\\\/logo\\\/image\\\/\"},\"sameAs\":[\"https:\\\/\\\/www.facebook.com\\\/isd.freiburg\\\/\"]}]}<\/script>\n<!-- \/ Yoast SEO plugin. -->","yoast_head_json":{"title":"Cursos de alem\u00e1n - intensivos, medicos, preparaci\u00f3n de ex\u00e1menes, m\u00f3dulos online - isd-freiburg.de","description":"Cursos de Alem\u00e1n en Freiburg, cursos grupales o individuales para el aprendizaje del idioma alem\u00e1n o la preparaci\u00f3n a un certificado telc","robots":{"index":"index","follow":"follow","max-snippet":"max-snippet:-1","max-image-preview":"max-image-preview:large","max-video-preview":"max-video-preview:-1"},"canonical":"https:\/\/isd-freiburg.de\/es\/cursos-de-aleman-en-freiburg\/","og_locale":"es_ES","og_type":"article","og_title":"Cursos de alem\u00e1n - intensivos, medicos, preparaci\u00f3n de ex\u00e1menes, m\u00f3dulos online - isd-freiburg.de","og_description":"Cursos de Alem\u00e1n en Freiburg, cursos grupales o individuales para el aprendizaje del idioma alem\u00e1n o la preparaci\u00f3n a un certificado telc","og_url":"https:\/\/isd-freiburg.de\/es\/cursos-de-aleman-en-freiburg\/","og_site_name":"isd-freiburg.de","article_publisher":"https:\/\/www.facebook.com\/isd.freiburg\/","article_modified_time":"2026-04-07T14:48:15+00:00","og_image":[{"width":899,"height":553,"url":"https:\/\/isd-freiburg.de\/wp-content\/uploads\/2023\/04\/cropped-DSC1016.jpeg","type":"image\/jpeg"}],"twitter_card":"summary_large_image","twitter_misc":{"Tiempo de lectura":"16 minutos"},"schema":{"@context":"https:\/\/schema.org","@graph":[{"@type":"WebPage","@id":"https:\/\/isd-freiburg.de\/es\/cursos-de-aleman-en-freiburg\/","url":"https:\/\/isd-freiburg.de\/es\/cursos-de-aleman-en-freiburg\/","name":"Cursos de alem\u00e1n - intensivos, medicos, preparaci\u00f3n de ex\u00e1menes, m\u00f3dulos online - isd-freiburg.de","isPartOf":{"@id":"https:\/\/isd-freiburg.de\/es\/#website"},"primaryImageOfPage":{"@id":"https:\/\/isd-freiburg.de\/es\/cursos-de-aleman-en-freiburg\/#primaryimage"},"image":{"@id":"https:\/\/isd-freiburg.de\/es\/cursos-de-aleman-en-freiburg\/#primaryimage"},"thumbnailUrl":"https:\/\/isd-freiburg.de\/wp-content\/uploads\/2023\/04\/cropped-DSC1016.jpeg","datePublished":"2016-06-08T19:24:36+00:00","dateModified":"2026-04-07T14:48:15+00:00","description":"Cursos de Alem\u00e1n en Freiburg, cursos grupales o individuales para el aprendizaje del idioma alem\u00e1n o la preparaci\u00f3n a un certificado telc","breadcrumb":{"@id":"https:\/\/isd-freiburg.de\/es\/cursos-de-aleman-en-freiburg\/#breadcrumb"},"inLanguage":"es","potentialAction":[{"@type":"ReadAction","target":["https:\/\/isd-freiburg.de\/es\/cursos-de-aleman-en-freiburg\/"]}]},{"@type":"ImageObject","inLanguage":"es","@id":"https:\/\/isd-freiburg.de\/es\/cursos-de-aleman-en-freiburg\/#primaryimage","url":"https:\/\/isd-freiburg.de\/wp-content\/uploads\/2023\/04\/cropped-DSC1016.jpeg","contentUrl":"https:\/\/isd-freiburg.de\/wp-content\/uploads\/2023\/04\/cropped-DSC1016.jpeg","width":899,"height":553},{"@type":"BreadcrumbList","@id":"https:\/\/isd-freiburg.de\/es\/cursos-de-aleman-en-freiburg\/#breadcrumb","itemListElement":[{"@type":"ListItem","position":1,"name":"Home","item":"https:\/\/isd-freiburg.de\/es\/"},{"@type":"ListItem","position":2,"name":"Cursos de alem\u00e1n &#8211; intensivos, medicos, preparaci\u00f3n de ex\u00e1menes, m\u00f3dulos online"}]},{"@type":"WebSite","@id":"https:\/\/isd-freiburg.de\/es\/#website","url":"https:\/\/isd-freiburg.de\/es\/","name":"isd-freiburg.de","description":"Just another WordPress site","publisher":{"@id":"https:\/\/isd-freiburg.de\/es\/#organization"},"potentialAction":[{"@type":"SearchAction","target":{"@type":"EntryPoint","urlTemplate":"https:\/\/isd-freiburg.de\/es\/?s={search_term_string}"},"query-input":{"@type":"PropertyValueSpecification","valueRequired":true,"valueName":"search_term_string"}}],"inLanguage":"es"},{"@type":"Organization","@id":"https:\/\/isd-freiburg.de\/es\/#organization","name":"ISD Freiburg","url":"https:\/\/isd-freiburg.de\/es\/","logo":{"@type":"ImageObject","inLanguage":"es","@id":"https:\/\/isd-freiburg.de\/es\/#\/schema\/logo\/image\/","url":"https:\/\/isd-freiburg.de\/wp-content\/uploads\/2015\/11\/isd_logo.jpg","contentUrl":"https:\/\/isd-freiburg.de\/wp-content\/uploads\/2015\/11\/isd_logo.jpg","width":222,"height":80,"caption":"ISD Freiburg"},"image":{"@id":"https:\/\/isd-freiburg.de\/es\/#\/schema\/logo\/image\/"},"sameAs":["https:\/\/www.facebook.com\/isd.freiburg\/"]}]}},"_links":{"self":[{"href":"https:\/\/isd-freiburg.de\/es\/wp-json\/wp\/v2\/pages\/3453","targetHints":{"allow":["GET"]}}],"collection":[{"href":"https:\/\/isd-freiburg.de\/es\/wp-json\/wp\/v2\/pages"}],"about":[{"href":"https:\/\/isd-freiburg.de\/es\/wp-json\/wp\/v2\/types\/page"}],"author":[{"embeddable":true,"href":"https:\/\/isd-freiburg.de\/es\/wp-json\/wp\/v2\/users\/3"}],"replies":[{"embeddable":true,"href":"https:\/\/isd-freiburg.de\/es\/wp-json\/wp\/v2\/comments?post=3453"}],"version-history":[{"count":2,"href":"https:\/\/isd-freiburg.de\/es\/wp-json\/wp\/v2\/pages\/3453\/revisions"}],"predecessor-version":[{"id":30371,"href":"https:\/\/isd-freiburg.de\/es\/wp-json\/wp\/v2\/pages\/3453\/revisions\/30371"}],"wp:featuredmedia":[{"embeddable":true,"href":"https:\/\/isd-freiburg.de\/es\/wp-json\/wp\/v2\/media\/21239"}],"wp:attachment":[{"href":"https:\/\/isd-freiburg.de\/es\/wp-json\/wp\/v2\/media?parent=3453"}],"curies":[{"name":"wp","href":"https:\/\/api.w.org\/{rel}","templated":true}]}}