{"id":14474,"date":"2020-03-18T08:46:49","date_gmt":"2020-03-19T15:39:05","guid":{"rendered":"https:\/\/isd-freiburg.de\/?post_type=product&#038;p=14474"},"modified":"2020-03-22T15:45:28","modified_gmt":"2020-03-22T15:45:28","slug":"curso-de-aleman-online","status":"publish","type":"product","link":"https:\/\/isd-freiburg.de\/es\/online-anmeldung\/curso-de-aleman-online\/","title":{"rendered":"Curso de Alem\u00e1n online"},"content":{"rendered":"<p>La Academia ISD-Freiburg ofrece un servicio de cursos online en m\u00f3dulos compactos de 10 clases cadauno. Todos los cursos son One-on-one, es decir con profesores calificados en contacto directo (ningun video grabado anteriormente!). Los cursos est\u00e1n concebidos didacticamente para proporcionar la mejor preparaci\u00f3n posible. Gracias a la experienciaa y al Know-How adquiridos durante m\u00e1s de una d\u00e9cada de trabajo profesionalen el campo de la ensenanza del Alem\u00e1n, nuestra academia puede garantizar alta calidad, confirmada oficialmente por la certificaci\u00f3n AZAV. La academia de idiomas ISD-Freiburg es adem\u00e1s un Centro de examinaci\u00f3n muy activo en los certificados de Alem\u00e1n telc, contando anualmente m\u00e1s de 400 ex\u00e1menes.<br \/>\nListo en 5 pasos!<br \/>\nPaso 1. Elecci\u00f3n del m\u00f3dulo: Se puede elegir un nivel de comienzo y el tipo de m\u00f3dulo (estandard, training de gr\u00e1matica o Alem\u00e1n para m\u00e9dicos)<br \/>\nPaso 2. Inscripci\u00f3n: online (mire abajo), por Email o por tel\u00e9fono.<br \/>\nPaso 3. Pago: por Paypal o con transferencia.<br \/>\nPaso 4. Elecci\u00f3n del ritmo di aprendizaje: hay 3 opciones, intensivo, extensivo o flexible (Mire abajo en descripci\u00f3n. Este valor se puede cambiar durante el curso, inf\u00f3rmenos por Email o telefonicamente sobre sus planes)<br \/>\nPaso 5. Start<\/p>\n<p>Elije el m\u00f3dulo de comienzo m\u00e1s cercano a tu niv\u00e9l actual y el\u00edjelo arriba, a la hora de reservar el curso.<\/p>\n<p><strong>Module REGULAR:<\/strong><br \/>\nOK1: Start Deutsch A1.1.1 \u2013 Buch 1 Units 1-4<br \/>\nOK2: Start Deutsch A1.1.2 \u2013 Buch 1 Units 5-7<br \/>\nOK3: Start Deutsch A1.2.1 \u2013 Buch 2 Units 8-11<br \/>\nOK4: Start Deutsch A1.2.2 \u2013 Buch 2 Units 12-14<\/p>\n<p>OK5: Start Deutsch A2.1.1 \u2013 Buch 3 Units 1-4<br \/>\nOK6: Start Deutsch A2.1.2 \u2013 Buch 3 Units 5-7<br \/>\nOK7: Start Deutsch A2.2.1 \u2013 Buch 4 Units 8-11<br \/>\nOK8: Start Deutsch A2.2.2 \u2013 Buch 4 Units 12-14<\/p>\n<p>OK9: Start Deutsch B1.1.1 \u2013 Buch 5 Units 1-3<br \/>\nOK10: Start Deutsch B1.1.2 \u2013 Buch 5 Units 4-5<br \/>\nOK11: Start Deutsch B1.1.3 \u2013 Buch 5 Units 6-7<br \/>\nOK12: Start Deutsch B1.2.1 \u2013 Buch 6 Units 8-10<br \/>\nOK13: Start Deutsch B1.2.2 \u2013 Buch 6 Units 11-12<br \/>\nOK14: Start Deutsch B1.2.3 \u2013 Buch 6 Units 13-14<\/p>\n<p>OK15: Start Deutsch B2.1.1 \u2013 Buch AN2 Units 1-2<br \/>\nOK16: Start Deutsch B2.1.2 \u2013 Buch AN2 Units 3-4<br \/>\nOK17: Start Deutsch B2.1.3 \u2013 Buch AN2 Units 5-6<br \/>\nOK18: Start Deutsch B2.2.1 \u2013 Buch AN2 Units 7-8<br \/>\nOK19: Start Deutsch B2.2.2 \u2013 Buch AN2 Units 9-10<br \/>\nOK20: Start Deutsch B2.2.3 \u2013 Wdh. bzw. Pr\u00fcfungsvorbereitung telc oder Goethe B2<\/p>\n<p>OK21: Start Deutsch C1.1.1 \u2013 Buch AN3 Units 1-2<br \/>\nOK22: Start Deutsch C1.1.2 \u2013 Buch AN3 Units 3-4<br \/>\nOK23: Start Deutsch C1.1.3 \u2013 Buch AN3 Units 5-6<br \/>\nOK24: Start Deutsch C1.2.1 \u2013 Buch AN3 Units 7-8<br \/>\nOK25: Start Deutsch C1.2.2 \u2013 Buch AN3 Units 9-10<br \/>\nOK26: Start Deutsch C1.2.3 \u2013 Wdh. bzw. Pr\u00fcfungsvorbereitung telc oder Goethe C1 oder telc C1-Hochschule<\/p>\n<p><strong>Module Grammatiktraining<\/strong><br \/>\nOK27: Grammatik Modul 1 Basic (A1): Genus \u2013 Trennbare Verben \u2013 Modalverben \u2013 Fragew\u00f6rter \u2013 Perfekt \u2013 Pr\u00e4teritum \u2013 Pr\u00e4positionen mit Dativ<br \/>\nOK 28: Grammatik Modul 2 Intermediate (A2-B1): Hauptsatz\/Nebensatz \u2013 Kasus \u2013 Perfekt unregelm\u00e4\u00dfige Formen \u2013 Pr\u00e4positionen und Wechselpr\u00e4positionen \u2013 Reflexive Verben \u2013 Verben mit Pr\u00e4positionen 1 \u2013 Adjektivdeklination<br \/>\nOK 29: Grammatik Modul 3 Advanced (B2-C1): Verben Adjektive und Nomen mit Pr\u00e4positionen 2 \u2013 Passiv \u2013 Konjunktiv II und Konjunktiv I \u2013 Konjunktionen und Subjunktionen \u2013 Wortposition im Satz \u2013 Genusregeln und Artikelgebrauch<\/p>\n<p><strong>Module Fachsprache \/ Pr\u00fcfungsvorbereitung FSP (1 Modul \u00e1 10 Stunden 480,- EUR)<\/strong><br \/>\nOK30: Fachsprache Medizin 1: Anamnese Vorbereitung auf Fachsprachenpr\u00fcfung<br \/>\nOK31: Fachsprache Medizin 2: Patientenvorstellung Vorbereitung auf Fachsprachenpr\u00fcfung<br \/>\nOK32: Fachsprache Medizin 3: Arztbrief Vorbereitung auf Fachsprachenpr\u00fcfung<\/p>\n<p>&nbsp;<\/p>\n<div class=\"shariff shariff-align-left shariff-widget-align-left shariff-buttonstretch\" style=\"display:none\"><ul class=\"shariff-buttons theme-default orientation-horizontal buttonsize-medium\"><li class=\"shariff-button facebook shariff-nocustomcolor\" style=\"background-color:#7e8700\"><a href=\"https:\/\/www.facebook.com\/sharer\/sharer.php?u=https%3A%2F%2Fisd-freiburg.de%2Fes%2Fonline-anmeldung%2Fcurso-de-aleman-online%2F\" title=\"Compartir en Facebook\" aria-label=\"Compartir en Facebook\" role=\"button\" rel=\"nofollow\" class=\"shariff-link\" style=\"; background-color:#3b5998; color:#fff\" target=\"_blank\"><span class=\"shariff-icon\" style=\"\"><svg width=\"32px\" height=\"20px\" xmlns=\"http:\/\/www.w3.org\/2000\/svg\" viewBox=\"0 0 18 32\"><path fill=\"#3b5998\" d=\"M17.1 0.2v4.7h-2.8q-1.5 0-2.1 0.6t-0.5 1.9v3.4h5.2l-0.7 5.3h-4.5v13.6h-5.5v-13.6h-4.5v-5.3h4.5v-3.9q0-3.3 1.9-5.2t5-1.8q2.6 0 4.1 0.2z\"\/><\/svg><\/span><span class=\"shariff-text\">compartir<\/span>&nbsp;<\/a><\/li><li class=\"shariff-button twitter shariff-nocustomcolor\" style=\"background-color:#7e8700\"><a href=\"https:\/\/twitter.com\/share?url=https%3A%2F%2Fisd-freiburg.de%2Fes%2Fonline-anmeldung%2Fcurso-de-aleman-online%2F&text=Curso%20de%20Alem%C3%A1n%20online\" title=\"Compartir en X\" aria-label=\"Compartir en X\" role=\"button\" rel=\"noopener nofollow\" class=\"shariff-link\" style=\"; background-color:#000; color:#fff\" target=\"_blank\"><span class=\"shariff-icon\" style=\"\"><svg width=\"32px\" height=\"20px\" xmlns=\"http:\/\/www.w3.org\/2000\/svg\" viewBox=\"0 0 24 24\"><path fill=\"#000\" d=\"M14.258 10.152L23.176 0h-2.113l-7.747 8.813L7.133 0H0l9.352 13.328L0 23.973h2.113l8.176-9.309 6.531 9.309h7.133zm-2.895 3.293l-.949-1.328L2.875 1.56h3.246l6.086 8.523.945 1.328 7.91 11.078h-3.246zm0 0\"\/><\/svg><\/span><span class=\"shariff-text\">compartir<\/span>&nbsp;<\/a><\/li><li class=\"shariff-button linkedin shariff-nocustomcolor\" style=\"background-color:#7e8700\"><a href=\"https:\/\/www.linkedin.com\/sharing\/share-offsite\/?url=https%3A%2F%2Fisd-freiburg.de%2Fes%2Fonline-anmeldung%2Fcurso-de-aleman-online%2F\" title=\"Compartir en LinkedIn\" aria-label=\"Compartir en LinkedIn\" role=\"button\" rel=\"noopener nofollow\" class=\"shariff-link\" style=\"; background-color:#0077b5; color:#fff\" target=\"_blank\"><span class=\"shariff-icon\" style=\"\"><svg width=\"32px\" height=\"20px\" xmlns=\"http:\/\/www.w3.org\/2000\/svg\" viewBox=\"0 0 27 32\"><path fill=\"#0077b5\" d=\"M6.2 11.2v17.7h-5.9v-17.7h5.9zM6.6 5.7q0 1.3-0.9 2.2t-2.4 0.9h0q-1.5 0-2.4-0.9t-0.9-2.2 0.9-2.2 2.4-0.9 2.4 0.9 0.9 2.2zM27.4 18.7v10.1h-5.9v-9.5q0-1.9-0.7-2.9t-2.3-1.1q-1.1 0-1.9 0.6t-1.2 1.5q-0.2 0.5-0.2 1.4v9.9h-5.9q0-7.1 0-11.6t0-5.3l0-0.9h5.9v2.6h0q0.4-0.6 0.7-1t1-0.9 1.6-0.8 2-0.3q3 0 4.9 2t1.9 6z\"\/><\/svg><\/span><span class=\"shariff-text\">compartir<\/span>&nbsp;<\/a><\/li><li class=\"shariff-button xing shariff-nocustomcolor\" style=\"background-color:#7e8700\"><a href=\"https:\/\/www.xing.com\/spi\/shares\/new?url=https%3A%2F%2Fisd-freiburg.de%2Fes%2Fonline-anmeldung%2Fcurso-de-aleman-online%2F\" title=\"Compartir en XING\" aria-label=\"Compartir en XING\" role=\"button\" rel=\"noopener nofollow\" class=\"shariff-link\" style=\"; background-color:#126567; color:#fff\" target=\"_blank\"><span class=\"shariff-icon\" style=\"\"><svg width=\"32px\" height=\"20px\" xmlns=\"http:\/\/www.w3.org\/2000\/svg\" viewBox=\"0 0 25 32\"><path fill=\"#126567\" d=\"M10.7 11.9q-0.2 0.3-4.6 8.2-0.5 0.8-1.2 0.8h-4.3q-0.4 0-0.5-0.3t0-0.6l4.5-8q0 0 0 0l-2.9-5q-0.2-0.4 0-0.7 0.2-0.3 0.5-0.3h4.3q0.7 0 1.2 0.8zM25.1 0.4q0.2 0.3 0 0.7l-9.4 16.7 6 11q0.2 0.4 0 0.6-0.2 0.3-0.6 0.3h-4.3q-0.7 0-1.2-0.8l-6-11.1q0.3-0.6 9.5-16.8 0.4-0.8 1.2-0.8h4.3q0.4 0 0.5 0.3z\"\/><\/svg><\/span><span class=\"shariff-text\">compartir<\/span>&nbsp;<\/a><\/li><\/ul><\/div>","protected":false},"excerpt":{"rendered":"<p>German Online es el servicio online de la academia ISD-Freiburg, con clases de todos los niveles con profesores calificados y en vivo. La academia ISD-Freiburg es un centro de idiomas y de ex\u00e1menes reconocido y certificado.<\/p>\n","protected":false},"featured_media":3578,"template":"","meta":{"_exactmetrics_skip_tracking":false,"_exactmetrics_sitenote_active":false,"_exactmetrics_sitenote_note":"","_exactmetrics_sitenote_category":0},"product_brand":[],"product_cat":[403,377],"product_tag":[714,231,711,712,713,715,710,235],"class_list":{"0":"post-14474","1":"product","2":"type-product","3":"status-publish","4":"has-post-thumbnail","6":"product_cat-cursos-de-aleman","7":"product_cat-cursos-de-idiomas","8":"product_tag-deutsch-onlinen-lernen-es","9":"product_tag-deutschkurs-es-2","10":"product_tag-german-es","11":"product_tag-german-course-es","12":"product_tag-learn-german-es","13":"product_tag-online-deutschkurs-es","14":"product_tag-online-german-es","15":"product_tag-sprachschule-es","16":"pa_kontingent-aun-no-conozco-mi-nivel-actual-necesito-un-test","17":"pa_kontingent-ok01-basico-deutsch-a1-1-1","18":"pa_kontingent-ok02-basico-deutsch-a1-1-2","19":"pa_kontingent-ok03-basico-deutsch-a1-2-1","20":"pa_kontingent-ok04-basico-deutsch-a1-2-2","21":"pa_kontingent-ok05-basico-deutsch-a2-1-1","22":"pa_kontingent-ok06-basico-deutsch-a2-1-2","23":"pa_kontingent-ok07-basico-deutsch-a2-2-1","24":"pa_kontingent-ok08-basico-deutsch-a2-2-2","25":"pa_kontingent-ok09-intermedio-deutsch-b1-1-1-es","26":"pa_kontingent-ok10-intermedio-deutsch-b1-1-2-es","27":"pa_kontingent-ok11-intermedio-deutsch-b1-1-3-es","28":"pa_kontingent-ok12-intermedio-deutsch-b1-2-1-es","29":"pa_kontingent-ok13-intermedio-deutsch-b1-2-2-es","30":"pa_kontingent-ok14-intermedio-deutsch-b1-2-3-es","31":"pa_kontingent-ok15-intermedio-deutsch-b2-a-es","32":"pa_kontingent-ok16-intermedio-deutsch-b2-b-es","33":"pa_kontingent-ok17-intermedio-deutsch-b2-c-es","34":"pa_kontingent-ok18-intermedio-deutsch-b2-d-es","35":"pa_kontingent-ok19-intermedio-deutsch-b2-e-es","36":"pa_kontingent-ok20-intermedio-deutsch-b2-pruefungsvorbereitung-es","37":"pa_kontingent-ok21-avanzado-deutsch-c1-a","38":"pa_kontingent-ok22-avanzado-deutsch-c1-b","39":"pa_kontingent-ok23-avanzado-deutsch-c1-c","40":"pa_kontingent-ok24-avanzado-deutsch-c1-d","41":"pa_kontingent-ok25-avanzado-deutsch-c1-e","42":"pa_kontingent-ok26-avanzado-deutsch-c1-pruefungsvorbereitung","43":"pa_kontingent-ok27-gramatica-basica-de-aleman","44":"pa_kontingent-ok28-gramatica-intermedia-de-aleman","45":"pa_kontingent-ok29-gramatica-avanzada-de-aleman","47":"first","48":"instock","49":"shipping-taxable","50":"purchasable","51":"product-type-variable","52":"has-default-attributes"},"yoast_head":"<!-- This site is optimized with the Yoast SEO plugin v27.4 - https:\/\/yoast.com\/product\/yoast-seo-wordpress\/ -->\n<title>Curso de Alem\u00e1n online - isd-freiburg.de<\/title>\n<meta name=\"description\" content=\"german online is a high quality german learning program with live teachers. ISD is a certificated (AZAV certification) official telc examination centre.\" \/>\n<meta name=\"robots\" content=\"index, follow, max-snippet:-1, max-image-preview:large, max-video-preview:-1\" \/>\n<link rel=\"canonical\" href=\"https:\/\/isd-freiburg.de\/es\/online-anmeldung\/curso-de-aleman-online\/\" \/>\n<meta property=\"og:locale\" content=\"es_ES\" \/>\n<meta property=\"og:type\" content=\"article\" \/>\n<meta property=\"og:title\" content=\"Curso de Alem\u00e1n online - isd-freiburg.de\" \/>\n<meta property=\"og:description\" content=\"german online is a high quality german learning program with live teachers. ISD is a certificated (AZAV certification) official telc examination centre.\" \/>\n<meta property=\"og:url\" content=\"https:\/\/isd-freiburg.de\/es\/online-anmeldung\/curso-de-aleman-online\/\" \/>\n<meta property=\"og:site_name\" content=\"isd-freiburg.de\" \/>\n<meta property=\"article:publisher\" content=\"https:\/\/www.facebook.com\/isd.freiburg\/\" \/>\n<meta property=\"article:modified_time\" content=\"2020-03-22T15:45:28+00:00\" \/>\n<meta property=\"og:image\" content=\"https:\/\/isd-freiburg.de\/wp-content\/uploads\/2016\/06\/telc.jpg\" \/>\n\t<meta property=\"og:image:width\" content=\"977\" \/>\n\t<meta property=\"og:image:height\" content=\"651\" \/>\n\t<meta property=\"og:image:type\" content=\"image\/jpeg\" \/>\n<meta name=\"twitter:card\" content=\"summary_large_image\" \/>\n<meta name=\"twitter:label1\" content=\"Tiempo de lectura\" \/>\n\t<meta name=\"twitter:data1\" content=\"3 minutos\" \/>\n<script type=\"application\/ld+json\" class=\"yoast-schema-graph\">{\"@context\":\"https:\\\/\\\/schema.org\",\"@graph\":[{\"@type\":\"WebPage\",\"@id\":\"https:\\\/\\\/isd-freiburg.de\\\/es\\\/online-anmeldung\\\/curso-de-aleman-online\\\/\",\"url\":\"https:\\\/\\\/isd-freiburg.de\\\/es\\\/online-anmeldung\\\/curso-de-aleman-online\\\/\",\"name\":\"Curso de Alem\u00e1n online - isd-freiburg.de\",\"isPartOf\":{\"@id\":\"https:\\\/\\\/isd-freiburg.de\\\/es\\\/#website\"},\"primaryImageOfPage\":{\"@id\":\"https:\\\/\\\/isd-freiburg.de\\\/es\\\/online-anmeldung\\\/curso-de-aleman-online\\\/#primaryimage\"},\"image\":{\"@id\":\"https:\\\/\\\/isd-freiburg.de\\\/es\\\/online-anmeldung\\\/curso-de-aleman-online\\\/#primaryimage\"},\"thumbnailUrl\":\"https:\\\/\\\/isd-freiburg.de\\\/wp-content\\\/uploads\\\/2016\\\/06\\\/telc.jpg\",\"datePublished\":\"2020-03-19T15:39:05+00:00\",\"dateModified\":\"2020-03-22T15:45:28+00:00\",\"description\":\"german online is a high quality german learning program with live teachers. ISD is a certificated (AZAV certification) official telc examination centre.\",\"breadcrumb\":{\"@id\":\"https:\\\/\\\/isd-freiburg.de\\\/es\\\/online-anmeldung\\\/curso-de-aleman-online\\\/#breadcrumb\"},\"inLanguage\":\"es\",\"potentialAction\":[{\"@type\":\"ReadAction\",\"target\":[\"https:\\\/\\\/isd-freiburg.de\\\/es\\\/online-anmeldung\\\/curso-de-aleman-online\\\/\"]}]},{\"@type\":\"ImageObject\",\"inLanguage\":\"es\",\"@id\":\"https:\\\/\\\/isd-freiburg.de\\\/es\\\/online-anmeldung\\\/curso-de-aleman-online\\\/#primaryimage\",\"url\":\"https:\\\/\\\/isd-freiburg.de\\\/wp-content\\\/uploads\\\/2016\\\/06\\\/telc.jpg\",\"contentUrl\":\"https:\\\/\\\/isd-freiburg.de\\\/wp-content\\\/uploads\\\/2016\\\/06\\\/telc.jpg\",\"width\":977,\"height\":651,\"caption\":\"Fassade - Habsburgerstr. 83\"},{\"@type\":\"BreadcrumbList\",\"@id\":\"https:\\\/\\\/isd-freiburg.de\\\/es\\\/online-anmeldung\\\/curso-de-aleman-online\\\/#breadcrumb\",\"itemListElement\":[{\"@type\":\"ListItem\",\"position\":1,\"name\":\"Home\",\"item\":\"https:\\\/\\\/isd-freiburg.de\\\/es\\\/\"},{\"@type\":\"ListItem\",\"position\":2,\"name\":\"Inscripci\u00f3n online\",\"item\":\"https:\\\/\\\/isd-freiburg.de\\\/es\\\/inscripcion-online\\\/\"},{\"@type\":\"ListItem\",\"position\":3,\"name\":\"Curso de Alem\u00e1n online\"}]},{\"@type\":\"WebSite\",\"@id\":\"https:\\\/\\\/isd-freiburg.de\\\/es\\\/#website\",\"url\":\"https:\\\/\\\/isd-freiburg.de\\\/es\\\/\",\"name\":\"isd-freiburg.de\",\"description\":\"Just another WordPress site\",\"publisher\":{\"@id\":\"https:\\\/\\\/isd-freiburg.de\\\/es\\\/#organization\"},\"potentialAction\":[{\"@type\":\"SearchAction\",\"target\":{\"@type\":\"EntryPoint\",\"urlTemplate\":\"https:\\\/\\\/isd-freiburg.de\\\/es\\\/?s={search_term_string}\"},\"query-input\":{\"@type\":\"PropertyValueSpecification\",\"valueRequired\":true,\"valueName\":\"search_term_string\"}}],\"inLanguage\":\"es\"},{\"@type\":\"Organization\",\"@id\":\"https:\\\/\\\/isd-freiburg.de\\\/es\\\/#organization\",\"name\":\"ISD Freiburg\",\"url\":\"https:\\\/\\\/isd-freiburg.de\\\/es\\\/\",\"logo\":{\"@type\":\"ImageObject\",\"inLanguage\":\"es\",\"@id\":\"https:\\\/\\\/isd-freiburg.de\\\/es\\\/#\\\/schema\\\/logo\\\/image\\\/\",\"url\":\"https:\\\/\\\/isd-freiburg.de\\\/wp-content\\\/uploads\\\/2015\\\/11\\\/isd_logo.jpg\",\"contentUrl\":\"https:\\\/\\\/isd-freiburg.de\\\/wp-content\\\/uploads\\\/2015\\\/11\\\/isd_logo.jpg\",\"width\":222,\"height\":80,\"caption\":\"ISD Freiburg\"},\"image\":{\"@id\":\"https:\\\/\\\/isd-freiburg.de\\\/es\\\/#\\\/schema\\\/logo\\\/image\\\/\"},\"sameAs\":[\"https:\\\/\\\/www.facebook.com\\\/isd.freiburg\\\/\"]}]}<\/script>\n<!-- \/ Yoast SEO plugin. -->","yoast_head_json":{"title":"Curso de Alem\u00e1n online - isd-freiburg.de","description":"german online is a high quality german learning program with live teachers. ISD is a certificated (AZAV certification) official telc examination centre.","robots":{"index":"index","follow":"follow","max-snippet":"max-snippet:-1","max-image-preview":"max-image-preview:large","max-video-preview":"max-video-preview:-1"},"canonical":"https:\/\/isd-freiburg.de\/es\/online-anmeldung\/curso-de-aleman-online\/","og_locale":"es_ES","og_type":"article","og_title":"Curso de Alem\u00e1n online - isd-freiburg.de","og_description":"german online is a high quality german learning program with live teachers. ISD is a certificated (AZAV certification) official telc examination centre.","og_url":"https:\/\/isd-freiburg.de\/es\/online-anmeldung\/curso-de-aleman-online\/","og_site_name":"isd-freiburg.de","article_publisher":"https:\/\/www.facebook.com\/isd.freiburg\/","article_modified_time":"2020-03-22T15:45:28+00:00","og_image":[{"width":977,"height":651,"url":"https:\/\/isd-freiburg.de\/wp-content\/uploads\/2016\/06\/telc.jpg","type":"image\/jpeg"}],"twitter_card":"summary_large_image","twitter_misc":{"Tiempo de lectura":"3 minutos"},"schema":{"@context":"https:\/\/schema.org","@graph":[{"@type":"WebPage","@id":"https:\/\/isd-freiburg.de\/es\/online-anmeldung\/curso-de-aleman-online\/","url":"https:\/\/isd-freiburg.de\/es\/online-anmeldung\/curso-de-aleman-online\/","name":"Curso de Alem\u00e1n online - isd-freiburg.de","isPartOf":{"@id":"https:\/\/isd-freiburg.de\/es\/#website"},"primaryImageOfPage":{"@id":"https:\/\/isd-freiburg.de\/es\/online-anmeldung\/curso-de-aleman-online\/#primaryimage"},"image":{"@id":"https:\/\/isd-freiburg.de\/es\/online-anmeldung\/curso-de-aleman-online\/#primaryimage"},"thumbnailUrl":"https:\/\/isd-freiburg.de\/wp-content\/uploads\/2016\/06\/telc.jpg","datePublished":"2020-03-19T15:39:05+00:00","dateModified":"2020-03-22T15:45:28+00:00","description":"german online is a high quality german learning program with live teachers. ISD is a certificated (AZAV certification) official telc examination centre.","breadcrumb":{"@id":"https:\/\/isd-freiburg.de\/es\/online-anmeldung\/curso-de-aleman-online\/#breadcrumb"},"inLanguage":"es","potentialAction":[{"@type":"ReadAction","target":["https:\/\/isd-freiburg.de\/es\/online-anmeldung\/curso-de-aleman-online\/"]}]},{"@type":"ImageObject","inLanguage":"es","@id":"https:\/\/isd-freiburg.de\/es\/online-anmeldung\/curso-de-aleman-online\/#primaryimage","url":"https:\/\/isd-freiburg.de\/wp-content\/uploads\/2016\/06\/telc.jpg","contentUrl":"https:\/\/isd-freiburg.de\/wp-content\/uploads\/2016\/06\/telc.jpg","width":977,"height":651,"caption":"Fassade - Habsburgerstr. 83"},{"@type":"BreadcrumbList","@id":"https:\/\/isd-freiburg.de\/es\/online-anmeldung\/curso-de-aleman-online\/#breadcrumb","itemListElement":[{"@type":"ListItem","position":1,"name":"Home","item":"https:\/\/isd-freiburg.de\/es\/"},{"@type":"ListItem","position":2,"name":"Inscripci\u00f3n online","item":"https:\/\/isd-freiburg.de\/es\/inscripcion-online\/"},{"@type":"ListItem","position":3,"name":"Curso de Alem\u00e1n online"}]},{"@type":"WebSite","@id":"https:\/\/isd-freiburg.de\/es\/#website","url":"https:\/\/isd-freiburg.de\/es\/","name":"isd-freiburg.de","description":"Just another WordPress site","publisher":{"@id":"https:\/\/isd-freiburg.de\/es\/#organization"},"potentialAction":[{"@type":"SearchAction","target":{"@type":"EntryPoint","urlTemplate":"https:\/\/isd-freiburg.de\/es\/?s={search_term_string}"},"query-input":{"@type":"PropertyValueSpecification","valueRequired":true,"valueName":"search_term_string"}}],"inLanguage":"es"},{"@type":"Organization","@id":"https:\/\/isd-freiburg.de\/es\/#organization","name":"ISD Freiburg","url":"https:\/\/isd-freiburg.de\/es\/","logo":{"@type":"ImageObject","inLanguage":"es","@id":"https:\/\/isd-freiburg.de\/es\/#\/schema\/logo\/image\/","url":"https:\/\/isd-freiburg.de\/wp-content\/uploads\/2015\/11\/isd_logo.jpg","contentUrl":"https:\/\/isd-freiburg.de\/wp-content\/uploads\/2015\/11\/isd_logo.jpg","width":222,"height":80,"caption":"ISD Freiburg"},"image":{"@id":"https:\/\/isd-freiburg.de\/es\/#\/schema\/logo\/image\/"},"sameAs":["https:\/\/www.facebook.com\/isd.freiburg\/"]}]}},"_links":{"self":[{"href":"https:\/\/isd-freiburg.de\/es\/wp-json\/wp\/v2\/product\/14474","targetHints":{"allow":["GET"]}}],"collection":[{"href":"https:\/\/isd-freiburg.de\/es\/wp-json\/wp\/v2\/product"}],"about":[{"href":"https:\/\/isd-freiburg.de\/es\/wp-json\/wp\/v2\/types\/product"}],"wp:featuredmedia":[{"embeddable":true,"href":"https:\/\/isd-freiburg.de\/es\/wp-json\/wp\/v2\/media\/3578"}],"wp:attachment":[{"href":"https:\/\/isd-freiburg.de\/es\/wp-json\/wp\/v2\/media?parent=14474"}],"wp:term":[{"taxonomy":"product_brand","embeddable":true,"href":"https:\/\/isd-freiburg.de\/es\/wp-json\/wp\/v2\/product_brand?post=14474"},{"taxonomy":"product_cat","embeddable":true,"href":"https:\/\/isd-freiburg.de\/es\/wp-json\/wp\/v2\/product_cat?post=14474"},{"taxonomy":"product_tag","embeddable":true,"href":"https:\/\/isd-freiburg.de\/es\/wp-json\/wp\/v2\/product_tag?post=14474"}],"curies":[{"name":"wp","href":"https:\/\/api.w.org\/{rel}","templated":true}]}}