{"id":4417,"date":"2016-06-03T21:36:20","date_gmt":"2016-06-03T21:36:20","guid":{"rendered":"https:\/\/isd-freiburg.de\/es\/shop\/deutsch-telc-dsh-testdaf-vorbereitung\/"},"modified":"2019-12-29T11:19:39","modified_gmt":"2019-12-29T11:19:39","slug":"deutsch-telc-dsh-testdaf-vorbereitung","status":"publish","type":"product","link":"https:\/\/isd-freiburg.de\/es\/online-anmeldung\/deutsch-telc-dsh-testdaf-vorbereitung\/","title":{"rendered":"Preparaci\u00f3n ex\u00e1menes telc, DSH o TestDaF"},"content":{"rendered":"<h3>Preparaci\u00f3n DSH, TestDaF- y\u00a0<em>telc<\/em><\/h3>\n<p><strong><img fetchpriority=\"high\" decoding=\"async\" class=\"size-medium wp-image-3504 alignright\" src=\"https:\/\/isd-freiburg.de\/wp-content\/uploads\/2016\/06\/DEU_Vorbereitung.jpg\" sizes=\"(max-width: 360px) 100vw, 360px\" srcset=\"https:\/\/isd-freiburg.de\/wp-content\/uploads\/2016\/06\/DEU_Vorbereitung.jpg 360w, https:\/\/isd-freiburg.de\/wp-content\/uploads\/2016\/06\/DEU_Vorbereitung-768x512.jpg 768w, https:\/\/isd-freiburg.de\/wp-content\/uploads\/2016\/06\/DEU_Vorbereitung.jpg 977w\" alt=\"DEU_Vorbereitung\" width=\"360\" height=\"240\" \/><\/strong>Para los ex\u00e1menes<strong> DSH<\/strong>\u00a0y\u00a0<strong>TestDaF<\/strong>\u00a0\u00a0y para todos los<strong>\u00a0ex\u00e1menes telc\u00a0<\/strong>el\u00a0ISD ofrece cursos especiales\u00a0en\u00a0<strong>clases individuales<\/strong>\u00a0de\u00a01 o 2 participantes.<br \/>\nSeg\u00fan nuestra experiencia cadauno necesita ayuda en una parte espec\u00edfica del idioma\u00a0(por ejemplo con el uso\u00a0de las\u00a0preposiciones, la declinaci\u00f3n de los adjetivos, la construcci\u00f3n de la frase, la escritura de textos, la escucha). El primer dia es posible hacer simulaciones de test, para poder ofrecer un curso personalizado, para no perder tiempo y trabajar directamente ahi donde se necesita.\u00a0Estos cursos individuales pueden empezar en cualquier momento y son totalmente flexibles. Es posible empezar solo con un niv\u00e9l entre B1 (a partir de 90 %) y B2 (a partir de 75 %) almenos.<\/p>\n<p>&nbsp;<\/p>\n<p>Un curso\u00a0de preparaci\u00f3n DSH, TestDaF o telc\u00a0cuesta\u00a0<img decoding=\"async\" class=\"size-medium wp-image-2748 alignleft\" src=\"https:\/\/isd-freiburg.de\/wp-content\/uploads\/2016\/06\/1U6A8859-c.jpg\" sizes=\"(max-width: 360px) 100vw, 360px\" srcset=\"https:\/\/isd-freiburg.de\/wp-content\/uploads\/2016\/06\/1U6A8859-c.jpg 360w, https:\/\/isd-freiburg.de\/wp-content\/uploads\/2016\/06\/1U6A8859-c-768x512.jpg 768w, https:\/\/isd-freiburg.de\/wp-content\/uploads\/2016\/06\/1U6A8859-c-977x651.jpg 977w, https:\/\/isd-freiburg.de\/wp-content\/uploads\/2016\/06\/1U6A8859-c.jpg 1536w\" alt=\"1U6A8859 c\" width=\"360\" height=\"240\" \/><br \/>\npara\u00a01 participante:<br \/>\n10 Unidades Did\u00e1cticas de 50 Minutos\u00a0= <strong>359,- EUR<\/strong><br \/>\n15 UD = <strong>523,- EUR<\/strong><br \/>\n20 UD = <strong>670,- EUR<br \/>\n<\/strong>30 UD<strong> = 990,- EUR<br \/>\n<\/strong><\/p>\n<p>para\u00a02 participantes:<br \/>\n10 UD = <strong>410,- EUR<br \/>\n<\/strong>15 UD = <strong>585,- EUR<br \/>\n<\/strong>20 UD = <strong>760,- EUR<br \/>\n<\/strong>30 UD = <strong>1.110,- EUR<br \/>\n<\/strong><\/p>\n<div class=\"shariff shariff-align-flex-start shariff-widget-align-flex-start shariff-buttonstretch\" style=\"display:none\"><ul class=\"shariff-buttons theme-default orientation-horizontal buttonsize-medium\"><li class=\"shariff-button facebook shariff-nocustomcolor\" style=\"background-color:#7e8700\"><a href=\"https:\/\/www.facebook.com\/sharer\/sharer.php?u=https%3A%2F%2Fisd-freiburg.de%2Fes%2Fonline-anmeldung%2Fdeutsch-telc-dsh-testdaf-vorbereitung%2F\" title=\"Compartir en Facebook\" aria-label=\"Compartir en Facebook\" role=\"button\" rel=\"nofollow\" class=\"shariff-link\" style=\"; background-color:#3b5998; color:#fff\" target=\"_blank\"><span class=\"shariff-icon\" style=\"\"><svg width=\"32px\" height=\"20px\" xmlns=\"http:\/\/www.w3.org\/2000\/svg\" viewBox=\"0 0 18 32\"><path fill=\"#3b5998\" d=\"M17.1 0.2v4.7h-2.8q-1.5 0-2.1 0.6t-0.5 1.9v3.4h5.2l-0.7 5.3h-4.5v13.6h-5.5v-13.6h-4.5v-5.3h4.5v-3.9q0-3.3 1.9-5.2t5-1.8q2.6 0 4.1 0.2z\"\/><\/svg><\/span><span class=\"shariff-text\">compartir<\/span>&nbsp;<\/a><\/li><li class=\"shariff-button twitter shariff-nocustomcolor\" style=\"background-color:#7e8700\"><a href=\"https:\/\/twitter.com\/share?url=https%3A%2F%2Fisd-freiburg.de%2Fes%2Fonline-anmeldung%2Fdeutsch-telc-dsh-testdaf-vorbereitung%2F&text=Preparaci%C3%B3n%20ex%C3%A1menes%20telc%2C%20DSH%20o%20TestDaF\" title=\"Compartir en X\" aria-label=\"Compartir en X\" role=\"button\" rel=\"noopener nofollow\" class=\"shariff-link\" style=\"; background-color:#000; color:#fff\" target=\"_blank\"><span class=\"shariff-icon\" style=\"\"><svg width=\"32px\" height=\"20px\" xmlns=\"http:\/\/www.w3.org\/2000\/svg\" viewBox=\"0 0 24 24\"><path fill=\"#000\" d=\"M14.258 10.152L23.176 0h-2.113l-7.747 8.813L7.133 0H0l9.352 13.328L0 23.973h2.113l8.176-9.309 6.531 9.309h7.133zm-2.895 3.293l-.949-1.328L2.875 1.56h3.246l6.086 8.523.945 1.328 7.91 11.078h-3.246zm0 0\"\/><\/svg><\/span><span class=\"shariff-text\">compartir<\/span>&nbsp;<\/a><\/li><li class=\"shariff-button linkedin shariff-nocustomcolor\" style=\"background-color:#7e8700\"><a href=\"https:\/\/www.linkedin.com\/sharing\/share-offsite\/?url=https%3A%2F%2Fisd-freiburg.de%2Fes%2Fonline-anmeldung%2Fdeutsch-telc-dsh-testdaf-vorbereitung%2F\" title=\"Compartir en LinkedIn\" aria-label=\"Compartir en LinkedIn\" role=\"button\" rel=\"noopener nofollow\" class=\"shariff-link\" style=\"; background-color:#0077b5; color:#fff\" target=\"_blank\"><span class=\"shariff-icon\" style=\"\"><svg width=\"32px\" height=\"20px\" xmlns=\"http:\/\/www.w3.org\/2000\/svg\" viewBox=\"0 0 27 32\"><path fill=\"#0077b5\" d=\"M6.2 11.2v17.7h-5.9v-17.7h5.9zM6.6 5.7q0 1.3-0.9 2.2t-2.4 0.9h0q-1.5 0-2.4-0.9t-0.9-2.2 0.9-2.2 2.4-0.9 2.4 0.9 0.9 2.2zM27.4 18.7v10.1h-5.9v-9.5q0-1.9-0.7-2.9t-2.3-1.1q-1.1 0-1.9 0.6t-1.2 1.5q-0.2 0.5-0.2 1.4v9.9h-5.9q0-7.1 0-11.6t0-5.3l0-0.9h5.9v2.6h0q0.4-0.6 0.7-1t1-0.9 1.6-0.8 2-0.3q3 0 4.9 2t1.9 6z\"\/><\/svg><\/span><span class=\"shariff-text\">compartir<\/span>&nbsp;<\/a><\/li><li class=\"shariff-button xing shariff-nocustomcolor\" style=\"background-color:#7e8700\"><a href=\"https:\/\/www.xing.com\/spi\/shares\/new?url=https%3A%2F%2Fisd-freiburg.de%2Fes%2Fonline-anmeldung%2Fdeutsch-telc-dsh-testdaf-vorbereitung%2F\" title=\"Compartir en XING\" aria-label=\"Compartir en XING\" role=\"button\" rel=\"noopener nofollow\" class=\"shariff-link\" style=\"; background-color:#126567; color:#fff\" target=\"_blank\"><span class=\"shariff-icon\" style=\"\"><svg width=\"32px\" height=\"20px\" xmlns=\"http:\/\/www.w3.org\/2000\/svg\" viewBox=\"0 0 25 32\"><path fill=\"#126567\" d=\"M10.7 11.9q-0.2 0.3-4.6 8.2-0.5 0.8-1.2 0.8h-4.3q-0.4 0-0.5-0.3t0-0.6l4.5-8q0 0 0 0l-2.9-5q-0.2-0.4 0-0.7 0.2-0.3 0.5-0.3h4.3q0.7 0 1.2 0.8zM25.1 0.4q0.2 0.3 0 0.7l-9.4 16.7 6 11q0.2 0.4 0 0.6-0.2 0.3-0.6 0.3h-4.3q-0.7 0-1.2-0.8l-6-11.1q0.3-0.6 9.5-16.8 0.4-0.8 1.2-0.8h4.3q0.4 0 0.5 0.3z\"\/><\/svg><\/span><span class=\"shariff-text\">compartir<\/span>&nbsp;<\/a><\/li><\/ul><\/div>","protected":false},"excerpt":{"rendered":"<h3>Curso individual o dual para la preparaci\u00f3n a todos los ex\u00e1menes telc, al DSH o al TestDaF<\/h3>\n","protected":false},"featured_media":4331,"template":"","meta":{"_exactmetrics_skip_tracking":false,"_exactmetrics_sitenote_active":false,"_exactmetrics_sitenote_note":"","_exactmetrics_sitenote_category":0},"product_brand":[],"product_cat":[403,377],"product_tag":[230,231,232,233,234,235,236,237],"class_list":{"0":"post-4417","1":"product","2":"type-product","3":"status-publish","4":"has-post-thumbnail","6":"product_cat-cursos-de-aleman","7":"product_cat-cursos-de-idiomas","8":"product_tag-c1-es-2","9":"product_tag-deutschkurs-es-2","10":"product_tag-dsh-es","11":"product_tag-freiburg-es-2","12":"product_tag-hoschschule-es","13":"product_tag-sprachschule-es","14":"product_tag-telc-es-2","15":"product_tag-test-daf-es-2","16":"pa_kontingent-1-teilnehmer-10-stunden-es","17":"pa_kontingent-1-teilnehmer-15-stunden-es","18":"pa_kontingent-1-teilnehmer-20-stunden-es","19":"pa_kontingent-1-teilnehmer-30-stunden-es","20":"pa_kontingent-2-teilnehmer-10-stunden-es","21":"pa_kontingent-2-teilnehmer-15-stunden-es","22":"pa_kontingent-2-teilnehmer-20-stunden-es","23":"pa_kontingent-2-teilnehmer-30-stunden-es","25":"first","26":"instock","27":"sold-individually","28":"shipping-taxable","29":"purchasable","30":"product-type-variable","31":"has-default-attributes"},"yoast_head":"<!-- This site is optimized with the Yoast SEO plugin v27.3 - https:\/\/yoast.com\/product\/yoast-seo-wordpress\/ -->\n<title>Preparaci\u00f3n ex\u00e1menes telc, DSH o TestDaF - isd-freiburg.de<\/title>\n<meta name=\"description\" content=\"Cursdo de alem\u00e1n individual o dual en ISD. Curso preparatorio para obtener con \u00e9xito los certifiacdos telc, TestDaF o DSH.\" \/>\n<meta name=\"robots\" content=\"index, follow, max-snippet:-1, max-image-preview:large, max-video-preview:-1\" \/>\n<link rel=\"canonical\" href=\"https:\/\/isd-freiburg.de\/es\/online-anmeldung\/deutsch-telc-dsh-testdaf-vorbereitung\/\" \/>\n<meta property=\"og:locale\" content=\"es_ES\" \/>\n<meta property=\"og:type\" content=\"article\" \/>\n<meta property=\"og:title\" content=\"Preparaci\u00f3n ex\u00e1menes telc, DSH o TestDaF - isd-freiburg.de\" \/>\n<meta property=\"og:description\" content=\"Cursdo de alem\u00e1n individual o dual en ISD. Curso preparatorio para obtener con \u00e9xito los certifiacdos telc, TestDaF o DSH.\" \/>\n<meta property=\"og:url\" content=\"https:\/\/isd-freiburg.de\/es\/online-anmeldung\/deutsch-telc-dsh-testdaf-vorbereitung\/\" \/>\n<meta property=\"og:site_name\" content=\"isd-freiburg.de\" \/>\n<meta property=\"article:publisher\" content=\"https:\/\/www.facebook.com\/isd.freiburg\/\" \/>\n<meta property=\"article:modified_time\" content=\"2019-12-29T11:19:39+00:00\" \/>\n<meta property=\"og:image\" content=\"https:\/\/isd-freiburg.de\/wp-content\/uploads\/2016\/06\/DEU_telc_VOR_PROF.jpg\" \/>\n\t<meta property=\"og:image:width\" content=\"977\" \/>\n\t<meta property=\"og:image:height\" content=\"651\" \/>\n\t<meta property=\"og:image:type\" content=\"image\/jpeg\" \/>\n<meta name=\"twitter:card\" content=\"summary_large_image\" \/>\n<meta name=\"twitter:label1\" content=\"Tiempo de lectura\" \/>\n\t<meta name=\"twitter:data1\" content=\"1 minuto\" \/>\n<script type=\"application\/ld+json\" class=\"yoast-schema-graph\">{\"@context\":\"https:\\\/\\\/schema.org\",\"@graph\":[{\"@type\":\"WebPage\",\"@id\":\"https:\\\/\\\/isd-freiburg.de\\\/es\\\/online-anmeldung\\\/deutsch-telc-dsh-testdaf-vorbereitung\\\/\",\"url\":\"https:\\\/\\\/isd-freiburg.de\\\/es\\\/online-anmeldung\\\/deutsch-telc-dsh-testdaf-vorbereitung\\\/\",\"name\":\"Preparaci\u00f3n ex\u00e1menes telc, DSH o TestDaF - isd-freiburg.de\",\"isPartOf\":{\"@id\":\"https:\\\/\\\/isd-freiburg.de\\\/es\\\/#website\"},\"primaryImageOfPage\":{\"@id\":\"https:\\\/\\\/isd-freiburg.de\\\/es\\\/online-anmeldung\\\/deutsch-telc-dsh-testdaf-vorbereitung\\\/#primaryimage\"},\"image\":{\"@id\":\"https:\\\/\\\/isd-freiburg.de\\\/es\\\/online-anmeldung\\\/deutsch-telc-dsh-testdaf-vorbereitung\\\/#primaryimage\"},\"thumbnailUrl\":\"https:\\\/\\\/isd-freiburg.de\\\/wp-content\\\/uploads\\\/2016\\\/06\\\/DEU_telc_VOR_PROF.jpg\",\"datePublished\":\"2016-06-03T21:36:20+00:00\",\"dateModified\":\"2019-12-29T11:19:39+00:00\",\"description\":\"Cursdo de alem\u00e1n individual o dual en ISD. Curso preparatorio para obtener con \u00e9xito los certifiacdos telc, TestDaF o DSH.\",\"breadcrumb\":{\"@id\":\"https:\\\/\\\/isd-freiburg.de\\\/es\\\/online-anmeldung\\\/deutsch-telc-dsh-testdaf-vorbereitung\\\/#breadcrumb\"},\"inLanguage\":\"es\",\"potentialAction\":[{\"@type\":\"ReadAction\",\"target\":[\"https:\\\/\\\/isd-freiburg.de\\\/es\\\/online-anmeldung\\\/deutsch-telc-dsh-testdaf-vorbereitung\\\/\"]}]},{\"@type\":\"ImageObject\",\"inLanguage\":\"es\",\"@id\":\"https:\\\/\\\/isd-freiburg.de\\\/es\\\/online-anmeldung\\\/deutsch-telc-dsh-testdaf-vorbereitung\\\/#primaryimage\",\"url\":\"https:\\\/\\\/isd-freiburg.de\\\/wp-content\\\/uploads\\\/2016\\\/06\\\/DEU_telc_VOR_PROF.jpg\",\"contentUrl\":\"https:\\\/\\\/isd-freiburg.de\\\/wp-content\\\/uploads\\\/2016\\\/06\\\/DEU_telc_VOR_PROF.jpg\",\"width\":977,\"height\":651},{\"@type\":\"BreadcrumbList\",\"@id\":\"https:\\\/\\\/isd-freiburg.de\\\/es\\\/online-anmeldung\\\/deutsch-telc-dsh-testdaf-vorbereitung\\\/#breadcrumb\",\"itemListElement\":[{\"@type\":\"ListItem\",\"position\":1,\"name\":\"Home\",\"item\":\"https:\\\/\\\/isd-freiburg.de\\\/es\\\/\"},{\"@type\":\"ListItem\",\"position\":2,\"name\":\"Inscripci\u00f3n online\",\"item\":\"https:\\\/\\\/isd-freiburg.de\\\/es\\\/inscripcion-online\\\/\"},{\"@type\":\"ListItem\",\"position\":3,\"name\":\"Preparaci\u00f3n ex\u00e1menes telc, DSH o TestDaF\"}]},{\"@type\":\"WebSite\",\"@id\":\"https:\\\/\\\/isd-freiburg.de\\\/es\\\/#website\",\"url\":\"https:\\\/\\\/isd-freiburg.de\\\/es\\\/\",\"name\":\"isd-freiburg.de\",\"description\":\"Just another WordPress site\",\"publisher\":{\"@id\":\"https:\\\/\\\/isd-freiburg.de\\\/es\\\/#organization\"},\"potentialAction\":[{\"@type\":\"SearchAction\",\"target\":{\"@type\":\"EntryPoint\",\"urlTemplate\":\"https:\\\/\\\/isd-freiburg.de\\\/es\\\/?s={search_term_string}\"},\"query-input\":{\"@type\":\"PropertyValueSpecification\",\"valueRequired\":true,\"valueName\":\"search_term_string\"}}],\"inLanguage\":\"es\"},{\"@type\":\"Organization\",\"@id\":\"https:\\\/\\\/isd-freiburg.de\\\/es\\\/#organization\",\"name\":\"ISD Freiburg\",\"url\":\"https:\\\/\\\/isd-freiburg.de\\\/es\\\/\",\"logo\":{\"@type\":\"ImageObject\",\"inLanguage\":\"es\",\"@id\":\"https:\\\/\\\/isd-freiburg.de\\\/es\\\/#\\\/schema\\\/logo\\\/image\\\/\",\"url\":\"https:\\\/\\\/isd-freiburg.de\\\/wp-content\\\/uploads\\\/2015\\\/11\\\/isd_logo.jpg\",\"contentUrl\":\"https:\\\/\\\/isd-freiburg.de\\\/wp-content\\\/uploads\\\/2015\\\/11\\\/isd_logo.jpg\",\"width\":222,\"height\":80,\"caption\":\"ISD Freiburg\"},\"image\":{\"@id\":\"https:\\\/\\\/isd-freiburg.de\\\/es\\\/#\\\/schema\\\/logo\\\/image\\\/\"},\"sameAs\":[\"https:\\\/\\\/www.facebook.com\\\/isd.freiburg\\\/\"]}]}<\/script>\n<!-- \/ Yoast SEO plugin. -->","yoast_head_json":{"title":"Preparaci\u00f3n ex\u00e1menes telc, DSH o TestDaF - isd-freiburg.de","description":"Cursdo de alem\u00e1n individual o dual en ISD. Curso preparatorio para obtener con \u00e9xito los certifiacdos telc, TestDaF o DSH.","robots":{"index":"index","follow":"follow","max-snippet":"max-snippet:-1","max-image-preview":"max-image-preview:large","max-video-preview":"max-video-preview:-1"},"canonical":"https:\/\/isd-freiburg.de\/es\/online-anmeldung\/deutsch-telc-dsh-testdaf-vorbereitung\/","og_locale":"es_ES","og_type":"article","og_title":"Preparaci\u00f3n ex\u00e1menes telc, DSH o TestDaF - isd-freiburg.de","og_description":"Cursdo de alem\u00e1n individual o dual en ISD. Curso preparatorio para obtener con \u00e9xito los certifiacdos telc, TestDaF o DSH.","og_url":"https:\/\/isd-freiburg.de\/es\/online-anmeldung\/deutsch-telc-dsh-testdaf-vorbereitung\/","og_site_name":"isd-freiburg.de","article_publisher":"https:\/\/www.facebook.com\/isd.freiburg\/","article_modified_time":"2019-12-29T11:19:39+00:00","og_image":[{"width":977,"height":651,"url":"https:\/\/isd-freiburg.de\/wp-content\/uploads\/2016\/06\/DEU_telc_VOR_PROF.jpg","type":"image\/jpeg"}],"twitter_card":"summary_large_image","twitter_misc":{"Tiempo de lectura":"1 minuto"},"schema":{"@context":"https:\/\/schema.org","@graph":[{"@type":"WebPage","@id":"https:\/\/isd-freiburg.de\/es\/online-anmeldung\/deutsch-telc-dsh-testdaf-vorbereitung\/","url":"https:\/\/isd-freiburg.de\/es\/online-anmeldung\/deutsch-telc-dsh-testdaf-vorbereitung\/","name":"Preparaci\u00f3n ex\u00e1menes telc, DSH o TestDaF - isd-freiburg.de","isPartOf":{"@id":"https:\/\/isd-freiburg.de\/es\/#website"},"primaryImageOfPage":{"@id":"https:\/\/isd-freiburg.de\/es\/online-anmeldung\/deutsch-telc-dsh-testdaf-vorbereitung\/#primaryimage"},"image":{"@id":"https:\/\/isd-freiburg.de\/es\/online-anmeldung\/deutsch-telc-dsh-testdaf-vorbereitung\/#primaryimage"},"thumbnailUrl":"https:\/\/isd-freiburg.de\/wp-content\/uploads\/2016\/06\/DEU_telc_VOR_PROF.jpg","datePublished":"2016-06-03T21:36:20+00:00","dateModified":"2019-12-29T11:19:39+00:00","description":"Cursdo de alem\u00e1n individual o dual en ISD. Curso preparatorio para obtener con \u00e9xito los certifiacdos telc, TestDaF o DSH.","breadcrumb":{"@id":"https:\/\/isd-freiburg.de\/es\/online-anmeldung\/deutsch-telc-dsh-testdaf-vorbereitung\/#breadcrumb"},"inLanguage":"es","potentialAction":[{"@type":"ReadAction","target":["https:\/\/isd-freiburg.de\/es\/online-anmeldung\/deutsch-telc-dsh-testdaf-vorbereitung\/"]}]},{"@type":"ImageObject","inLanguage":"es","@id":"https:\/\/isd-freiburg.de\/es\/online-anmeldung\/deutsch-telc-dsh-testdaf-vorbereitung\/#primaryimage","url":"https:\/\/isd-freiburg.de\/wp-content\/uploads\/2016\/06\/DEU_telc_VOR_PROF.jpg","contentUrl":"https:\/\/isd-freiburg.de\/wp-content\/uploads\/2016\/06\/DEU_telc_VOR_PROF.jpg","width":977,"height":651},{"@type":"BreadcrumbList","@id":"https:\/\/isd-freiburg.de\/es\/online-anmeldung\/deutsch-telc-dsh-testdaf-vorbereitung\/#breadcrumb","itemListElement":[{"@type":"ListItem","position":1,"name":"Home","item":"https:\/\/isd-freiburg.de\/es\/"},{"@type":"ListItem","position":2,"name":"Inscripci\u00f3n online","item":"https:\/\/isd-freiburg.de\/es\/inscripcion-online\/"},{"@type":"ListItem","position":3,"name":"Preparaci\u00f3n ex\u00e1menes telc, DSH o TestDaF"}]},{"@type":"WebSite","@id":"https:\/\/isd-freiburg.de\/es\/#website","url":"https:\/\/isd-freiburg.de\/es\/","name":"isd-freiburg.de","description":"Just another WordPress site","publisher":{"@id":"https:\/\/isd-freiburg.de\/es\/#organization"},"potentialAction":[{"@type":"SearchAction","target":{"@type":"EntryPoint","urlTemplate":"https:\/\/isd-freiburg.de\/es\/?s={search_term_string}"},"query-input":{"@type":"PropertyValueSpecification","valueRequired":true,"valueName":"search_term_string"}}],"inLanguage":"es"},{"@type":"Organization","@id":"https:\/\/isd-freiburg.de\/es\/#organization","name":"ISD Freiburg","url":"https:\/\/isd-freiburg.de\/es\/","logo":{"@type":"ImageObject","inLanguage":"es","@id":"https:\/\/isd-freiburg.de\/es\/#\/schema\/logo\/image\/","url":"https:\/\/isd-freiburg.de\/wp-content\/uploads\/2015\/11\/isd_logo.jpg","contentUrl":"https:\/\/isd-freiburg.de\/wp-content\/uploads\/2015\/11\/isd_logo.jpg","width":222,"height":80,"caption":"ISD Freiburg"},"image":{"@id":"https:\/\/isd-freiburg.de\/es\/#\/schema\/logo\/image\/"},"sameAs":["https:\/\/www.facebook.com\/isd.freiburg\/"]}]}},"_links":{"self":[{"href":"https:\/\/isd-freiburg.de\/es\/wp-json\/wp\/v2\/product\/4417","targetHints":{"allow":["GET"]}}],"collection":[{"href":"https:\/\/isd-freiburg.de\/es\/wp-json\/wp\/v2\/product"}],"about":[{"href":"https:\/\/isd-freiburg.de\/es\/wp-json\/wp\/v2\/types\/product"}],"wp:featuredmedia":[{"embeddable":true,"href":"https:\/\/isd-freiburg.de\/es\/wp-json\/wp\/v2\/media\/4331"}],"wp:attachment":[{"href":"https:\/\/isd-freiburg.de\/es\/wp-json\/wp\/v2\/media?parent=4417"}],"wp:term":[{"taxonomy":"product_brand","embeddable":true,"href":"https:\/\/isd-freiburg.de\/es\/wp-json\/wp\/v2\/product_brand?post=4417"},{"taxonomy":"product_cat","embeddable":true,"href":"https:\/\/isd-freiburg.de\/es\/wp-json\/wp\/v2\/product_cat?post=4417"},{"taxonomy":"product_tag","embeddable":true,"href":"https:\/\/isd-freiburg.de\/es\/wp-json\/wp\/v2\/product_tag?post=4417"}],"curies":[{"name":"wp","href":"https:\/\/api.w.org\/{rel}","templated":true}]}}