{"id":4431,"date":"2016-06-03T15:19:59","date_gmt":"2016-06-03T15:19:59","guid":{"rendered":"https:\/\/isd-freiburg.de\/es\/shop\/deutsch-medizin-einzelkurs-deutschkurs\/"},"modified":"2018-07-13T08:11:50","modified_gmt":"2018-07-13T08:11:50","slug":"deutsch-medizin-einzelkurs-deutschkurs","status":"publish","type":"product","link":"https:\/\/isd-freiburg.de\/es\/online-anmeldung\/deutsch-medizin-einzelkurs-deutschkurs\/","title":{"rendered":"Curso de Alem\u00e1n m\u00e9dico en clases individuales"},"content":{"rendered":"<h3><strong>Cursos de Alem\u00e1n para m\u00e9dicos<br \/>\n<img fetchpriority=\"high\" decoding=\"async\" class=\"size-medium wp-image-3497 alignright\" src=\"https:\/\/isd-freiburg.de\/wp-content\/uploads\/2016\/06\/DEU_MED_Einzel.jpg\" sizes=\"(max-width: 360px) 100vw, 360px\" srcset=\"https:\/\/isd-freiburg.de\/wp-content\/uploads\/2016\/06\/DEU_MED_Einzel.jpg 360w, https:\/\/isd-freiburg.de\/wp-content\/uploads\/2016\/06\/DEU_MED_Einzel-768x512.jpg 768w, https:\/\/isd-freiburg.de\/wp-content\/uploads\/2016\/06\/DEU_MED_Einzel.jpg 977w\" alt=\"DEU_MED_Einzel\" width=\"360\" height=\"240\" \/><\/strong><\/h3>\n<h3>Curso y examen<\/h3>\n<p>Nuestro curso intensivo de alem\u00e1n para m\u00e9dicos est\u00e1 destinado a profesionales de la medicina que ya tienen conocimientos previos que corresponden al menos a nivel B1 del Alem\u00e1n (ya sea con o sin un certificado). El objetivo del curso es preparar para el examen de medicina <em>telc<\/em>\u00a0<em>B2-C1\u00a0<\/em>o m\u00e1s bien el\u00a0<em>Fachsprachpr\u00fcfung der \u00c4rztekammer <\/em>(el examen de Alem\u00e1n m\u00e9dico organizado por la C\u00e1mara de los m\u00e9dicos del Land). El curso sirve tambi\u00e9n como primer paso en el Alem\u00e1n m\u00e9dico y para mejorar su propio curriculum a la hora de buscar trabajo en Alemania, Suiza o Austria como m\u00e9dico. El Training es intensivo y tiene lugar cada dia. es posible hacerlo como curso individual one-on-one o preguntar a nuestra academia si hay la posibilidada de acorparse a otros interesados para formar minigrupos de 2 hasta 5 alumnos.\u00a0El curso est\u00e1 organizado en colaboraci\u00f3n con la\u00a0<a href=\"http:\/\/www.freiburgeraerzteconsulting.de\/\">Freiburger \u00c4rzte Consulting<\/a>. Es posible tener un contacto directo a trav\u00e9s de la Academia ISD hacia la Freiburger \u00c4rzte Consulting.<\/p>\n<p><img decoding=\"async\" class=\"size-medium wp-image-2506 alignleft\" src=\"https:\/\/isd-freiburg.de\/wp-content\/uploads\/2016\/06\/1U6A8708.jpg\" sizes=\"(max-width: 360px) 100vw, 360px\" srcset=\"https:\/\/isd-freiburg.de\/wp-content\/uploads\/2016\/06\/1U6A8708.jpg 360w, https:\/\/isd-freiburg.de\/wp-content\/uploads\/2016\/06\/1U6A8708-768x575.jpg 768w, https:\/\/isd-freiburg.de\/wp-content\/uploads\/2016\/06\/1U6A8708-977x731.jpg 977w, https:\/\/isd-freiburg.de\/wp-content\/uploads\/2016\/06\/1U6A8708.jpg 1368w\" alt=\"1U6A8708\" width=\"360\" height=\"269\" \/>Despues del curso se \u00a0puede hacer el examen\u00a0<strong>telc B2\/C1 Medizin<\/strong>\u00a0directamente en nustera academia.<br \/>\nEl Certificado vale en algunos\u00a0<em>L\u00e4nder<\/em>\u00a0para el reconocimiento del\u00a0t\u00edtulo de m\u00e9dico, mientras en otros\u00a0L\u00e4nder se necesitan m\u00e1s examenes de idioma. Nuestra\u00a0experiencia nos ha ensenhadoque la mayor\u00eda de las estructuras cl\u00ednicas\u00a0prefiere candidatos con t\u00edtulos de lengua como por ejemplo el\u00a0<strong>telc B2\/C1 Medizin <\/strong>y que estos candidatos durante los primeros meses\u00a0presentan menos dificultades en la comprensi\u00f3n y en la expresi\u00f3n del Alem\u00e1n m\u00e9dico.<\/p>\n<p>Gli interessati possono scegliere tra una delle seguenti opzioni:<\/p>\n<p>Los interesados pueden elegir entre las dos opciones siguientes:<\/p>\n<h3>Option 1 \u2013 Kompakttraining von B2 auf C1<\/h3>\n<p>Esta opci\u00f3n se adapta a interesados con buenos conocimientos (almenos B2) y ofrece una preparaci\u00f3n total de los \u00e1mbitos linguisticos m\u00e1s importantes, como: hablar, leer, escuchar y escribir.<\/p>\n<p><strong><a href=\"https:\/\/isd-freiburg.de\/wp-content\/uploads\/2015\/11\/Deutsch_Medizin_C1-Kompakttraining.pdf\">Programa\u00a0en PDF<\/a><br \/>\nTipo de curso<\/strong>:\u00a0Individual o en minigrupos (2-5 participantes)<br \/>\n<strong>Reto<\/strong>\u00a0del\u00a0curso: Preparaci\u00f3n al Alem\u00e1n m\u00e9dico al Niv\u00e9l\u00a0C1<br \/>\n<strong>Precio<\/strong>\u00a0a persona: 599,- EUR como minigrupo \u00a0(1.125,- EUR como curso individual para 1 persona)<br \/>\n<strong>Comienzo<\/strong>:\u00a0posible en cada momento. Preguntar a nuestra secreter\u00eda si hay minigrupos previstos.<br \/>\n<strong>Hora<\/strong>: flexible, aunque\u00a0normalmente es cada d\u00eda a partir de las 16:30<br \/>\n<strong>Duraci\u00f3n<\/strong>: 3\u00a0semanas<br \/>\n<strong>Unidades did\u00e1cticas<\/strong>\u00a0(total): 37,5 Unidades<br \/>\n<strong>Unidades did\u00e1cticas<\/strong>\u00a0(pro Tag): 2,5 Unidades<\/p>\n<h3>Option 2 \u2013 Schnelltraining von B2 auf C1<\/h3>\n<p>Esta opci\u00f3n se adapta a interesados con conocimientos correspondientes almenos a B1 y ofrece una introducci\u00f3n al Alem\u00e1n m\u00e9dico, con la posibilidad de prepararse rapidamente para el examen <em>telc B2-C1\u00a0Medizin<\/em>.<\/p>\n<p><strong><a href=\"https:\/\/isd-freiburg.de\/wp-content\/uploads\/2015\/11\/Deutsch_Medizin-Schnelltraining.pdf\">Programa en\u00a0PDF<\/a><br \/>\n<\/strong><\/p>\n<p><strong>Tipo de curso<\/strong>:\u00a0Individual o en minigrupos (2-5 participantes)<br \/>\n<strong>Reto<\/strong>\u00a0del\u00a0curso: Introducci\u00f3n y preparaci\u00f3n al Alem\u00e1n m\u00e9dico<br \/>\n<strong>Precio<\/strong>\u00a0a persona: 389,- EUR como minigrupo \u00a0(699,- EUR como curso individual para 1 persona)<br \/>\n<strong>Comienzo<\/strong>:\u00a0posible en cada momento. Preguntar a nuestra secreter\u00eda si hay minigrupos previstos.<br \/>\n<strong>Hora<\/strong>: flexible, aunque\u00a0normalmente es cada d\u00eda a partir de las 16:30<br \/>\n<strong>Duraci\u00f3n<\/strong>: 2\u00a0semanas<br \/>\n<strong>Unidades did\u00e1cticas<\/strong>\u00a0(total): 20\u00a0Unidades<br \/>\n<strong>Unidades did\u00e1cticas<\/strong>\u00a0(pro Tag): 2 Unidades<\/p>\n<div class=\"shariff shariff-align-flex-start shariff-widget-align-flex-start shariff-buttonstretch\" style=\"display:none\"><ul class=\"shariff-buttons theme-default orientation-horizontal buttonsize-medium\"><li class=\"shariff-button facebook shariff-nocustomcolor\" style=\"background-color:#7e8700\"><a href=\"https:\/\/www.facebook.com\/sharer\/sharer.php?u=https%3A%2F%2Fisd-freiburg.de%2Fes%2Fonline-anmeldung%2Fdeutsch-medizin-einzelkurs-deutschkurs%2F\" title=\"Compartir en Facebook\" aria-label=\"Compartir en Facebook\" role=\"button\" rel=\"nofollow\" class=\"shariff-link\" style=\"; background-color:#3b5998; color:#fff\" target=\"_blank\"><span class=\"shariff-icon\" style=\"\"><svg width=\"32px\" height=\"20px\" xmlns=\"http:\/\/www.w3.org\/2000\/svg\" viewBox=\"0 0 18 32\"><path fill=\"#3b5998\" d=\"M17.1 0.2v4.7h-2.8q-1.5 0-2.1 0.6t-0.5 1.9v3.4h5.2l-0.7 5.3h-4.5v13.6h-5.5v-13.6h-4.5v-5.3h4.5v-3.9q0-3.3 1.9-5.2t5-1.8q2.6 0 4.1 0.2z\"\/><\/svg><\/span><span class=\"shariff-text\">compartir<\/span>&nbsp;<\/a><\/li><li class=\"shariff-button twitter shariff-nocustomcolor\" style=\"background-color:#7e8700\"><a href=\"https:\/\/twitter.com\/share?url=https%3A%2F%2Fisd-freiburg.de%2Fes%2Fonline-anmeldung%2Fdeutsch-medizin-einzelkurs-deutschkurs%2F&text=Curso%20de%20Alem%C3%A1n%20m%C3%A9dico%20en%20clases%20individuales\" title=\"Compartir en X\" aria-label=\"Compartir en X\" role=\"button\" rel=\"noopener nofollow\" class=\"shariff-link\" style=\"; background-color:#000; color:#fff\" target=\"_blank\"><span class=\"shariff-icon\" style=\"\"><svg width=\"32px\" height=\"20px\" xmlns=\"http:\/\/www.w3.org\/2000\/svg\" viewBox=\"0 0 24 24\"><path fill=\"#000\" d=\"M14.258 10.152L23.176 0h-2.113l-7.747 8.813L7.133 0H0l9.352 13.328L0 23.973h2.113l8.176-9.309 6.531 9.309h7.133zm-2.895 3.293l-.949-1.328L2.875 1.56h3.246l6.086 8.523.945 1.328 7.91 11.078h-3.246zm0 0\"\/><\/svg><\/span><span class=\"shariff-text\">compartir<\/span>&nbsp;<\/a><\/li><li class=\"shariff-button linkedin shariff-nocustomcolor\" style=\"background-color:#7e8700\"><a href=\"https:\/\/www.linkedin.com\/sharing\/share-offsite\/?url=https%3A%2F%2Fisd-freiburg.de%2Fes%2Fonline-anmeldung%2Fdeutsch-medizin-einzelkurs-deutschkurs%2F\" title=\"Compartir en LinkedIn\" aria-label=\"Compartir en LinkedIn\" role=\"button\" rel=\"noopener nofollow\" class=\"shariff-link\" style=\"; background-color:#0077b5; color:#fff\" target=\"_blank\"><span class=\"shariff-icon\" style=\"\"><svg width=\"32px\" height=\"20px\" xmlns=\"http:\/\/www.w3.org\/2000\/svg\" viewBox=\"0 0 27 32\"><path fill=\"#0077b5\" d=\"M6.2 11.2v17.7h-5.9v-17.7h5.9zM6.6 5.7q0 1.3-0.9 2.2t-2.4 0.9h0q-1.5 0-2.4-0.9t-0.9-2.2 0.9-2.2 2.4-0.9 2.4 0.9 0.9 2.2zM27.4 18.7v10.1h-5.9v-9.5q0-1.9-0.7-2.9t-2.3-1.1q-1.1 0-1.9 0.6t-1.2 1.5q-0.2 0.5-0.2 1.4v9.9h-5.9q0-7.1 0-11.6t0-5.3l0-0.9h5.9v2.6h0q0.4-0.6 0.7-1t1-0.9 1.6-0.8 2-0.3q3 0 4.9 2t1.9 6z\"\/><\/svg><\/span><span class=\"shariff-text\">compartir<\/span>&nbsp;<\/a><\/li><li class=\"shariff-button xing shariff-nocustomcolor\" style=\"background-color:#7e8700\"><a href=\"https:\/\/www.xing.com\/spi\/shares\/new?url=https%3A%2F%2Fisd-freiburg.de%2Fes%2Fonline-anmeldung%2Fdeutsch-medizin-einzelkurs-deutschkurs%2F\" title=\"Compartir en XING\" aria-label=\"Compartir en XING\" role=\"button\" rel=\"noopener nofollow\" class=\"shariff-link\" style=\"; background-color:#126567; color:#fff\" target=\"_blank\"><span class=\"shariff-icon\" style=\"\"><svg width=\"32px\" height=\"20px\" xmlns=\"http:\/\/www.w3.org\/2000\/svg\" viewBox=\"0 0 25 32\"><path fill=\"#126567\" d=\"M10.7 11.9q-0.2 0.3-4.6 8.2-0.5 0.8-1.2 0.8h-4.3q-0.4 0-0.5-0.3t0-0.6l4.5-8q0 0 0 0l-2.9-5q-0.2-0.4 0-0.7 0.2-0.3 0.5-0.3h4.3q0.7 0 1.2 0.8zM25.1 0.4q0.2 0.3 0 0.7l-9.4 16.7 6 11q0.2 0.4 0 0.6-0.2 0.3-0.6 0.3h-4.3q-0.7 0-1.2-0.8l-6-11.1q0.3-0.6 9.5-16.8 0.4-0.8 1.2-0.8h4.3q0.4 0 0.5 0.3z\"\/><\/svg><\/span><span class=\"shariff-text\">compartir<\/span>&nbsp;<\/a><\/li><\/ul><\/div>","protected":false},"excerpt":{"rendered":"<p><strong>Curso de Alem\u00e1n m\u00e9dico en clases individuales, a elegir entre\u00a0Kompakt (3 semanas) y Schnell (2 semanas)<br \/>\n<\/strong><\/p>\n","protected":false},"featured_media":3497,"template":"","meta":{"_exactmetrics_skip_tracking":false,"_exactmetrics_sitenote_active":false,"_exactmetrics_sitenote_note":"","_exactmetrics_sitenote_category":0},"product_brand":[],"product_cat":[403,377],"product_tag":[231,244,245],"class_list":{"0":"post-4431","1":"product","2":"type-product","3":"status-publish","4":"has-post-thumbnail","6":"product_cat-cursos-de-aleman","7":"product_cat-cursos-de-idiomas","8":"product_tag-deutschkurs-es-2","9":"product_tag-medizin-es","10":"product_tag-medizinisches-deutsch-es","11":"pa_kursdauer-kompakttraining-3-wochen-es","12":"pa_kursdauer-schnelltraining-2-wochen-es","14":"first","15":"instock","16":"sold-individually","17":"shipping-taxable","18":"purchasable","19":"product-type-variable"},"yoast_head":"<!-- This site is optimized with the Yoast SEO plugin v27.3 - https:\/\/yoast.com\/product\/yoast-seo-wordpress\/ -->\n<title>Curso de Alem\u00e1n m\u00e9dico en clases individuales - isd-freiburg.de<\/title>\n<meta name=\"description\" content=\"Alle Deutschkurse sind intensiv und finden t\u00e4glich montags bis freitags von 9 bis 12.15 Uhr oder von 13 bis 16.15 Uhr statt. Ab 80 Euro pro Woche.\" \/>\n<meta name=\"robots\" content=\"index, follow, max-snippet:-1, max-image-preview:large, max-video-preview:-1\" \/>\n<link rel=\"canonical\" href=\"https:\/\/isd-freiburg.de\/es\/online-anmeldung\/deutsch-medizin-einzelkurs-deutschkurs\/\" \/>\n<meta property=\"og:locale\" content=\"es_ES\" \/>\n<meta property=\"og:type\" content=\"article\" \/>\n<meta property=\"og:title\" content=\"Curso de Alem\u00e1n m\u00e9dico en clases individuales - isd-freiburg.de\" \/>\n<meta property=\"og:description\" content=\"Alle Deutschkurse sind intensiv und finden t\u00e4glich montags bis freitags von 9 bis 12.15 Uhr oder von 13 bis 16.15 Uhr statt. Ab 80 Euro pro Woche.\" \/>\n<meta property=\"og:url\" content=\"https:\/\/isd-freiburg.de\/es\/online-anmeldung\/deutsch-medizin-einzelkurs-deutschkurs\/\" \/>\n<meta property=\"og:site_name\" content=\"isd-freiburg.de\" \/>\n<meta property=\"article:publisher\" content=\"https:\/\/www.facebook.com\/isd.freiburg\/\" \/>\n<meta property=\"article:modified_time\" content=\"2018-07-13T08:11:50+00:00\" \/>\n<meta property=\"og:image\" content=\"https:\/\/isd-freiburg.de\/wp-content\/uploads\/2016\/06\/DEU_MED_Einzel.jpg\" \/>\n\t<meta property=\"og:image:width\" content=\"977\" \/>\n\t<meta property=\"og:image:height\" content=\"651\" \/>\n\t<meta property=\"og:image:type\" content=\"image\/jpeg\" \/>\n<meta name=\"twitter:card\" content=\"summary_large_image\" \/>\n<meta name=\"twitter:label1\" content=\"Tiempo de lectura\" \/>\n\t<meta name=\"twitter:data1\" content=\"3 minutos\" \/>\n<script type=\"application\/ld+json\" class=\"yoast-schema-graph\">{\"@context\":\"https:\\\/\\\/schema.org\",\"@graph\":[{\"@type\":\"WebPage\",\"@id\":\"https:\\\/\\\/isd-freiburg.de\\\/es\\\/online-anmeldung\\\/deutsch-medizin-einzelkurs-deutschkurs\\\/\",\"url\":\"https:\\\/\\\/isd-freiburg.de\\\/es\\\/online-anmeldung\\\/deutsch-medizin-einzelkurs-deutschkurs\\\/\",\"name\":\"Curso de Alem\u00e1n m\u00e9dico en clases individuales - isd-freiburg.de\",\"isPartOf\":{\"@id\":\"https:\\\/\\\/isd-freiburg.de\\\/es\\\/#website\"},\"primaryImageOfPage\":{\"@id\":\"https:\\\/\\\/isd-freiburg.de\\\/es\\\/online-anmeldung\\\/deutsch-medizin-einzelkurs-deutschkurs\\\/#primaryimage\"},\"image\":{\"@id\":\"https:\\\/\\\/isd-freiburg.de\\\/es\\\/online-anmeldung\\\/deutsch-medizin-einzelkurs-deutschkurs\\\/#primaryimage\"},\"thumbnailUrl\":\"https:\\\/\\\/isd-freiburg.de\\\/wp-content\\\/uploads\\\/2016\\\/06\\\/DEU_MED_Einzel.jpg\",\"datePublished\":\"2016-06-03T15:19:59+00:00\",\"dateModified\":\"2018-07-13T08:11:50+00:00\",\"description\":\"Alle Deutschkurse sind intensiv und finden t\u00e4glich montags bis freitags von 9 bis 12.15 Uhr oder von 13 bis 16.15 Uhr statt. Ab 80 Euro pro Woche.\",\"breadcrumb\":{\"@id\":\"https:\\\/\\\/isd-freiburg.de\\\/es\\\/online-anmeldung\\\/deutsch-medizin-einzelkurs-deutschkurs\\\/#breadcrumb\"},\"inLanguage\":\"es\",\"potentialAction\":[{\"@type\":\"ReadAction\",\"target\":[\"https:\\\/\\\/isd-freiburg.de\\\/es\\\/online-anmeldung\\\/deutsch-medizin-einzelkurs-deutschkurs\\\/\"]}]},{\"@type\":\"ImageObject\",\"inLanguage\":\"es\",\"@id\":\"https:\\\/\\\/isd-freiburg.de\\\/es\\\/online-anmeldung\\\/deutsch-medizin-einzelkurs-deutschkurs\\\/#primaryimage\",\"url\":\"https:\\\/\\\/isd-freiburg.de\\\/wp-content\\\/uploads\\\/2016\\\/06\\\/DEU_MED_Einzel.jpg\",\"contentUrl\":\"https:\\\/\\\/isd-freiburg.de\\\/wp-content\\\/uploads\\\/2016\\\/06\\\/DEU_MED_Einzel.jpg\",\"width\":977,\"height\":651},{\"@type\":\"BreadcrumbList\",\"@id\":\"https:\\\/\\\/isd-freiburg.de\\\/es\\\/online-anmeldung\\\/deutsch-medizin-einzelkurs-deutschkurs\\\/#breadcrumb\",\"itemListElement\":[{\"@type\":\"ListItem\",\"position\":1,\"name\":\"Home\",\"item\":\"https:\\\/\\\/isd-freiburg.de\\\/es\\\/\"},{\"@type\":\"ListItem\",\"position\":2,\"name\":\"Inscripci\u00f3n online\",\"item\":\"https:\\\/\\\/isd-freiburg.de\\\/es\\\/inscripcion-online\\\/\"},{\"@type\":\"ListItem\",\"position\":3,\"name\":\"Curso de Alem\u00e1n m\u00e9dico en clases individuales\"}]},{\"@type\":\"WebSite\",\"@id\":\"https:\\\/\\\/isd-freiburg.de\\\/es\\\/#website\",\"url\":\"https:\\\/\\\/isd-freiburg.de\\\/es\\\/\",\"name\":\"isd-freiburg.de\",\"description\":\"Just another WordPress site\",\"publisher\":{\"@id\":\"https:\\\/\\\/isd-freiburg.de\\\/es\\\/#organization\"},\"potentialAction\":[{\"@type\":\"SearchAction\",\"target\":{\"@type\":\"EntryPoint\",\"urlTemplate\":\"https:\\\/\\\/isd-freiburg.de\\\/es\\\/?s={search_term_string}\"},\"query-input\":{\"@type\":\"PropertyValueSpecification\",\"valueRequired\":true,\"valueName\":\"search_term_string\"}}],\"inLanguage\":\"es\"},{\"@type\":\"Organization\",\"@id\":\"https:\\\/\\\/isd-freiburg.de\\\/es\\\/#organization\",\"name\":\"ISD Freiburg\",\"url\":\"https:\\\/\\\/isd-freiburg.de\\\/es\\\/\",\"logo\":{\"@type\":\"ImageObject\",\"inLanguage\":\"es\",\"@id\":\"https:\\\/\\\/isd-freiburg.de\\\/es\\\/#\\\/schema\\\/logo\\\/image\\\/\",\"url\":\"https:\\\/\\\/isd-freiburg.de\\\/wp-content\\\/uploads\\\/2015\\\/11\\\/isd_logo.jpg\",\"contentUrl\":\"https:\\\/\\\/isd-freiburg.de\\\/wp-content\\\/uploads\\\/2015\\\/11\\\/isd_logo.jpg\",\"width\":222,\"height\":80,\"caption\":\"ISD Freiburg\"},\"image\":{\"@id\":\"https:\\\/\\\/isd-freiburg.de\\\/es\\\/#\\\/schema\\\/logo\\\/image\\\/\"},\"sameAs\":[\"https:\\\/\\\/www.facebook.com\\\/isd.freiburg\\\/\"]}]}<\/script>\n<!-- \/ Yoast SEO plugin. -->","yoast_head_json":{"title":"Curso de Alem\u00e1n m\u00e9dico en clases individuales - isd-freiburg.de","description":"Alle Deutschkurse sind intensiv und finden t\u00e4glich montags bis freitags von 9 bis 12.15 Uhr oder von 13 bis 16.15 Uhr statt. Ab 80 Euro pro Woche.","robots":{"index":"index","follow":"follow","max-snippet":"max-snippet:-1","max-image-preview":"max-image-preview:large","max-video-preview":"max-video-preview:-1"},"canonical":"https:\/\/isd-freiburg.de\/es\/online-anmeldung\/deutsch-medizin-einzelkurs-deutschkurs\/","og_locale":"es_ES","og_type":"article","og_title":"Curso de Alem\u00e1n m\u00e9dico en clases individuales - isd-freiburg.de","og_description":"Alle Deutschkurse sind intensiv und finden t\u00e4glich montags bis freitags von 9 bis 12.15 Uhr oder von 13 bis 16.15 Uhr statt. Ab 80 Euro pro Woche.","og_url":"https:\/\/isd-freiburg.de\/es\/online-anmeldung\/deutsch-medizin-einzelkurs-deutschkurs\/","og_site_name":"isd-freiburg.de","article_publisher":"https:\/\/www.facebook.com\/isd.freiburg\/","article_modified_time":"2018-07-13T08:11:50+00:00","og_image":[{"width":977,"height":651,"url":"https:\/\/isd-freiburg.de\/wp-content\/uploads\/2016\/06\/DEU_MED_Einzel.jpg","type":"image\/jpeg"}],"twitter_card":"summary_large_image","twitter_misc":{"Tiempo de lectura":"3 minutos"},"schema":{"@context":"https:\/\/schema.org","@graph":[{"@type":"WebPage","@id":"https:\/\/isd-freiburg.de\/es\/online-anmeldung\/deutsch-medizin-einzelkurs-deutschkurs\/","url":"https:\/\/isd-freiburg.de\/es\/online-anmeldung\/deutsch-medizin-einzelkurs-deutschkurs\/","name":"Curso de Alem\u00e1n m\u00e9dico en clases individuales - isd-freiburg.de","isPartOf":{"@id":"https:\/\/isd-freiburg.de\/es\/#website"},"primaryImageOfPage":{"@id":"https:\/\/isd-freiburg.de\/es\/online-anmeldung\/deutsch-medizin-einzelkurs-deutschkurs\/#primaryimage"},"image":{"@id":"https:\/\/isd-freiburg.de\/es\/online-anmeldung\/deutsch-medizin-einzelkurs-deutschkurs\/#primaryimage"},"thumbnailUrl":"https:\/\/isd-freiburg.de\/wp-content\/uploads\/2016\/06\/DEU_MED_Einzel.jpg","datePublished":"2016-06-03T15:19:59+00:00","dateModified":"2018-07-13T08:11:50+00:00","description":"Alle Deutschkurse sind intensiv und finden t\u00e4glich montags bis freitags von 9 bis 12.15 Uhr oder von 13 bis 16.15 Uhr statt. Ab 80 Euro pro Woche.","breadcrumb":{"@id":"https:\/\/isd-freiburg.de\/es\/online-anmeldung\/deutsch-medizin-einzelkurs-deutschkurs\/#breadcrumb"},"inLanguage":"es","potentialAction":[{"@type":"ReadAction","target":["https:\/\/isd-freiburg.de\/es\/online-anmeldung\/deutsch-medizin-einzelkurs-deutschkurs\/"]}]},{"@type":"ImageObject","inLanguage":"es","@id":"https:\/\/isd-freiburg.de\/es\/online-anmeldung\/deutsch-medizin-einzelkurs-deutschkurs\/#primaryimage","url":"https:\/\/isd-freiburg.de\/wp-content\/uploads\/2016\/06\/DEU_MED_Einzel.jpg","contentUrl":"https:\/\/isd-freiburg.de\/wp-content\/uploads\/2016\/06\/DEU_MED_Einzel.jpg","width":977,"height":651},{"@type":"BreadcrumbList","@id":"https:\/\/isd-freiburg.de\/es\/online-anmeldung\/deutsch-medizin-einzelkurs-deutschkurs\/#breadcrumb","itemListElement":[{"@type":"ListItem","position":1,"name":"Home","item":"https:\/\/isd-freiburg.de\/es\/"},{"@type":"ListItem","position":2,"name":"Inscripci\u00f3n online","item":"https:\/\/isd-freiburg.de\/es\/inscripcion-online\/"},{"@type":"ListItem","position":3,"name":"Curso de Alem\u00e1n m\u00e9dico en clases individuales"}]},{"@type":"WebSite","@id":"https:\/\/isd-freiburg.de\/es\/#website","url":"https:\/\/isd-freiburg.de\/es\/","name":"isd-freiburg.de","description":"Just another WordPress site","publisher":{"@id":"https:\/\/isd-freiburg.de\/es\/#organization"},"potentialAction":[{"@type":"SearchAction","target":{"@type":"EntryPoint","urlTemplate":"https:\/\/isd-freiburg.de\/es\/?s={search_term_string}"},"query-input":{"@type":"PropertyValueSpecification","valueRequired":true,"valueName":"search_term_string"}}],"inLanguage":"es"},{"@type":"Organization","@id":"https:\/\/isd-freiburg.de\/es\/#organization","name":"ISD Freiburg","url":"https:\/\/isd-freiburg.de\/es\/","logo":{"@type":"ImageObject","inLanguage":"es","@id":"https:\/\/isd-freiburg.de\/es\/#\/schema\/logo\/image\/","url":"https:\/\/isd-freiburg.de\/wp-content\/uploads\/2015\/11\/isd_logo.jpg","contentUrl":"https:\/\/isd-freiburg.de\/wp-content\/uploads\/2015\/11\/isd_logo.jpg","width":222,"height":80,"caption":"ISD Freiburg"},"image":{"@id":"https:\/\/isd-freiburg.de\/es\/#\/schema\/logo\/image\/"},"sameAs":["https:\/\/www.facebook.com\/isd.freiburg\/"]}]}},"_links":{"self":[{"href":"https:\/\/isd-freiburg.de\/es\/wp-json\/wp\/v2\/product\/4431","targetHints":{"allow":["GET"]}}],"collection":[{"href":"https:\/\/isd-freiburg.de\/es\/wp-json\/wp\/v2\/product"}],"about":[{"href":"https:\/\/isd-freiburg.de\/es\/wp-json\/wp\/v2\/types\/product"}],"wp:featuredmedia":[{"embeddable":true,"href":"https:\/\/isd-freiburg.de\/es\/wp-json\/wp\/v2\/media\/3497"}],"wp:attachment":[{"href":"https:\/\/isd-freiburg.de\/es\/wp-json\/wp\/v2\/media?parent=4431"}],"wp:term":[{"taxonomy":"product_brand","embeddable":true,"href":"https:\/\/isd-freiburg.de\/es\/wp-json\/wp\/v2\/product_brand?post=4431"},{"taxonomy":"product_cat","embeddable":true,"href":"https:\/\/isd-freiburg.de\/es\/wp-json\/wp\/v2\/product_cat?post=4431"},{"taxonomy":"product_tag","embeddable":true,"href":"https:\/\/isd-freiburg.de\/es\/wp-json\/wp\/v2\/product_tag?post=4431"}],"curies":[{"name":"wp","href":"https:\/\/api.w.org\/{rel}","templated":true}]}}