{"id":4438,"date":"2016-06-01T15:20:00","date_gmt":"2016-06-01T15:20:00","guid":{"rendered":"https:\/\/isd-freiburg.de\/es\/shop\/deutsch-intensiv-regular\/"},"modified":"2023-12-01T17:36:13","modified_gmt":"2023-12-01T17:36:13","slug":"deutsch-intensiv-regular","status":"publish","type":"product","link":"https:\/\/isd-freiburg.de\/es\/online-anmeldung\/deutsch-intensiv-regular\/","title":{"rendered":"Curso de Alem\u00e1n REGULAR: 2-38 semanas (6 semanas= 60,- \u20ac descuento)"},"content":{"rendered":"<h3><strong>Alem\u00e1n intensivo\u00a0REGULAR<img fetchpriority=\"high\" decoding=\"async\" class=\"size-medium wp-image-3483 alignright\" src=\"https:\/\/isd-freiburg.de\/wp-content\/uploads\/2016\/06\/DEU_INtensiv_Regular.jpg\" sizes=\"(max-width: 360px) 100vw, 360px\" srcset=\"https:\/\/isd-freiburg.de\/wp-content\/uploads\/2016\/06\/DEU_INtensiv_Regular.jpg 360w, https:\/\/isd-freiburg.de\/wp-content\/uploads\/2016\/06\/DEU_INtensiv_Regular-768x512.jpg 768w, https:\/\/isd-freiburg.de\/wp-content\/uploads\/2016\/06\/DEU_INtensiv_Regular.jpg 977w\" alt=\"DEU_INtensiv_Regular\" width=\"360\" height=\"240\" \/><\/strong><\/h3>\n<p>2 semanas: 198,- EUR<br \/>\n4 semanas: 379,- EUR<br \/>\n6 semanas: 559,- EUR<br \/>\n8 semanas: 739,- EUR<br \/>\na partir de\u00a09 semanas: 90,- EUR\u00a0\/ semana<br \/>\na partir de\u00a015 semanas: 85,- EUR\u00a0\/ semana<\/p>\n<p><strong>Descripci\u00f3n del Curso<\/strong><\/p>\n<p>Alem\u00e1n intensivo REGULAR<br \/>\nEst\u00e1 Usted buscando un curso de Alem\u00e1n con estudiantes motivados, profesores calificados, planes de aprendizaje eficientes y consulentes preparados? Entonces nuestro curso REGULAR es perfecto para Usted. Su ventaja: no se trata de un curso de integraci\u00f3n! Es decir: todos los estudiantes son muy motivados, los grupos no son demasiado grandes y la direcci\u00f3n did\u00e1ctica tiene flexibilidad en la elecci\u00f3n de los profesores, de los materiales y de los planes did\u00e1cticos. Adem\u00e1s siendo el proceso de inscripci\u00f3n no iperburocratizado Usted puede empezar cuando quiera.<br \/>\nEl curso ha sido planeado como soluci\u00f3n alternativa a los problemas de los cursos de integraci\u00f3n tradicionales y garantiza, a trav\u00e9s de una serie de controles de calidad, el \u00e9xito en el aprendizaje del idioma Alem\u00e1n.<br \/>\nLista de precios 2018<br \/>\n2 semanas: 198,- EUR<br \/>\n3 semanas: 298,- EUR<br \/>\n4 semanas: 379,- EUR<br \/>\n5 semanas: 479,- EUR<br \/>\n6 semanas: 559,- EUR<br \/>\n7 semanas: 659,- EUR<br \/>\n8 semanas: 739,- EUR<br \/>\na partir de 9 semanas: 90,- EUR \/ semana<br \/>\na partir de 15 semanas: 85,- EUR \/ semana<br \/>\nDescripci\u00f3n del Curso<br \/>\nTodos los cursos de Alem\u00e1n son intensivos y se efectuan todos los dias (de luens a viernes) normalmente desde las 9:00 hasta las 12:15. (el horario puede cambiar). Si Usted ya tiene conocimientos previos del Alem\u00e1n puede empezar cada lunes. En este caso cont\u00e1ctenos para concordar un test de nivelaci\u00f3n.<br \/>\nLos que quieran empezar por el nivel A1 (sin conocimientos previos) pueden comenzar en las siguientes fechas:<br \/>\n09 Julio 2018<br \/>\n06 Agosto 2018<br \/>\n17 Septiembre 2018 (Integraci\u00f3n)<br \/>\n15 Octubre 2018<br \/>\n26 Noviembre 2018<br \/>\nSi no ha encontrado una fecha de comienzo que le va bien, busque tambi\u00e9n en nuestros cursos de INTEGRACI\u00d3N, que empiezan en otras fechas y didacticamente son muy parecido a los cursos REGULAR!!<br \/>\nLos cursos de Alem\u00e1n REGULAR (A1 \u2013 C1) son activos 12 meses sin pausa (excepto 2 semanas en Navidad). Cada lunes es posible hacer un test de nivelaci\u00f3n e integrarse en el curso correspondiente. Tambi\u00e9n es posible efectuar ahora un test de nivelaci\u00f3n online y enviarnos una email para m\u00e1s informaciones sobre los pr\u00f3ximos cursos.<br \/>\nQuality-Control-System<br \/>\nEl problema m\u00e1s importante de los cursos de integraci\u00f3n tradicionales es que los grupos son a menudo poco homogeneos, en el sentido que no todos los estudiantes tienen la misma motivaci\u00f3n y a\u00fan peor los mismos conocimientos previos. Eso ocurre principalmente por dos razones: por un lado se denuncia la tendencia de algunas escuelas de idioma a componer grupos demasiado grandes con 25 y m\u00e1s alumnos, para cubrir los gastos enormes de los cursos (semi-) subvencionados por el Estado, como por ejemplo los cursos de integraci\u00f3n; por otro lado no se pone atenci\u00f3n al test de nivelaci\u00f3n. Algunos estudiantes de los cursos subvencionados tampoco tienen la necesaria motivaci\u00f3n, siendo a veces obligados a participar al curso. Juntar en un unico grupo este tipo de clientes con estudiantes que tienen m\u00e1s inter\u00e9s es un grande error estrat\u00e9gico y puede causar a veces, que la atmosfera al interior del grupo no sea buena para un aproche exitoso al idioma.<br \/>\nPara obviar a este problema introducimos primero una separaci\u00f3n clara entre cursos de integraci\u00f3n y cursos REGULAR, en segundo lugar un sistema de control de calidad, al que llamamos Quality Control System, cuyo reto es garantizar que el programa did\u00e1ctico y como la participaci\u00f3n de los cursantes sea al nivel m\u00e1ximo. Solo as\u00ed se puede optimizar el proceso de aprendizaje y disfrutar completamente del curso.<br \/>\nEl sistema consiste de una serie de medidas como por ejemplo: peculiar atenci\u00f3n al test de nivelaci\u00f3n, tests de evaluaci\u00f3n intermedios, documentaci\u00f3n del proceso de aprendizaje y del comportamiento de los estudiantes (incluso de la participaci\u00f3n activa y del cumplimento de las tareas en casa), comunicaci\u00f3n constante entre profesor y secreter\u00eda did\u00e1ctica, para que el docente sea suportado en todo tipo de problemas. Durante la planificaci\u00f3n del curso se pone m\u00e1xima atenci\u00f3n las finalidades did\u00e1cticas y a las medidas que llevan al \u00e9xito. nuestro Mayor interes es que Usted llegue a su meta, sea la aprobaci\u00f3n de un Examen de idioma o sencillamente la mejoria de la comunicaci\u00f3n tanto en \u00e1mbito laboral Como en el dia a d\u00eda.<br \/>\nComo todos nuestros colaboradores en ISD-Freiburg cada d\u00eda seesfuerzan de ofrecerles un servicio optimal, puede Usted tener la seguridad que tanto su tiempo como su dinero han sido bien invertido.<br \/>\nEstructura de un curso intensivo REGULAR:<br \/>\n4 Unidades did\u00e1cticas al dia (Reglas especiales para minigrupos con menos de 4 alumnos)<br \/>\n5 Dias cada semana<br \/>\nDuraci\u00f3n m\u00ednima 2 semanas = 1\/3 de un Niv\u00e9l para los Niveles A (A1-A2), 1\/4 para los Niveles B (B1-B2)<br \/>\nAqu\u00ed puede mirar la estructura de los cursos. Considere por favor que cadauno de los siguientes m\u00f3dulos did\u00e1cticos consta de 2 semanas de curso.<br \/>\nA1a: principiante (2 semanas)<br \/>\nA1b: principiante + (2 semanas)<br \/>\nA1c: principiante ++ (2 semanas)<\/p>\n<p>A2a: principiante (2 semanas)<br \/>\nA2b: principiante + (2 semanas)<br \/>\nA2c: principiante ++ (2 semanas)<\/p>\n<p>B1a: intermedio (2 semanas)<br \/>\nB1b: intermedio + (2 semanas)<br \/>\nB1c: intermedio ++ (2 semanas)<br \/>\nB1d: intermedio +++ (2 semanas)<\/p>\n<p>B2a: intermedio (2 semanas)<br \/>\nB2b: intermedio + (2 semanas)<br \/>\nB2c: intermedio ++ (2 semanas)<br \/>\nB2d: intermedio +++ (2 semanas)<\/p>\n<p>C1a: avanzado (2 semanas)<br \/>\nC1b: avanzado + (2 semanas)<br \/>\nC1c: avanzado ++ (2 semanas)<br \/>\nC1d: avanzado +++ (2 semanas)<br \/>\nC1e: avanzado ++++ (2 semanas)<br \/>\nNuestros cursos est\u00e1n planeados didacticamente para poder presentar los siguientes ex\u00e1menes telc. El examen no es obligatorio y cuesta entre 140 y 200 EUR seg\u00fan el niv\u00e9l.<br \/>\nStart Deutsch 1 (telc Deutsch A1)<br \/>\nStart Deutsch 2 (telc Deutsch A1)<br \/>\ntelc Test Deutsch alfa A2+<br \/>\ntelc Test Deutsch A2+<br \/>\ntelc Test Arbeitsplatz Deutsch A2+<br \/>\nZertifikat Deutsch (telc Deutsch B1)<br \/>\nZertifikat Deutsch f\u00fcr Jugendliche (telc Deutsch B1 Schule)<br \/>\ntelc Deutsch B2<br \/>\nZertifikat Deutsch f\u00fcr den Beruf (telc Deutsch B2 Beruf)<br \/>\ntelc Deutsch C1<br \/>\ntelc Deutsch C1 Hochschule<br \/>\nTest DaF<br \/>\nDSH<\/p>\n<div class=\"shariff shariff-align-left shariff-widget-align-left shariff-buttonstretch\" style=\"display:none\"><ul class=\"shariff-buttons theme-default orientation-horizontal buttonsize-medium\"><li class=\"shariff-button facebook shariff-nocustomcolor\" style=\"background-color:#7e8700\"><a href=\"https:\/\/www.facebook.com\/sharer\/sharer.php?u=https%3A%2F%2Fisd-freiburg.de%2Fes%2Fonline-anmeldung%2Fdeutsch-intensiv-regular%2F\" title=\"Compartir en Facebook\" aria-label=\"Compartir en Facebook\" role=\"button\" rel=\"nofollow\" class=\"shariff-link\" style=\"; background-color:#3b5998; color:#fff\" target=\"_blank\"><span class=\"shariff-icon\" style=\"\"><svg width=\"32px\" height=\"20px\" xmlns=\"http:\/\/www.w3.org\/2000\/svg\" viewBox=\"0 0 18 32\"><path fill=\"#3b5998\" d=\"M17.1 0.2v4.7h-2.8q-1.5 0-2.1 0.6t-0.5 1.9v3.4h5.2l-0.7 5.3h-4.5v13.6h-5.5v-13.6h-4.5v-5.3h4.5v-3.9q0-3.3 1.9-5.2t5-1.8q2.6 0 4.1 0.2z\"\/><\/svg><\/span><span class=\"shariff-text\">compartir<\/span>&nbsp;<\/a><\/li><li class=\"shariff-button twitter shariff-nocustomcolor\" style=\"background-color:#7e8700\"><a href=\"https:\/\/twitter.com\/share?url=https%3A%2F%2Fisd-freiburg.de%2Fes%2Fonline-anmeldung%2Fdeutsch-intensiv-regular%2F&text=Curso%20de%20Alem%C3%A1n%20REGULAR%3A%202-38%20semanas%20%286%20semanas%3D%2060%2C-%20%E2%82%AC%20descuento%29\" title=\"Compartir en X\" aria-label=\"Compartir en X\" role=\"button\" rel=\"noopener nofollow\" class=\"shariff-link\" style=\"; background-color:#000; color:#fff\" target=\"_blank\"><span class=\"shariff-icon\" style=\"\"><svg width=\"32px\" height=\"20px\" xmlns=\"http:\/\/www.w3.org\/2000\/svg\" viewBox=\"0 0 24 24\"><path fill=\"#000\" d=\"M14.258 10.152L23.176 0h-2.113l-7.747 8.813L7.133 0H0l9.352 13.328L0 23.973h2.113l8.176-9.309 6.531 9.309h7.133zm-2.895 3.293l-.949-1.328L2.875 1.56h3.246l6.086 8.523.945 1.328 7.91 11.078h-3.246zm0 0\"\/><\/svg><\/span><span class=\"shariff-text\">compartir<\/span>&nbsp;<\/a><\/li><li class=\"shariff-button linkedin shariff-nocustomcolor\" style=\"background-color:#7e8700\"><a href=\"https:\/\/www.linkedin.com\/sharing\/share-offsite\/?url=https%3A%2F%2Fisd-freiburg.de%2Fes%2Fonline-anmeldung%2Fdeutsch-intensiv-regular%2F\" title=\"Compartir en LinkedIn\" aria-label=\"Compartir en LinkedIn\" role=\"button\" rel=\"noopener nofollow\" class=\"shariff-link\" style=\"; background-color:#0077b5; color:#fff\" target=\"_blank\"><span class=\"shariff-icon\" style=\"\"><svg width=\"32px\" height=\"20px\" xmlns=\"http:\/\/www.w3.org\/2000\/svg\" viewBox=\"0 0 27 32\"><path fill=\"#0077b5\" d=\"M6.2 11.2v17.7h-5.9v-17.7h5.9zM6.6 5.7q0 1.3-0.9 2.2t-2.4 0.9h0q-1.5 0-2.4-0.9t-0.9-2.2 0.9-2.2 2.4-0.9 2.4 0.9 0.9 2.2zM27.4 18.7v10.1h-5.9v-9.5q0-1.9-0.7-2.9t-2.3-1.1q-1.1 0-1.9 0.6t-1.2 1.5q-0.2 0.5-0.2 1.4v9.9h-5.9q0-7.1 0-11.6t0-5.3l0-0.9h5.9v2.6h0q0.4-0.6 0.7-1t1-0.9 1.6-0.8 2-0.3q3 0 4.9 2t1.9 6z\"\/><\/svg><\/span><span class=\"shariff-text\">compartir<\/span>&nbsp;<\/a><\/li><li class=\"shariff-button xing shariff-nocustomcolor\" style=\"background-color:#7e8700\"><a href=\"https:\/\/www.xing.com\/spi\/shares\/new?url=https%3A%2F%2Fisd-freiburg.de%2Fes%2Fonline-anmeldung%2Fdeutsch-intensiv-regular%2F\" title=\"Compartir en XING\" aria-label=\"Compartir en XING\" role=\"button\" rel=\"noopener nofollow\" class=\"shariff-link\" style=\"; background-color:#126567; color:#fff\" target=\"_blank\"><span class=\"shariff-icon\" style=\"\"><svg width=\"32px\" height=\"20px\" xmlns=\"http:\/\/www.w3.org\/2000\/svg\" viewBox=\"0 0 25 32\"><path fill=\"#126567\" d=\"M10.7 11.9q-0.2 0.3-4.6 8.2-0.5 0.8-1.2 0.8h-4.3q-0.4 0-0.5-0.3t0-0.6l4.5-8q0 0 0 0l-2.9-5q-0.2-0.4 0-0.7 0.2-0.3 0.5-0.3h4.3q0.7 0 1.2 0.8zM25.1 0.4q0.2 0.3 0 0.7l-9.4 16.7 6 11q0.2 0.4 0 0.6-0.2 0.3-0.6 0.3h-4.3q-0.7 0-1.2-0.8l-6-11.1q0.3-0.6 9.5-16.8 0.4-0.8 1.2-0.8h4.3q0.4 0 0.5 0.3z\"\/><\/svg><\/span><span class=\"shariff-text\">compartir<\/span>&nbsp;<\/a><\/li><\/ul><\/div>","protected":false},"excerpt":{"rendered":"<p>Alem\u00e1n\u00a0<strong>intensivo,<\/strong>\u00a020 unidades did\u00e1cticas cada semana.<br \/>\nDe lunes a viernes (generalmente) de\u00a0<strong>9-12.15<\/strong> <strong>Uhr<\/strong>. Elegir el n\u00famero de las semanas, el mes en el que se desea empezar e la informaci\u00f3n sobre el actual estado de sus conocimientos previos.<strong>\u00a0<\/strong><strong><br \/>\n<\/strong><\/p>\n","protected":false},"featured_media":4338,"template":"","meta":{"_exactmetrics_skip_tracking":false,"_exactmetrics_sitenote_active":false,"_exactmetrics_sitenote_note":"","_exactmetrics_sitenote_category":0},"product_brand":[],"product_cat":[403,377],"product_tag":[248,249,231,233,235],"class_list":{"0":"post-4438","1":"product","2":"type-product","3":"status-publish","4":"has-post-thumbnail","6":"product_cat-cursos-de-aleman","7":"product_cat-cursos-de-idiomas","8":"product_tag-daf-es-2","9":"product_tag-deutsch-es-2","10":"product_tag-deutschkurs-es-2","11":"product_tag-freiburg-es-2","12":"product_tag-sprachschule-es","13":"pa_kursbeginn-april-es","14":"pa_kursbeginn-august-es","15":"pa_kursbeginn-dezember-es","16":"pa_kursbeginn-januar-es","17":"pa_kursbeginn-februar-es","18":"pa_kursbeginn-juli-es","19":"pa_kursbeginn-juni-es","20":"pa_kursbeginn-maerz-es","21":"pa_kursbeginn-mai-es","22":"pa_kursbeginn-november-es","23":"pa_kursbeginn-oktober-es","24":"pa_kursbeginn-september-es","25":"pa_kursdauer-10-wochen-es","26":"pa_kursdauer-12-wochen-es","27":"pa_kursdauer-14-wochen-es","28":"pa_kursdauer-16-wochen-es","29":"pa_kursdauer-18-wochen-es","30":"pa_kursdauer-2-wochen-es","31":"pa_kursdauer-20-wochen-es","32":"pa_kursdauer-22-wochen-es","33":"pa_kursdauer-24-wochen-es","34":"pa_kursdauer-26-wochen-es","35":"pa_kursdauer-28-wochen-es","36":"pa_kursdauer-30-wochen-es","37":"pa_kursdauer-32-wochen-es","38":"pa_kursdauer-34-wochen-es","39":"pa_kursdauer-36-wochen-es","40":"pa_kursdauer-38-wochen-es","41":"pa_kursdauer-4-wochen-es","42":"pa_kursdauer-6-wochen-es","43":"pa_kursdauer-8-wochen-es","44":"pa_kursdauer-38-wochen-2-es","46":"first","47":"instock","48":"sold-individually","49":"shipping-taxable","50":"purchasable","51":"product-type-variable","52":"has-default-attributes"},"yoast_head":"<!-- This site is optimized with the Yoast SEO plugin v27.4 - https:\/\/yoast.com\/product\/yoast-seo-wordpress\/ -->\n<title>Curso de Alem\u00e1n REGULAR: 2-38 semanas (6 semanas= 60,- \u20ac descuento) - isd-freiburg.de<\/title>\n<meta name=\"description\" content=\"Deutschkurs intensiv mit 20 Unterrichtseinheiten pro Woche. Der Deutschkurs kostet ab 80 Euro pro Woche. Deutschkurs f\u00fcr alle Niveaus zwischen A1 und C1.\" \/>\n<meta name=\"robots\" content=\"index, follow, max-snippet:-1, max-image-preview:large, max-video-preview:-1\" \/>\n<link rel=\"canonical\" href=\"https:\/\/isd-freiburg.de\/es\/online-anmeldung\/deutsch-intensiv-regular\/\" \/>\n<meta property=\"og:locale\" content=\"es_ES\" \/>\n<meta property=\"og:type\" content=\"article\" \/>\n<meta property=\"og:title\" content=\"Curso de Alem\u00e1n REGULAR: 2-38 semanas (6 semanas= 60,- \u20ac descuento) - isd-freiburg.de\" \/>\n<meta property=\"og:description\" content=\"Deutschkurs intensiv mit 20 Unterrichtseinheiten pro Woche. Der Deutschkurs kostet ab 80 Euro pro Woche. Deutschkurs f\u00fcr alle Niveaus zwischen A1 und C1.\" \/>\n<meta property=\"og:url\" content=\"https:\/\/isd-freiburg.de\/es\/online-anmeldung\/deutsch-intensiv-regular\/\" \/>\n<meta property=\"og:site_name\" content=\"isd-freiburg.de\" \/>\n<meta property=\"article:publisher\" content=\"https:\/\/www.facebook.com\/isd.freiburg\/\" \/>\n<meta property=\"article:modified_time\" content=\"2023-12-01T17:36:13+00:00\" \/>\n<meta property=\"og:image\" content=\"https:\/\/isd-freiburg.de\/wp-content\/uploads\/2016\/06\/DEU_REG_PROF.jpg\" \/>\n\t<meta property=\"og:image:width\" content=\"977\" \/>\n\t<meta property=\"og:image:height\" content=\"651\" \/>\n\t<meta property=\"og:image:type\" content=\"image\/jpeg\" \/>\n<meta name=\"twitter:card\" content=\"summary_large_image\" \/>\n<meta name=\"twitter:label1\" content=\"Tiempo de lectura\" \/>\n\t<meta name=\"twitter:data1\" content=\"5 minutos\" \/>\n<script type=\"application\/ld+json\" class=\"yoast-schema-graph\">{\"@context\":\"https:\\\/\\\/schema.org\",\"@graph\":[{\"@type\":\"WebPage\",\"@id\":\"https:\\\/\\\/isd-freiburg.de\\\/es\\\/online-anmeldung\\\/deutsch-intensiv-regular\\\/\",\"url\":\"https:\\\/\\\/isd-freiburg.de\\\/es\\\/online-anmeldung\\\/deutsch-intensiv-regular\\\/\",\"name\":\"Curso de Alem\u00e1n REGULAR: 2-38 semanas (6 semanas= 60,- \u20ac descuento) - isd-freiburg.de\",\"isPartOf\":{\"@id\":\"https:\\\/\\\/isd-freiburg.de\\\/es\\\/#website\"},\"primaryImageOfPage\":{\"@id\":\"https:\\\/\\\/isd-freiburg.de\\\/es\\\/online-anmeldung\\\/deutsch-intensiv-regular\\\/#primaryimage\"},\"image\":{\"@id\":\"https:\\\/\\\/isd-freiburg.de\\\/es\\\/online-anmeldung\\\/deutsch-intensiv-regular\\\/#primaryimage\"},\"thumbnailUrl\":\"https:\\\/\\\/isd-freiburg.de\\\/wp-content\\\/uploads\\\/2016\\\/06\\\/DEU_REG_PROF.jpg\",\"datePublished\":\"2016-06-01T15:20:00+00:00\",\"dateModified\":\"2023-12-01T17:36:13+00:00\",\"description\":\"Deutschkurs intensiv mit 20 Unterrichtseinheiten pro Woche. Der Deutschkurs kostet ab 80 Euro pro Woche. Deutschkurs f\u00fcr alle Niveaus zwischen A1 und C1.\",\"breadcrumb\":{\"@id\":\"https:\\\/\\\/isd-freiburg.de\\\/es\\\/online-anmeldung\\\/deutsch-intensiv-regular\\\/#breadcrumb\"},\"inLanguage\":\"es\",\"potentialAction\":[{\"@type\":\"ReadAction\",\"target\":[\"https:\\\/\\\/isd-freiburg.de\\\/es\\\/online-anmeldung\\\/deutsch-intensiv-regular\\\/\"]}]},{\"@type\":\"ImageObject\",\"inLanguage\":\"es\",\"@id\":\"https:\\\/\\\/isd-freiburg.de\\\/es\\\/online-anmeldung\\\/deutsch-intensiv-regular\\\/#primaryimage\",\"url\":\"https:\\\/\\\/isd-freiburg.de\\\/wp-content\\\/uploads\\\/2016\\\/06\\\/DEU_REG_PROF.jpg\",\"contentUrl\":\"https:\\\/\\\/isd-freiburg.de\\\/wp-content\\\/uploads\\\/2016\\\/06\\\/DEU_REG_PROF.jpg\",\"width\":977,\"height\":651},{\"@type\":\"BreadcrumbList\",\"@id\":\"https:\\\/\\\/isd-freiburg.de\\\/es\\\/online-anmeldung\\\/deutsch-intensiv-regular\\\/#breadcrumb\",\"itemListElement\":[{\"@type\":\"ListItem\",\"position\":1,\"name\":\"Home\",\"item\":\"https:\\\/\\\/isd-freiburg.de\\\/es\\\/\"},{\"@type\":\"ListItem\",\"position\":2,\"name\":\"Inscripci\u00f3n online\",\"item\":\"https:\\\/\\\/isd-freiburg.de\\\/es\\\/inscripcion-online\\\/\"},{\"@type\":\"ListItem\",\"position\":3,\"name\":\"Curso de Alem\u00e1n REGULAR: 2-38 semanas (6 semanas= 60,- \u20ac descuento)\"}]},{\"@type\":\"WebSite\",\"@id\":\"https:\\\/\\\/isd-freiburg.de\\\/es\\\/#website\",\"url\":\"https:\\\/\\\/isd-freiburg.de\\\/es\\\/\",\"name\":\"isd-freiburg.de\",\"description\":\"Just another WordPress site\",\"publisher\":{\"@id\":\"https:\\\/\\\/isd-freiburg.de\\\/es\\\/#organization\"},\"potentialAction\":[{\"@type\":\"SearchAction\",\"target\":{\"@type\":\"EntryPoint\",\"urlTemplate\":\"https:\\\/\\\/isd-freiburg.de\\\/es\\\/?s={search_term_string}\"},\"query-input\":{\"@type\":\"PropertyValueSpecification\",\"valueRequired\":true,\"valueName\":\"search_term_string\"}}],\"inLanguage\":\"es\"},{\"@type\":\"Organization\",\"@id\":\"https:\\\/\\\/isd-freiburg.de\\\/es\\\/#organization\",\"name\":\"ISD Freiburg\",\"url\":\"https:\\\/\\\/isd-freiburg.de\\\/es\\\/\",\"logo\":{\"@type\":\"ImageObject\",\"inLanguage\":\"es\",\"@id\":\"https:\\\/\\\/isd-freiburg.de\\\/es\\\/#\\\/schema\\\/logo\\\/image\\\/\",\"url\":\"https:\\\/\\\/isd-freiburg.de\\\/wp-content\\\/uploads\\\/2015\\\/11\\\/isd_logo.jpg\",\"contentUrl\":\"https:\\\/\\\/isd-freiburg.de\\\/wp-content\\\/uploads\\\/2015\\\/11\\\/isd_logo.jpg\",\"width\":222,\"height\":80,\"caption\":\"ISD Freiburg\"},\"image\":{\"@id\":\"https:\\\/\\\/isd-freiburg.de\\\/es\\\/#\\\/schema\\\/logo\\\/image\\\/\"},\"sameAs\":[\"https:\\\/\\\/www.facebook.com\\\/isd.freiburg\\\/\"]}]}<\/script>\n<!-- \/ Yoast SEO plugin. -->","yoast_head_json":{"title":"Curso de Alem\u00e1n REGULAR: 2-38 semanas (6 semanas= 60,- \u20ac descuento) - isd-freiburg.de","description":"Deutschkurs intensiv mit 20 Unterrichtseinheiten pro Woche. Der Deutschkurs kostet ab 80 Euro pro Woche. Deutschkurs f\u00fcr alle Niveaus zwischen A1 und C1.","robots":{"index":"index","follow":"follow","max-snippet":"max-snippet:-1","max-image-preview":"max-image-preview:large","max-video-preview":"max-video-preview:-1"},"canonical":"https:\/\/isd-freiburg.de\/es\/online-anmeldung\/deutsch-intensiv-regular\/","og_locale":"es_ES","og_type":"article","og_title":"Curso de Alem\u00e1n REGULAR: 2-38 semanas (6 semanas= 60,- \u20ac descuento) - isd-freiburg.de","og_description":"Deutschkurs intensiv mit 20 Unterrichtseinheiten pro Woche. Der Deutschkurs kostet ab 80 Euro pro Woche. Deutschkurs f\u00fcr alle Niveaus zwischen A1 und C1.","og_url":"https:\/\/isd-freiburg.de\/es\/online-anmeldung\/deutsch-intensiv-regular\/","og_site_name":"isd-freiburg.de","article_publisher":"https:\/\/www.facebook.com\/isd.freiburg\/","article_modified_time":"2023-12-01T17:36:13+00:00","og_image":[{"width":977,"height":651,"url":"https:\/\/isd-freiburg.de\/wp-content\/uploads\/2016\/06\/DEU_REG_PROF.jpg","type":"image\/jpeg"}],"twitter_card":"summary_large_image","twitter_misc":{"Tiempo de lectura":"5 minutos"},"schema":{"@context":"https:\/\/schema.org","@graph":[{"@type":"WebPage","@id":"https:\/\/isd-freiburg.de\/es\/online-anmeldung\/deutsch-intensiv-regular\/","url":"https:\/\/isd-freiburg.de\/es\/online-anmeldung\/deutsch-intensiv-regular\/","name":"Curso de Alem\u00e1n REGULAR: 2-38 semanas (6 semanas= 60,- \u20ac descuento) - isd-freiburg.de","isPartOf":{"@id":"https:\/\/isd-freiburg.de\/es\/#website"},"primaryImageOfPage":{"@id":"https:\/\/isd-freiburg.de\/es\/online-anmeldung\/deutsch-intensiv-regular\/#primaryimage"},"image":{"@id":"https:\/\/isd-freiburg.de\/es\/online-anmeldung\/deutsch-intensiv-regular\/#primaryimage"},"thumbnailUrl":"https:\/\/isd-freiburg.de\/wp-content\/uploads\/2016\/06\/DEU_REG_PROF.jpg","datePublished":"2016-06-01T15:20:00+00:00","dateModified":"2023-12-01T17:36:13+00:00","description":"Deutschkurs intensiv mit 20 Unterrichtseinheiten pro Woche. Der Deutschkurs kostet ab 80 Euro pro Woche. Deutschkurs f\u00fcr alle Niveaus zwischen A1 und C1.","breadcrumb":{"@id":"https:\/\/isd-freiburg.de\/es\/online-anmeldung\/deutsch-intensiv-regular\/#breadcrumb"},"inLanguage":"es","potentialAction":[{"@type":"ReadAction","target":["https:\/\/isd-freiburg.de\/es\/online-anmeldung\/deutsch-intensiv-regular\/"]}]},{"@type":"ImageObject","inLanguage":"es","@id":"https:\/\/isd-freiburg.de\/es\/online-anmeldung\/deutsch-intensiv-regular\/#primaryimage","url":"https:\/\/isd-freiburg.de\/wp-content\/uploads\/2016\/06\/DEU_REG_PROF.jpg","contentUrl":"https:\/\/isd-freiburg.de\/wp-content\/uploads\/2016\/06\/DEU_REG_PROF.jpg","width":977,"height":651},{"@type":"BreadcrumbList","@id":"https:\/\/isd-freiburg.de\/es\/online-anmeldung\/deutsch-intensiv-regular\/#breadcrumb","itemListElement":[{"@type":"ListItem","position":1,"name":"Home","item":"https:\/\/isd-freiburg.de\/es\/"},{"@type":"ListItem","position":2,"name":"Inscripci\u00f3n online","item":"https:\/\/isd-freiburg.de\/es\/inscripcion-online\/"},{"@type":"ListItem","position":3,"name":"Curso de Alem\u00e1n REGULAR: 2-38 semanas (6 semanas= 60,- \u20ac descuento)"}]},{"@type":"WebSite","@id":"https:\/\/isd-freiburg.de\/es\/#website","url":"https:\/\/isd-freiburg.de\/es\/","name":"isd-freiburg.de","description":"Just another WordPress site","publisher":{"@id":"https:\/\/isd-freiburg.de\/es\/#organization"},"potentialAction":[{"@type":"SearchAction","target":{"@type":"EntryPoint","urlTemplate":"https:\/\/isd-freiburg.de\/es\/?s={search_term_string}"},"query-input":{"@type":"PropertyValueSpecification","valueRequired":true,"valueName":"search_term_string"}}],"inLanguage":"es"},{"@type":"Organization","@id":"https:\/\/isd-freiburg.de\/es\/#organization","name":"ISD Freiburg","url":"https:\/\/isd-freiburg.de\/es\/","logo":{"@type":"ImageObject","inLanguage":"es","@id":"https:\/\/isd-freiburg.de\/es\/#\/schema\/logo\/image\/","url":"https:\/\/isd-freiburg.de\/wp-content\/uploads\/2015\/11\/isd_logo.jpg","contentUrl":"https:\/\/isd-freiburg.de\/wp-content\/uploads\/2015\/11\/isd_logo.jpg","width":222,"height":80,"caption":"ISD Freiburg"},"image":{"@id":"https:\/\/isd-freiburg.de\/es\/#\/schema\/logo\/image\/"},"sameAs":["https:\/\/www.facebook.com\/isd.freiburg\/"]}]}},"_links":{"self":[{"href":"https:\/\/isd-freiburg.de\/es\/wp-json\/wp\/v2\/product\/4438","targetHints":{"allow":["GET"]}}],"collection":[{"href":"https:\/\/isd-freiburg.de\/es\/wp-json\/wp\/v2\/product"}],"about":[{"href":"https:\/\/isd-freiburg.de\/es\/wp-json\/wp\/v2\/types\/product"}],"wp:featuredmedia":[{"embeddable":true,"href":"https:\/\/isd-freiburg.de\/es\/wp-json\/wp\/v2\/media\/4338"}],"wp:attachment":[{"href":"https:\/\/isd-freiburg.de\/es\/wp-json\/wp\/v2\/media?parent=4438"}],"wp:term":[{"taxonomy":"product_brand","embeddable":true,"href":"https:\/\/isd-freiburg.de\/es\/wp-json\/wp\/v2\/product_brand?post=4438"},{"taxonomy":"product_cat","embeddable":true,"href":"https:\/\/isd-freiburg.de\/es\/wp-json\/wp\/v2\/product_cat?post=4438"},{"taxonomy":"product_tag","embeddable":true,"href":"https:\/\/isd-freiburg.de\/es\/wp-json\/wp\/v2\/product_tag?post=4438"}],"curies":[{"name":"wp","href":"https:\/\/api.w.org\/{rel}","templated":true}]}}