{"id":4461,"date":"2016-06-01T15:18:07","date_gmt":"2016-06-01T15:18:07","guid":{"rendered":"https:\/\/isd-freiburg.de\/es\/shop\/deutschkurs-superintensiv-kompakt\/"},"modified":"2016-06-15T15:05:35","modified_gmt":"2016-06-15T15:05:35","slug":"deutschkurs-superintensiv-kompakt","status":"publish","type":"product","link":"https:\/\/isd-freiburg.de\/es\/online-anmeldung\/deutschkurs-superintensiv-kompakt\/","title":{"rendered":"Curso de Alem\u00e1n Superintensiv KOMPAKT"},"content":{"rendered":"<h3><strong>Alem\u00e1n superintensivo\u00a0KOMPAKT (Niveles A1, A2 y\u00a0B1)<\/strong><\/h3>\n<p>El nuevo curso intensivo compacto, para ahorrar tiempo y llegar pronto y con \u00e9xito al reto.<\/p>\n<p><img fetchpriority=\"high\" decoding=\"async\" class=\"size-medium wp-image-3476 alignright\" src=\"https:\/\/isd-freiburg.de\/wp-content\/uploads\/2016\/06\/DEU_intensiv_Kompakt-360x240.jpg\" sizes=\"(max-width: 360px) 100vw, 360px\" srcset=\"https:\/\/isd-freiburg.de\/wp-content\/uploads\/2016\/06\/DEU_intensiv_Kompakt-360x240.jpg 360w, https:\/\/isd-freiburg.de\/wp-content\/uploads\/2016\/06\/DEU_intensiv_Kompakt-768x512.jpg 768w, https:\/\/isd-freiburg.de\/wp-content\/uploads\/2016\/06\/DEU_intensiv_Kompakt.jpg 977w\" alt=\"DEU_intensiv_Kompakt\" width=\"360\" height=\"240\" \/><\/p>\n<p>A1 (3 semanas): <strong>189,- EUR \/ Woche <\/strong><br \/>\nA2 (4 semanas): <strong>149,- EUR \/ Woche<br \/>\n<\/strong>B1 (4 semanas): <strong>149,- EUR \/ Woche<br \/>\n<\/strong>A1 \u2013 B1 (11 semanas):<strong> 1.659,- EUR<br \/>\n<\/strong>A2 \u2013 B1 (8 semanas):<strong> 1.139,- EUR<\/strong><\/p>\n<h3>N\u00e4chster Kursbeginn<\/h3>\n<div class=\"su-row\">\n<div class=\"su-column su-column-size-1-3\">\n<div class=\"su-column-inner su-clearfix\"><strong>Niv\u00e9l A1<\/strong>:<br \/>\n11.07.2016<br \/>\n03.10.2016<\/div>\n<\/div>\n<div class=\"su-column su-column-size-1-3\">\n<div class=\"su-column-inner su-clearfix\"><strong>Niv\u00e9l A2:<\/strong><br \/>\n01.08.2016<br \/>\n24.10.2016<\/div>\n<\/div>\n<div class=\"su-column su-column-size-1-3\">\n<div class=\"su-column-inner su-clearfix\"><strong>Niv\u00e9l B1:<\/strong><br \/>\n29.08.2016<br \/>\n21.11.2016<\/div>\n<\/div>\n<\/div>\n<h3>Descripci\u00f3n del curso<img decoding=\"async\" class=\"size-medium wp-image-2591 alignright\" src=\"https:\/\/isd-freiburg.de\/wp-content\/uploads\/2016\/06\/1U6A8780-360x240.jpg\" sizes=\"(max-width: 360px) 100vw, 360px\" srcset=\"https:\/\/isd-freiburg.de\/wp-content\/uploads\/2016\/06\/1U6A8780-360x240.jpg 360w, https:\/\/isd-freiburg.de\/wp-content\/uploads\/2016\/06\/1U6A8780-768x512.jpg 768w, https:\/\/isd-freiburg.de\/wp-content\/uploads\/2016\/06\/1U6A8780-977x651.jpg 977w, https:\/\/isd-freiburg.de\/wp-content\/uploads\/2016\/06\/1U6A8780.jpg 1536w\" alt=\"1U6A8780\" width=\"360\" height=\"240\" \/><\/h3>\n<p><span title=\"Ab Oktober 2015 k\u00f6nnen Sie an den neuen Kompaktkursen teilnehmen, durch die man schnell die Niveaus A1 - B1 absolvieren kann.\">A partir de octubre 2015 se puede participar en los nuevos cursos compactos, a trav\u00e9s del cuales usted puede cursar r\u00e1pidamente los niveles A1 \u2013 B1. <\/span><span title=\"Der Kompaktkurs richtet sich an Teilnehmer, die besonders sprachbegabt sind und einen effizienten und schnellen Kurs suchen.\">El curso compacto est\u00e1 dise\u00f1ado para los participantes que est\u00e1n especialmente dotados en los idiomas y est\u00e1n en busca de un curso eficiente y r\u00e1pido. <\/span><span title=\"Es handelt sich um superintensive Deutschkurse in Gruppen, die t\u00e4glich von 8:30 bis 13:30 (inkl. 30 Min. Pause) stattfinden. \">Son cursos super intensivos de alem\u00e1n en grupo que se dan diariamente de 8:30-13:30 (30 min. incl. pausa)<br \/>\n<\/span><span title=\"Wenn man Vorkenntnisse zwischen A1.b und B1 hat, ist es jeden Montag m\u00f6glich, nach einem Einstufungstest einzusteigen. \">Si usted tiene conocimiento previo entre A1.b y B1, es posible hacer una prueba de nivelaci\u00f3n cada lunes para ingresar a los cursos.<br \/>\n<\/span><span title=\"Freitags finden regelm\u00e4\u00dfige Check-Tests statt, damit der didaktische Stand der Gruppe \u00fcberpr\u00fcft werden kann.\">Todos los viernes se llevar\u00e1 a cabo pruebas de control regulares para asegurar y comprobar el nivel educativo del grupo. <\/span><span title=\"Wenn die Ergebnisse von 2 Tests nacheinander unausreichend sind, wird der Teilnehmer eingeladen, an einem regul\u00e4ren Deutschkurs teilzunehmen. \">Si los resultados de 2 pruebas dadas en sucesi\u00f3n no son suficientes (aprobadas), se invitar\u00e1 a los participantes a participar en un<strong> curso regular <\/strong>de lengua alemana.<\/span><\/p>\n<p><span title=\"Der Deutschkurs Kompakt eignet sich f\u00fcr TeilnehmerInnen, die mindestens eine andere Fremdsprache sehr gut beherrschen und die Lernmethodik f\u00fcr Fremdsprachen gewohnt sind.\">El curso compacto de alem\u00e1n es adecuado para los participantes, que por lo menos dominan muy bien otro idioma extranjero asi como tambi\u00e9n la metodolog\u00eda de aprendizaje de lenguas extranjeras. <\/span><span title=\"Durch den Kompaktkurs k\u00f6nnen Sie Zeit sparen und Ihr Ziel schneller und erfolgreich erreichen.\">A trav\u00e9s del curso compacto, usted puede ahorrar tiempo y lograr su objetivo m\u00e1s r\u00e1pido y con m\u00e1s \u00e9xito. <\/span><span title=\"Am Ende jedes B1-Niveaus kann man in den regul\u00e4ren Kurs f\u00fcr das B2-Niveau einsteigen. \">Al final del nivel B1, puede participar en el curso regular nivel B2.<\/span><\/p>\n<p><span title=\"Der Kompaktkurs ist didaktisch konzipiert, um alle telc-Sprachpr\u00fcfungen zwischen A1 und B1 ablegen zu k\u00f6nnen.\">El curso compacto est\u00e1 did\u00e1cticamente dise\u00f1ado para poder rendir todos los ex\u00e1menes de idiomas telc entre nivel A1 y B1.<\/span><\/p>\n<p>Aufbau des Kompaktkurses:<\/p>\n<p><strong>6<\/strong> Unterrichtseinheiten pro Tag<br \/>\n<strong>30<\/strong> Unterrichtseinheiten pro Woche<br \/>\n<strong>5 <\/strong>Tage die Woche von <strong>8:30 \u2013 13:30 Uhr<\/strong><\/p>\n<div class=\"shariff shariff-align-flex-start shariff-widget-align-flex-start shariff-buttonstretch\" style=\"display:none\"><ul class=\"shariff-buttons theme-default orientation-horizontal buttonsize-medium\"><li class=\"shariff-button facebook shariff-nocustomcolor\" style=\"background-color:#7e8700\"><a href=\"https:\/\/www.facebook.com\/sharer\/sharer.php?u=https%3A%2F%2Fisd-freiburg.de%2Fes%2Fonline-anmeldung%2Fdeutschkurs-superintensiv-kompakt%2F\" title=\"Compartir en Facebook\" aria-label=\"Compartir en Facebook\" role=\"button\" rel=\"nofollow\" class=\"shariff-link\" style=\"; background-color:#3b5998; color:#fff\" target=\"_blank\"><span class=\"shariff-icon\" style=\"\"><svg width=\"32px\" height=\"20px\" xmlns=\"http:\/\/www.w3.org\/2000\/svg\" viewBox=\"0 0 18 32\"><path fill=\"#3b5998\" d=\"M17.1 0.2v4.7h-2.8q-1.5 0-2.1 0.6t-0.5 1.9v3.4h5.2l-0.7 5.3h-4.5v13.6h-5.5v-13.6h-4.5v-5.3h4.5v-3.9q0-3.3 1.9-5.2t5-1.8q2.6 0 4.1 0.2z\"\/><\/svg><\/span><span class=\"shariff-text\">compartir<\/span>&nbsp;<\/a><\/li><li class=\"shariff-button twitter shariff-nocustomcolor\" style=\"background-color:#7e8700\"><a href=\"https:\/\/twitter.com\/share?url=https%3A%2F%2Fisd-freiburg.de%2Fes%2Fonline-anmeldung%2Fdeutschkurs-superintensiv-kompakt%2F&text=Curso%20de%20Alem%C3%A1n%20Superintensiv%20KOMPAKT\" title=\"Compartir en X\" aria-label=\"Compartir en X\" role=\"button\" rel=\"noopener nofollow\" class=\"shariff-link\" style=\"; background-color:#000; color:#fff\" target=\"_blank\"><span class=\"shariff-icon\" style=\"\"><svg width=\"32px\" height=\"20px\" xmlns=\"http:\/\/www.w3.org\/2000\/svg\" viewBox=\"0 0 24 24\"><path fill=\"#000\" d=\"M14.258 10.152L23.176 0h-2.113l-7.747 8.813L7.133 0H0l9.352 13.328L0 23.973h2.113l8.176-9.309 6.531 9.309h7.133zm-2.895 3.293l-.949-1.328L2.875 1.56h3.246l6.086 8.523.945 1.328 7.91 11.078h-3.246zm0 0\"\/><\/svg><\/span><span class=\"shariff-text\">compartir<\/span>&nbsp;<\/a><\/li><li class=\"shariff-button linkedin shariff-nocustomcolor\" style=\"background-color:#7e8700\"><a href=\"https:\/\/www.linkedin.com\/sharing\/share-offsite\/?url=https%3A%2F%2Fisd-freiburg.de%2Fes%2Fonline-anmeldung%2Fdeutschkurs-superintensiv-kompakt%2F\" title=\"Compartir en LinkedIn\" aria-label=\"Compartir en LinkedIn\" role=\"button\" rel=\"noopener nofollow\" class=\"shariff-link\" style=\"; background-color:#0077b5; color:#fff\" target=\"_blank\"><span class=\"shariff-icon\" style=\"\"><svg width=\"32px\" height=\"20px\" xmlns=\"http:\/\/www.w3.org\/2000\/svg\" viewBox=\"0 0 27 32\"><path fill=\"#0077b5\" d=\"M6.2 11.2v17.7h-5.9v-17.7h5.9zM6.6 5.7q0 1.3-0.9 2.2t-2.4 0.9h0q-1.5 0-2.4-0.9t-0.9-2.2 0.9-2.2 2.4-0.9 2.4 0.9 0.9 2.2zM27.4 18.7v10.1h-5.9v-9.5q0-1.9-0.7-2.9t-2.3-1.1q-1.1 0-1.9 0.6t-1.2 1.5q-0.2 0.5-0.2 1.4v9.9h-5.9q0-7.1 0-11.6t0-5.3l0-0.9h5.9v2.6h0q0.4-0.6 0.7-1t1-0.9 1.6-0.8 2-0.3q3 0 4.9 2t1.9 6z\"\/><\/svg><\/span><span class=\"shariff-text\">compartir<\/span>&nbsp;<\/a><\/li><li class=\"shariff-button xing shariff-nocustomcolor\" style=\"background-color:#7e8700\"><a href=\"https:\/\/www.xing.com\/spi\/shares\/new?url=https%3A%2F%2Fisd-freiburg.de%2Fes%2Fonline-anmeldung%2Fdeutschkurs-superintensiv-kompakt%2F\" title=\"Compartir en XING\" aria-label=\"Compartir en XING\" role=\"button\" rel=\"noopener nofollow\" class=\"shariff-link\" style=\"; background-color:#126567; color:#fff\" target=\"_blank\"><span class=\"shariff-icon\" style=\"\"><svg width=\"32px\" height=\"20px\" xmlns=\"http:\/\/www.w3.org\/2000\/svg\" viewBox=\"0 0 25 32\"><path fill=\"#126567\" d=\"M10.7 11.9q-0.2 0.3-4.6 8.2-0.5 0.8-1.2 0.8h-4.3q-0.4 0-0.5-0.3t0-0.6l4.5-8q0 0 0 0l-2.9-5q-0.2-0.4 0-0.7 0.2-0.3 0.5-0.3h4.3q0.7 0 1.2 0.8zM25.1 0.4q0.2 0.3 0 0.7l-9.4 16.7 6 11q0.2 0.4 0 0.6-0.2 0.3-0.6 0.3h-4.3q-0.7 0-1.2-0.8l-6-11.1q0.3-0.6 9.5-16.8 0.4-0.8 1.2-0.8h4.3q0.4 0 0.5 0.3z\"\/><\/svg><\/span><span class=\"shariff-text\">compartir<\/span>&nbsp;<\/a><\/li><\/ul><\/div>","protected":false},"excerpt":{"rendered":"<p><strong>Alem\u00e1n compacto, 30 unidades cada semana, de lun. a vie. 8:30 &#8211; 13:30. Para no perder tiempo y llegar pronto al nivel deseado. Elegir la opci\u00f3n m\u00e1s adecuada.<br \/>\n<\/strong><\/p>\n","protected":false},"featured_media":4346,"template":"","meta":{"_exactmetrics_skip_tracking":false,"_exactmetrics_sitenote_active":false,"_exactmetrics_sitenote_note":"","_exactmetrics_sitenote_category":0},"product_brand":[],"product_cat":[338],"product_tag":[],"class_list":{"0":"post-4461","1":"product","2":"type-product","3":"status-publish","4":"has-post-thumbnail","6":"product_cat-fremdsprachen-kurse","7":"pa_kursdauer-a1-3-wochen-es","8":"pa_kursdauer-a1-b1-11-wochen-es","9":"pa_kursdauer-a2-4-wochen-es","10":"pa_kursdauer-a2-b1-8-wochen-es","11":"pa_kursdauer-b1-4-wochen-es","13":"first","14":"instock","15":"sold-individually","16":"shipping-taxable","17":"purchasable","18":"product-type-variable"},"yoast_head":"<!-- This site is optimized with the Yoast SEO plugin v27.3 - https:\/\/yoast.com\/product\/yoast-seo-wordpress\/ -->\n<title>Curso de Alem\u00e1n Superintensiv KOMPAKT - isd-freiburg.de<\/title>\n<meta name=\"description\" content=\"Alle Deutschkurse sind intensiv und finden t\u00e4glich montags bis freitags von 9 bis 12.15 Uhr oder von 13 bis 16.15 Uhr statt. Ab 80 Euro pro Woche.\" \/>\n<meta name=\"robots\" content=\"index, follow, max-snippet:-1, max-image-preview:large, max-video-preview:-1\" \/>\n<link rel=\"canonical\" href=\"https:\/\/isd-freiburg.de\/es\/online-anmeldung\/deutschkurs-superintensiv-kompakt\/\" \/>\n<meta property=\"og:locale\" content=\"es_ES\" \/>\n<meta property=\"og:type\" content=\"article\" \/>\n<meta property=\"og:title\" content=\"Curso de Alem\u00e1n Superintensiv KOMPAKT - isd-freiburg.de\" \/>\n<meta property=\"og:description\" content=\"Alle Deutschkurse sind intensiv und finden t\u00e4glich montags bis freitags von 9 bis 12.15 Uhr oder von 13 bis 16.15 Uhr statt. Ab 80 Euro pro Woche.\" \/>\n<meta property=\"og:url\" content=\"https:\/\/isd-freiburg.de\/es\/online-anmeldung\/deutschkurs-superintensiv-kompakt\/\" \/>\n<meta property=\"og:site_name\" content=\"isd-freiburg.de\" \/>\n<meta property=\"article:publisher\" content=\"https:\/\/www.facebook.com\/isd.freiburg\/\" \/>\n<meta property=\"article:modified_time\" content=\"2016-06-15T15:05:35+00:00\" \/>\n<meta property=\"og:image\" content=\"https:\/\/isd-freiburg.de\/wp-content\/uploads\/2016\/06\/DEU_KOMP_PROF.jpg\" \/>\n\t<meta property=\"og:image:width\" content=\"977\" \/>\n\t<meta property=\"og:image:height\" content=\"651\" \/>\n\t<meta property=\"og:image:type\" content=\"image\/jpeg\" \/>\n<meta name=\"twitter:card\" content=\"summary_large_image\" \/>\n<meta name=\"twitter:label1\" content=\"Tiempo de lectura\" \/>\n\t<meta name=\"twitter:data1\" content=\"2 minutos\" \/>\n<script type=\"application\/ld+json\" class=\"yoast-schema-graph\">{\"@context\":\"https:\\\/\\\/schema.org\",\"@graph\":[{\"@type\":\"WebPage\",\"@id\":\"https:\\\/\\\/isd-freiburg.de\\\/es\\\/online-anmeldung\\\/deutschkurs-superintensiv-kompakt\\\/\",\"url\":\"https:\\\/\\\/isd-freiburg.de\\\/es\\\/online-anmeldung\\\/deutschkurs-superintensiv-kompakt\\\/\",\"name\":\"Curso de Alem\u00e1n Superintensiv KOMPAKT - isd-freiburg.de\",\"isPartOf\":{\"@id\":\"https:\\\/\\\/isd-freiburg.de\\\/es\\\/#website\"},\"primaryImageOfPage\":{\"@id\":\"https:\\\/\\\/isd-freiburg.de\\\/es\\\/online-anmeldung\\\/deutschkurs-superintensiv-kompakt\\\/#primaryimage\"},\"image\":{\"@id\":\"https:\\\/\\\/isd-freiburg.de\\\/es\\\/online-anmeldung\\\/deutschkurs-superintensiv-kompakt\\\/#primaryimage\"},\"thumbnailUrl\":\"https:\\\/\\\/isd-freiburg.de\\\/wp-content\\\/uploads\\\/2016\\\/06\\\/DEU_KOMP_PROF.jpg\",\"datePublished\":\"2016-06-01T15:18:07+00:00\",\"dateModified\":\"2016-06-15T15:05:35+00:00\",\"description\":\"Alle Deutschkurse sind intensiv und finden t\u00e4glich montags bis freitags von 9 bis 12.15 Uhr oder von 13 bis 16.15 Uhr statt. Ab 80 Euro pro Woche.\",\"breadcrumb\":{\"@id\":\"https:\\\/\\\/isd-freiburg.de\\\/es\\\/online-anmeldung\\\/deutschkurs-superintensiv-kompakt\\\/#breadcrumb\"},\"inLanguage\":\"es\",\"potentialAction\":[{\"@type\":\"ReadAction\",\"target\":[\"https:\\\/\\\/isd-freiburg.de\\\/es\\\/online-anmeldung\\\/deutschkurs-superintensiv-kompakt\\\/\"]}]},{\"@type\":\"ImageObject\",\"inLanguage\":\"es\",\"@id\":\"https:\\\/\\\/isd-freiburg.de\\\/es\\\/online-anmeldung\\\/deutschkurs-superintensiv-kompakt\\\/#primaryimage\",\"url\":\"https:\\\/\\\/isd-freiburg.de\\\/wp-content\\\/uploads\\\/2016\\\/06\\\/DEU_KOMP_PROF.jpg\",\"contentUrl\":\"https:\\\/\\\/isd-freiburg.de\\\/wp-content\\\/uploads\\\/2016\\\/06\\\/DEU_KOMP_PROF.jpg\",\"width\":977,\"height\":651},{\"@type\":\"BreadcrumbList\",\"@id\":\"https:\\\/\\\/isd-freiburg.de\\\/es\\\/online-anmeldung\\\/deutschkurs-superintensiv-kompakt\\\/#breadcrumb\",\"itemListElement\":[{\"@type\":\"ListItem\",\"position\":1,\"name\":\"Home\",\"item\":\"https:\\\/\\\/isd-freiburg.de\\\/es\\\/\"},{\"@type\":\"ListItem\",\"position\":2,\"name\":\"Inscripci\u00f3n online\",\"item\":\"https:\\\/\\\/isd-freiburg.de\\\/es\\\/inscripcion-online\\\/\"},{\"@type\":\"ListItem\",\"position\":3,\"name\":\"Curso de Alem\u00e1n Superintensiv KOMPAKT\"}]},{\"@type\":\"WebSite\",\"@id\":\"https:\\\/\\\/isd-freiburg.de\\\/es\\\/#website\",\"url\":\"https:\\\/\\\/isd-freiburg.de\\\/es\\\/\",\"name\":\"isd-freiburg.de\",\"description\":\"Just another WordPress site\",\"publisher\":{\"@id\":\"https:\\\/\\\/isd-freiburg.de\\\/es\\\/#organization\"},\"potentialAction\":[{\"@type\":\"SearchAction\",\"target\":{\"@type\":\"EntryPoint\",\"urlTemplate\":\"https:\\\/\\\/isd-freiburg.de\\\/es\\\/?s={search_term_string}\"},\"query-input\":{\"@type\":\"PropertyValueSpecification\",\"valueRequired\":true,\"valueName\":\"search_term_string\"}}],\"inLanguage\":\"es\"},{\"@type\":\"Organization\",\"@id\":\"https:\\\/\\\/isd-freiburg.de\\\/es\\\/#organization\",\"name\":\"ISD Freiburg\",\"url\":\"https:\\\/\\\/isd-freiburg.de\\\/es\\\/\",\"logo\":{\"@type\":\"ImageObject\",\"inLanguage\":\"es\",\"@id\":\"https:\\\/\\\/isd-freiburg.de\\\/es\\\/#\\\/schema\\\/logo\\\/image\\\/\",\"url\":\"https:\\\/\\\/isd-freiburg.de\\\/wp-content\\\/uploads\\\/2015\\\/11\\\/isd_logo.jpg\",\"contentUrl\":\"https:\\\/\\\/isd-freiburg.de\\\/wp-content\\\/uploads\\\/2015\\\/11\\\/isd_logo.jpg\",\"width\":222,\"height\":80,\"caption\":\"ISD Freiburg\"},\"image\":{\"@id\":\"https:\\\/\\\/isd-freiburg.de\\\/es\\\/#\\\/schema\\\/logo\\\/image\\\/\"},\"sameAs\":[\"https:\\\/\\\/www.facebook.com\\\/isd.freiburg\\\/\"]}]}<\/script>\n<!-- \/ Yoast SEO plugin. -->","yoast_head_json":{"title":"Curso de Alem\u00e1n Superintensiv KOMPAKT - isd-freiburg.de","description":"Alle Deutschkurse sind intensiv und finden t\u00e4glich montags bis freitags von 9 bis 12.15 Uhr oder von 13 bis 16.15 Uhr statt. Ab 80 Euro pro Woche.","robots":{"index":"index","follow":"follow","max-snippet":"max-snippet:-1","max-image-preview":"max-image-preview:large","max-video-preview":"max-video-preview:-1"},"canonical":"https:\/\/isd-freiburg.de\/es\/online-anmeldung\/deutschkurs-superintensiv-kompakt\/","og_locale":"es_ES","og_type":"article","og_title":"Curso de Alem\u00e1n Superintensiv KOMPAKT - isd-freiburg.de","og_description":"Alle Deutschkurse sind intensiv und finden t\u00e4glich montags bis freitags von 9 bis 12.15 Uhr oder von 13 bis 16.15 Uhr statt. Ab 80 Euro pro Woche.","og_url":"https:\/\/isd-freiburg.de\/es\/online-anmeldung\/deutschkurs-superintensiv-kompakt\/","og_site_name":"isd-freiburg.de","article_publisher":"https:\/\/www.facebook.com\/isd.freiburg\/","article_modified_time":"2016-06-15T15:05:35+00:00","og_image":[{"width":977,"height":651,"url":"https:\/\/isd-freiburg.de\/wp-content\/uploads\/2016\/06\/DEU_KOMP_PROF.jpg","type":"image\/jpeg"}],"twitter_card":"summary_large_image","twitter_misc":{"Tiempo de lectura":"2 minutos"},"schema":{"@context":"https:\/\/schema.org","@graph":[{"@type":"WebPage","@id":"https:\/\/isd-freiburg.de\/es\/online-anmeldung\/deutschkurs-superintensiv-kompakt\/","url":"https:\/\/isd-freiburg.de\/es\/online-anmeldung\/deutschkurs-superintensiv-kompakt\/","name":"Curso de Alem\u00e1n Superintensiv KOMPAKT - isd-freiburg.de","isPartOf":{"@id":"https:\/\/isd-freiburg.de\/es\/#website"},"primaryImageOfPage":{"@id":"https:\/\/isd-freiburg.de\/es\/online-anmeldung\/deutschkurs-superintensiv-kompakt\/#primaryimage"},"image":{"@id":"https:\/\/isd-freiburg.de\/es\/online-anmeldung\/deutschkurs-superintensiv-kompakt\/#primaryimage"},"thumbnailUrl":"https:\/\/isd-freiburg.de\/wp-content\/uploads\/2016\/06\/DEU_KOMP_PROF.jpg","datePublished":"2016-06-01T15:18:07+00:00","dateModified":"2016-06-15T15:05:35+00:00","description":"Alle Deutschkurse sind intensiv und finden t\u00e4glich montags bis freitags von 9 bis 12.15 Uhr oder von 13 bis 16.15 Uhr statt. Ab 80 Euro pro Woche.","breadcrumb":{"@id":"https:\/\/isd-freiburg.de\/es\/online-anmeldung\/deutschkurs-superintensiv-kompakt\/#breadcrumb"},"inLanguage":"es","potentialAction":[{"@type":"ReadAction","target":["https:\/\/isd-freiburg.de\/es\/online-anmeldung\/deutschkurs-superintensiv-kompakt\/"]}]},{"@type":"ImageObject","inLanguage":"es","@id":"https:\/\/isd-freiburg.de\/es\/online-anmeldung\/deutschkurs-superintensiv-kompakt\/#primaryimage","url":"https:\/\/isd-freiburg.de\/wp-content\/uploads\/2016\/06\/DEU_KOMP_PROF.jpg","contentUrl":"https:\/\/isd-freiburg.de\/wp-content\/uploads\/2016\/06\/DEU_KOMP_PROF.jpg","width":977,"height":651},{"@type":"BreadcrumbList","@id":"https:\/\/isd-freiburg.de\/es\/online-anmeldung\/deutschkurs-superintensiv-kompakt\/#breadcrumb","itemListElement":[{"@type":"ListItem","position":1,"name":"Home","item":"https:\/\/isd-freiburg.de\/es\/"},{"@type":"ListItem","position":2,"name":"Inscripci\u00f3n online","item":"https:\/\/isd-freiburg.de\/es\/inscripcion-online\/"},{"@type":"ListItem","position":3,"name":"Curso de Alem\u00e1n Superintensiv KOMPAKT"}]},{"@type":"WebSite","@id":"https:\/\/isd-freiburg.de\/es\/#website","url":"https:\/\/isd-freiburg.de\/es\/","name":"isd-freiburg.de","description":"Just another WordPress site","publisher":{"@id":"https:\/\/isd-freiburg.de\/es\/#organization"},"potentialAction":[{"@type":"SearchAction","target":{"@type":"EntryPoint","urlTemplate":"https:\/\/isd-freiburg.de\/es\/?s={search_term_string}"},"query-input":{"@type":"PropertyValueSpecification","valueRequired":true,"valueName":"search_term_string"}}],"inLanguage":"es"},{"@type":"Organization","@id":"https:\/\/isd-freiburg.de\/es\/#organization","name":"ISD Freiburg","url":"https:\/\/isd-freiburg.de\/es\/","logo":{"@type":"ImageObject","inLanguage":"es","@id":"https:\/\/isd-freiburg.de\/es\/#\/schema\/logo\/image\/","url":"https:\/\/isd-freiburg.de\/wp-content\/uploads\/2015\/11\/isd_logo.jpg","contentUrl":"https:\/\/isd-freiburg.de\/wp-content\/uploads\/2015\/11\/isd_logo.jpg","width":222,"height":80,"caption":"ISD Freiburg"},"image":{"@id":"https:\/\/isd-freiburg.de\/es\/#\/schema\/logo\/image\/"},"sameAs":["https:\/\/www.facebook.com\/isd.freiburg\/"]}]}},"_links":{"self":[{"href":"https:\/\/isd-freiburg.de\/es\/wp-json\/wp\/v2\/product\/4461","targetHints":{"allow":["GET"]}}],"collection":[{"href":"https:\/\/isd-freiburg.de\/es\/wp-json\/wp\/v2\/product"}],"about":[{"href":"https:\/\/isd-freiburg.de\/es\/wp-json\/wp\/v2\/types\/product"}],"wp:featuredmedia":[{"embeddable":true,"href":"https:\/\/isd-freiburg.de\/es\/wp-json\/wp\/v2\/media\/4346"}],"wp:attachment":[{"href":"https:\/\/isd-freiburg.de\/es\/wp-json\/wp\/v2\/media?parent=4461"}],"wp:term":[{"taxonomy":"product_brand","embeddable":true,"href":"https:\/\/isd-freiburg.de\/es\/wp-json\/wp\/v2\/product_brand?post=4461"},{"taxonomy":"product_cat","embeddable":true,"href":"https:\/\/isd-freiburg.de\/es\/wp-json\/wp\/v2\/product_cat?post=4461"},{"taxonomy":"product_tag","embeddable":true,"href":"https:\/\/isd-freiburg.de\/es\/wp-json\/wp\/v2\/product_tag?post=4461"}],"curies":[{"name":"wp","href":"https:\/\/api.w.org\/{rel}","templated":true}]}}