{"id":1044,"date":"2016-06-02T06:37:09","date_gmt":"2016-06-02T06:37:09","guid":{"rendered":"https:\/\/isd-freiburg.de\/fr\/?page_id=1044"},"modified":"2016-10-27T07:41:38","modified_gmt":"2016-10-27T07:41:38","slug":"la-ville-de-fribourg","status":"publish","type":"page","link":"https:\/\/isd-freiburg.de\/fr\/infos-generales\/la-ville-de-fribourg\/","title":{"rendered":"La ville de Fribourg"},"content":{"rendered":"<div id=\"content\" class=\"column\">\n<div id=\"contentInner\">\n<div id=\"contentInnerInner\">\n<p>Fribourg-en-Brisgau (Freiburg im Breisgau), capitale de la For\u00eat-Noire, est avec ses 220.000 habitants (dont plus de 33.000 \u00e9tudiants) la quatri\u00e8me ville du Bade-Wurtemberg apr\u00e8s Stuttgart, Mannheim et Karlsruhe et la plus m\u00e9ridionale des grandes villes d&rsquo;Allemagne.<\/p>\n<p>Freiburg est en effet c\u00e9l\u00e8bre dans toute l&rsquo;Allemagne non seulement pour sa cath\u00e9drale et sa jolie vieille ville, mais aussi et surtout pour son ensoleillement et la douceur de son climat. La ville est situ\u00e9e \u00e0 la limite entre la For\u00eat Noire et le foss\u00e9 rh\u00e9nan (Rhin sup\u00e9rieur), \u00e0 quelques kilom\u00e8tres de la France et de la Suisse.<\/p>\n<p>Les sommets de la For\u00eat Noire (Schauinsland, Feldberg, Belchen), facilement accessibles depuis la ville, sont des destinations tr\u00e8s pris\u00e9es tout au long de l&rsquo;ann\u00e9e: en hiver, les pentes enneig\u00e9es font le bonheur des skieurs, tandis qu&rsquo;en \u00e9t\u00e9, les lacs et les vastes paysages bois\u00e9s invitent \u00e0 la randonn\u00e9e sur les nombreux sentiers am\u00e9nag\u00e9s.<\/p>\n<p><img fetchpriority=\"high\" decoding=\"async\" class=\"alignright size-medium wp-image-491\" src=\"https:\/\/isd-freiburg.de\/wp-content\/uploads\/2015\/11\/Freiburg_Fest.jpg\" alt=\"Freiburg_Fest\" width=\"270\" height=\"360\" srcset=\"https:\/\/isd-freiburg.de\/wp-content\/uploads\/2015\/11\/Freiburg_Fest.jpg 300w, https:\/\/isd-freiburg.de\/wp-content\/uploads\/2015\/11\/Freiburg_Fest-270x360.jpg 270w\" sizes=\"(max-width: 270px) 100vw, 270px\" \/>La population de Freiburg est la plus jeune d&rsquo;Allemagne. En effet, la ville vit au rythme de son important complexe universitaire qui a su asseoir, gr\u00e2ce \u00e0 la grande qualit\u00e9 de son enseignement et \u00e0 la vitalit\u00e9 du p\u00f4le recherche, sa renomm\u00e9e internationale. Freiburg pr\u00e9sente donc tous les avantages d&rsquo;une \u00ab\u00a0ville \u00e9tudiante\u00a0\u00bb jeune et dynamique. Le centre ville, une grande zone pi\u00e9tonni\u00e8re anim\u00e9e, est reli\u00e9 aux autres quartiers ainsi qu&rsquo;aux villages environnants par un r\u00e9seau bien organis\u00e9 de transports en commun (tramways, bus et trains). Mais Freiburg est surtout une ville o\u00f9 il fait bon circuler \u00e0 v\u00e9lo, \u00e0 tel point que c&rsquo;en est devenu le mode de transport embl\u00e9matique! Gr\u00e2ce \u00e0 un r\u00e9seau de pistes cyclables qui compte parmi les plus importants d&rsquo;Europe, il est ainsi possible non seulement de se d\u00e9placer facilement d&rsquo;un coin \u00e0 l&rsquo;autre de la ville, mais aussi d&rsquo;en d\u00e9couvrir les environs, depuis les villages viticoles au pied des superbes collines du \u00ab\u00a0Kaiserstuhl\u00a0\u00bb (les c\u00f4teaux les plus ensoleill\u00e9s d&rsquo;Allemagne), jusqu&rsquo;en France (\u00e0 26 km du centre ville de Freiburg) en passant par les petites villes des bords de Rhin (Breisach am Rhein). Mais il n&rsquo;est pas besoin de sortir de la ville pour \u00eatre en contact avec la nature: Freiburg regorge d&rsquo;espaces verts, qui invitent \u00e0 la d\u00e9tente, \u00e0 la promenade et aux loisirs de plein-air. Aux beaux jours, pique-niques et barbecues s&rsquo;improvisent dans les parcs, au bord des lacs et sur les rives de la Dreisam.<\/p>\n<p><img decoding=\"async\" class=\"size-full wp-image-484 alignleft\" src=\"https:\/\/isd-freiburg.de\/wp-content\/uploads\/2015\/11\/Freiburg_3.jpg\" alt=\"Schwabentor\" width=\"300\" height=\"400\" \/>La vie nocturne bat son plein du mercredi au dimanche: bars \u00e0 cocktails, restaurants, discoth\u00e8ques, pubs, th\u00e9\u00e2tres, cin\u00e9mas et centres culturels offrent un large choix de sorties pour tous les go\u00fbts, de l&rsquo;underground au branch\u00e9. Chaque \u00e9t\u00e9 a lieu le fameux festival ZMF (Zelt-Musik-Festival, \u00ab\u00a0festival de musique sous les tentes\u00a0\u00bb) o\u00f9 sont invit\u00e9s des artistes de la sc\u00e8ne internationale (jazz, rock, pop).<\/p>\n<p>Freiburg est tout simplement la ville id\u00e9ale pour entrer en contact avec la culture allemande et apprendre l&rsquo;allemand.<\/p>\n<p>Voir la vid\u00e9o en fran\u00e7ais sur la ville de Freiburg<\/p>\n<\/div>\n<\/div>\n<\/div>\n<div class=\"shariff shariff-align-flex-start shariff-widget-align-flex-start shariff-buttonstretch\" style=\"display:none\"><ul class=\"shariff-buttons theme-default orientation-horizontal buttonsize-medium\"><li class=\"shariff-button facebook shariff-nocustomcolor\" style=\"background-color:#7e8700\"><a href=\"https:\/\/www.facebook.com\/sharer\/sharer.php?u=https%3A%2F%2Fisd-freiburg.de%2Ffr%2Finfos-generales%2Fla-ville-de-fribourg%2F\" title=\"Envoyer par Facebook\" aria-label=\"Envoyer par Facebook\" role=\"button\" rel=\"nofollow\" class=\"shariff-link\" style=\"; background-color:#3b5998; color:#fff\" target=\"_blank\"><span class=\"shariff-icon\" style=\"\"><svg width=\"32px\" height=\"20px\" xmlns=\"http:\/\/www.w3.org\/2000\/svg\" viewBox=\"0 0 18 32\"><path fill=\"#3b5998\" d=\"M17.1 0.2v4.7h-2.8q-1.5 0-2.1 0.6t-0.5 1.9v3.4h5.2l-0.7 5.3h-4.5v13.6h-5.5v-13.6h-4.5v-5.3h4.5v-3.9q0-3.3 1.9-5.2t5-1.8q2.6 0 4.1 0.2z\"\/><\/svg><\/span><span class=\"shariff-text\">partager<\/span>&nbsp;<\/a><\/li><li class=\"shariff-button twitter shariff-nocustomcolor\" style=\"background-color:#7e8700\"><a href=\"https:\/\/twitter.com\/share?url=https%3A%2F%2Fisd-freiburg.de%2Ffr%2Finfos-generales%2Fla-ville-de-fribourg%2F&text=La%20ville%20de%20Fribourg\" title=\"Envoyer par X\" aria-label=\"Envoyer par X\" role=\"button\" rel=\"noopener nofollow\" class=\"shariff-link\" style=\"; background-color:#000; color:#fff\" target=\"_blank\"><span class=\"shariff-icon\" style=\"\"><svg width=\"32px\" height=\"20px\" xmlns=\"http:\/\/www.w3.org\/2000\/svg\" viewBox=\"0 0 24 24\"><path fill=\"#000\" d=\"M14.258 10.152L23.176 0h-2.113l-7.747 8.813L7.133 0H0l9.352 13.328L0 23.973h2.113l8.176-9.309 6.531 9.309h7.133zm-2.895 3.293l-.949-1.328L2.875 1.56h3.246l6.086 8.523.945 1.328 7.91 11.078h-3.246zm0 0\"\/><\/svg><\/span><span class=\"shariff-text\">partager<\/span>&nbsp;<\/a><\/li><li class=\"shariff-button linkedin shariff-nocustomcolor\" style=\"background-color:#7e8700\"><a href=\"https:\/\/www.linkedin.com\/sharing\/share-offsite\/?url=https%3A%2F%2Fisd-freiburg.de%2Ffr%2Finfos-generales%2Fla-ville-de-fribourg%2F\" title=\"Envoyer par LinkedIn\" aria-label=\"Envoyer par LinkedIn\" role=\"button\" rel=\"noopener nofollow\" class=\"shariff-link\" style=\"; background-color:#0077b5; color:#fff\" target=\"_blank\"><span class=\"shariff-icon\" style=\"\"><svg width=\"32px\" height=\"20px\" xmlns=\"http:\/\/www.w3.org\/2000\/svg\" viewBox=\"0 0 27 32\"><path fill=\"#0077b5\" d=\"M6.2 11.2v17.7h-5.9v-17.7h5.9zM6.6 5.7q0 1.3-0.9 2.2t-2.4 0.9h0q-1.5 0-2.4-0.9t-0.9-2.2 0.9-2.2 2.4-0.9 2.4 0.9 0.9 2.2zM27.4 18.7v10.1h-5.9v-9.5q0-1.9-0.7-2.9t-2.3-1.1q-1.1 0-1.9 0.6t-1.2 1.5q-0.2 0.5-0.2 1.4v9.9h-5.9q0-7.1 0-11.6t0-5.3l0-0.9h5.9v2.6h0q0.4-0.6 0.7-1t1-0.9 1.6-0.8 2-0.3q3 0 4.9 2t1.9 6z\"\/><\/svg><\/span><span class=\"shariff-text\">partager<\/span>&nbsp;<\/a><\/li><li class=\"shariff-button xing shariff-nocustomcolor\" style=\"background-color:#7e8700\"><a href=\"https:\/\/www.xing.com\/spi\/shares\/new?url=https%3A%2F%2Fisd-freiburg.de%2Ffr%2Finfos-generales%2Fla-ville-de-fribourg%2F\" title=\"Envoyer par XING\" aria-label=\"Envoyer par XING\" role=\"button\" rel=\"noopener nofollow\" class=\"shariff-link\" style=\"; background-color:#126567; color:#fff\" target=\"_blank\"><span class=\"shariff-icon\" style=\"\"><svg width=\"32px\" height=\"20px\" xmlns=\"http:\/\/www.w3.org\/2000\/svg\" viewBox=\"0 0 25 32\"><path fill=\"#126567\" d=\"M10.7 11.9q-0.2 0.3-4.6 8.2-0.5 0.8-1.2 0.8h-4.3q-0.4 0-0.5-0.3t0-0.6l4.5-8q0 0 0 0l-2.9-5q-0.2-0.4 0-0.7 0.2-0.3 0.5-0.3h4.3q0.7 0 1.2 0.8zM25.1 0.4q0.2 0.3 0 0.7l-9.4 16.7 6 11q0.2 0.4 0 0.6-0.2 0.3-0.6 0.3h-4.3q-0.7 0-1.2-0.8l-6-11.1q0.3-0.6 9.5-16.8 0.4-0.8 1.2-0.8h4.3q0.4 0 0.5 0.3z\"\/><\/svg><\/span><span class=\"shariff-text\">partager<\/span>&nbsp;<\/a><\/li><\/ul><\/div>","protected":false},"excerpt":{"rendered":"<p>Fribourg-en-Brisgau (Freiburg im Breisgau), capitale de la For\u00eat-Noire, est avec ses 220.000 habitants (dont plus de 33.000 \u00e9tudiants) la quatri\u00e8me ville du Bade-Wurtemberg apr\u00e8s Stuttgart, Mannheim et Karlsruhe et la plus m\u00e9ridionale des grandes villes d&rsquo;Allemagne. Freiburg est en effet c\u00e9l\u00e8bre dans toute l&rsquo;Allemagne non seulement pour sa cath\u00e9drale et sa jolie vieille ville, mais [&hellip;]<\/p>\n","protected":false},"author":3,"featured_media":0,"parent":99,"menu_order":20,"comment_status":"closed","ping_status":"closed","template":"","meta":{"_exactmetrics_skip_tracking":false,"_exactmetrics_sitenote_active":false,"_exactmetrics_sitenote_note":"","_exactmetrics_sitenote_category":0,"footnotes":""},"class_list":["post-1044","page","type-page","status-publish","hentry"],"yoast_head":"<!-- This site is optimized with the Yoast SEO plugin v27.4 - https:\/\/yoast.com\/product\/yoast-seo-wordpress\/ -->\n<title>La ville de Fribourg - isd-freiburg.de<\/title>\n<meta name=\"robots\" content=\"index, follow, max-snippet:-1, max-image-preview:large, max-video-preview:-1\" \/>\n<link rel=\"canonical\" href=\"https:\/\/isd-freiburg.de\/fr\/infos-generales\/la-ville-de-fribourg\/\" \/>\n<meta property=\"og:locale\" content=\"fr_FR\" \/>\n<meta property=\"og:type\" content=\"article\" \/>\n<meta property=\"og:title\" content=\"La ville de Fribourg - isd-freiburg.de\" \/>\n<meta property=\"og:description\" content=\"Fribourg-en-Brisgau (Freiburg im Breisgau), capitale de la For\u00eat-Noire, est avec ses 220.000 habitants (dont plus de 33.000 \u00e9tudiants) la quatri\u00e8me ville du Bade-Wurtemberg apr\u00e8s Stuttgart, Mannheim et Karlsruhe et la plus m\u00e9ridionale des grandes villes d&rsquo;Allemagne. Freiburg est en effet c\u00e9l\u00e8bre dans toute l&rsquo;Allemagne non seulement pour sa cath\u00e9drale et sa jolie vieille ville, mais [&hellip;]\" \/>\n<meta property=\"og:url\" content=\"https:\/\/isd-freiburg.de\/fr\/infos-generales\/la-ville-de-fribourg\/\" \/>\n<meta property=\"og:site_name\" content=\"isd-freiburg.de\" \/>\n<meta property=\"article:publisher\" content=\"https:\/\/www.facebook.com\/isd.freiburg\/\" \/>\n<meta property=\"article:modified_time\" content=\"2016-10-27T07:41:38+00:00\" \/>\n<meta property=\"og:image\" content=\"https:\/\/isd-freiburg.de\/wp-content\/uploads\/2015\/11\/Freiburg_Fest-270x360.jpg\" \/>\n<meta name=\"twitter:card\" content=\"summary_large_image\" \/>\n<meta name=\"twitter:label1\" content=\"Dur\u00e9e de lecture estim\u00e9e\" \/>\n\t<meta name=\"twitter:data1\" content=\"3 minutes\" \/>\n<script type=\"application\/ld+json\" class=\"yoast-schema-graph\">{\"@context\":\"https:\\\/\\\/schema.org\",\"@graph\":[{\"@type\":\"WebPage\",\"@id\":\"https:\\\/\\\/isd-freiburg.de\\\/fr\\\/infos-generales\\\/la-ville-de-fribourg\\\/\",\"url\":\"https:\\\/\\\/isd-freiburg.de\\\/fr\\\/infos-generales\\\/la-ville-de-fribourg\\\/\",\"name\":\"La ville de Fribourg - isd-freiburg.de\",\"isPartOf\":{\"@id\":\"https:\\\/\\\/isd-freiburg.de\\\/fr\\\/#website\"},\"primaryImageOfPage\":{\"@id\":\"https:\\\/\\\/isd-freiburg.de\\\/fr\\\/infos-generales\\\/la-ville-de-fribourg\\\/#primaryimage\"},\"image\":{\"@id\":\"https:\\\/\\\/isd-freiburg.de\\\/fr\\\/infos-generales\\\/la-ville-de-fribourg\\\/#primaryimage\"},\"thumbnailUrl\":\"https:\\\/\\\/isd-freiburg.de\\\/wp-content\\\/uploads\\\/2015\\\/11\\\/Freiburg_Fest.jpg\",\"datePublished\":\"2016-06-02T06:37:09+00:00\",\"dateModified\":\"2016-10-27T07:41:38+00:00\",\"breadcrumb\":{\"@id\":\"https:\\\/\\\/isd-freiburg.de\\\/fr\\\/infos-generales\\\/la-ville-de-fribourg\\\/#breadcrumb\"},\"inLanguage\":\"fr-FR\",\"potentialAction\":[{\"@type\":\"ReadAction\",\"target\":[\"https:\\\/\\\/isd-freiburg.de\\\/fr\\\/infos-generales\\\/la-ville-de-fribourg\\\/\"]}]},{\"@type\":\"ImageObject\",\"inLanguage\":\"fr-FR\",\"@id\":\"https:\\\/\\\/isd-freiburg.de\\\/fr\\\/infos-generales\\\/la-ville-de-fribourg\\\/#primaryimage\",\"url\":\"https:\\\/\\\/isd-freiburg.de\\\/wp-content\\\/uploads\\\/2015\\\/11\\\/Freiburg_Fest.jpg\",\"contentUrl\":\"https:\\\/\\\/isd-freiburg.de\\\/wp-content\\\/uploads\\\/2015\\\/11\\\/Freiburg_Fest.jpg\"},{\"@type\":\"BreadcrumbList\",\"@id\":\"https:\\\/\\\/isd-freiburg.de\\\/fr\\\/infos-generales\\\/la-ville-de-fribourg\\\/#breadcrumb\",\"itemListElement\":[{\"@type\":\"ListItem\",\"position\":1,\"name\":\"Home\",\"item\":\"https:\\\/\\\/isd-freiburg.de\\\/fr\\\/\"},{\"@type\":\"ListItem\",\"position\":2,\"name\":\"Internationales Sprachzentrum Dialogo &#8211; your language school in Freiburg\",\"item\":\"https:\\\/\\\/isd-freiburg.de\\\/fr\\\/\"},{\"@type\":\"ListItem\",\"position\":3,\"name\":\"La ville de Fribourg\"}]},{\"@type\":\"WebSite\",\"@id\":\"https:\\\/\\\/isd-freiburg.de\\\/fr\\\/#website\",\"url\":\"https:\\\/\\\/isd-freiburg.de\\\/fr\\\/\",\"name\":\"isd-freiburg.de\",\"description\":\"Just another WordPress site\",\"publisher\":{\"@id\":\"https:\\\/\\\/isd-freiburg.de\\\/fr\\\/#organization\"},\"potentialAction\":[{\"@type\":\"SearchAction\",\"target\":{\"@type\":\"EntryPoint\",\"urlTemplate\":\"https:\\\/\\\/isd-freiburg.de\\\/fr\\\/?s={search_term_string}\"},\"query-input\":{\"@type\":\"PropertyValueSpecification\",\"valueRequired\":true,\"valueName\":\"search_term_string\"}}],\"inLanguage\":\"fr-FR\"},{\"@type\":\"Organization\",\"@id\":\"https:\\\/\\\/isd-freiburg.de\\\/fr\\\/#organization\",\"name\":\"ISD Freiburg\",\"url\":\"https:\\\/\\\/isd-freiburg.de\\\/fr\\\/\",\"logo\":{\"@type\":\"ImageObject\",\"inLanguage\":\"fr-FR\",\"@id\":\"https:\\\/\\\/isd-freiburg.de\\\/fr\\\/#\\\/schema\\\/logo\\\/image\\\/\",\"url\":\"https:\\\/\\\/isd-freiburg.de\\\/wp-content\\\/uploads\\\/2015\\\/11\\\/isd_logo.jpg\",\"contentUrl\":\"https:\\\/\\\/isd-freiburg.de\\\/wp-content\\\/uploads\\\/2015\\\/11\\\/isd_logo.jpg\",\"width\":222,\"height\":80,\"caption\":\"ISD Freiburg\"},\"image\":{\"@id\":\"https:\\\/\\\/isd-freiburg.de\\\/fr\\\/#\\\/schema\\\/logo\\\/image\\\/\"},\"sameAs\":[\"https:\\\/\\\/www.facebook.com\\\/isd.freiburg\\\/\"]}]}<\/script>\n<!-- \/ Yoast SEO plugin. -->","yoast_head_json":{"title":"La ville de Fribourg - isd-freiburg.de","robots":{"index":"index","follow":"follow","max-snippet":"max-snippet:-1","max-image-preview":"max-image-preview:large","max-video-preview":"max-video-preview:-1"},"canonical":"https:\/\/isd-freiburg.de\/fr\/infos-generales\/la-ville-de-fribourg\/","og_locale":"fr_FR","og_type":"article","og_title":"La ville de Fribourg - isd-freiburg.de","og_description":"Fribourg-en-Brisgau (Freiburg im Breisgau), capitale de la For\u00eat-Noire, est avec ses 220.000 habitants (dont plus de 33.000 \u00e9tudiants) la quatri\u00e8me ville du Bade-Wurtemberg apr\u00e8s Stuttgart, Mannheim et Karlsruhe et la plus m\u00e9ridionale des grandes villes d&rsquo;Allemagne. Freiburg est en effet c\u00e9l\u00e8bre dans toute l&rsquo;Allemagne non seulement pour sa cath\u00e9drale et sa jolie vieille ville, mais [&hellip;]","og_url":"https:\/\/isd-freiburg.de\/fr\/infos-generales\/la-ville-de-fribourg\/","og_site_name":"isd-freiburg.de","article_publisher":"https:\/\/www.facebook.com\/isd.freiburg\/","article_modified_time":"2016-10-27T07:41:38+00:00","og_image":[{"url":"https:\/\/isd-freiburg.de\/wp-content\/uploads\/2015\/11\/Freiburg_Fest-270x360.jpg","type":"","width":"","height":""}],"twitter_card":"summary_large_image","twitter_misc":{"Dur\u00e9e de lecture estim\u00e9e":"3 minutes"},"schema":{"@context":"https:\/\/schema.org","@graph":[{"@type":"WebPage","@id":"https:\/\/isd-freiburg.de\/fr\/infos-generales\/la-ville-de-fribourg\/","url":"https:\/\/isd-freiburg.de\/fr\/infos-generales\/la-ville-de-fribourg\/","name":"La ville de Fribourg - isd-freiburg.de","isPartOf":{"@id":"https:\/\/isd-freiburg.de\/fr\/#website"},"primaryImageOfPage":{"@id":"https:\/\/isd-freiburg.de\/fr\/infos-generales\/la-ville-de-fribourg\/#primaryimage"},"image":{"@id":"https:\/\/isd-freiburg.de\/fr\/infos-generales\/la-ville-de-fribourg\/#primaryimage"},"thumbnailUrl":"https:\/\/isd-freiburg.de\/wp-content\/uploads\/2015\/11\/Freiburg_Fest.jpg","datePublished":"2016-06-02T06:37:09+00:00","dateModified":"2016-10-27T07:41:38+00:00","breadcrumb":{"@id":"https:\/\/isd-freiburg.de\/fr\/infos-generales\/la-ville-de-fribourg\/#breadcrumb"},"inLanguage":"fr-FR","potentialAction":[{"@type":"ReadAction","target":["https:\/\/isd-freiburg.de\/fr\/infos-generales\/la-ville-de-fribourg\/"]}]},{"@type":"ImageObject","inLanguage":"fr-FR","@id":"https:\/\/isd-freiburg.de\/fr\/infos-generales\/la-ville-de-fribourg\/#primaryimage","url":"https:\/\/isd-freiburg.de\/wp-content\/uploads\/2015\/11\/Freiburg_Fest.jpg","contentUrl":"https:\/\/isd-freiburg.de\/wp-content\/uploads\/2015\/11\/Freiburg_Fest.jpg"},{"@type":"BreadcrumbList","@id":"https:\/\/isd-freiburg.de\/fr\/infos-generales\/la-ville-de-fribourg\/#breadcrumb","itemListElement":[{"@type":"ListItem","position":1,"name":"Home","item":"https:\/\/isd-freiburg.de\/fr\/"},{"@type":"ListItem","position":2,"name":"Internationales Sprachzentrum Dialogo &#8211; your language school in Freiburg","item":"https:\/\/isd-freiburg.de\/fr\/"},{"@type":"ListItem","position":3,"name":"La ville de Fribourg"}]},{"@type":"WebSite","@id":"https:\/\/isd-freiburg.de\/fr\/#website","url":"https:\/\/isd-freiburg.de\/fr\/","name":"isd-freiburg.de","description":"Just another WordPress site","publisher":{"@id":"https:\/\/isd-freiburg.de\/fr\/#organization"},"potentialAction":[{"@type":"SearchAction","target":{"@type":"EntryPoint","urlTemplate":"https:\/\/isd-freiburg.de\/fr\/?s={search_term_string}"},"query-input":{"@type":"PropertyValueSpecification","valueRequired":true,"valueName":"search_term_string"}}],"inLanguage":"fr-FR"},{"@type":"Organization","@id":"https:\/\/isd-freiburg.de\/fr\/#organization","name":"ISD Freiburg","url":"https:\/\/isd-freiburg.de\/fr\/","logo":{"@type":"ImageObject","inLanguage":"fr-FR","@id":"https:\/\/isd-freiburg.de\/fr\/#\/schema\/logo\/image\/","url":"https:\/\/isd-freiburg.de\/wp-content\/uploads\/2015\/11\/isd_logo.jpg","contentUrl":"https:\/\/isd-freiburg.de\/wp-content\/uploads\/2015\/11\/isd_logo.jpg","width":222,"height":80,"caption":"ISD Freiburg"},"image":{"@id":"https:\/\/isd-freiburg.de\/fr\/#\/schema\/logo\/image\/"},"sameAs":["https:\/\/www.facebook.com\/isd.freiburg\/"]}]}},"_links":{"self":[{"href":"https:\/\/isd-freiburg.de\/fr\/wp-json\/wp\/v2\/pages\/1044","targetHints":{"allow":["GET"]}}],"collection":[{"href":"https:\/\/isd-freiburg.de\/fr\/wp-json\/wp\/v2\/pages"}],"about":[{"href":"https:\/\/isd-freiburg.de\/fr\/wp-json\/wp\/v2\/types\/page"}],"author":[{"embeddable":true,"href":"https:\/\/isd-freiburg.de\/fr\/wp-json\/wp\/v2\/users\/3"}],"replies":[{"embeddable":true,"href":"https:\/\/isd-freiburg.de\/fr\/wp-json\/wp\/v2\/comments?post=1044"}],"version-history":[{"count":0,"href":"https:\/\/isd-freiburg.de\/fr\/wp-json\/wp\/v2\/pages\/1044\/revisions"}],"up":[{"embeddable":true,"href":"https:\/\/isd-freiburg.de\/fr\/wp-json\/wp\/v2\/pages\/99"}],"wp:attachment":[{"href":"https:\/\/isd-freiburg.de\/fr\/wp-json\/wp\/v2\/media?parent=1044"}],"curies":[{"name":"wp","href":"https:\/\/api.w.org\/{rel}","templated":true}]}}