{"id":3451,"date":"2016-06-08T19:05:44","date_gmt":"2016-06-08T19:05:44","guid":{"rendered":"https:\/\/isd-freiburg.de\/fr\/?page_id=3451"},"modified":"2024-03-04T15:54:31","modified_gmt":"2024-03-04T15:54:31","slug":"telc-pruefungen-und-zertifikate","status":"publish","type":"page","link":"https:\/\/isd-freiburg.de\/fr\/infos-generales\/telc-pruefungen-und-zertifikate\/","title":{"rendered":"Centre examinations telc a Fribourg"},"content":{"rendered":"<h2>ISD &#8211; Ihr kompetenter Partner<\/h2>\n<p><img decoding=\"async\" class=\"alignright wp-image-866 \" src=\"https:\/\/isd-freiburg.de\/wp-content\/uploads\/2016\/03\/TELC_212.png\" alt=\"TELC Logo\" width=\"195\" height=\"112\" \/>Seit 2010 ist das <strong>Internationale Sprachzentrum Dialogo<\/strong> ein anerkanntes und etabliertes telc-Pr\u00fcfungszentrum in Freiburg. Die <a href=\"http:\/\/www.telc.net\">telc-Sprachenzertifikate<\/a> sind als Sprachnachweis international anerkannt und genie\u00dfen hohes Ansehen weltweit. Mit mehr als 600 abgelegten Pr\u00fcfungen pro Jahr konnte das ISD in den letzten Jahren Kompetenz und Effizienz sowohl in der Durchf\u00fchrung als auch in der Vorbereitung von telc-Pr\u00fcfungen erwerben, sodass es heute ein zuverl\u00e4ssiger Partner im Bereich Sprachenzertifikate in Freiburg ist. Unser gesamtes Team (Schulleitung, Berater, Lehrkr\u00e4fte) nimmt regelm\u00e4\u00dfig an telc-Fortbildungen teil. Wir bieten zudem <a href=\"https:\/\/isd-freiburg.de\/deutschkurse-deutsch-kurse-freiburg\/\">Pr\u00fcfungsvorbereitung<\/a> f\u00fcr alle telc-Pr\u00fcfungen an. Die Schuldirektoren sowie die meisten Lehrkr\u00e4fte sind zugelassene <em>telc-<\/em>Pr\u00fcfer, das hei\u00dft&#8230; <em>wir kennen uns gut aus<\/em>.<\/p>\n<h3><strong>Inscription \u00e0 un examen telc<\/strong><\/h3>\n<p>Inscription <a href=\"https:\/\/isd-freiburg.de\/sprachschule-freiburg\/telc-pruefungen-und-zertifikate\/\">ici (cliquez \u00ab\u00a0Jetzt anmelden\u00a0\u00bb)<\/a><\/p>\n<p>Inscription possible<strong> jusqu&rsquo;\u00e0 15 jours avant la date de l&rsquo;examen<\/strong> (\u00e0 partir de 31 jours avant la date de l&rsquo;examen, 20,- EUR de frais d&rsquo;inscription tardive)<\/p>\n<h3><strong>Examens telc et prix <\/strong><\/h3>\n<table>\n<tbody>\n<tr>\n<td><strong>Pr\u00fcfung telc Deutsch&#8230;<\/strong><\/td>\n<td><strong>Dates<\/strong><\/td>\n<td><strong>Prix<\/strong><\/td>\n<td><strong>Prix R\u00e9duction*<\/strong><\/td>\n<\/tr>\n<tr>\n<td>\n<h3>A1 (Start Deutsch 1)<\/h3>\n<\/td>\n<td><a href=\"https:\/\/isd-freiburg.de\/sprachschule-freiburg\/telc-pruefungen-und-zertifikate\/\">clic<\/a><\/td>\n<td>180,- EUR<\/td>\n<td>140,- EUR<\/td>\n<\/tr>\n<tr>\n<td>\n<h3>A2 (Start Deutsch 2)<\/h3>\n<\/td>\n<td><a href=\"https:\/\/isd-freiburg.de\/sprachschule-freiburg\/telc-pruefungen-und-zertifikate\/\">clic<\/a><\/td>\n<td>180,- EUR<\/td>\n<td>140,- EUR<\/td>\n<\/tr>\n<tr>\n<td>\n<h3>B1 (Zertifikat Deutsch)<\/h3>\n<\/td>\n<td><a href=\"https:\/\/isd-freiburg.de\/sprachschule-freiburg\/telc-pruefungen-und-zertifikate\/\">clic<\/a><\/td>\n<td>220,- EUR<\/td>\n<td>180,- EUR<\/td>\n<\/tr>\n<tr>\n<td>\n<h3>B2**<\/h3>\n<\/td>\n<td><a href=\"https:\/\/isd-freiburg.de\/sprachschule-freiburg\/telc-pruefungen-und-zertifikate\/\">clic<\/a><\/td>\n<td>220,- EUR<\/td>\n<td>180,- EUR<\/td>\n<\/tr>\n<tr>\n<td>\n<h3>C1<\/h3>\n<\/td>\n<td><a href=\"https:\/\/isd-freiburg.de\/sprachschule-freiburg\/telc-pruefungen-und-zertifikate\/\">clic<\/a><\/td>\n<td>220,- EUR<\/td>\n<td>180,- EUR<\/td>\n<\/tr>\n<tr>\n<td>\n<h3>C1 Hochschule<\/h3>\n<\/td>\n<td><a href=\"https:\/\/isd-freiburg.de\/sprachschule-freiburg\/telc-pruefungen-und-zertifikate\/\">clic<\/a><\/td>\n<td>220,- EUR<\/td>\n<td>180,- EUR<\/td>\n<\/tr>\n<tr>\n<td>\n<h3>C2<\/h3>\n<\/td>\n<td>apr\u00e8s accord pr\u00e9alable,<br \/>\nuniquement en tant qu&rsquo;examen individuel<\/td>\n<td>250,- EUR<br \/>\n(+150,- EUR)<\/td>\n<td>210,- EUR<br \/>\n(+150,- EUR)<\/td>\n<\/tr>\n<tr>\n<td>\n<h3>B1+ Beruf<\/h3>\n<\/td>\n<td>apr\u00e8s accord pr\u00e9alable,<br \/>\nuniquement en tant qu&rsquo;examen individuel<\/td>\n<td>220,- EUR<br \/>\n(+150,- EUR)<\/td>\n<td>180,- EUR<br \/>\n(+150,- EUR)<\/td>\n<\/tr>\n<tr>\n<td>\n<h3>B1-B2<\/h3>\n<h3>Pflege<\/h3>\n<\/td>\n<td>apr\u00e8s accord pr\u00e9alable,<br \/>\nuniquement en tant qu&rsquo;examen individuel<\/td>\n<td>220,- EUR<br \/>\n(+150,- EUR)<\/td>\n<td>180,- EUR<br \/>\n(+150,- EUR)<\/td>\n<\/tr>\n<tr>\n<td>\n<h3>B2+ Beruf<\/h3>\n<\/td>\n<td>apr\u00e8s accord pr\u00e9alable,<br \/>\nuniquement en tant qu&rsquo;examen individuel<\/td>\n<td>220,- EUR<br \/>\n(+150,- EUR)<\/td>\n<td>180,- EUR<br \/>\n(+150,- EUR)<\/td>\n<\/tr>\n<tr>\n<td>\n<h3>B2-C1 Medizin<\/h3>\n<\/td>\n<td>apr\u00e8s accord pr\u00e9alable,<br \/>\nuniquement en tant qu&rsquo;examen individuel<\/td>\n<td>250,- EUR<br \/>\n(+150,- EUR)<\/td>\n<td>210,- EUR<br \/>\n(+150,- EUR)<\/td>\n<\/tr>\n<tr>\n<td>\n<h3>B2-C1 Medizin (FSP)<\/h3>\n<\/td>\n<td>apr\u00e8s accord pr\u00e9alable,<br \/>\nuniquement en tant qu&rsquo;examen individuel<\/td>\n<td>430,- EUR<br \/>\n(+150,- EUR)<\/td>\n<td>390,- EUR<br \/>\n(+150,- EUR)<\/td>\n<\/tr>\n<tr>\n<td>Inscription tardive (entre 31 et 15 jours avant l&rsquo;examen)<\/td>\n<td><\/td>\n<td>+ 20,- EUR<\/td>\n<td>+ 20,- EUR<\/td>\n<\/tr>\n<tr>\n<td>Examen individuel (uniquement dans des cas exceptionnels)<\/td>\n<td><\/td>\n<td>+ 150,- EUR<\/td>\n<td>+ 150,- EUR<\/td>\n<\/tr>\n<\/tbody>\n<\/table>\n<p>* R\u00e9duction pour : Participants aux cours \/ R\u00e9p\u00e9tition d&rsquo;examens (examen pr\u00e9c\u00e9dent au ISD)<br \/>\n** n\u00e9cessaire pour la reconnaissance des dipl\u00f4mes professionnels \u00e9trangers<\/p>\n<p>C1, C1 Hochschule et C2 : la partie \u00e9crite de l&rsquo;examen a lieu le vendredi, la partie orale le samedi.<\/p>\n<p>Tous les examens ont lieu au centre-ville, dans la Raustra\u00dfe 6 (tram : Bertoldsbrunnen \/ Europaplatz).<\/p>\n<p>Veuillez noter que nous <strong>ne<\/strong> proposons pas les examens <em>Deutschtest f\u00fcr Zuwanderer<\/em> (DTZ) et <em>Leben in Deutschland<\/em> (Einb\u00fcrgerung).<\/p>\n<h3><\/h3>\n<h3><strong><img decoding=\"async\" class=\"alignleft  wp-image-16559\" src=\"https:\/\/isd-freiburg.de\/wp-content\/uploads\/2022\/09\/cert2.png\" alt=\"\" width=\"38\" height=\"45\" \/><\/strong><strong>Zertifikate und Ergebnisse<\/strong><\/h3>\n<p>erhalten Sie ca.<strong> 6 Wochen<\/strong> nach der Pr\u00fcfung.<\/p>\n<p>bestandene Pr\u00fcfung: Versand des Zertifikats per Post kostenlos direkt an Sie (Auslandsporto 10,- EUR)<br \/>\nnicht bestandene Pr\u00fcfung: Ergebnisbogen per E-Mail<\/p>\n<p><strong>Bitte beachten Sie, dass wir Ihnen die Ergebnisse aus datenschutzrechtlichen Gr\u00fcnden weder am Telefon noch per E-Mail mitteilen k\u00f6nnen.<\/strong><\/p>\n<h3><img fetchpriority=\"high\" decoding=\"async\" class=\"wp-image-2722 alignright\" src=\"https:\/\/isd-freiburg.de\/wp-content\/uploads\/2016\/06\/1U6A8844.jpg\" alt=\"1U6A8844\" width=\"311\" height=\"207\" \/>Vorbereitungskurse<\/h3>\n<p>F\u00fcr jedes Zertifikat bietet ISD passende <strong>Vorbereitungskurse<\/strong>, die Ihnen dabei helfen werden, Ihr Potential bei der Pr\u00fcfung zu maximieren und Ihre Leistung zu optimieren.<br \/>\nDie Vorbereitungskurse sind meistens individual (one-on-one), dual oder in Gruppen (2 Wochen intensiv f\u00fcr B2). Insbesondere bieten wir Vorbereitungskurse f\u00fcr folgende Pr\u00fcfungen an:<\/p>\n<p><a href=\"https:\/\/isd-freiburg.de\/online-anmeldung\/deutsch-telc-dsh-testdaf-vorbereitung\/\">&#8211; telc B2, B1, A1, C1<\/a> (Kursstart: jederzeit m\u00f6glich)<br \/>\n<a href=\"https:\/\/isd-freiburg.de\/online-anmeldung\/c1-hochschule-vorbereitung\/\">&#8211; telc C1-Hochschule<\/a> (Kursstart: siehe Liste)<\/p>\n<p>Ihr Vorteil ist, dass Sie bei uns sowohl den Kurs als auch die Pr\u00fcfung machen k\u00f6nnen.<br \/>\nDer Kursstart ist jederzeit m\u00f6glich und die Anmeldung erfolgt online, via Email oder per Telefon unter +49 761 610 50 60.<br \/>\nF\u00fcr die Pr\u00fcfungen <em>B2\/C1 Medizin <\/em>und\u00a0<em>B2\/C1 Medizin Fachsprachpr\u00fcfung<\/em> bietet ISD ein spezifisches Programm. <a href=\"https:\/\/isd-freiburg.de\/deutschkurse\/\">Erfahren Sie Daten und Modalit\u00e4ten hier<\/a>\u00a0oder melden Sie sich online\u00a0f\u00fcr ein\u00a0<a href=\"https:\/\/isd-freiburg.de\/produkt\/deutsch-medizin-einzelkurs-deutschkurs\/\">Einzeltraining<\/a> (20 oder 30 UE) oder f\u00fcr ein <a href=\"https:\/\/isd-freiburg.de\/produkt\/deutsch-medizin-duo-gruppenkurs\/\">Gruppentraining<\/a> an.<\/p>\n<h3>Zertifikate<\/h3>\n<p>Die telc-Zertifikate werden ca. 6 Wochen nach der Pr\u00fcfung ausgestellt. Die Zertifikate werden per Post zugesandt. F\u00fcr Sendungen ins Ausland wird eine zus\u00e4tzliche Postgeb\u00fchr in H\u00f6he von 10,- EUR erhoben.<\/p>\n<p>WICHTIG: Die Pr\u00fcfung <em>Deutsch C1 Hochschule<\/em> wurde durch Beschl\u00fcsse der Hochschulrektoren- und Kultusministerkonferenz offiziell anerkannt. Nach der neuen Rahmenordnung sind \u00ab\u00a0Inhaber eines Zeugnisses \u00fcber die bestandene Pr\u00fcfung <strong>Deutsch C1 Hochschule<\/strong>\u00a0\u00bb vom Nachweis der sprachlichen Studienf\u00e4higkeit befreit. Die neue Rahmenordnung ist seit dem 12.02.2016 f\u00fcr <strong>alle deutschen Hochschulen\u00a0<\/strong>bindend.<br \/>\nBitte informieren Sie sich direkt bei uns \u00fcber den neuen Sprachtest und die <a href=\"https:\/\/isd-freiburg.de\/online-anmeldung\/c1-hochschule-vorbereitung\/\">Vorbereitungskurse<\/a>.<\/p>\n<div class=\"shariff shariff-align-flex-start shariff-widget-align-flex-start shariff-buttonstretch\" style=\"display:none\"><ul class=\"shariff-buttons theme-default orientation-horizontal buttonsize-medium\"><li class=\"shariff-button facebook shariff-nocustomcolor\" style=\"background-color:#7e8700\"><a href=\"https:\/\/www.facebook.com\/sharer\/sharer.php?u=https%3A%2F%2Fisd-freiburg.de%2Ffr%2Finfos-generales%2Ftelc-pruefungen-und-zertifikate%2F\" title=\"Envoyer par Facebook\" aria-label=\"Envoyer par Facebook\" role=\"button\" rel=\"nofollow\" class=\"shariff-link\" style=\"; background-color:#3b5998; color:#fff\" target=\"_blank\"><span class=\"shariff-icon\" style=\"\"><svg width=\"32px\" height=\"20px\" xmlns=\"http:\/\/www.w3.org\/2000\/svg\" viewBox=\"0 0 18 32\"><path fill=\"#3b5998\" d=\"M17.1 0.2v4.7h-2.8q-1.5 0-2.1 0.6t-0.5 1.9v3.4h5.2l-0.7 5.3h-4.5v13.6h-5.5v-13.6h-4.5v-5.3h4.5v-3.9q0-3.3 1.9-5.2t5-1.8q2.6 0 4.1 0.2z\"\/><\/svg><\/span><span class=\"shariff-text\">partager<\/span>&nbsp;<\/a><\/li><li class=\"shariff-button twitter shariff-nocustomcolor\" style=\"background-color:#7e8700\"><a href=\"https:\/\/twitter.com\/share?url=https%3A%2F%2Fisd-freiburg.de%2Ffr%2Finfos-generales%2Ftelc-pruefungen-und-zertifikate%2F&text=Centre%20examinations%20telc%20a%20Fribourg\" title=\"Envoyer par X\" aria-label=\"Envoyer par X\" role=\"button\" rel=\"noopener nofollow\" class=\"shariff-link\" style=\"; background-color:#000; color:#fff\" target=\"_blank\"><span class=\"shariff-icon\" style=\"\"><svg width=\"32px\" height=\"20px\" xmlns=\"http:\/\/www.w3.org\/2000\/svg\" viewBox=\"0 0 24 24\"><path fill=\"#000\" d=\"M14.258 10.152L23.176 0h-2.113l-7.747 8.813L7.133 0H0l9.352 13.328L0 23.973h2.113l8.176-9.309 6.531 9.309h7.133zm-2.895 3.293l-.949-1.328L2.875 1.56h3.246l6.086 8.523.945 1.328 7.91 11.078h-3.246zm0 0\"\/><\/svg><\/span><span class=\"shariff-text\">partager<\/span>&nbsp;<\/a><\/li><li class=\"shariff-button linkedin shariff-nocustomcolor\" style=\"background-color:#7e8700\"><a href=\"https:\/\/www.linkedin.com\/sharing\/share-offsite\/?url=https%3A%2F%2Fisd-freiburg.de%2Ffr%2Finfos-generales%2Ftelc-pruefungen-und-zertifikate%2F\" title=\"Envoyer par LinkedIn\" aria-label=\"Envoyer par LinkedIn\" role=\"button\" rel=\"noopener nofollow\" class=\"shariff-link\" style=\"; background-color:#0077b5; color:#fff\" target=\"_blank\"><span class=\"shariff-icon\" style=\"\"><svg width=\"32px\" height=\"20px\" xmlns=\"http:\/\/www.w3.org\/2000\/svg\" viewBox=\"0 0 27 32\"><path fill=\"#0077b5\" d=\"M6.2 11.2v17.7h-5.9v-17.7h5.9zM6.6 5.7q0 1.3-0.9 2.2t-2.4 0.9h0q-1.5 0-2.4-0.9t-0.9-2.2 0.9-2.2 2.4-0.9 2.4 0.9 0.9 2.2zM27.4 18.7v10.1h-5.9v-9.5q0-1.9-0.7-2.9t-2.3-1.1q-1.1 0-1.9 0.6t-1.2 1.5q-0.2 0.5-0.2 1.4v9.9h-5.9q0-7.1 0-11.6t0-5.3l0-0.9h5.9v2.6h0q0.4-0.6 0.7-1t1-0.9 1.6-0.8 2-0.3q3 0 4.9 2t1.9 6z\"\/><\/svg><\/span><span class=\"shariff-text\">partager<\/span>&nbsp;<\/a><\/li><li class=\"shariff-button xing shariff-nocustomcolor\" style=\"background-color:#7e8700\"><a href=\"https:\/\/www.xing.com\/spi\/shares\/new?url=https%3A%2F%2Fisd-freiburg.de%2Ffr%2Finfos-generales%2Ftelc-pruefungen-und-zertifikate%2F\" title=\"Envoyer par XING\" aria-label=\"Envoyer par XING\" role=\"button\" rel=\"noopener nofollow\" class=\"shariff-link\" style=\"; background-color:#126567; color:#fff\" target=\"_blank\"><span class=\"shariff-icon\" style=\"\"><svg width=\"32px\" height=\"20px\" xmlns=\"http:\/\/www.w3.org\/2000\/svg\" viewBox=\"0 0 25 32\"><path fill=\"#126567\" d=\"M10.7 11.9q-0.2 0.3-4.6 8.2-0.5 0.8-1.2 0.8h-4.3q-0.4 0-0.5-0.3t0-0.6l4.5-8q0 0 0 0l-2.9-5q-0.2-0.4 0-0.7 0.2-0.3 0.5-0.3h4.3q0.7 0 1.2 0.8zM25.1 0.4q0.2 0.3 0 0.7l-9.4 16.7 6 11q0.2 0.4 0 0.6-0.2 0.3-0.6 0.3h-4.3q-0.7 0-1.2-0.8l-6-11.1q0.3-0.6 9.5-16.8 0.4-0.8 1.2-0.8h4.3q0.4 0 0.5 0.3z\"\/><\/svg><\/span><span class=\"shariff-text\">partager<\/span>&nbsp;<\/a><\/li><\/ul><\/div>","protected":false},"excerpt":{"rendered":"<p>ISD &#8211; Ihr kompetenter Partner Seit 2010 ist das Internationale Sprachzentrum Dialogo ein anerkanntes und etabliertes telc-Pr\u00fcfungszentrum in Freiburg. Die telc-Sprachenzertifikate sind als Sprachnachweis international anerkannt und genie\u00dfen hohes Ansehen weltweit. Mit mehr als 600 abgelegten Pr\u00fcfungen pro Jahr konnte das ISD in den letzten Jahren Kompetenz und Effizienz sowohl in der Durchf\u00fchrung als auch [&hellip;]<\/p>\n","protected":false},"author":3,"featured_media":21237,"parent":99,"menu_order":50,"comment_status":"closed","ping_status":"closed","template":"","meta":{"_exactmetrics_skip_tracking":false,"_exactmetrics_sitenote_active":false,"_exactmetrics_sitenote_note":"","_exactmetrics_sitenote_category":0,"footnotes":""},"class_list":["post-3451","page","type-page","status-publish","has-post-thumbnail","hentry"],"yoast_head":"<!-- This site is optimized with the Yoast SEO plugin v27.3 - https:\/\/yoast.com\/product\/yoast-seo-wordpress\/ -->\n<title>Centre examinations telc a Fribourg - isd-freiburg.de<\/title>\n<meta name=\"description\" content=\"Die ISD Sprachschule in Freiburg ist ein lizenziertes telc Pr\u00fcfungszentrum. Die Pr\u00fcfungen f\u00fcr alle telc Sprachenzertifikate finden monatlich statt.\" \/>\n<meta name=\"robots\" content=\"index, follow, max-snippet:-1, max-image-preview:large, max-video-preview:-1\" \/>\n<link rel=\"canonical\" href=\"https:\/\/isd-freiburg.de\/fr\/infos-generales\/telc-pruefungen-und-zertifikate\/\" \/>\n<meta property=\"og:locale\" content=\"fr_FR\" \/>\n<meta property=\"og:type\" content=\"article\" \/>\n<meta property=\"og:title\" content=\"Centre examinations telc a Fribourg - isd-freiburg.de\" \/>\n<meta property=\"og:description\" content=\"Die ISD Sprachschule in Freiburg ist ein lizenziertes telc Pr\u00fcfungszentrum. Die Pr\u00fcfungen f\u00fcr alle telc Sprachenzertifikate finden monatlich statt.\" \/>\n<meta property=\"og:url\" content=\"https:\/\/isd-freiburg.de\/fr\/infos-generales\/telc-pruefungen-und-zertifikate\/\" \/>\n<meta property=\"og:site_name\" content=\"isd-freiburg.de\" \/>\n<meta property=\"article:publisher\" content=\"https:\/\/www.facebook.com\/isd.freiburg\/\" \/>\n<meta property=\"article:modified_time\" content=\"2024-03-04T15:54:31+00:00\" \/>\n<meta property=\"og:image\" content=\"https:\/\/isd-freiburg.de\/wp-content\/uploads\/2023\/04\/cropped-DSC1016.jpeg\" \/>\n\t<meta property=\"og:image:width\" content=\"899\" \/>\n\t<meta property=\"og:image:height\" content=\"553\" \/>\n\t<meta property=\"og:image:type\" content=\"image\/jpeg\" \/>\n<meta name=\"twitter:card\" content=\"summary_large_image\" \/>\n<meta name=\"twitter:label1\" content=\"Dur\u00e9e de lecture estim\u00e9e\" \/>\n\t<meta name=\"twitter:data1\" content=\"5 minutes\" \/>\n<script type=\"application\/ld+json\" class=\"yoast-schema-graph\">{\"@context\":\"https:\\\/\\\/schema.org\",\"@graph\":[{\"@type\":\"WebPage\",\"@id\":\"https:\\\/\\\/isd-freiburg.de\\\/fr\\\/infos-generales\\\/telc-pruefungen-und-zertifikate\\\/\",\"url\":\"https:\\\/\\\/isd-freiburg.de\\\/fr\\\/infos-generales\\\/telc-pruefungen-und-zertifikate\\\/\",\"name\":\"Centre examinations telc a Fribourg - isd-freiburg.de\",\"isPartOf\":{\"@id\":\"https:\\\/\\\/isd-freiburg.de\\\/fr\\\/#website\"},\"primaryImageOfPage\":{\"@id\":\"https:\\\/\\\/isd-freiburg.de\\\/fr\\\/infos-generales\\\/telc-pruefungen-und-zertifikate\\\/#primaryimage\"},\"image\":{\"@id\":\"https:\\\/\\\/isd-freiburg.de\\\/fr\\\/infos-generales\\\/telc-pruefungen-und-zertifikate\\\/#primaryimage\"},\"thumbnailUrl\":\"https:\\\/\\\/isd-freiburg.de\\\/wp-content\\\/uploads\\\/2023\\\/04\\\/cropped-DSC1016.jpeg\",\"datePublished\":\"2016-06-08T19:05:44+00:00\",\"dateModified\":\"2024-03-04T15:54:31+00:00\",\"description\":\"Die ISD Sprachschule in Freiburg ist ein lizenziertes telc Pr\u00fcfungszentrum. Die Pr\u00fcfungen f\u00fcr alle telc Sprachenzertifikate finden monatlich statt.\",\"breadcrumb\":{\"@id\":\"https:\\\/\\\/isd-freiburg.de\\\/fr\\\/infos-generales\\\/telc-pruefungen-und-zertifikate\\\/#breadcrumb\"},\"inLanguage\":\"fr-FR\",\"potentialAction\":[{\"@type\":\"ReadAction\",\"target\":[\"https:\\\/\\\/isd-freiburg.de\\\/fr\\\/infos-generales\\\/telc-pruefungen-und-zertifikate\\\/\"]}]},{\"@type\":\"ImageObject\",\"inLanguage\":\"fr-FR\",\"@id\":\"https:\\\/\\\/isd-freiburg.de\\\/fr\\\/infos-generales\\\/telc-pruefungen-und-zertifikate\\\/#primaryimage\",\"url\":\"https:\\\/\\\/isd-freiburg.de\\\/wp-content\\\/uploads\\\/2023\\\/04\\\/cropped-DSC1016.jpeg\",\"contentUrl\":\"https:\\\/\\\/isd-freiburg.de\\\/wp-content\\\/uploads\\\/2023\\\/04\\\/cropped-DSC1016.jpeg\",\"width\":899,\"height\":553},{\"@type\":\"BreadcrumbList\",\"@id\":\"https:\\\/\\\/isd-freiburg.de\\\/fr\\\/infos-generales\\\/telc-pruefungen-und-zertifikate\\\/#breadcrumb\",\"itemListElement\":[{\"@type\":\"ListItem\",\"position\":1,\"name\":\"Home\",\"item\":\"https:\\\/\\\/isd-freiburg.de\\\/fr\\\/\"},{\"@type\":\"ListItem\",\"position\":2,\"name\":\"Internationales Sprachzentrum Dialogo &#8211; your language school in Freiburg\",\"item\":\"https:\\\/\\\/isd-freiburg.de\\\/fr\\\/\"},{\"@type\":\"ListItem\",\"position\":3,\"name\":\"Centre examinations telc a Fribourg\"}]},{\"@type\":\"WebSite\",\"@id\":\"https:\\\/\\\/isd-freiburg.de\\\/fr\\\/#website\",\"url\":\"https:\\\/\\\/isd-freiburg.de\\\/fr\\\/\",\"name\":\"isd-freiburg.de\",\"description\":\"Just another WordPress site\",\"publisher\":{\"@id\":\"https:\\\/\\\/isd-freiburg.de\\\/fr\\\/#organization\"},\"potentialAction\":[{\"@type\":\"SearchAction\",\"target\":{\"@type\":\"EntryPoint\",\"urlTemplate\":\"https:\\\/\\\/isd-freiburg.de\\\/fr\\\/?s={search_term_string}\"},\"query-input\":{\"@type\":\"PropertyValueSpecification\",\"valueRequired\":true,\"valueName\":\"search_term_string\"}}],\"inLanguage\":\"fr-FR\"},{\"@type\":\"Organization\",\"@id\":\"https:\\\/\\\/isd-freiburg.de\\\/fr\\\/#organization\",\"name\":\"ISD Freiburg\",\"url\":\"https:\\\/\\\/isd-freiburg.de\\\/fr\\\/\",\"logo\":{\"@type\":\"ImageObject\",\"inLanguage\":\"fr-FR\",\"@id\":\"https:\\\/\\\/isd-freiburg.de\\\/fr\\\/#\\\/schema\\\/logo\\\/image\\\/\",\"url\":\"https:\\\/\\\/isd-freiburg.de\\\/wp-content\\\/uploads\\\/2015\\\/11\\\/isd_logo.jpg\",\"contentUrl\":\"https:\\\/\\\/isd-freiburg.de\\\/wp-content\\\/uploads\\\/2015\\\/11\\\/isd_logo.jpg\",\"width\":222,\"height\":80,\"caption\":\"ISD Freiburg\"},\"image\":{\"@id\":\"https:\\\/\\\/isd-freiburg.de\\\/fr\\\/#\\\/schema\\\/logo\\\/image\\\/\"},\"sameAs\":[\"https:\\\/\\\/www.facebook.com\\\/isd.freiburg\\\/\"]}]}<\/script>\n<!-- \/ Yoast SEO plugin. -->","yoast_head_json":{"title":"Centre examinations telc a Fribourg - isd-freiburg.de","description":"Die ISD Sprachschule in Freiburg ist ein lizenziertes telc Pr\u00fcfungszentrum. Die Pr\u00fcfungen f\u00fcr alle telc Sprachenzertifikate finden monatlich statt.","robots":{"index":"index","follow":"follow","max-snippet":"max-snippet:-1","max-image-preview":"max-image-preview:large","max-video-preview":"max-video-preview:-1"},"canonical":"https:\/\/isd-freiburg.de\/fr\/infos-generales\/telc-pruefungen-und-zertifikate\/","og_locale":"fr_FR","og_type":"article","og_title":"Centre examinations telc a Fribourg - isd-freiburg.de","og_description":"Die ISD Sprachschule in Freiburg ist ein lizenziertes telc Pr\u00fcfungszentrum. Die Pr\u00fcfungen f\u00fcr alle telc Sprachenzertifikate finden monatlich statt.","og_url":"https:\/\/isd-freiburg.de\/fr\/infos-generales\/telc-pruefungen-und-zertifikate\/","og_site_name":"isd-freiburg.de","article_publisher":"https:\/\/www.facebook.com\/isd.freiburg\/","article_modified_time":"2024-03-04T15:54:31+00:00","og_image":[{"width":899,"height":553,"url":"https:\/\/isd-freiburg.de\/wp-content\/uploads\/2023\/04\/cropped-DSC1016.jpeg","type":"image\/jpeg"}],"twitter_card":"summary_large_image","twitter_misc":{"Dur\u00e9e de lecture estim\u00e9e":"5 minutes"},"schema":{"@context":"https:\/\/schema.org","@graph":[{"@type":"WebPage","@id":"https:\/\/isd-freiburg.de\/fr\/infos-generales\/telc-pruefungen-und-zertifikate\/","url":"https:\/\/isd-freiburg.de\/fr\/infos-generales\/telc-pruefungen-und-zertifikate\/","name":"Centre examinations telc a Fribourg - isd-freiburg.de","isPartOf":{"@id":"https:\/\/isd-freiburg.de\/fr\/#website"},"primaryImageOfPage":{"@id":"https:\/\/isd-freiburg.de\/fr\/infos-generales\/telc-pruefungen-und-zertifikate\/#primaryimage"},"image":{"@id":"https:\/\/isd-freiburg.de\/fr\/infos-generales\/telc-pruefungen-und-zertifikate\/#primaryimage"},"thumbnailUrl":"https:\/\/isd-freiburg.de\/wp-content\/uploads\/2023\/04\/cropped-DSC1016.jpeg","datePublished":"2016-06-08T19:05:44+00:00","dateModified":"2024-03-04T15:54:31+00:00","description":"Die ISD Sprachschule in Freiburg ist ein lizenziertes telc Pr\u00fcfungszentrum. Die Pr\u00fcfungen f\u00fcr alle telc Sprachenzertifikate finden monatlich statt.","breadcrumb":{"@id":"https:\/\/isd-freiburg.de\/fr\/infos-generales\/telc-pruefungen-und-zertifikate\/#breadcrumb"},"inLanguage":"fr-FR","potentialAction":[{"@type":"ReadAction","target":["https:\/\/isd-freiburg.de\/fr\/infos-generales\/telc-pruefungen-und-zertifikate\/"]}]},{"@type":"ImageObject","inLanguage":"fr-FR","@id":"https:\/\/isd-freiburg.de\/fr\/infos-generales\/telc-pruefungen-und-zertifikate\/#primaryimage","url":"https:\/\/isd-freiburg.de\/wp-content\/uploads\/2023\/04\/cropped-DSC1016.jpeg","contentUrl":"https:\/\/isd-freiburg.de\/wp-content\/uploads\/2023\/04\/cropped-DSC1016.jpeg","width":899,"height":553},{"@type":"BreadcrumbList","@id":"https:\/\/isd-freiburg.de\/fr\/infos-generales\/telc-pruefungen-und-zertifikate\/#breadcrumb","itemListElement":[{"@type":"ListItem","position":1,"name":"Home","item":"https:\/\/isd-freiburg.de\/fr\/"},{"@type":"ListItem","position":2,"name":"Internationales Sprachzentrum Dialogo &#8211; your language school in Freiburg","item":"https:\/\/isd-freiburg.de\/fr\/"},{"@type":"ListItem","position":3,"name":"Centre examinations telc a Fribourg"}]},{"@type":"WebSite","@id":"https:\/\/isd-freiburg.de\/fr\/#website","url":"https:\/\/isd-freiburg.de\/fr\/","name":"isd-freiburg.de","description":"Just another WordPress site","publisher":{"@id":"https:\/\/isd-freiburg.de\/fr\/#organization"},"potentialAction":[{"@type":"SearchAction","target":{"@type":"EntryPoint","urlTemplate":"https:\/\/isd-freiburg.de\/fr\/?s={search_term_string}"},"query-input":{"@type":"PropertyValueSpecification","valueRequired":true,"valueName":"search_term_string"}}],"inLanguage":"fr-FR"},{"@type":"Organization","@id":"https:\/\/isd-freiburg.de\/fr\/#organization","name":"ISD Freiburg","url":"https:\/\/isd-freiburg.de\/fr\/","logo":{"@type":"ImageObject","inLanguage":"fr-FR","@id":"https:\/\/isd-freiburg.de\/fr\/#\/schema\/logo\/image\/","url":"https:\/\/isd-freiburg.de\/wp-content\/uploads\/2015\/11\/isd_logo.jpg","contentUrl":"https:\/\/isd-freiburg.de\/wp-content\/uploads\/2015\/11\/isd_logo.jpg","width":222,"height":80,"caption":"ISD Freiburg"},"image":{"@id":"https:\/\/isd-freiburg.de\/fr\/#\/schema\/logo\/image\/"},"sameAs":["https:\/\/www.facebook.com\/isd.freiburg\/"]}]}},"_links":{"self":[{"href":"https:\/\/isd-freiburg.de\/fr\/wp-json\/wp\/v2\/pages\/3451","targetHints":{"allow":["GET"]}}],"collection":[{"href":"https:\/\/isd-freiburg.de\/fr\/wp-json\/wp\/v2\/pages"}],"about":[{"href":"https:\/\/isd-freiburg.de\/fr\/wp-json\/wp\/v2\/types\/page"}],"author":[{"embeddable":true,"href":"https:\/\/isd-freiburg.de\/fr\/wp-json\/wp\/v2\/users\/3"}],"replies":[{"embeddable":true,"href":"https:\/\/isd-freiburg.de\/fr\/wp-json\/wp\/v2\/comments?post=3451"}],"version-history":[{"count":2,"href":"https:\/\/isd-freiburg.de\/fr\/wp-json\/wp\/v2\/pages\/3451\/revisions"}],"predecessor-version":[{"id":27731,"href":"https:\/\/isd-freiburg.de\/fr\/wp-json\/wp\/v2\/pages\/3451\/revisions\/27731"}],"up":[{"embeddable":true,"href":"https:\/\/isd-freiburg.de\/fr\/wp-json\/wp\/v2\/pages\/99"}],"wp:featuredmedia":[{"embeddable":true,"href":"https:\/\/isd-freiburg.de\/fr\/wp-json\/wp\/v2\/media\/21237"}],"wp:attachment":[{"href":"https:\/\/isd-freiburg.de\/fr\/wp-json\/wp\/v2\/media?parent=3451"}],"curies":[{"name":"wp","href":"https:\/\/api.w.org\/{rel}","templated":true}]}}