{"id":961,"date":"2015-11-23T10:38:25","date_gmt":"2015-11-23T10:38:25","guid":{"rendered":"https:\/\/isd-freiburg.de\/fr\/infos-generales\/zimmer-in-freiburg\/"},"modified":"2023-12-07T09:22:07","modified_gmt":"2023-12-07T09:22:07","slug":"zimmer-in-freiburg","status":"publish","type":"page","link":"https:\/\/isd-freiburg.de\/fr\/infos-generales\/zimmer-in-freiburg\/","title":{"rendered":"Chambre a Fribourg"},"content":{"rendered":"\n<p>Comme il n&rsquo;est malheureusement pas facile de trouver un logement \u00e0 Fribourg, le SIR propose un service d&rsquo;h\u00e9bergement. Le SIR dispose de quelques appartements individuels et de chambres en colocation \u00e0 Fribourg. Le service se veut un soutien dans la t\u00e2che difficile de trouver une chambre. Le service co\u00fbte 22,- EUR et n&rsquo;est valable que pour les participants aux cours du SIR et seulement en relation avec un cours.<br>Veuillez choisir l&rsquo;une des options suivantes.<\/p>\n\n\n\n<p><strong>A<br>SINGLE APARTMENTS THE FIZZ<\/strong> (top quality !) &#8211; minimum 6 mois<br>Les studios r\u00e9sidentiels The Fizz sont des appartements neufs et modernes d&rsquo;une chambre avec cuisine et salle de bain (douche) priv\u00e9es. Les appartements sont enti\u00e8rement \u00e9quip\u00e9s (WiFi, t\u00e9l\u00e9vision, micro-ondes\/four, cuisini\u00e8re, lave-vaisselle, 1 lit, r\u00e9frig\u00e9rateur avec cong\u00e9lateur, etc.) avec un mobilier de haute qualit\u00e9 et tr\u00e8s pratique. Les appartements sont super bien situ\u00e9s au centre, un arr\u00eat de tramway se trouve juste devant la porte. Les commerces sont accessibles \u00e0 pied. L&rsquo;\u00e9cole de langue est \u00e0 2 minutes \u00e0 pied.<\/p>\n\n\n\n<p><strong>Prix &amp; service :<\/strong><br>Le loyer mensuel co\u00fbte environ <strong>1.000,- EUR \/ mois<\/strong>.<br>Vous pouvez r\u00e9server directement aupr\u00e8s de The Fizz en cliquant sur le lien suivant :<br>https:\/\/www.the-fizz.com\/studentenwohnheim\/freiburg-mitte\/<br>The Fizz ne propose que des contrats de location \u00e0 long terme (minimum 1 an).<\/p>\n\n\n\n<p>Vous pouvez \u00e9galement louer un appartement \u00ab\u00a0Fizz\u00a0\u00bb aupr\u00e8s de l&rsquo;\u00e9cole de langue. Dans ce cas, vous signez le contrat de location avec l&rsquo;\u00e9cole de langue et non avec The Fizz, avec l&rsquo;avantage de pouvoir signer un contrat de courte dur\u00e9e (minimum 6 mois), mais pour un prix l\u00e9g\u00e8rement plus \u00e9lev\u00e9 (en g\u00e9n\u00e9ral <strong>1.090,- EUR \/ mois<\/strong>).<br>Pour r\u00e9server par l&rsquo;interm\u00e9diaire de l&rsquo;\u00e9cole de langue, veuillez nous \u00e9crire un e-mail \u00e0 info@isd-freiburg.de<\/p>\n\n\n\n<p><strong>B<br>CHAMBRE EN COLOMBATION CITY CENTRE<\/strong> &#8211; minimum 6 mois<br>L&rsquo;\u00e9cole de langue ISD dispose de 3 appartements diff\u00e9rents de 3 pi\u00e8ces directement dans le centre-ville (Friedrichstr.). Les appartements sont enti\u00e8rement \u00e9quip\u00e9s, chacun avec une cuisine commune enti\u00e8rement \u00e9quip\u00e9e et une salle de bain commune.<br>Vous pouvez choisir entre regular et top. Les chambres ont des tailles et des prix diff\u00e9rents.<\/p>\n\n\n\n<p><strong>Prix et service<\/strong><br>Regular (appartement confortable avec cuisine neuve, super central)<br>Appartement confortable de 3 pi\u00e8ces avec 3 tailles de chambres diff\u00e9rentes :<br>Norm : <strong>650,- EUR \/ mois<\/strong><br>Regular : <strong>700,- EUR \/ mois<\/strong><br>Regular+ : <strong>750,- EUR \/ mois<\/strong> (ou <strong>850,- EUR \/ mois<\/strong> en chambre double)<\/p>\n\n\n\n<p>Top (appartement confortable avec nouvelle cuisine et salle de bain r\u00e9nov\u00e9e en 2023, super central)<br>Appartement super confortable de 3 pi\u00e8ces avec 3 tailles de chambre diff\u00e9rentes :<br>Norm : <strong>700,- EUR<\/strong><br>Regular : <strong>750,- EUR<\/strong><br>Regular+ : <strong>800,- EUR \/ mois<\/strong> (ou <strong>900,- EUR \/ mois<\/strong> en chambre double)<\/p>\n\n\n\n<p><strong>C<br>CHAMBRE EN COLLECTIVIT\u00c9 SHORT STAY ISD-BOARDING-HOUSE<\/strong> &#8211; minimum 1 mois, maximum 5 mois<br>Il s&rsquo;agit d&rsquo;une colocation pour des s\u00e9jours de courte dur\u00e9e, avec au total 7 chambres \u00e0 coucher, 3 toilettes communes, 1 cuisine commune.<br>La maison est situ\u00e9e dans le quartier de Landwasser, \u00e0 seulement 1-2 minutes \u00e0 pied de l&rsquo;arr\u00eat de tramway. Les commerces sont \u00e0 proximit\u00e9 (5 minutes \u00e0 pied).<\/p>\n\n\n\n<p><strong>Prix &amp; service<\/strong><br>Chambre simple : <strong>650,- EUR\/mois<\/strong>, TVA incluse.<br>Chambre double : <strong>750,- EUR\/mois<\/strong>, TVA incluse.<\/p>\n\n\n\n<p><strong>D<br>APPARTEMENTS SINGLE CAMPO NOVO BUSINESS<\/strong> (max. 3 mois, renouvelable pour 3 mois suppl\u00e9mentaires)<br>Les studios r\u00e9sidentiels Campo Novo Business sont des appartements neufs d&rsquo;une pi\u00e8ce, \u00e9quip\u00e9s de fa\u00e7on moderne, avec cuisine et salle de bain (douche) priv\u00e9es. Les appartements sont enti\u00e8rement \u00e9quip\u00e9s (WiFi, t\u00e9l\u00e9vision, micro-ondes\/four, cuisini\u00e8re, lave-vaisselle, 1 lit, r\u00e9frig\u00e9rateur, etc.) avec un mobilier de qualit\u00e9 et tr\u00e8s pratique. Les appartements sont situ\u00e9s dans le quartier de Haid, cependant un arr\u00eat de tramway et de bus se trouve juste devant la porte. Les commerces sont accessibles en 3 minutes \u00e0 pied.<\/p>\n\n\n\n<p><strong>Prix &amp; service :<\/strong><br>Vous pouvez r\u00e9server directement aupr\u00e8s de notre partenaire Campo Novo Business en cliquant sur le lien suivant :<br>https:\/\/www.cnb-freiburg.de\/<br>Les prix varient selon l&rsquo;appartement (en g\u00e9n\u00e9ral <strong>750,- EUR &#8211; 800,- EUR \/ mois + 120,- EUR une fois<\/strong> pour le nettoyage final).<\/p>\n\n\n\n<p>Vous pouvez \u00e9galement louer un appartement \u00ab\u00a0Campo Novo Business\u00a0\u00bb aupr\u00e8s de l&rsquo;\u00e9cole de langue. Dans ce cas, vous avez l&rsquo;avantage de conclure le contrat directement \u00e0 l&rsquo;\u00e9cole de langue, mais avec un suppl\u00e9ment d&rsquo;environ 10 % sur le prix initial (en r\u00e8gle g\u00e9n\u00e9rale <strong>850,- EUR \/ mois + 120,- EUR une fois<\/strong> pour le nettoyage final).<\/p>\n\n\n<div class=\"shariff shariff-align-flex-start shariff-widget-align-flex-start shariff-buttonstretch\" style=\"display:none\"><ul class=\"shariff-buttons theme-default orientation-horizontal buttonsize-medium\"><li class=\"shariff-button facebook shariff-nocustomcolor\" style=\"background-color:#7e8700\"><a href=\"https:\/\/www.facebook.com\/sharer\/sharer.php?u=https%3A%2F%2Fisd-freiburg.de%2Ffr%2Finfos-generales%2Fzimmer-in-freiburg%2F\" title=\"Envoyer par Facebook\" aria-label=\"Envoyer par Facebook\" role=\"button\" rel=\"nofollow\" class=\"shariff-link\" style=\"; background-color:#3b5998; color:#fff\" target=\"_blank\"><span class=\"shariff-icon\" style=\"\"><svg width=\"32px\" height=\"20px\" xmlns=\"http:\/\/www.w3.org\/2000\/svg\" viewBox=\"0 0 18 32\"><path fill=\"#3b5998\" d=\"M17.1 0.2v4.7h-2.8q-1.5 0-2.1 0.6t-0.5 1.9v3.4h5.2l-0.7 5.3h-4.5v13.6h-5.5v-13.6h-4.5v-5.3h4.5v-3.9q0-3.3 1.9-5.2t5-1.8q2.6 0 4.1 0.2z\"\/><\/svg><\/span><span class=\"shariff-text\">partager<\/span>&nbsp;<\/a><\/li><li class=\"shariff-button twitter shariff-nocustomcolor\" style=\"background-color:#7e8700\"><a href=\"https:\/\/twitter.com\/share?url=https%3A%2F%2Fisd-freiburg.de%2Ffr%2Finfos-generales%2Fzimmer-in-freiburg%2F&text=Chambre%20a%20Fribourg\" title=\"Envoyer par X\" aria-label=\"Envoyer par X\" role=\"button\" rel=\"noopener nofollow\" class=\"shariff-link\" style=\"; background-color:#000; color:#fff\" target=\"_blank\"><span class=\"shariff-icon\" style=\"\"><svg width=\"32px\" height=\"20px\" xmlns=\"http:\/\/www.w3.org\/2000\/svg\" viewBox=\"0 0 24 24\"><path fill=\"#000\" d=\"M14.258 10.152L23.176 0h-2.113l-7.747 8.813L7.133 0H0l9.352 13.328L0 23.973h2.113l8.176-9.309 6.531 9.309h7.133zm-2.895 3.293l-.949-1.328L2.875 1.56h3.246l6.086 8.523.945 1.328 7.91 11.078h-3.246zm0 0\"\/><\/svg><\/span><span class=\"shariff-text\">partager<\/span>&nbsp;<\/a><\/li><li class=\"shariff-button linkedin shariff-nocustomcolor\" style=\"background-color:#7e8700\"><a href=\"https:\/\/www.linkedin.com\/sharing\/share-offsite\/?url=https%3A%2F%2Fisd-freiburg.de%2Ffr%2Finfos-generales%2Fzimmer-in-freiburg%2F\" title=\"Envoyer par LinkedIn\" aria-label=\"Envoyer par LinkedIn\" role=\"button\" rel=\"noopener nofollow\" class=\"shariff-link\" style=\"; background-color:#0077b5; color:#fff\" target=\"_blank\"><span class=\"shariff-icon\" style=\"\"><svg width=\"32px\" height=\"20px\" xmlns=\"http:\/\/www.w3.org\/2000\/svg\" viewBox=\"0 0 27 32\"><path fill=\"#0077b5\" d=\"M6.2 11.2v17.7h-5.9v-17.7h5.9zM6.6 5.7q0 1.3-0.9 2.2t-2.4 0.9h0q-1.5 0-2.4-0.9t-0.9-2.2 0.9-2.2 2.4-0.9 2.4 0.9 0.9 2.2zM27.4 18.7v10.1h-5.9v-9.5q0-1.9-0.7-2.9t-2.3-1.1q-1.1 0-1.9 0.6t-1.2 1.5q-0.2 0.5-0.2 1.4v9.9h-5.9q0-7.1 0-11.6t0-5.3l0-0.9h5.9v2.6h0q0.4-0.6 0.7-1t1-0.9 1.6-0.8 2-0.3q3 0 4.9 2t1.9 6z\"\/><\/svg><\/span><span class=\"shariff-text\">partager<\/span>&nbsp;<\/a><\/li><li class=\"shariff-button xing shariff-nocustomcolor\" style=\"background-color:#7e8700\"><a href=\"https:\/\/www.xing.com\/spi\/shares\/new?url=https%3A%2F%2Fisd-freiburg.de%2Ffr%2Finfos-generales%2Fzimmer-in-freiburg%2F\" title=\"Envoyer par XING\" aria-label=\"Envoyer par XING\" role=\"button\" rel=\"noopener nofollow\" class=\"shariff-link\" style=\"; background-color:#126567; color:#fff\" target=\"_blank\"><span class=\"shariff-icon\" style=\"\"><svg width=\"32px\" height=\"20px\" xmlns=\"http:\/\/www.w3.org\/2000\/svg\" viewBox=\"0 0 25 32\"><path fill=\"#126567\" d=\"M10.7 11.9q-0.2 0.3-4.6 8.2-0.5 0.8-1.2 0.8h-4.3q-0.4 0-0.5-0.3t0-0.6l4.5-8q0 0 0 0l-2.9-5q-0.2-0.4 0-0.7 0.2-0.3 0.5-0.3h4.3q0.7 0 1.2 0.8zM25.1 0.4q0.2 0.3 0 0.7l-9.4 16.7 6 11q0.2 0.4 0 0.6-0.2 0.3-0.6 0.3h-4.3q-0.7 0-1.2-0.8l-6-11.1q0.3-0.6 9.5-16.8 0.4-0.8 1.2-0.8h4.3q0.4 0 0.5 0.3z\"\/><\/svg><\/span><span class=\"shariff-text\">partager<\/span>&nbsp;<\/a><\/li><\/ul><\/div>","protected":false},"excerpt":{"rendered":"<p>Comme il n&rsquo;est malheureusement pas facile de trouver un logement \u00e0 Fribourg, le SIR propose un service d&rsquo;h\u00e9bergement. Le SIR dispose de quelques appartements individuels et de chambres en colocation \u00e0 Fribourg. Le service se veut un soutien dans la t\u00e2che difficile de trouver une chambre. Le service co\u00fbte 22,- EUR et n&rsquo;est valable que [&hellip;]<\/p>\n","protected":false},"author":1,"featured_media":0,"parent":99,"menu_order":20,"comment_status":"closed","ping_status":"closed","template":"","meta":{"_exactmetrics_skip_tracking":false,"_exactmetrics_sitenote_active":false,"_exactmetrics_sitenote_note":"","_exactmetrics_sitenote_category":0,"footnotes":""},"class_list":["post-961","page","type-page","status-publish","hentry"],"yoast_head":"<!-- This site is optimized with the Yoast SEO plugin v27.4 - https:\/\/yoast.com\/product\/yoast-seo-wordpress\/ -->\n<title>Chambre a Fribourg - isd-freiburg.de<\/title>\n<meta name=\"description\" content=\"Zimmer in Freiburg, ISD - Sprachschule Freiburg hat g\u00fcnstiges Guesthouse mit 2 grossen Wohnungen und insgesamt 9 Einzel- und Doppelzimmern\" \/>\n<meta name=\"robots\" content=\"index, follow, max-snippet:-1, max-image-preview:large, max-video-preview:-1\" \/>\n<link rel=\"canonical\" href=\"https:\/\/isd-freiburg.de\/fr\/infos-generales\/zimmer-in-freiburg\/\" \/>\n<meta property=\"og:locale\" content=\"fr_FR\" \/>\n<meta property=\"og:type\" content=\"article\" \/>\n<meta property=\"og:title\" content=\"Chambre a Fribourg - isd-freiburg.de\" \/>\n<meta property=\"og:description\" content=\"Zimmer in Freiburg, ISD - Sprachschule Freiburg hat g\u00fcnstiges Guesthouse mit 2 grossen Wohnungen und insgesamt 9 Einzel- und Doppelzimmern\" \/>\n<meta property=\"og:url\" content=\"https:\/\/isd-freiburg.de\/fr\/infos-generales\/zimmer-in-freiburg\/\" \/>\n<meta property=\"og:site_name\" content=\"isd-freiburg.de\" \/>\n<meta property=\"article:publisher\" content=\"https:\/\/www.facebook.com\/isd.freiburg\/\" \/>\n<meta property=\"article:modified_time\" content=\"2023-12-07T09:22:07+00:00\" \/>\n<meta property=\"og:image\" content=\"https:\/\/isd-freiburg.de\/wp-content\/uploads\/2016\/06\/ISD-Logo-Schatten.png\" \/>\n\t<meta property=\"og:image:width\" content=\"311\" \/>\n\t<meta property=\"og:image:height\" content=\"120\" \/>\n\t<meta property=\"og:image:type\" content=\"image\/png\" \/>\n<meta name=\"twitter:card\" content=\"summary_large_image\" \/>\n<meta name=\"twitter:label1\" content=\"Dur\u00e9e de lecture estim\u00e9e\" \/>\n\t<meta name=\"twitter:data1\" content=\"4 minutes\" \/>\n<script type=\"application\/ld+json\" class=\"yoast-schema-graph\">{\"@context\":\"https:\\\/\\\/schema.org\",\"@graph\":[{\"@type\":\"WebPage\",\"@id\":\"https:\\\/\\\/isd-freiburg.de\\\/fr\\\/infos-generales\\\/zimmer-in-freiburg\\\/\",\"url\":\"https:\\\/\\\/isd-freiburg.de\\\/fr\\\/infos-generales\\\/zimmer-in-freiburg\\\/\",\"name\":\"Chambre a Fribourg - isd-freiburg.de\",\"isPartOf\":{\"@id\":\"https:\\\/\\\/isd-freiburg.de\\\/fr\\\/#website\"},\"datePublished\":\"2015-11-23T10:38:25+00:00\",\"dateModified\":\"2023-12-07T09:22:07+00:00\",\"description\":\"Zimmer in Freiburg, ISD - Sprachschule Freiburg hat g\u00fcnstiges Guesthouse mit 2 grossen Wohnungen und insgesamt 9 Einzel- und Doppelzimmern\",\"breadcrumb\":{\"@id\":\"https:\\\/\\\/isd-freiburg.de\\\/fr\\\/infos-generales\\\/zimmer-in-freiburg\\\/#breadcrumb\"},\"inLanguage\":\"fr-FR\",\"potentialAction\":[{\"@type\":\"ReadAction\",\"target\":[\"https:\\\/\\\/isd-freiburg.de\\\/fr\\\/infos-generales\\\/zimmer-in-freiburg\\\/\"]}]},{\"@type\":\"BreadcrumbList\",\"@id\":\"https:\\\/\\\/isd-freiburg.de\\\/fr\\\/infos-generales\\\/zimmer-in-freiburg\\\/#breadcrumb\",\"itemListElement\":[{\"@type\":\"ListItem\",\"position\":1,\"name\":\"Home\",\"item\":\"https:\\\/\\\/isd-freiburg.de\\\/fr\\\/\"},{\"@type\":\"ListItem\",\"position\":2,\"name\":\"Internationales Sprachzentrum Dialogo &#8211; your language school in Freiburg\",\"item\":\"https:\\\/\\\/isd-freiburg.de\\\/fr\\\/\"},{\"@type\":\"ListItem\",\"position\":3,\"name\":\"Chambre a Fribourg\"}]},{\"@type\":\"WebSite\",\"@id\":\"https:\\\/\\\/isd-freiburg.de\\\/fr\\\/#website\",\"url\":\"https:\\\/\\\/isd-freiburg.de\\\/fr\\\/\",\"name\":\"isd-freiburg.de\",\"description\":\"Just another WordPress site\",\"publisher\":{\"@id\":\"https:\\\/\\\/isd-freiburg.de\\\/fr\\\/#organization\"},\"potentialAction\":[{\"@type\":\"SearchAction\",\"target\":{\"@type\":\"EntryPoint\",\"urlTemplate\":\"https:\\\/\\\/isd-freiburg.de\\\/fr\\\/?s={search_term_string}\"},\"query-input\":{\"@type\":\"PropertyValueSpecification\",\"valueRequired\":true,\"valueName\":\"search_term_string\"}}],\"inLanguage\":\"fr-FR\"},{\"@type\":\"Organization\",\"@id\":\"https:\\\/\\\/isd-freiburg.de\\\/fr\\\/#organization\",\"name\":\"ISD Freiburg\",\"url\":\"https:\\\/\\\/isd-freiburg.de\\\/fr\\\/\",\"logo\":{\"@type\":\"ImageObject\",\"inLanguage\":\"fr-FR\",\"@id\":\"https:\\\/\\\/isd-freiburg.de\\\/fr\\\/#\\\/schema\\\/logo\\\/image\\\/\",\"url\":\"https:\\\/\\\/isd-freiburg.de\\\/wp-content\\\/uploads\\\/2015\\\/11\\\/isd_logo.jpg\",\"contentUrl\":\"https:\\\/\\\/isd-freiburg.de\\\/wp-content\\\/uploads\\\/2015\\\/11\\\/isd_logo.jpg\",\"width\":222,\"height\":80,\"caption\":\"ISD Freiburg\"},\"image\":{\"@id\":\"https:\\\/\\\/isd-freiburg.de\\\/fr\\\/#\\\/schema\\\/logo\\\/image\\\/\"},\"sameAs\":[\"https:\\\/\\\/www.facebook.com\\\/isd.freiburg\\\/\"]}]}<\/script>\n<!-- \/ Yoast SEO plugin. -->","yoast_head_json":{"title":"Chambre a Fribourg - isd-freiburg.de","description":"Zimmer in Freiburg, ISD - Sprachschule Freiburg hat g\u00fcnstiges Guesthouse mit 2 grossen Wohnungen und insgesamt 9 Einzel- und Doppelzimmern","robots":{"index":"index","follow":"follow","max-snippet":"max-snippet:-1","max-image-preview":"max-image-preview:large","max-video-preview":"max-video-preview:-1"},"canonical":"https:\/\/isd-freiburg.de\/fr\/infos-generales\/zimmer-in-freiburg\/","og_locale":"fr_FR","og_type":"article","og_title":"Chambre a Fribourg - isd-freiburg.de","og_description":"Zimmer in Freiburg, ISD - Sprachschule Freiburg hat g\u00fcnstiges Guesthouse mit 2 grossen Wohnungen und insgesamt 9 Einzel- und Doppelzimmern","og_url":"https:\/\/isd-freiburg.de\/fr\/infos-generales\/zimmer-in-freiburg\/","og_site_name":"isd-freiburg.de","article_publisher":"https:\/\/www.facebook.com\/isd.freiburg\/","article_modified_time":"2023-12-07T09:22:07+00:00","og_image":[{"width":311,"height":120,"url":"https:\/\/isd-freiburg.de\/wp-content\/uploads\/2016\/06\/ISD-Logo-Schatten.png","type":"image\/png"}],"twitter_card":"summary_large_image","twitter_misc":{"Dur\u00e9e de lecture estim\u00e9e":"4 minutes"},"schema":{"@context":"https:\/\/schema.org","@graph":[{"@type":"WebPage","@id":"https:\/\/isd-freiburg.de\/fr\/infos-generales\/zimmer-in-freiburg\/","url":"https:\/\/isd-freiburg.de\/fr\/infos-generales\/zimmer-in-freiburg\/","name":"Chambre a Fribourg - isd-freiburg.de","isPartOf":{"@id":"https:\/\/isd-freiburg.de\/fr\/#website"},"datePublished":"2015-11-23T10:38:25+00:00","dateModified":"2023-12-07T09:22:07+00:00","description":"Zimmer in Freiburg, ISD - Sprachschule Freiburg hat g\u00fcnstiges Guesthouse mit 2 grossen Wohnungen und insgesamt 9 Einzel- und Doppelzimmern","breadcrumb":{"@id":"https:\/\/isd-freiburg.de\/fr\/infos-generales\/zimmer-in-freiburg\/#breadcrumb"},"inLanguage":"fr-FR","potentialAction":[{"@type":"ReadAction","target":["https:\/\/isd-freiburg.de\/fr\/infos-generales\/zimmer-in-freiburg\/"]}]},{"@type":"BreadcrumbList","@id":"https:\/\/isd-freiburg.de\/fr\/infos-generales\/zimmer-in-freiburg\/#breadcrumb","itemListElement":[{"@type":"ListItem","position":1,"name":"Home","item":"https:\/\/isd-freiburg.de\/fr\/"},{"@type":"ListItem","position":2,"name":"Internationales Sprachzentrum Dialogo &#8211; your language school in Freiburg","item":"https:\/\/isd-freiburg.de\/fr\/"},{"@type":"ListItem","position":3,"name":"Chambre a Fribourg"}]},{"@type":"WebSite","@id":"https:\/\/isd-freiburg.de\/fr\/#website","url":"https:\/\/isd-freiburg.de\/fr\/","name":"isd-freiburg.de","description":"Just another WordPress site","publisher":{"@id":"https:\/\/isd-freiburg.de\/fr\/#organization"},"potentialAction":[{"@type":"SearchAction","target":{"@type":"EntryPoint","urlTemplate":"https:\/\/isd-freiburg.de\/fr\/?s={search_term_string}"},"query-input":{"@type":"PropertyValueSpecification","valueRequired":true,"valueName":"search_term_string"}}],"inLanguage":"fr-FR"},{"@type":"Organization","@id":"https:\/\/isd-freiburg.de\/fr\/#organization","name":"ISD Freiburg","url":"https:\/\/isd-freiburg.de\/fr\/","logo":{"@type":"ImageObject","inLanguage":"fr-FR","@id":"https:\/\/isd-freiburg.de\/fr\/#\/schema\/logo\/image\/","url":"https:\/\/isd-freiburg.de\/wp-content\/uploads\/2015\/11\/isd_logo.jpg","contentUrl":"https:\/\/isd-freiburg.de\/wp-content\/uploads\/2015\/11\/isd_logo.jpg","width":222,"height":80,"caption":"ISD Freiburg"},"image":{"@id":"https:\/\/isd-freiburg.de\/fr\/#\/schema\/logo\/image\/"},"sameAs":["https:\/\/www.facebook.com\/isd.freiburg\/"]}]}},"_links":{"self":[{"href":"https:\/\/isd-freiburg.de\/fr\/wp-json\/wp\/v2\/pages\/961","targetHints":{"allow":["GET"]}}],"collection":[{"href":"https:\/\/isd-freiburg.de\/fr\/wp-json\/wp\/v2\/pages"}],"about":[{"href":"https:\/\/isd-freiburg.de\/fr\/wp-json\/wp\/v2\/types\/page"}],"author":[{"embeddable":true,"href":"https:\/\/isd-freiburg.de\/fr\/wp-json\/wp\/v2\/users\/1"}],"replies":[{"embeddable":true,"href":"https:\/\/isd-freiburg.de\/fr\/wp-json\/wp\/v2\/comments?post=961"}],"version-history":[{"count":2,"href":"https:\/\/isd-freiburg.de\/fr\/wp-json\/wp\/v2\/pages\/961\/revisions"}],"predecessor-version":[{"id":26215,"href":"https:\/\/isd-freiburg.de\/fr\/wp-json\/wp\/v2\/pages\/961\/revisions\/26215"}],"up":[{"embeddable":true,"href":"https:\/\/isd-freiburg.de\/fr\/wp-json\/wp\/v2\/pages\/99"}],"wp:attachment":[{"href":"https:\/\/isd-freiburg.de\/fr\/wp-json\/wp\/v2\/media?parent=961"}],"curies":[{"name":"wp","href":"https:\/\/api.w.org\/{rel}","templated":true}]}}