{"id":16079,"date":"2022-05-17T11:10:16","date_gmt":"2022-05-17T12:22:20","guid":{"rendered":"https:\/\/isd-freiburg.de\/?post_type=product&#038;p=16079"},"modified":"2023-05-17T02:48:51","modified_gmt":"2023-05-17T02:48:51","slug":"curso-de-aleman-superintensivo","status":"publish","type":"product","link":"https:\/\/isd-freiburg.de\/fr\/online-anmeldung\/curso-de-aleman-superintensivo\/","title":{"rendered":"Curso de Alem\u00e1n SUPERINTENSIVO"},"content":{"rendered":"<h3>Descrizione del curso y fechas de comienzo<\/h3>\n<p lang=\"en-US\">El curso superintensivo 24 units es un upgrade del curso intensive Regular y adm\u00e9m\u00e1s del programa normal ofrece 4 horas did\u00e1cticas de conversaci\u00f3n y profundizaje de la pronunciaci\u00f3n y fon\u00e9tica alemana.<br \/>\nEste curso es el m\u00e1s adapto para solicitar un VISUM porque conteine 24 horas semanales, lo que muchas emabjadas hoy en dia requieren para conceder permisos de residencias para estudiar el idioma. De hecho en algunos casos ultimamente se rechazan solicitudes con cursos de 20 horas, porque las embajadas entienden 20 horas didacticas de 45 minutos como no suficiente a cubrir lo m\u00ednimo de 18 horas (de 60 minutos) semanales que se requieren para el Visum.<\/p>\n<p>Los cursos superintensivos son de lunes a martes de 9:00 a 13:15 y los viernes de 9:00 a 12:15.<br \/>\nSi no tiene conocimientos previos mire Kursstart A1 en la tabla abajo, si en cambio ya tiene conocimientos de Alem\u00e1n mire las fechas de comienzos .<br \/>\nSi es necesario puede hacer un <a href=\"https:\/\/isd-freiburg.de\/quiz\/deutsch-einstufungstest-in-freiburg\/\">test de evaluaci\u00f3n<\/a>.<\/p>\n<div class=\"su-table su-table-responsive su-table-alternate\">\n<table>\n<tbody>\n<tr>\n<td><strong>Kursstart <\/strong><strong>A1:<\/strong><\/td>\n<td><strong>Kursstart A2:<\/strong><\/td>\n<td><strong>Kursstart B1:<\/strong><\/td>\n<td><strong>Kursstart B2:<\/strong><\/td>\n<td><strong>Kursstart C1:<\/strong><\/td>\n<\/tr>\n<tr>\n<td><strong>07.02.2022<br \/>\n14.03.2022<br \/>\n25.04.2022<br \/>\n06.06.2022 (07.06.2022)<br \/>\n04.07.2022<br \/>\n08.08.2022<br \/>\n12.09.2022<br \/>\n17.10.2022<br \/>\n14.11.2022<\/strong><\/td>\n<td><strong>21.02.2022<br \/>\n21.03.2022<br \/>\n02.05.2022<br \/>\n06.06.2022<br \/>\n18.07.2022<br \/>\n15.08.2022<br \/>\n19.09.2022<br \/>\n24.10.2022<\/strong><\/td>\n<td><strong>28.02.2022<br \/>\n<\/strong><strong>28.03.2022<br \/>\n<\/strong><strong>25.04.2022<br \/>\n<\/strong><strong>23.05.2022<br \/>\n27.06.2022<br \/>\n01.08.2022<br \/>\n12.09.2022<br \/>\n17.10.2022<br \/>\n14.11.2022<\/strong><\/td>\n<td><strong>07.02.2022<br \/>\n14.03.2022<br \/>\n09.05.2022<br \/>\n06.06.2022<br \/>\n04.07.2022<br \/>\n01.08.2022<br \/>\n05.09.2022<br \/>\n10.10.2022<br \/>\n14.11.2022<\/strong><\/td>\n<td><strong>07.02.2022<br \/>\n14.03.2022<br \/>\n25.04.2022<br \/>\n30.05.2022<br \/>\n18.07.2022<br \/>\n15.08.2022<br \/>\n12.09.2022<br \/>\n17.10.2022<br \/>\n21.11.2022<\/strong><\/td>\n<\/tr>\n<\/tbody>\n<\/table>\n<\/div>\n<h3>Curso superintensivo 24 units<\/h3>\n<p>5 units Monday to Thursday (special rules for minigroups with less than 4 participants)<br \/>\n+<br \/>\n4 units on Friday<br \/>\n5 days a week<br \/>\nat least: 1 week<\/p>\n<p>In line with the common framework of the language scale stated by the European Union, ISD sets up courses from the beginner up to the advanced level as follows:<br \/>\n<em>A1a basic (2 weeks)<\/em><br \/>\n<em>A1b basic + (2 weeks)<\/em><br \/>\n<em>A1c basic ++ (2 weeks)<\/em><\/p>\n<p><em>A2a pre-intermediate (2 weeks)<\/em><br \/>\n<em>A2b pre-intermediate + (2 weeks)<\/em><br \/>\n<em>A2c pre-intermediate ++ (2 weeks)<\/em><\/p>\n<p><em>B1a intermediate (2 weeks)<\/em><br \/>\n<em>B1b intermediate + (2 weeks)<\/em><br \/>\n<em>B1c intermediate ++ (2 weeks)<\/em><br \/>\n<em>B1d Intermediate +++ (2 weeks)<br \/>\nB1+: Repetion of Grammar B1 (1 week)<\/em><\/p>\n<p><em>B2a upper-intermediate (2 weeks)<\/em><br \/>\n<em>B2b upper-intermediate + (2 weeks)<\/em><br \/>\n<em>B2c upper-intermediate ++ (2 weeks)<\/em><br \/>\n<em>B2d upper-intermediate +++ (2 weeks)<br \/>\nB2+: Preparation of B2 exam (2 weeks)<\/em><\/p>\n<p><em>C1a advanced (2 weeks)<\/em><br \/>\n<em>C1b advanced + (2 weeks)<\/em><br \/>\n<em>C1c advanced ++ (2 weeks)<\/em><br \/>\n<em>C1d advanced +++ (2 weeks)<\/em><br \/>\n<em>C1e advanced ++++ (2 weeks)<br \/>\n<\/em><br \/>\nAll the courses are didactically structured and planned to give the possibility to do in Addition to the internal Zwischentest the following telc-exams:<\/p>\n<p><em>Start Deutsch 1 (telc Deutsch A1)<\/em><br \/>\n<em>Start Deutsch 2 (telc Deutsch A1)<br \/>\n<\/em><em>Zertifikat Deutsch (telc Deutsch B1)<\/em><br \/>\n<em>telc Deutsch B2<\/em><br \/>\n<em>Zertifikat Deutsch f\u00fcr den Beruf (telc Deutsch B2 Beruf)<\/em><br \/>\n<em>telc Deutsch C1<\/em><br \/>\n<em>telc Deutsch C1 Hochschule<\/em><br \/>\n<em>Test DaF<\/em><\/p>\n<div class=\"shariff shariff-align-left shariff-widget-align-left shariff-buttonstretch\" style=\"display:none\"><ul class=\"shariff-buttons theme-default orientation-horizontal buttonsize-medium\"><li class=\"shariff-button facebook shariff-nocustomcolor\" style=\"background-color:#7e8700\"><a href=\"https:\/\/www.facebook.com\/sharer\/sharer.php?u=https%3A%2F%2Fisd-freiburg.de%2Ffr%2Fonline-anmeldung%2Fcurso-de-aleman-superintensivo%2F\" title=\"Envoyer par Facebook\" aria-label=\"Envoyer par Facebook\" role=\"button\" rel=\"nofollow\" class=\"shariff-link\" style=\"; background-color:#3b5998; color:#fff\" target=\"_blank\"><span class=\"shariff-icon\" style=\"\"><svg width=\"32px\" height=\"20px\" xmlns=\"http:\/\/www.w3.org\/2000\/svg\" viewBox=\"0 0 18 32\"><path fill=\"#3b5998\" d=\"M17.1 0.2v4.7h-2.8q-1.5 0-2.1 0.6t-0.5 1.9v3.4h5.2l-0.7 5.3h-4.5v13.6h-5.5v-13.6h-4.5v-5.3h4.5v-3.9q0-3.3 1.9-5.2t5-1.8q2.6 0 4.1 0.2z\"\/><\/svg><\/span><span class=\"shariff-text\">partager<\/span>&nbsp;<\/a><\/li><li class=\"shariff-button twitter shariff-nocustomcolor\" style=\"background-color:#7e8700\"><a href=\"https:\/\/twitter.com\/share?url=https%3A%2F%2Fisd-freiburg.de%2Ffr%2Fonline-anmeldung%2Fcurso-de-aleman-superintensivo%2F&text=Curso%20de%20Alem%C3%A1n%20SUPERINTENSIVO\" title=\"Envoyer par X\" aria-label=\"Envoyer par X\" role=\"button\" rel=\"noopener nofollow\" class=\"shariff-link\" style=\"; background-color:#000; color:#fff\" target=\"_blank\"><span class=\"shariff-icon\" style=\"\"><svg width=\"32px\" height=\"20px\" xmlns=\"http:\/\/www.w3.org\/2000\/svg\" viewBox=\"0 0 24 24\"><path fill=\"#000\" d=\"M14.258 10.152L23.176 0h-2.113l-7.747 8.813L7.133 0H0l9.352 13.328L0 23.973h2.113l8.176-9.309 6.531 9.309h7.133zm-2.895 3.293l-.949-1.328L2.875 1.56h3.246l6.086 8.523.945 1.328 7.91 11.078h-3.246zm0 0\"\/><\/svg><\/span><span class=\"shariff-text\">partager<\/span>&nbsp;<\/a><\/li><li class=\"shariff-button linkedin shariff-nocustomcolor\" style=\"background-color:#7e8700\"><a href=\"https:\/\/www.linkedin.com\/sharing\/share-offsite\/?url=https%3A%2F%2Fisd-freiburg.de%2Ffr%2Fonline-anmeldung%2Fcurso-de-aleman-superintensivo%2F\" title=\"Envoyer par LinkedIn\" aria-label=\"Envoyer par LinkedIn\" role=\"button\" rel=\"noopener nofollow\" class=\"shariff-link\" style=\"; background-color:#0077b5; color:#fff\" target=\"_blank\"><span class=\"shariff-icon\" style=\"\"><svg width=\"32px\" height=\"20px\" xmlns=\"http:\/\/www.w3.org\/2000\/svg\" viewBox=\"0 0 27 32\"><path fill=\"#0077b5\" d=\"M6.2 11.2v17.7h-5.9v-17.7h5.9zM6.6 5.7q0 1.3-0.9 2.2t-2.4 0.9h0q-1.5 0-2.4-0.9t-0.9-2.2 0.9-2.2 2.4-0.9 2.4 0.9 0.9 2.2zM27.4 18.7v10.1h-5.9v-9.5q0-1.9-0.7-2.9t-2.3-1.1q-1.1 0-1.9 0.6t-1.2 1.5q-0.2 0.5-0.2 1.4v9.9h-5.9q0-7.1 0-11.6t0-5.3l0-0.9h5.9v2.6h0q0.4-0.6 0.7-1t1-0.9 1.6-0.8 2-0.3q3 0 4.9 2t1.9 6z\"\/><\/svg><\/span><span class=\"shariff-text\">partager<\/span>&nbsp;<\/a><\/li><li class=\"shariff-button xing shariff-nocustomcolor\" style=\"background-color:#7e8700\"><a href=\"https:\/\/www.xing.com\/spi\/shares\/new?url=https%3A%2F%2Fisd-freiburg.de%2Ffr%2Fonline-anmeldung%2Fcurso-de-aleman-superintensivo%2F\" title=\"Envoyer par XING\" aria-label=\"Envoyer par XING\" role=\"button\" rel=\"noopener nofollow\" class=\"shariff-link\" style=\"; background-color:#126567; color:#fff\" target=\"_blank\"><span class=\"shariff-icon\" style=\"\"><svg width=\"32px\" height=\"20px\" xmlns=\"http:\/\/www.w3.org\/2000\/svg\" viewBox=\"0 0 25 32\"><path fill=\"#126567\" d=\"M10.7 11.9q-0.2 0.3-4.6 8.2-0.5 0.8-1.2 0.8h-4.3q-0.4 0-0.5-0.3t0-0.6l4.5-8q0 0 0 0l-2.9-5q-0.2-0.4 0-0.7 0.2-0.3 0.5-0.3h4.3q0.7 0 1.2 0.8zM25.1 0.4q0.2 0.3 0 0.7l-9.4 16.7 6 11q0.2 0.4 0 0.6-0.2 0.3-0.6 0.3h-4.3q-0.7 0-1.2-0.8l-6-11.1q0.3-0.6 9.5-16.8 0.4-0.8 1.2-0.8h4.3q0.4 0 0.5 0.3z\"\/><\/svg><\/span><span class=\"shariff-text\">partager<\/span>&nbsp;<\/a><\/li><\/ul><\/div>","protected":false},"excerpt":{"rendered":"<p>Alem\u00e1n\u00a0<strong>intensivo,<\/strong>\u00a020 unidades did\u00e1cticas cada semana. De lunes a viernes (generalmente) de\u00a0<strong>9-12.15<\/strong> <strong>Uhr<\/strong>. Elegir el n\u00famero de las semanas, el mes en el que se desea empezar e la informaci\u00f3n sobre el actual estado de sus conocimientos previos.<strong>\u00a0<\/strong><\/p>\n","protected":false},"featured_media":4335,"template":"","meta":{"_exactmetrics_skip_tracking":false,"_exactmetrics_sitenote_active":false,"_exactmetrics_sitenote_note":"","_exactmetrics_sitenote_category":0},"product_brand":[],"product_cat":[402,398],"product_tag":[305,310,315,312,721],"class_list":{"0":"post-16079","1":"product","2":"type-product","3":"status-publish","4":"has-post-thumbnail","6":"product_cat-cours-dallemand","7":"product_cat-cours-de-langues","8":"product_tag-daf-fr","9":"product_tag-deutsch-fr","10":"product_tag-deutschkurs-fr","11":"product_tag-freiburg-fr","12":"product_tag-sprachschule-fr","13":"pa_kursbeginn-april-fr","14":"pa_kursbeginn-august-fr","15":"pa_kursbeginn-dezember-fr","16":"pa_kursbeginn-februar-fr","17":"pa_kursbeginn-januar-fr","18":"pa_kursbeginn-juli-fr","19":"pa_kursbeginn-juni-fr","20":"pa_kursbeginn-mai-fr","21":"pa_kursbeginn-maerz-fr","22":"pa_kursbeginn-november-fr","23":"pa_kursbeginn-oktober-fr","24":"pa_kursbeginn-september-fr","25":"pa_kursdauer-10-wochen-fr","26":"pa_kursdauer-12-wochen-fr","27":"pa_kursdauer-14-wochen-fr","28":"pa_kursdauer-16-wochen-fr","29":"pa_kursdauer-18-wochen-fr","30":"pa_kursdauer-2-wochen-fr","31":"pa_kursdauer-20-wochen-fr","32":"pa_kursdauer-22-wochen-fr","33":"pa_kursdauer-24-wochen-fr","34":"pa_kursdauer-26-wochen-fr","35":"pa_kursdauer-28-wochen-fr","36":"pa_kursdauer-30-wochen-fr","37":"pa_kursdauer-32-wochen-fr","38":"pa_kursdauer-34-wochen-fr","39":"pa_kursdauer-36-wochen-fr","40":"pa_kursdauer-38-wochen-fr","41":"pa_kursdauer-38-wochen-2-fr","42":"pa_kursdauer-4-wochen-fr","43":"pa_kursdauer-6-wochen-fr","44":"pa_kursdauer-8-wochen-fr","46":"first","47":"instock","48":"sold-individually","49":"shipping-taxable","50":"purchasable","51":"product-type-variable","52":"has-default-attributes"},"yoast_head":"<!-- This site is optimized with the Yoast SEO plugin v27.4 - https:\/\/yoast.com\/product\/yoast-seo-wordpress\/ -->\n<title>Curso de Alem\u00e1n SUPERINTENSIVO - isd-freiburg.de<\/title>\n<meta name=\"robots\" content=\"index, follow, max-snippet:-1, max-image-preview:large, max-video-preview:-1\" \/>\n<link rel=\"canonical\" href=\"https:\/\/isd-freiburg.de\/fr\/online-anmeldung\/curso-de-aleman-superintensivo\/\" \/>\n<meta property=\"og:locale\" content=\"fr_FR\" \/>\n<meta property=\"og:type\" content=\"article\" \/>\n<meta property=\"og:title\" content=\"Curso de Alem\u00e1n SUPERINTENSIVO - isd-freiburg.de\" \/>\n<meta property=\"og:description\" content=\"Alem\u00e1n\u00a0intensivo,\u00a020 unidades did\u00e1cticas cada semana. De lunes a viernes (generalmente) de\u00a09-12.15 Uhr. Elegir el n\u00famero de las semanas, el mes en el que se desea empezar e la informaci\u00f3n sobre el actual estado de sus conocimientos previos.\u00a0\" \/>\n<meta property=\"og:url\" content=\"https:\/\/isd-freiburg.de\/fr\/online-anmeldung\/curso-de-aleman-superintensivo\/\" \/>\n<meta property=\"og:site_name\" content=\"isd-freiburg.de\" \/>\n<meta property=\"article:publisher\" content=\"https:\/\/www.facebook.com\/isd.freiburg\/\" \/>\n<meta property=\"article:modified_time\" content=\"2023-05-17T02:48:51+00:00\" \/>\n<meta property=\"og:image\" content=\"https:\/\/isd-freiburg.de\/wp-content\/uploads\/2016\/06\/DEU_REG_PROF.jpg\" \/>\n\t<meta property=\"og:image:width\" content=\"977\" \/>\n\t<meta property=\"og:image:height\" content=\"651\" \/>\n\t<meta property=\"og:image:type\" content=\"image\/jpeg\" \/>\n<meta name=\"twitter:card\" content=\"summary_large_image\" \/>\n<meta name=\"twitter:label1\" content=\"Dur\u00e9e de lecture estim\u00e9e\" \/>\n\t<meta name=\"twitter:data1\" content=\"2 minutes\" \/>\n<script type=\"application\/ld+json\" class=\"yoast-schema-graph\">{\"@context\":\"https:\\\/\\\/schema.org\",\"@graph\":[{\"@type\":\"WebPage\",\"@id\":\"https:\\\/\\\/isd-freiburg.de\\\/fr\\\/online-anmeldung\\\/curso-de-aleman-superintensivo\\\/\",\"url\":\"https:\\\/\\\/isd-freiburg.de\\\/fr\\\/online-anmeldung\\\/curso-de-aleman-superintensivo\\\/\",\"name\":\"Curso de Alem\u00e1n SUPERINTENSIVO - isd-freiburg.de\",\"isPartOf\":{\"@id\":\"https:\\\/\\\/isd-freiburg.de\\\/fr\\\/#website\"},\"primaryImageOfPage\":{\"@id\":\"https:\\\/\\\/isd-freiburg.de\\\/fr\\\/online-anmeldung\\\/curso-de-aleman-superintensivo\\\/#primaryimage\"},\"image\":{\"@id\":\"https:\\\/\\\/isd-freiburg.de\\\/fr\\\/online-anmeldung\\\/curso-de-aleman-superintensivo\\\/#primaryimage\"},\"thumbnailUrl\":\"https:\\\/\\\/isd-freiburg.de\\\/wp-content\\\/uploads\\\/2016\\\/06\\\/DEU_REG_PROF.jpg\",\"datePublished\":\"2022-05-17T12:22:20+00:00\",\"dateModified\":\"2023-05-17T02:48:51+00:00\",\"breadcrumb\":{\"@id\":\"https:\\\/\\\/isd-freiburg.de\\\/fr\\\/online-anmeldung\\\/curso-de-aleman-superintensivo\\\/#breadcrumb\"},\"inLanguage\":\"fr-FR\",\"potentialAction\":[{\"@type\":\"ReadAction\",\"target\":[\"https:\\\/\\\/isd-freiburg.de\\\/fr\\\/online-anmeldung\\\/curso-de-aleman-superintensivo\\\/\"]}]},{\"@type\":\"ImageObject\",\"inLanguage\":\"fr-FR\",\"@id\":\"https:\\\/\\\/isd-freiburg.de\\\/fr\\\/online-anmeldung\\\/curso-de-aleman-superintensivo\\\/#primaryimage\",\"url\":\"https:\\\/\\\/isd-freiburg.de\\\/wp-content\\\/uploads\\\/2016\\\/06\\\/DEU_REG_PROF.jpg\",\"contentUrl\":\"https:\\\/\\\/isd-freiburg.de\\\/wp-content\\\/uploads\\\/2016\\\/06\\\/DEU_REG_PROF.jpg\",\"width\":977,\"height\":651},{\"@type\":\"BreadcrumbList\",\"@id\":\"https:\\\/\\\/isd-freiburg.de\\\/fr\\\/online-anmeldung\\\/curso-de-aleman-superintensivo\\\/#breadcrumb\",\"itemListElement\":[{\"@type\":\"ListItem\",\"position\":1,\"name\":\"Home\",\"item\":\"https:\\\/\\\/isd-freiburg.de\\\/fr\\\/\"},{\"@type\":\"ListItem\",\"position\":2,\"name\":\"Boutique\",\"item\":\"https:\\\/\\\/isd-freiburg.de\\\/fr\\\/boutique\\\/\"},{\"@type\":\"ListItem\",\"position\":3,\"name\":\"Curso de Alem\u00e1n SUPERINTENSIVO\"}]},{\"@type\":\"WebSite\",\"@id\":\"https:\\\/\\\/isd-freiburg.de\\\/fr\\\/#website\",\"url\":\"https:\\\/\\\/isd-freiburg.de\\\/fr\\\/\",\"name\":\"isd-freiburg.de\",\"description\":\"Just another WordPress site\",\"publisher\":{\"@id\":\"https:\\\/\\\/isd-freiburg.de\\\/fr\\\/#organization\"},\"potentialAction\":[{\"@type\":\"SearchAction\",\"target\":{\"@type\":\"EntryPoint\",\"urlTemplate\":\"https:\\\/\\\/isd-freiburg.de\\\/fr\\\/?s={search_term_string}\"},\"query-input\":{\"@type\":\"PropertyValueSpecification\",\"valueRequired\":true,\"valueName\":\"search_term_string\"}}],\"inLanguage\":\"fr-FR\"},{\"@type\":\"Organization\",\"@id\":\"https:\\\/\\\/isd-freiburg.de\\\/fr\\\/#organization\",\"name\":\"ISD Freiburg\",\"url\":\"https:\\\/\\\/isd-freiburg.de\\\/fr\\\/\",\"logo\":{\"@type\":\"ImageObject\",\"inLanguage\":\"fr-FR\",\"@id\":\"https:\\\/\\\/isd-freiburg.de\\\/fr\\\/#\\\/schema\\\/logo\\\/image\\\/\",\"url\":\"https:\\\/\\\/isd-freiburg.de\\\/wp-content\\\/uploads\\\/2015\\\/11\\\/isd_logo.jpg\",\"contentUrl\":\"https:\\\/\\\/isd-freiburg.de\\\/wp-content\\\/uploads\\\/2015\\\/11\\\/isd_logo.jpg\",\"width\":222,\"height\":80,\"caption\":\"ISD Freiburg\"},\"image\":{\"@id\":\"https:\\\/\\\/isd-freiburg.de\\\/fr\\\/#\\\/schema\\\/logo\\\/image\\\/\"},\"sameAs\":[\"https:\\\/\\\/www.facebook.com\\\/isd.freiburg\\\/\"]}]}<\/script>\n<!-- \/ Yoast SEO plugin. -->","yoast_head_json":{"title":"Curso de Alem\u00e1n SUPERINTENSIVO - isd-freiburg.de","robots":{"index":"index","follow":"follow","max-snippet":"max-snippet:-1","max-image-preview":"max-image-preview:large","max-video-preview":"max-video-preview:-1"},"canonical":"https:\/\/isd-freiburg.de\/fr\/online-anmeldung\/curso-de-aleman-superintensivo\/","og_locale":"fr_FR","og_type":"article","og_title":"Curso de Alem\u00e1n SUPERINTENSIVO - isd-freiburg.de","og_description":"Alem\u00e1n\u00a0intensivo,\u00a020 unidades did\u00e1cticas cada semana. De lunes a viernes (generalmente) de\u00a09-12.15 Uhr. Elegir el n\u00famero de las semanas, el mes en el que se desea empezar e la informaci\u00f3n sobre el actual estado de sus conocimientos previos.\u00a0","og_url":"https:\/\/isd-freiburg.de\/fr\/online-anmeldung\/curso-de-aleman-superintensivo\/","og_site_name":"isd-freiburg.de","article_publisher":"https:\/\/www.facebook.com\/isd.freiburg\/","article_modified_time":"2023-05-17T02:48:51+00:00","og_image":[{"width":977,"height":651,"url":"https:\/\/isd-freiburg.de\/wp-content\/uploads\/2016\/06\/DEU_REG_PROF.jpg","type":"image\/jpeg"}],"twitter_card":"summary_large_image","twitter_misc":{"Dur\u00e9e de lecture estim\u00e9e":"2 minutes"},"schema":{"@context":"https:\/\/schema.org","@graph":[{"@type":"WebPage","@id":"https:\/\/isd-freiburg.de\/fr\/online-anmeldung\/curso-de-aleman-superintensivo\/","url":"https:\/\/isd-freiburg.de\/fr\/online-anmeldung\/curso-de-aleman-superintensivo\/","name":"Curso de Alem\u00e1n SUPERINTENSIVO - isd-freiburg.de","isPartOf":{"@id":"https:\/\/isd-freiburg.de\/fr\/#website"},"primaryImageOfPage":{"@id":"https:\/\/isd-freiburg.de\/fr\/online-anmeldung\/curso-de-aleman-superintensivo\/#primaryimage"},"image":{"@id":"https:\/\/isd-freiburg.de\/fr\/online-anmeldung\/curso-de-aleman-superintensivo\/#primaryimage"},"thumbnailUrl":"https:\/\/isd-freiburg.de\/wp-content\/uploads\/2016\/06\/DEU_REG_PROF.jpg","datePublished":"2022-05-17T12:22:20+00:00","dateModified":"2023-05-17T02:48:51+00:00","breadcrumb":{"@id":"https:\/\/isd-freiburg.de\/fr\/online-anmeldung\/curso-de-aleman-superintensivo\/#breadcrumb"},"inLanguage":"fr-FR","potentialAction":[{"@type":"ReadAction","target":["https:\/\/isd-freiburg.de\/fr\/online-anmeldung\/curso-de-aleman-superintensivo\/"]}]},{"@type":"ImageObject","inLanguage":"fr-FR","@id":"https:\/\/isd-freiburg.de\/fr\/online-anmeldung\/curso-de-aleman-superintensivo\/#primaryimage","url":"https:\/\/isd-freiburg.de\/wp-content\/uploads\/2016\/06\/DEU_REG_PROF.jpg","contentUrl":"https:\/\/isd-freiburg.de\/wp-content\/uploads\/2016\/06\/DEU_REG_PROF.jpg","width":977,"height":651},{"@type":"BreadcrumbList","@id":"https:\/\/isd-freiburg.de\/fr\/online-anmeldung\/curso-de-aleman-superintensivo\/#breadcrumb","itemListElement":[{"@type":"ListItem","position":1,"name":"Home","item":"https:\/\/isd-freiburg.de\/fr\/"},{"@type":"ListItem","position":2,"name":"Boutique","item":"https:\/\/isd-freiburg.de\/fr\/boutique\/"},{"@type":"ListItem","position":3,"name":"Curso de Alem\u00e1n SUPERINTENSIVO"}]},{"@type":"WebSite","@id":"https:\/\/isd-freiburg.de\/fr\/#website","url":"https:\/\/isd-freiburg.de\/fr\/","name":"isd-freiburg.de","description":"Just another WordPress site","publisher":{"@id":"https:\/\/isd-freiburg.de\/fr\/#organization"},"potentialAction":[{"@type":"SearchAction","target":{"@type":"EntryPoint","urlTemplate":"https:\/\/isd-freiburg.de\/fr\/?s={search_term_string}"},"query-input":{"@type":"PropertyValueSpecification","valueRequired":true,"valueName":"search_term_string"}}],"inLanguage":"fr-FR"},{"@type":"Organization","@id":"https:\/\/isd-freiburg.de\/fr\/#organization","name":"ISD Freiburg","url":"https:\/\/isd-freiburg.de\/fr\/","logo":{"@type":"ImageObject","inLanguage":"fr-FR","@id":"https:\/\/isd-freiburg.de\/fr\/#\/schema\/logo\/image\/","url":"https:\/\/isd-freiburg.de\/wp-content\/uploads\/2015\/11\/isd_logo.jpg","contentUrl":"https:\/\/isd-freiburg.de\/wp-content\/uploads\/2015\/11\/isd_logo.jpg","width":222,"height":80,"caption":"ISD Freiburg"},"image":{"@id":"https:\/\/isd-freiburg.de\/fr\/#\/schema\/logo\/image\/"},"sameAs":["https:\/\/www.facebook.com\/isd.freiburg\/"]}]}},"_links":{"self":[{"href":"https:\/\/isd-freiburg.de\/fr\/wp-json\/wp\/v2\/product\/16079","targetHints":{"allow":["GET"]}}],"collection":[{"href":"https:\/\/isd-freiburg.de\/fr\/wp-json\/wp\/v2\/product"}],"about":[{"href":"https:\/\/isd-freiburg.de\/fr\/wp-json\/wp\/v2\/types\/product"}],"wp:featuredmedia":[{"embeddable":true,"href":"https:\/\/isd-freiburg.de\/fr\/wp-json\/wp\/v2\/media\/4335"}],"wp:attachment":[{"href":"https:\/\/isd-freiburg.de\/fr\/wp-json\/wp\/v2\/media?parent=16079"}],"wp:term":[{"taxonomy":"product_brand","embeddable":true,"href":"https:\/\/isd-freiburg.de\/fr\/wp-json\/wp\/v2\/product_brand?post=16079"},{"taxonomy":"product_cat","embeddable":true,"href":"https:\/\/isd-freiburg.de\/fr\/wp-json\/wp\/v2\/product_cat?post=16079"},{"taxonomy":"product_tag","embeddable":true,"href":"https:\/\/isd-freiburg.de\/fr\/wp-json\/wp\/v2\/product_tag?post=16079"}],"curies":[{"name":"wp","href":"https:\/\/api.w.org\/{rel}","templated":true}]}}