{"id":14821,"date":"2020-07-07T08:31:47","date_gmt":"2020-07-07T08:31:47","guid":{"rendered":"https:\/\/isd-freiburg.de\/?page_id=14821"},"modified":"2020-07-07T12:02:27","modified_gmt":"2020-07-07T12:02:27","slug":"garanzia-di-qualita","status":"publish","type":"page","link":"https:\/\/isd-freiburg.de\/it\/corsi-tedesco-freiburg\/garanzia-di-qualita\/","title":{"rendered":"Garanzia di Qualit\u00e0"},"content":{"rendered":"\n<h2 class=\"wp-block-heading\"><p><strong>7 domande per la QUALIT\u00c0<\/strong><\/p><\/h2>\n\n<p><p>Prima di decidere in quale scuola imparare una nuova lingua fatti le seguenti 7 domande e leggi le risposte in basso. In questo modo imparerai a conoscere i criteri di qualit\u00e0 dell&#8217;ISD-Freiburg:<br\/>1. La scuola \u00e8 certificata?<br\/>2. I risultati del processo di apprendimento vengono valutati e verificati con regolarit\u00e0?<br\/>3. Il team di amministrazione e il team docenti \u00e8 competente e qualificato?<br\/>4. Le aule sono spaziose, luminose e dotate dei necessari apporti tecnici?<br\/>5. L&#8217;Istituto di lingua \u00e8 istituzionalmente riconosciuto e dispone di determinati accrediti da parte del Ministero?<br\/>6. L&#8217;offerta didattica \u00e8 adeguata per il mio progetto di apprendimento? La scuola pu\u00f2 consigliarmi in questo senso?<br\/>7. Il processo di iscrizione \u00e8 veloce e deburocratizzato?<br\/><br\/><strong>1. La scuola \u00e8 certificata?<\/strong> <strong>S\u00ec!<\/strong> <br\/>Una certificazione garantisce che il sistema di amministrazione e tutti i processi interni sono annualmente verificati e rispondano a criteri qualitativi ben precisi. La certificazione \u00e8 essenziale presso Istituti che lavorano secondo elevati standard professionali. L&#8217;ISD Freiburg dispone di un <b><i>AZAV Zertifikat <\/i><\/b>gi\u00e0 dal 2015, che rappresenta il pi\u00f9 appropriato grado di certificazione per Istituti di formazione linguistica. La certificazione attuale \u00e8 valida fino al 19.03.2025.<br\/><br\/><b>2. I risultati del processo di apprendimento vengono valutati e verificati con regolarit\u00e0? S\u00ec!<\/b><br\/>Durante il corso vengono svolti test di valutazione a intervalli regolari. I risultati vengono analizzati e documentati, al fine di promuovere continuamente la qualit\u00e0 della didattica e il successo della stessa. Questo sistema contribuisce a una sempre pi\u00f9 efficiente programmazione e concezione dei corsi.<br\/><br\/><strong>3. Il team di amministrazione e il team docenti \u00e8 competente e qualificato?<\/strong><br\/>Imparare una lingua straniera non \u00e8 un semplice esercizio meccanico. Si tratta invece di un processo interiore di ampliamento degli orizzonti personali. Attraverso questo processo si imparara a vedere e apprezzare il mondo da una prospettiva nuova. Durante questo importante e complesso processo ci accompagna l&#8217;insegnante, trasmettendoci nuove conoscenze sulla lingua straniera e decodificando le diverse strutture linguistiche per renderle intelleggibili e pi\u00f9 comprensibili.<br\/>La scelta degli insgenanti rappresneta il primo e principale step nel successo di una scuola di lingua. L&#8217;esperienza e la competenza sono in questo processo dei criteri fondamentali. Le qualificazioni degli insegnanti vengono analizzate attentamente presso l&#8217;ISD, che si occupa anche di integrare le conoscenze del corpo docente attraverso continui corsi di aggiornamenti interni, come per esempio i corsi per diventare esaminatori telc. <br\/>Oltre alla qualificazione professionale vi \u00e8 un altro aspetto che noi riteniamo di primaria importanza: la capacit\u00e0 di capire le persone e le situazioni. Solo questa combinazione tra conoscenze professionali e umane fa di un buon insegnante un ottimo docente.<br\/><br\/><strong>4. Le aule sono spaziose, luminose e dotate dei necessari apporti tecnici?\u00a0<\/strong><br\/>Per ottimizzare il processo di apprendimento \u00e8 importante che il corso si svolga in aule spaziose, in un ambiente moderno e confortevole. Aule grandi e luminose aiutano la concentrazione e contribuiscono in questo modo al successo. Il nostro Istituto i \u00b4n Rehlingstr.\u00a0<br\/><strong>5. L&#8217;Istituto di lingua \u00e8 istituzionalmente riconosciuto e dispone di determinati accrediti da parte del Ministero?<\/strong><br\/>Wir haben in den letzten Jahren sehr fokussiert daran gearbeitet, aus der Sprachschule einen anerkannten und institutionalisierten Bildungsanbieter zu machen. Aktuell verf\u00fcgt das ISD-Freiburg \u00fcber offizielle Zulassungen f\u00fcr gef\u00f6rderte <strong>Berufssprachkurse <\/strong>insbesondere im medizinischen Bereich (\u00c4rzte, Krankenpfleger, medizinische Fachberufe) und arbeitet somit aktiv mit dem BAMF, mit der Arbeitsagentur und den Jobcenters zusammen, um die Integration von spezialisierten und relevanten Fachkr\u00e4ften in den deutschen Arbeitsmarkt zu f\u00f6rdern.<br\/><br\/><strong>6. L&#8217;offerta didattica \u00e8 adeguata per il mio progetto di apprendimento? La scuola pu\u00f2 consigliarmi in questo senso?<\/strong><br\/>Wir sind seit 2009 t\u00e4glich pausenlos im Bereich der Erwachsenenbildung t\u00e4tig und kennen uns mit allen darauf bezogenen Themen und Problematiken sehr gut aus. Durch regelm\u00e4\u00dfige Workshops und gezielte Trainings werden unsere Verwaltungskr\u00e4fte optimal ausgebildet, Ihnen einen effizienten Lernplan anzubieten. Wir bearbeiten die F\u00e4lle individuell und k\u00f6nnen somit bei der Kursplanung Ihre W\u00fcnsche ber\u00fccksichtigen. Au\u00dferdem bieten wir Ihnen gerne einzelne <strong>Beratungstermine <\/strong>mit den F\u00fchrungskr\u00e4ften unseres B\u00fcros an, falls Sie sich eine pers\u00f6nliche professionelle Beratung w\u00fcnschen. Weitere Services, wie z.B. Unterst\u00fctzung bei Bewerbung und Jobsuche, erg\u00e4nzen unser Beratungsangebot.<br\/><br\/><strong>7. Il processo di iscrizione \u00e8 veloce e deburocratizzato?<\/strong><br\/>Unser <em>Credo<\/em> ist, dass B\u00fcrokratie zwar notwendig ist, sie soll aber kein Hindernis zur Beschleunigung des Sprachenerwerbs darstellen. Beim ISD-Freiburg werden die Kurse so geplant, dass die Wartezeiten f\u00fcr den Kurseinstieg minimal sind. Grunds\u00e4tzlich k\u00f6nnen Sie jederzeit in einen Kurs f\u00fcr Selbstzahler einsteigen. Bei gef\u00f6rderten Kursen \u00fcbernehmen wir gerne die b\u00fcrokratische Arbeit, damit der Kursteilnehmer entlastet ist und sich ausschlie\u00dflich auf das Lernen konzentrieren kann.<br\/><\/p><\/p>\n<div class=\"shariff shariff-align-left shariff-widget-align-left shariff-buttonstretch\" style=\"display:none\"><ul class=\"shariff-buttons theme-default orientation-horizontal buttonsize-medium\"><li class=\"shariff-button facebook shariff-nocustomcolor\" style=\"background-color:#7e8700\"><a href=\"https:\/\/www.facebook.com\/sharer\/sharer.php?u=https%3A%2F%2Fisd-freiburg.de%2Fit%2Fcorsi-tedesco-freiburg%2Fgaranzia-di-qualita%2F\" title=\"Condividi su Facebook\" aria-label=\"Condividi su Facebook\" role=\"button\" rel=\"nofollow\" class=\"shariff-link\" style=\"; background-color:#3b5998; color:#fff\" target=\"_blank\"><span class=\"shariff-icon\" style=\"\"><svg width=\"32px\" height=\"20px\" xmlns=\"http:\/\/www.w3.org\/2000\/svg\" viewBox=\"0 0 18 32\"><path fill=\"#3b5998\" d=\"M17.1 0.2v4.7h-2.8q-1.5 0-2.1 0.6t-0.5 1.9v3.4h5.2l-0.7 5.3h-4.5v13.6h-5.5v-13.6h-4.5v-5.3h4.5v-3.9q0-3.3 1.9-5.2t5-1.8q2.6 0 4.1 0.2z\"\/><\/svg><\/span><span class=\"shariff-text\">condividi<\/span>&nbsp;<\/a><\/li><li class=\"shariff-button twitter shariff-nocustomcolor\" style=\"background-color:#7e8700\"><a href=\"https:\/\/twitter.com\/share?url=https%3A%2F%2Fisd-freiburg.de%2Fit%2Fcorsi-tedesco-freiburg%2Fgaranzia-di-qualita%2F&text=Garanzia%20di%20Qualit%C3%A0\" title=\"Condividi su X\" aria-label=\"Condividi su X\" role=\"button\" rel=\"noopener nofollow\" class=\"shariff-link\" style=\"; background-color:#000; color:#fff\" target=\"_blank\"><span class=\"shariff-icon\" style=\"\"><svg width=\"32px\" height=\"20px\" xmlns=\"http:\/\/www.w3.org\/2000\/svg\" viewBox=\"0 0 24 24\"><path fill=\"#000\" d=\"M14.258 10.152L23.176 0h-2.113l-7.747 8.813L7.133 0H0l9.352 13.328L0 23.973h2.113l8.176-9.309 6.531 9.309h7.133zm-2.895 3.293l-.949-1.328L2.875 1.56h3.246l6.086 8.523.945 1.328 7.91 11.078h-3.246zm0 0\"\/><\/svg><\/span><span class=\"shariff-text\">condividi<\/span>&nbsp;<\/a><\/li><li class=\"shariff-button linkedin shariff-nocustomcolor\" style=\"background-color:#7e8700\"><a href=\"https:\/\/www.linkedin.com\/sharing\/share-offsite\/?url=https%3A%2F%2Fisd-freiburg.de%2Fit%2Fcorsi-tedesco-freiburg%2Fgaranzia-di-qualita%2F\" title=\"Condividi su LinkedIn\" aria-label=\"Condividi su LinkedIn\" role=\"button\" rel=\"noopener nofollow\" class=\"shariff-link\" style=\"; background-color:#0077b5; color:#fff\" target=\"_blank\"><span class=\"shariff-icon\" style=\"\"><svg width=\"32px\" height=\"20px\" xmlns=\"http:\/\/www.w3.org\/2000\/svg\" viewBox=\"0 0 27 32\"><path fill=\"#0077b5\" d=\"M6.2 11.2v17.7h-5.9v-17.7h5.9zM6.6 5.7q0 1.3-0.9 2.2t-2.4 0.9h0q-1.5 0-2.4-0.9t-0.9-2.2 0.9-2.2 2.4-0.9 2.4 0.9 0.9 2.2zM27.4 18.7v10.1h-5.9v-9.5q0-1.9-0.7-2.9t-2.3-1.1q-1.1 0-1.9 0.6t-1.2 1.5q-0.2 0.5-0.2 1.4v9.9h-5.9q0-7.1 0-11.6t0-5.3l0-0.9h5.9v2.6h0q0.4-0.6 0.7-1t1-0.9 1.6-0.8 2-0.3q3 0 4.9 2t1.9 6z\"\/><\/svg><\/span><span class=\"shariff-text\">condividi<\/span>&nbsp;<\/a><\/li><li class=\"shariff-button xing shariff-nocustomcolor\" style=\"background-color:#7e8700\"><a href=\"https:\/\/www.xing.com\/spi\/shares\/new?url=https%3A%2F%2Fisd-freiburg.de%2Fit%2Fcorsi-tedesco-freiburg%2Fgaranzia-di-qualita%2F\" title=\"Condividi su XING\" aria-label=\"Condividi su XING\" role=\"button\" rel=\"noopener nofollow\" class=\"shariff-link\" style=\"; background-color:#126567; color:#fff\" target=\"_blank\"><span class=\"shariff-icon\" style=\"\"><svg width=\"32px\" height=\"20px\" xmlns=\"http:\/\/www.w3.org\/2000\/svg\" viewBox=\"0 0 25 32\"><path fill=\"#126567\" d=\"M10.7 11.9q-0.2 0.3-4.6 8.2-0.5 0.8-1.2 0.8h-4.3q-0.4 0-0.5-0.3t0-0.6l4.5-8q0 0 0 0l-2.9-5q-0.2-0.4 0-0.7 0.2-0.3 0.5-0.3h4.3q0.7 0 1.2 0.8zM25.1 0.4q0.2 0.3 0 0.7l-9.4 16.7 6 11q0.2 0.4 0 0.6-0.2 0.3-0.6 0.3h-4.3q-0.7 0-1.2-0.8l-6-11.1q0.3-0.6 9.5-16.8 0.4-0.8 1.2-0.8h4.3q0.4 0 0.5 0.3z\"\/><\/svg><\/span><span class=\"shariff-text\">condividi<\/span>&nbsp;<\/a><\/li><\/ul><\/div>","protected":false},"excerpt":{"rendered":"<p>7 domande per la QUALIT\u00c0 Prima di decidere in quale scuola imparare una nuova lingua fatti le seguenti 7 domande e leggi le risposte in basso. In questo modo imparerai a conoscere i criteri di qualit\u00e0 dell&#8217;ISD-Freiburg:1. La scuola \u00e8 certificata?2. I risultati del processo di apprendimento vengono valutati e verificati con regolarit\u00e0?3. Il team [&hellip;]<\/p>\n","protected":false},"author":3,"featured_media":0,"parent":101,"menu_order":10,"comment_status":"closed","ping_status":"closed","template":"","meta":{"_exactmetrics_skip_tracking":false,"_exactmetrics_sitenote_active":false,"_exactmetrics_sitenote_note":"","_exactmetrics_sitenote_category":0,"footnotes":""},"class_list":["post-14821","page","type-page","status-publish","hentry"],"yoast_head":"<!-- This site is optimized with the Yoast SEO plugin v27.6 - https:\/\/yoast.com\/product\/yoast-seo-wordpress\/ -->\n<title>Garanzia di Qualit\u00e0 - isd-freiburg.de<\/title>\n<meta name=\"robots\" content=\"index, follow, max-snippet:-1, max-image-preview:large, max-video-preview:-1\" \/>\n<link rel=\"canonical\" href=\"https:\/\/isd-freiburg.de\/it\/corsi-tedesco-freiburg\/garanzia-di-qualita\/\" \/>\n<meta property=\"og:locale\" content=\"it_IT\" \/>\n<meta property=\"og:type\" content=\"article\" \/>\n<meta property=\"og:title\" content=\"Garanzia di Qualit\u00e0 - isd-freiburg.de\" \/>\n<meta property=\"og:description\" content=\"7 domande per la QUALIT\u00c0 Prima di decidere in quale scuola imparare una nuova lingua fatti le seguenti 7 domande e leggi le risposte in basso. In questo modo imparerai a conoscere i criteri di qualit\u00e0 dell&#8217;ISD-Freiburg:1. La scuola \u00e8 certificata?2. I risultati del processo di apprendimento vengono valutati e verificati con regolarit\u00e0?3. Il team [&hellip;]\" \/>\n<meta property=\"og:url\" content=\"https:\/\/isd-freiburg.de\/it\/corsi-tedesco-freiburg\/garanzia-di-qualita\/\" \/>\n<meta property=\"og:site_name\" content=\"isd-freiburg.de\" \/>\n<meta property=\"article:publisher\" content=\"https:\/\/www.facebook.com\/isd.freiburg\/\" \/>\n<meta property=\"article:modified_time\" content=\"2020-07-07T12:02:27+00:00\" \/>\n<meta property=\"og:image\" content=\"https:\/\/isd-freiburg.de\/wp-content\/uploads\/2016\/06\/ISD-Logo-Schatten.png\" \/>\n\t<meta property=\"og:image:width\" content=\"311\" \/>\n\t<meta property=\"og:image:height\" content=\"120\" \/>\n\t<meta property=\"og:image:type\" content=\"image\/png\" \/>\n<meta name=\"twitter:card\" content=\"summary_large_image\" \/>\n<meta name=\"twitter:label1\" content=\"Tempo di lettura stimato\" \/>\n\t<meta name=\"twitter:data1\" content=\"4 minuti\" \/>\n<script type=\"application\/ld+json\" class=\"yoast-schema-graph\">{\"@context\":\"https:\\\/\\\/schema.org\",\"@graph\":[{\"@type\":\"WebPage\",\"@id\":\"https:\\\/\\\/isd-freiburg.de\\\/it\\\/corsi-tedesco-freiburg\\\/garanzia-di-qualita\\\/\",\"url\":\"https:\\\/\\\/isd-freiburg.de\\\/it\\\/corsi-tedesco-freiburg\\\/garanzia-di-qualita\\\/\",\"name\":\"Garanzia di Qualit\u00e0 - isd-freiburg.de\",\"isPartOf\":{\"@id\":\"https:\\\/\\\/isd-freiburg.de\\\/it\\\/#website\"},\"datePublished\":\"2020-07-07T08:31:47+00:00\",\"dateModified\":\"2020-07-07T12:02:27+00:00\",\"breadcrumb\":{\"@id\":\"https:\\\/\\\/isd-freiburg.de\\\/it\\\/corsi-tedesco-freiburg\\\/garanzia-di-qualita\\\/#breadcrumb\"},\"inLanguage\":\"it-IT\",\"potentialAction\":[{\"@type\":\"ReadAction\",\"target\":[\"https:\\\/\\\/isd-freiburg.de\\\/it\\\/corsi-tedesco-freiburg\\\/garanzia-di-qualita\\\/\"]}]},{\"@type\":\"BreadcrumbList\",\"@id\":\"https:\\\/\\\/isd-freiburg.de\\\/it\\\/corsi-tedesco-freiburg\\\/garanzia-di-qualita\\\/#breadcrumb\",\"itemListElement\":[{\"@type\":\"ListItem\",\"position\":1,\"name\":\"Home\",\"item\":\"https:\\\/\\\/isd-freiburg.de\\\/it\\\/corsi-tedesco-freiburg\\\/\"},{\"@type\":\"ListItem\",\"position\":2,\"name\":\"Garanzia di Qualit\u00e0\"}]},{\"@type\":\"WebSite\",\"@id\":\"https:\\\/\\\/isd-freiburg.de\\\/it\\\/#website\",\"url\":\"https:\\\/\\\/isd-freiburg.de\\\/it\\\/\",\"name\":\"isd-freiburg.de\",\"description\":\"Just another WordPress site\",\"publisher\":{\"@id\":\"https:\\\/\\\/isd-freiburg.de\\\/it\\\/#organization\"},\"potentialAction\":[{\"@type\":\"SearchAction\",\"target\":{\"@type\":\"EntryPoint\",\"urlTemplate\":\"https:\\\/\\\/isd-freiburg.de\\\/it\\\/?s={search_term_string}\"},\"query-input\":{\"@type\":\"PropertyValueSpecification\",\"valueRequired\":true,\"valueName\":\"search_term_string\"}}],\"inLanguage\":\"it-IT\"},{\"@type\":\"Organization\",\"@id\":\"https:\\\/\\\/isd-freiburg.de\\\/it\\\/#organization\",\"name\":\"ISD Freiburg\",\"url\":\"https:\\\/\\\/isd-freiburg.de\\\/it\\\/\",\"logo\":{\"@type\":\"ImageObject\",\"inLanguage\":\"it-IT\",\"@id\":\"https:\\\/\\\/isd-freiburg.de\\\/it\\\/#\\\/schema\\\/logo\\\/image\\\/\",\"url\":\"https:\\\/\\\/isd-freiburg.de\\\/wp-content\\\/uploads\\\/2015\\\/11\\\/isd_logo.jpg\",\"contentUrl\":\"https:\\\/\\\/isd-freiburg.de\\\/wp-content\\\/uploads\\\/2015\\\/11\\\/isd_logo.jpg\",\"width\":222,\"height\":80,\"caption\":\"ISD Freiburg\"},\"image\":{\"@id\":\"https:\\\/\\\/isd-freiburg.de\\\/it\\\/#\\\/schema\\\/logo\\\/image\\\/\"},\"sameAs\":[\"https:\\\/\\\/www.facebook.com\\\/isd.freiburg\\\/\"]}]}<\/script>\n<!-- \/ Yoast SEO plugin. -->","yoast_head_json":{"title":"Garanzia di Qualit\u00e0 - isd-freiburg.de","robots":{"index":"index","follow":"follow","max-snippet":"max-snippet:-1","max-image-preview":"max-image-preview:large","max-video-preview":"max-video-preview:-1"},"canonical":"https:\/\/isd-freiburg.de\/it\/corsi-tedesco-freiburg\/garanzia-di-qualita\/","og_locale":"it_IT","og_type":"article","og_title":"Garanzia di Qualit\u00e0 - isd-freiburg.de","og_description":"7 domande per la QUALIT\u00c0 Prima di decidere in quale scuola imparare una nuova lingua fatti le seguenti 7 domande e leggi le risposte in basso. In questo modo imparerai a conoscere i criteri di qualit\u00e0 dell&#8217;ISD-Freiburg:1. La scuola \u00e8 certificata?2. I risultati del processo di apprendimento vengono valutati e verificati con regolarit\u00e0?3. Il team [&hellip;]","og_url":"https:\/\/isd-freiburg.de\/it\/corsi-tedesco-freiburg\/garanzia-di-qualita\/","og_site_name":"isd-freiburg.de","article_publisher":"https:\/\/www.facebook.com\/isd.freiburg\/","article_modified_time":"2020-07-07T12:02:27+00:00","og_image":[{"width":311,"height":120,"url":"https:\/\/isd-freiburg.de\/wp-content\/uploads\/2016\/06\/ISD-Logo-Schatten.png","type":"image\/png"}],"twitter_card":"summary_large_image","twitter_misc":{"Tempo di lettura stimato":"4 minuti"},"schema":{"@context":"https:\/\/schema.org","@graph":[{"@type":"WebPage","@id":"https:\/\/isd-freiburg.de\/it\/corsi-tedesco-freiburg\/garanzia-di-qualita\/","url":"https:\/\/isd-freiburg.de\/it\/corsi-tedesco-freiburg\/garanzia-di-qualita\/","name":"Garanzia di Qualit\u00e0 - isd-freiburg.de","isPartOf":{"@id":"https:\/\/isd-freiburg.de\/it\/#website"},"datePublished":"2020-07-07T08:31:47+00:00","dateModified":"2020-07-07T12:02:27+00:00","breadcrumb":{"@id":"https:\/\/isd-freiburg.de\/it\/corsi-tedesco-freiburg\/garanzia-di-qualita\/#breadcrumb"},"inLanguage":"it-IT","potentialAction":[{"@type":"ReadAction","target":["https:\/\/isd-freiburg.de\/it\/corsi-tedesco-freiburg\/garanzia-di-qualita\/"]}]},{"@type":"BreadcrumbList","@id":"https:\/\/isd-freiburg.de\/it\/corsi-tedesco-freiburg\/garanzia-di-qualita\/#breadcrumb","itemListElement":[{"@type":"ListItem","position":1,"name":"Home","item":"https:\/\/isd-freiburg.de\/it\/corsi-tedesco-freiburg\/"},{"@type":"ListItem","position":2,"name":"Garanzia di Qualit\u00e0"}]},{"@type":"WebSite","@id":"https:\/\/isd-freiburg.de\/it\/#website","url":"https:\/\/isd-freiburg.de\/it\/","name":"isd-freiburg.de","description":"Just another WordPress site","publisher":{"@id":"https:\/\/isd-freiburg.de\/it\/#organization"},"potentialAction":[{"@type":"SearchAction","target":{"@type":"EntryPoint","urlTemplate":"https:\/\/isd-freiburg.de\/it\/?s={search_term_string}"},"query-input":{"@type":"PropertyValueSpecification","valueRequired":true,"valueName":"search_term_string"}}],"inLanguage":"it-IT"},{"@type":"Organization","@id":"https:\/\/isd-freiburg.de\/it\/#organization","name":"ISD Freiburg","url":"https:\/\/isd-freiburg.de\/it\/","logo":{"@type":"ImageObject","inLanguage":"it-IT","@id":"https:\/\/isd-freiburg.de\/it\/#\/schema\/logo\/image\/","url":"https:\/\/isd-freiburg.de\/wp-content\/uploads\/2015\/11\/isd_logo.jpg","contentUrl":"https:\/\/isd-freiburg.de\/wp-content\/uploads\/2015\/11\/isd_logo.jpg","width":222,"height":80,"caption":"ISD Freiburg"},"image":{"@id":"https:\/\/isd-freiburg.de\/it\/#\/schema\/logo\/image\/"},"sameAs":["https:\/\/www.facebook.com\/isd.freiburg\/"]}]}},"_links":{"self":[{"href":"https:\/\/isd-freiburg.de\/it\/wp-json\/wp\/v2\/pages\/14821","targetHints":{"allow":["GET"]}}],"collection":[{"href":"https:\/\/isd-freiburg.de\/it\/wp-json\/wp\/v2\/pages"}],"about":[{"href":"https:\/\/isd-freiburg.de\/it\/wp-json\/wp\/v2\/types\/page"}],"author":[{"embeddable":true,"href":"https:\/\/isd-freiburg.de\/it\/wp-json\/wp\/v2\/users\/3"}],"replies":[{"embeddable":true,"href":"https:\/\/isd-freiburg.de\/it\/wp-json\/wp\/v2\/comments?post=14821"}],"version-history":[{"count":0,"href":"https:\/\/isd-freiburg.de\/it\/wp-json\/wp\/v2\/pages\/14821\/revisions"}],"up":[{"embeddable":true,"href":"https:\/\/isd-freiburg.de\/it\/wp-json\/wp\/v2\/pages\/101"}],"wp:attachment":[{"href":"https:\/\/isd-freiburg.de\/it\/wp-json\/wp\/v2\/media?parent=14821"}],"curies":[{"name":"wp","href":"https:\/\/api.w.org\/{rel}","templated":true}]}}