{"id":857,"date":"2016-01-26T14:07:02","date_gmt":"2016-01-26T14:07:02","guid":{"rendered":"https:\/\/isd-freiburg.de\/it\/?page_id=857"},"modified":"2016-11-17T15:23:05","modified_gmt":"2016-11-17T15:23:05","slug":"la-scuola-di-lingua-tedesca-a-freiburg","status":"publish","type":"page","link":"https:\/\/isd-freiburg.de\/it\/corsi-tedesco-freiburg\/la-scuola-di-lingua-tedesca-a-freiburg\/","title":{"rendered":"La citt\u00e0"},"content":{"rendered":"<p>Freiburg o Friburgo (nome completo in Tedesco: Freiburg im Breisgau) \u00e8, con i suoi 220.000 abitanti, di cui 33.000 studenti, la quarta citt\u00e0 del Baden-Wuerttemberg dopo Stoccarda, Karlsruhe e Mannheim, la citt\u00e0 pi\u00f9 meridionale della Germania e la capitale della Foresta Nera (Schwarzwald). Turisticamente Freiburg \u00e8 famosa sia per l&#8217;importante cattedrale e il caratteristico centro storico, sia per la mitezza del clima, che regala splendide giornate di sole in tutte le stagioni. La citt\u00e0 si trova tra la regione della <strong>Foresta Nera<\/strong> e l&#8217;alto corso del<strong>Reno<\/strong> a pochi chilometri di distanza dalla Francia e dalla Svizzera.<\/p>\n<p>Le vette della <strong>Schwarzwald<\/strong> (Foresta Nera), facilmente raggiungibili dal centro della citt\u00e0, sono importanti localit\u00e0 per gli sport invernali, mentre in estate, grazie ai numerosi itinerari per escursioni a piedi e in bici, ai laghi e agli affascinanti paesaggi, ospitano un gran numero di turisti, amanti della montagna e della natura.<\/p>\n<p>La popolazione di Freiburg \u00e8 in media la pi\u00f9 giovane di Germania. La vita cittadina \u00e8 animata dalla <strong>Albert-Ludwigs-Universit\u00e4t<\/strong>, l&#8217;Universit\u00e0 centrale di fama mondiale, cui sono collegati numerosi istituti di ricerca, che rappresentano l&#8217;avanguardia nei rispettivi settori, soprattutto nel campo dell&#8217;energia solare. Insomma Freiburg \u00e8 la \u201ecitt\u00e0 degli studi\u201c per antonomasia.<\/p>\n<p>Il centro storico \u00e8 una grande e frequentatissima <strong>isola pedonale<\/strong>, collegata a tutti i quartieri circostanti e alla periferia da un&#8217;ottima rete di Tram, Bus e Treni regionali. Il mezzo di trasporto in assoluto pi\u00f9 caratteristico di Freiburg \u00e8 comunque la <strong>bicicletta<\/strong>. L&#8217;eccellente rete di piste ciclabili permette di raggiungere in bici non solo tutti gli angoli e i quartieri della citt\u00e0, ma anche le localit\u00e0 circostanti, dai caratteristici paesini e villaggi della zona viticola del <strong>Kaiserstuhl<\/strong>, pochi chilometri a ovest della citt\u00e0, fino a Breisach sulla sponda destra del Reno e, attraversato il ponte sul Reno, fino alla sponda francese del fiume (26 km dal centro di Freiburg). Per il tempo libero da passare in citt\u00e0, Freiburg offre numerosi parchi e giardini, con due<strong> laghi<\/strong> cittadini, luoghi ideali per il relax, per lo sport e non da ultimo per le tradizionali grigliate tedesche.<\/p>\n<p>Dal mercoled\u00ec alla domenica la vita notturna anima il centro citt\u00e0. Ce n&#8217;\u00e8 per tutti i gusti: cocktailbars, discoteche, pubs, concerti e naturalmente cinema e teatro, nonch\u00e9 numerosi <strong>centri culturali<\/strong>. Ogni estate lo <strong>Zelt-Musik-Festival <\/strong>ospita le maggiori star internazionali del rock, del pop e della musica etnica.<\/p>\n<p>Fatte queste premesse non \u00e8 difficile capire come<strong> Freiburg<\/strong> sia tra le citt\u00e0 preferite dagli stranieri non solo per imparare il Tedesco, ma anche per sperimentare di persona la vita in Germania.<\/p>\n<p>Guarda il video ufficiale della citt\u00e0 di Freiburg in italiano.<\/p>\n<div class=\"shariff shariff-align-flex-start shariff-widget-align-flex-start shariff-buttonstretch\" style=\"display:none\"><ul class=\"shariff-buttons theme-default orientation-horizontal buttonsize-medium\"><li class=\"shariff-button facebook shariff-nocustomcolor\" style=\"background-color:#7e8700\"><a href=\"https:\/\/www.facebook.com\/sharer\/sharer.php?u=https%3A%2F%2Fisd-freiburg.de%2Fit%2Fcorsi-tedesco-freiburg%2Fla-scuola-di-lingua-tedesca-a-freiburg%2F\" title=\"Condividi su Facebook\" aria-label=\"Condividi su Facebook\" role=\"button\" rel=\"nofollow\" class=\"shariff-link\" style=\"; background-color:#3b5998; color:#fff\" target=\"_blank\"><span class=\"shariff-icon\" style=\"\"><svg width=\"32px\" height=\"20px\" xmlns=\"http:\/\/www.w3.org\/2000\/svg\" viewBox=\"0 0 18 32\"><path fill=\"#3b5998\" d=\"M17.1 0.2v4.7h-2.8q-1.5 0-2.1 0.6t-0.5 1.9v3.4h5.2l-0.7 5.3h-4.5v13.6h-5.5v-13.6h-4.5v-5.3h4.5v-3.9q0-3.3 1.9-5.2t5-1.8q2.6 0 4.1 0.2z\"\/><\/svg><\/span><span class=\"shariff-text\">condividi<\/span>&nbsp;<\/a><\/li><li class=\"shariff-button twitter shariff-nocustomcolor\" style=\"background-color:#7e8700\"><a href=\"https:\/\/twitter.com\/share?url=https%3A%2F%2Fisd-freiburg.de%2Fit%2Fcorsi-tedesco-freiburg%2Fla-scuola-di-lingua-tedesca-a-freiburg%2F&text=La%20citt%C3%A0\" title=\"Condividi su X\" aria-label=\"Condividi su X\" role=\"button\" rel=\"noopener nofollow\" class=\"shariff-link\" style=\"; background-color:#000; color:#fff\" target=\"_blank\"><span class=\"shariff-icon\" style=\"\"><svg width=\"32px\" height=\"20px\" xmlns=\"http:\/\/www.w3.org\/2000\/svg\" viewBox=\"0 0 24 24\"><path fill=\"#000\" d=\"M14.258 10.152L23.176 0h-2.113l-7.747 8.813L7.133 0H0l9.352 13.328L0 23.973h2.113l8.176-9.309 6.531 9.309h7.133zm-2.895 3.293l-.949-1.328L2.875 1.56h3.246l6.086 8.523.945 1.328 7.91 11.078h-3.246zm0 0\"\/><\/svg><\/span><span class=\"shariff-text\">condividi<\/span>&nbsp;<\/a><\/li><li class=\"shariff-button linkedin shariff-nocustomcolor\" style=\"background-color:#7e8700\"><a href=\"https:\/\/www.linkedin.com\/sharing\/share-offsite\/?url=https%3A%2F%2Fisd-freiburg.de%2Fit%2Fcorsi-tedesco-freiburg%2Fla-scuola-di-lingua-tedesca-a-freiburg%2F\" title=\"Condividi su LinkedIn\" aria-label=\"Condividi su LinkedIn\" role=\"button\" rel=\"noopener nofollow\" class=\"shariff-link\" style=\"; background-color:#0077b5; color:#fff\" target=\"_blank\"><span class=\"shariff-icon\" style=\"\"><svg width=\"32px\" height=\"20px\" xmlns=\"http:\/\/www.w3.org\/2000\/svg\" viewBox=\"0 0 27 32\"><path fill=\"#0077b5\" d=\"M6.2 11.2v17.7h-5.9v-17.7h5.9zM6.6 5.7q0 1.3-0.9 2.2t-2.4 0.9h0q-1.5 0-2.4-0.9t-0.9-2.2 0.9-2.2 2.4-0.9 2.4 0.9 0.9 2.2zM27.4 18.7v10.1h-5.9v-9.5q0-1.9-0.7-2.9t-2.3-1.1q-1.1 0-1.9 0.6t-1.2 1.5q-0.2 0.5-0.2 1.4v9.9h-5.9q0-7.1 0-11.6t0-5.3l0-0.9h5.9v2.6h0q0.4-0.6 0.7-1t1-0.9 1.6-0.8 2-0.3q3 0 4.9 2t1.9 6z\"\/><\/svg><\/span><span class=\"shariff-text\">condividi<\/span>&nbsp;<\/a><\/li><li class=\"shariff-button xing shariff-nocustomcolor\" style=\"background-color:#7e8700\"><a href=\"https:\/\/www.xing.com\/spi\/shares\/new?url=https%3A%2F%2Fisd-freiburg.de%2Fit%2Fcorsi-tedesco-freiburg%2Fla-scuola-di-lingua-tedesca-a-freiburg%2F\" title=\"Condividi su XING\" aria-label=\"Condividi su XING\" role=\"button\" rel=\"noopener nofollow\" class=\"shariff-link\" style=\"; background-color:#126567; color:#fff\" target=\"_blank\"><span class=\"shariff-icon\" style=\"\"><svg width=\"32px\" height=\"20px\" xmlns=\"http:\/\/www.w3.org\/2000\/svg\" viewBox=\"0 0 25 32\"><path fill=\"#126567\" d=\"M10.7 11.9q-0.2 0.3-4.6 8.2-0.5 0.8-1.2 0.8h-4.3q-0.4 0-0.5-0.3t0-0.6l4.5-8q0 0 0 0l-2.9-5q-0.2-0.4 0-0.7 0.2-0.3 0.5-0.3h4.3q0.7 0 1.2 0.8zM25.1 0.4q0.2 0.3 0 0.7l-9.4 16.7 6 11q0.2 0.4 0 0.6-0.2 0.3-0.6 0.3h-4.3q-0.7 0-1.2-0.8l-6-11.1q0.3-0.6 9.5-16.8 0.4-0.8 1.2-0.8h4.3q0.4 0 0.5 0.3z\"\/><\/svg><\/span><span class=\"shariff-text\">condividi<\/span>&nbsp;<\/a><\/li><\/ul><\/div>","protected":false},"excerpt":{"rendered":"<p>Freiburg o Friburgo (nome completo in Tedesco: Freiburg im Breisgau) \u00e8, con i suoi 220.000 abitanti, di cui 33.000 studenti, la quarta citt\u00e0 del Baden-Wuerttemberg dopo Stoccarda, Karlsruhe e Mannheim, la citt\u00e0 pi\u00f9 meridionale della Germania e la capitale della Foresta Nera (Schwarzwald). Turisticamente Freiburg \u00e8 famosa sia per l&#8217;importante cattedrale e il caratteristico centro [&hellip;]<\/p>\n","protected":false},"author":3,"featured_media":0,"parent":101,"menu_order":20,"comment_status":"closed","ping_status":"closed","template":"","meta":{"_exactmetrics_skip_tracking":false,"_exactmetrics_sitenote_active":false,"_exactmetrics_sitenote_note":"","_exactmetrics_sitenote_category":0,"footnotes":""},"class_list":["post-857","page","type-page","status-publish","hentry"],"yoast_head":"<!-- This site is optimized with the Yoast SEO plugin v27.3 - https:\/\/yoast.com\/product\/yoast-seo-wordpress\/ -->\n<title>La citt\u00e0 - isd-freiburg.de<\/title>\n<meta name=\"robots\" content=\"index, follow, max-snippet:-1, max-image-preview:large, max-video-preview:-1\" \/>\n<link rel=\"canonical\" href=\"https:\/\/isd-freiburg.de\/it\/corsi-tedesco-freiburg\/la-scuola-di-lingua-tedesca-a-freiburg\/\" \/>\n<meta property=\"og:locale\" content=\"it_IT\" \/>\n<meta property=\"og:type\" content=\"article\" \/>\n<meta property=\"og:title\" content=\"La citt\u00e0 - isd-freiburg.de\" \/>\n<meta property=\"og:description\" content=\"Freiburg o Friburgo (nome completo in Tedesco: Freiburg im Breisgau) \u00e8, con i suoi 220.000 abitanti, di cui 33.000 studenti, la quarta citt\u00e0 del Baden-Wuerttemberg dopo Stoccarda, Karlsruhe e Mannheim, la citt\u00e0 pi\u00f9 meridionale della Germania e la capitale della Foresta Nera (Schwarzwald). Turisticamente Freiburg \u00e8 famosa sia per l&#8217;importante cattedrale e il caratteristico centro [&hellip;]\" \/>\n<meta property=\"og:url\" content=\"https:\/\/isd-freiburg.de\/it\/corsi-tedesco-freiburg\/la-scuola-di-lingua-tedesca-a-freiburg\/\" \/>\n<meta property=\"og:site_name\" content=\"isd-freiburg.de\" \/>\n<meta property=\"article:publisher\" content=\"https:\/\/www.facebook.com\/isd.freiburg\/\" \/>\n<meta property=\"article:modified_time\" content=\"2016-11-17T15:23:05+00:00\" \/>\n<meta property=\"og:image\" content=\"https:\/\/isd-freiburg.de\/wp-content\/uploads\/2016\/06\/ISD-Logo-Schatten.png\" \/>\n\t<meta property=\"og:image:width\" content=\"311\" \/>\n\t<meta property=\"og:image:height\" content=\"120\" \/>\n\t<meta property=\"og:image:type\" content=\"image\/png\" \/>\n<meta name=\"twitter:card\" content=\"summary_large_image\" \/>\n<meta name=\"twitter:label1\" content=\"Tempo di lettura stimato\" \/>\n\t<meta name=\"twitter:data1\" content=\"2 minuti\" \/>\n<script type=\"application\/ld+json\" class=\"yoast-schema-graph\">{\"@context\":\"https:\\\/\\\/schema.org\",\"@graph\":[{\"@type\":\"WebPage\",\"@id\":\"https:\\\/\\\/isd-freiburg.de\\\/it\\\/corsi-tedesco-freiburg\\\/la-scuola-di-lingua-tedesca-a-freiburg\\\/\",\"url\":\"https:\\\/\\\/isd-freiburg.de\\\/it\\\/corsi-tedesco-freiburg\\\/la-scuola-di-lingua-tedesca-a-freiburg\\\/\",\"name\":\"La citt\u00e0 - isd-freiburg.de\",\"isPartOf\":{\"@id\":\"https:\\\/\\\/isd-freiburg.de\\\/it\\\/#website\"},\"datePublished\":\"2016-01-26T14:07:02+00:00\",\"dateModified\":\"2016-11-17T15:23:05+00:00\",\"breadcrumb\":{\"@id\":\"https:\\\/\\\/isd-freiburg.de\\\/it\\\/corsi-tedesco-freiburg\\\/la-scuola-di-lingua-tedesca-a-freiburg\\\/#breadcrumb\"},\"inLanguage\":\"it-IT\",\"potentialAction\":[{\"@type\":\"ReadAction\",\"target\":[\"https:\\\/\\\/isd-freiburg.de\\\/it\\\/corsi-tedesco-freiburg\\\/la-scuola-di-lingua-tedesca-a-freiburg\\\/\"]}]},{\"@type\":\"BreadcrumbList\",\"@id\":\"https:\\\/\\\/isd-freiburg.de\\\/it\\\/corsi-tedesco-freiburg\\\/la-scuola-di-lingua-tedesca-a-freiburg\\\/#breadcrumb\",\"itemListElement\":[{\"@type\":\"ListItem\",\"position\":1,\"name\":\"Home\",\"item\":\"https:\\\/\\\/isd-freiburg.de\\\/it\\\/corsi-tedesco-freiburg\\\/\"},{\"@type\":\"ListItem\",\"position\":2,\"name\":\"Internationales Sprachzentrum Dialogo &#8211; Corsi Tedesco Freiburg\",\"item\":\"https:\\\/\\\/isd-freiburg.de\\\/it\\\/corsi-tedesco-freiburg\\\/\"},{\"@type\":\"ListItem\",\"position\":3,\"name\":\"La citt\u00e0\"}]},{\"@type\":\"WebSite\",\"@id\":\"https:\\\/\\\/isd-freiburg.de\\\/it\\\/#website\",\"url\":\"https:\\\/\\\/isd-freiburg.de\\\/it\\\/\",\"name\":\"isd-freiburg.de\",\"description\":\"Just another WordPress site\",\"publisher\":{\"@id\":\"https:\\\/\\\/isd-freiburg.de\\\/it\\\/#organization\"},\"potentialAction\":[{\"@type\":\"SearchAction\",\"target\":{\"@type\":\"EntryPoint\",\"urlTemplate\":\"https:\\\/\\\/isd-freiburg.de\\\/it\\\/?s={search_term_string}\"},\"query-input\":{\"@type\":\"PropertyValueSpecification\",\"valueRequired\":true,\"valueName\":\"search_term_string\"}}],\"inLanguage\":\"it-IT\"},{\"@type\":\"Organization\",\"@id\":\"https:\\\/\\\/isd-freiburg.de\\\/it\\\/#organization\",\"name\":\"ISD Freiburg\",\"url\":\"https:\\\/\\\/isd-freiburg.de\\\/it\\\/\",\"logo\":{\"@type\":\"ImageObject\",\"inLanguage\":\"it-IT\",\"@id\":\"https:\\\/\\\/isd-freiburg.de\\\/it\\\/#\\\/schema\\\/logo\\\/image\\\/\",\"url\":\"https:\\\/\\\/isd-freiburg.de\\\/wp-content\\\/uploads\\\/2015\\\/11\\\/isd_logo.jpg\",\"contentUrl\":\"https:\\\/\\\/isd-freiburg.de\\\/wp-content\\\/uploads\\\/2015\\\/11\\\/isd_logo.jpg\",\"width\":222,\"height\":80,\"caption\":\"ISD Freiburg\"},\"image\":{\"@id\":\"https:\\\/\\\/isd-freiburg.de\\\/it\\\/#\\\/schema\\\/logo\\\/image\\\/\"},\"sameAs\":[\"https:\\\/\\\/www.facebook.com\\\/isd.freiburg\\\/\"]}]}<\/script>\n<!-- \/ Yoast SEO plugin. -->","yoast_head_json":{"title":"La citt\u00e0 - isd-freiburg.de","robots":{"index":"index","follow":"follow","max-snippet":"max-snippet:-1","max-image-preview":"max-image-preview:large","max-video-preview":"max-video-preview:-1"},"canonical":"https:\/\/isd-freiburg.de\/it\/corsi-tedesco-freiburg\/la-scuola-di-lingua-tedesca-a-freiburg\/","og_locale":"it_IT","og_type":"article","og_title":"La citt\u00e0 - isd-freiburg.de","og_description":"Freiburg o Friburgo (nome completo in Tedesco: Freiburg im Breisgau) \u00e8, con i suoi 220.000 abitanti, di cui 33.000 studenti, la quarta citt\u00e0 del Baden-Wuerttemberg dopo Stoccarda, Karlsruhe e Mannheim, la citt\u00e0 pi\u00f9 meridionale della Germania e la capitale della Foresta Nera (Schwarzwald). Turisticamente Freiburg \u00e8 famosa sia per l&#8217;importante cattedrale e il caratteristico centro [&hellip;]","og_url":"https:\/\/isd-freiburg.de\/it\/corsi-tedesco-freiburg\/la-scuola-di-lingua-tedesca-a-freiburg\/","og_site_name":"isd-freiburg.de","article_publisher":"https:\/\/www.facebook.com\/isd.freiburg\/","article_modified_time":"2016-11-17T15:23:05+00:00","og_image":[{"width":311,"height":120,"url":"https:\/\/isd-freiburg.de\/wp-content\/uploads\/2016\/06\/ISD-Logo-Schatten.png","type":"image\/png"}],"twitter_card":"summary_large_image","twitter_misc":{"Tempo di lettura stimato":"2 minuti"},"schema":{"@context":"https:\/\/schema.org","@graph":[{"@type":"WebPage","@id":"https:\/\/isd-freiburg.de\/it\/corsi-tedesco-freiburg\/la-scuola-di-lingua-tedesca-a-freiburg\/","url":"https:\/\/isd-freiburg.de\/it\/corsi-tedesco-freiburg\/la-scuola-di-lingua-tedesca-a-freiburg\/","name":"La citt\u00e0 - isd-freiburg.de","isPartOf":{"@id":"https:\/\/isd-freiburg.de\/it\/#website"},"datePublished":"2016-01-26T14:07:02+00:00","dateModified":"2016-11-17T15:23:05+00:00","breadcrumb":{"@id":"https:\/\/isd-freiburg.de\/it\/corsi-tedesco-freiburg\/la-scuola-di-lingua-tedesca-a-freiburg\/#breadcrumb"},"inLanguage":"it-IT","potentialAction":[{"@type":"ReadAction","target":["https:\/\/isd-freiburg.de\/it\/corsi-tedesco-freiburg\/la-scuola-di-lingua-tedesca-a-freiburg\/"]}]},{"@type":"BreadcrumbList","@id":"https:\/\/isd-freiburg.de\/it\/corsi-tedesco-freiburg\/la-scuola-di-lingua-tedesca-a-freiburg\/#breadcrumb","itemListElement":[{"@type":"ListItem","position":1,"name":"Home","item":"https:\/\/isd-freiburg.de\/it\/corsi-tedesco-freiburg\/"},{"@type":"ListItem","position":2,"name":"Internationales Sprachzentrum Dialogo &#8211; Corsi Tedesco Freiburg","item":"https:\/\/isd-freiburg.de\/it\/corsi-tedesco-freiburg\/"},{"@type":"ListItem","position":3,"name":"La citt\u00e0"}]},{"@type":"WebSite","@id":"https:\/\/isd-freiburg.de\/it\/#website","url":"https:\/\/isd-freiburg.de\/it\/","name":"isd-freiburg.de","description":"Just another WordPress site","publisher":{"@id":"https:\/\/isd-freiburg.de\/it\/#organization"},"potentialAction":[{"@type":"SearchAction","target":{"@type":"EntryPoint","urlTemplate":"https:\/\/isd-freiburg.de\/it\/?s={search_term_string}"},"query-input":{"@type":"PropertyValueSpecification","valueRequired":true,"valueName":"search_term_string"}}],"inLanguage":"it-IT"},{"@type":"Organization","@id":"https:\/\/isd-freiburg.de\/it\/#organization","name":"ISD Freiburg","url":"https:\/\/isd-freiburg.de\/it\/","logo":{"@type":"ImageObject","inLanguage":"it-IT","@id":"https:\/\/isd-freiburg.de\/it\/#\/schema\/logo\/image\/","url":"https:\/\/isd-freiburg.de\/wp-content\/uploads\/2015\/11\/isd_logo.jpg","contentUrl":"https:\/\/isd-freiburg.de\/wp-content\/uploads\/2015\/11\/isd_logo.jpg","width":222,"height":80,"caption":"ISD Freiburg"},"image":{"@id":"https:\/\/isd-freiburg.de\/it\/#\/schema\/logo\/image\/"},"sameAs":["https:\/\/www.facebook.com\/isd.freiburg\/"]}]}},"_links":{"self":[{"href":"https:\/\/isd-freiburg.de\/it\/wp-json\/wp\/v2\/pages\/857","targetHints":{"allow":["GET"]}}],"collection":[{"href":"https:\/\/isd-freiburg.de\/it\/wp-json\/wp\/v2\/pages"}],"about":[{"href":"https:\/\/isd-freiburg.de\/it\/wp-json\/wp\/v2\/types\/page"}],"author":[{"embeddable":true,"href":"https:\/\/isd-freiburg.de\/it\/wp-json\/wp\/v2\/users\/3"}],"replies":[{"embeddable":true,"href":"https:\/\/isd-freiburg.de\/it\/wp-json\/wp\/v2\/comments?post=857"}],"version-history":[{"count":0,"href":"https:\/\/isd-freiburg.de\/it\/wp-json\/wp\/v2\/pages\/857\/revisions"}],"up":[{"embeddable":true,"href":"https:\/\/isd-freiburg.de\/it\/wp-json\/wp\/v2\/pages\/101"}],"wp:attachment":[{"href":"https:\/\/isd-freiburg.de\/it\/wp-json\/wp\/v2\/media?parent=857"}],"curies":[{"name":"wp","href":"https:\/\/api.w.org\/{rel}","templated":true}]}}