{"id":965,"date":"2016-05-29T08:25:27","date_gmt":"2016-05-29T08:25:27","guid":{"rendered":"https:\/\/isd-freiburg.de\/it\/?page_id=965"},"modified":"2022-11-14T17:54:52","modified_gmt":"2022-11-14T17:54:52","slug":"esami-telc-e-certificati","status":"publish","type":"page","link":"https:\/\/isd-freiburg.de\/it\/corsi-tedesco-freiburg\/esami-telc-e-certificati\/","title":{"rendered":"Esami telc e certificati di lingua"},"content":{"rendered":"<h2>ISD &#8211;\u00a0esami telc a Freiburg<\/h2>\n<p><img decoding=\"async\" class=\"alignright wp-image-869 size-full\" src=\"https:\/\/isd-freiburg.de\/wp-content\/uploads\/2016\/03\/TELC_212.png\" alt=\"TELC Logo\" width=\"212\" height=\"122\" \/>Dal\u00a02010 L&#8217;<strong>Internationales Sprachzentrum Dialogo<\/strong> \u00e8 un centro accreditato per la presentazione di esami telc ed il conseguimento di certificati linguistici. Con pi\u00f9 di 600 esaminandi l&#8217;anno l&#8217;ISD ha acquisito competenza e efficienza per lo svolgimento di tutti gli esami telc.<br \/><a href=\"http:\/\/www.telc.net\">Per\u00a0informazioni sugli esami e sui certificati linguistici\u00a0telc\u00a0clicca qui<\/a>.<\/p>\n<h3>Corsi di preparazione<\/h3>\n<p><img fetchpriority=\"high\" decoding=\"async\" class=\"size-medium wp-image-3502 alignleft\" src=\"https:\/\/isd-freiburg.de\/wp-content\/uploads\/2016\/06\/DEU_Vorbereitung.jpg\" alt=\"DEU_Vorbereitung\" width=\"360\" height=\"240\" srcset=\"https:\/\/isd-freiburg.de\/wp-content\/uploads\/2016\/06\/DEU_Vorbereitung.jpg 977w, https:\/\/isd-freiburg.de\/wp-content\/uploads\/2016\/06\/DEU_Vorbereitung-416x277.jpg 416w\" sizes=\"(max-width: 360px) 100vw, 360px\" \/>\u00a0Con lo scopo di ottimizzare il potenziale di tutti i partecipanti e di massimizzare il risultato dell&#8217;esame l&#8217;ISD ha sviluppato una serie <a href=\"https:\/\/isd-freiburg.de\/it\/corsi-di-tedesco-intensiv-kompakt-e-tedesco-medico\/\">di corsi di preparazione all&#8217;esame<\/a>, che si tengono per lo pi\u00f9 con lezioni individuali, per\u00a0andare incontro alle esigenze di ogni singolo partecipante e guadagnare\u00a0tempo\u00a0prezioso.\u00a0Oggigiorno \u00e8 infatti importante non solo possedere un certificato che ci permette di entrare nel mondo del lavoro o anche solo per interesse personale, ma cercare di sfruttare al meglio il\u00a0proprio\u00a0potenziale per raggiungere un risultato e un voto soddisfacente.<\/p>\n<p>\u00c8\u00a0possibile iniziare un corso di preparazione in ogni momento inviando un e-mail a info@isd-freiburg.de o chiamando lo\u00a0+49 761 6105060.<br \/>Per l&#8217;esame<em>\u00a0B2\/C1 Medizin<\/em>\u00a0l&#8217;ISD propone programmi di preparazione specifici. <a href=\"https:\/\/isd-freiburg.de\/it\/corsi-di-tedesco-intensiv-kompakt-e-tedesco-medico\/\">Per maggiori informazioni consultare questa pagina<\/a><a href=\"https:\/\/isd-freiburg.de\/deutschkurse\/\">.<\/a><\/p>\n<h3>Certificati di lingua<\/h3>\n<p>IMPORTANTE: Per l&#8217;accesso alle Universit\u00e0 tedesche \u00e8 possibile dal febbraio 2016 presentare il solo esame telc C1-Hochschule, invece che i tradizionali e pi\u00f9 conosciuti DSH e Test-DaF. Questa regola vale per tutte le Universit\u00e0 tedesche. Molte Universit\u00e0 non ne sono ancora a \u00a0conoscenza. Informatevi quindi presso \u00a0le segreterie delle Universit\u00e0 e fate presente che siete a consocenza del nuovo regolamento che prevede il telc C1-Hochschule. Informatevi anche presso la nostra segreteria.<br \/>Il nostro centro propone i seguenti certificati di lingua.<\/p>\n<p><strong>Deutsch<\/strong><br \/><strong>A1<\/strong>: 180,- EUR (140,- EUR for ISD-Students or repeatings, if the first exam was also held at ISD-Freiburg)<br \/><strong>A2<\/strong>: 180,- EUR (140,- EUR for ISD-Students or repeatings, if the first exam was also held at ISD-Freiburg)<br \/><strong>B1<\/strong> (Zertifikat Deutsch): 200,- EUR (155,- EUR for ISD-Students or repeatings, if the first exam was also held at ISD-Freiburg)<br \/><strong>B1+ <em>Beruf<\/em><\/strong>: 200,- EUR (155,- EUR for ISD-Students or repeatings, if the first exam was also held at ISD-Freiburg)<br \/><strong>B1\/B2 <em>Medizin\/Pflege<\/em><\/strong>: 200,- EUR (180,- EUR for ISD-Students or repeatings, if the first exam was also held at ISD-Freiburg)<br \/><strong>B2<\/strong>: 200,- EUR (155,- EUR for ISD-Students or repeatings, if the first exam was also held at ISD-Freiburg )\u00a0<br \/><strong>B2 + <em>Beruf<\/em><\/strong>: 200,- EUR (155,- EUR for ISD-Students or repeatings, if the first exam was also held at ISD-Freiburg)<br \/><strong>B2\/C1 <em>Medizin<\/em><\/strong>: 250,- EUR (200,- EUR for ISD-Students or repeatings, if the first exam was also held at ISD-Freiburg)<br \/><strong>B2\/C1 <em>Medizin Fachsprachenpr\u00fcfung*<\/em><\/strong>: 430,- EUR (390,- EUR for ISD-Students or repeatings, if the first exam was also held at ISD-Freiburg<br \/><strong>C1<\/strong>: 220,- EUR (180,- EUR for ISD-Students or repeatings, if the first exam was also held at ISD-Freiburg)<br \/><strong>C1 <em>Hochschule*<\/em><\/strong>: 220,- EUR (180,- EUR for ISD-Students or repeatings, if the first exam was also held at ISD-Freiburg)<br \/><strong>C2<\/strong>: 250,- EUR (200,- EUR for ISD-Students or repeatings, if the first exam was also held at ISD-Freiburg)<\/p>\n<p>Gli esami di gruppo possono essere sostenuti nei seguenti giorni:<\/p>\n<p>25.11.2022: A1, A2, C1 (schriftlich), C1-Hochschule (schriftlich), C2 (schriftlich)<br \/>26.11.2022: C1 (m\u00fcndlich), C1-Hochschule (m\u00fcndlich), C2 (m\u00fcndlich)<br \/>16.12.2022: A1, A2, C1 (schriftlich), C1-Hochschule (schriftlich), C2 (schriftlich)<br \/>17.12.2022: B1, C1 (m\u00fcndlich), C1-Hochschule (m\u00fcndlich), C2 (m\u00fcndlich)<\/p>\n<p><strong>Gli esami individuali possono essere sostenuti in giorni da concordare e costano 90,- EUR in pi\u00f9 rispetto ai prezzi sopraindicati.<br \/><\/strong><br \/><strong>Certificati<\/strong><br \/>Il certificato arriva circa 5 settimane dopo l&#8217;esame. Il centro esami vi contatter\u00e0 non appena il certificato sar\u00e0 disponibile.<\/p>\n<p><strong>Iscrizione\u00a0<img decoding=\"async\" class=\"size-medium wp-image-3108 alignright\" src=\"https:\/\/isd-freiburg.de\/wp-content\/uploads\/2016\/06\/1U6A8972-aa.jpg\" alt=\"1U6A8972 aa\" width=\"360\" height=\"244\" srcset=\"https:\/\/isd-freiburg.de\/wp-content\/uploads\/2016\/06\/1U6A8972-aa.jpg 1513w, https:\/\/isd-freiburg.de\/wp-content\/uploads\/2016\/06\/1U6A8972-aa-416x282.jpg 416w\" sizes=\"(max-width: 360px) 100vw, 360px\" \/><\/strong><br \/>\u00c8 possibile iscriversi all&#8217;esame fino a 14 giorni prima della data indicata. \u00c8 comunque consigliabile farlo fino a 31 giorni prima, per evitare di pagare 20,- EUR in pi\u00f9 per l&#8217;iscrizione tra il 30esimo e il quattordicesimo giorno prima dell&#8217;esame.<br \/><a href=\"mailto:info@isd-freiburg.de\" target=\"_blank\" rel=\"noopener noreferrer\">L&#8217;iscrizione si fa per email a exam@isd-freiburg.de<\/a>\u00a0o per telefono\u00a0allo +497616105060.\u00a0L&#8217;iscrizone \u00e8 valida solo dopo il pagamento del costo dell&#8217;esame.<\/p>\n\n\n<p><\/p>\n<div class=\"shariff shariff-align-flex-start shariff-widget-align-flex-start shariff-buttonstretch\" style=\"display:none\"><ul class=\"shariff-buttons theme-default orientation-horizontal buttonsize-medium\"><li class=\"shariff-button facebook shariff-nocustomcolor\" style=\"background-color:#7e8700\"><a href=\"https:\/\/www.facebook.com\/sharer\/sharer.php?u=https%3A%2F%2Fisd-freiburg.de%2Fit%2Fcorsi-tedesco-freiburg%2Fesami-telc-e-certificati%2F\" title=\"Condividi su Facebook\" aria-label=\"Condividi su Facebook\" role=\"button\" rel=\"nofollow\" class=\"shariff-link\" style=\"; background-color:#3b5998; color:#fff\" target=\"_blank\"><span class=\"shariff-icon\" style=\"\"><svg width=\"32px\" height=\"20px\" xmlns=\"http:\/\/www.w3.org\/2000\/svg\" viewBox=\"0 0 18 32\"><path fill=\"#3b5998\" d=\"M17.1 0.2v4.7h-2.8q-1.5 0-2.1 0.6t-0.5 1.9v3.4h5.2l-0.7 5.3h-4.5v13.6h-5.5v-13.6h-4.5v-5.3h4.5v-3.9q0-3.3 1.9-5.2t5-1.8q2.6 0 4.1 0.2z\"\/><\/svg><\/span><span class=\"shariff-text\">condividi<\/span>&nbsp;<\/a><\/li><li class=\"shariff-button twitter shariff-nocustomcolor\" style=\"background-color:#7e8700\"><a href=\"https:\/\/twitter.com\/share?url=https%3A%2F%2Fisd-freiburg.de%2Fit%2Fcorsi-tedesco-freiburg%2Fesami-telc-e-certificati%2F&text=Esami%20telc%20e%20certificati%20di%20lingua\" title=\"Condividi su X\" aria-label=\"Condividi su X\" role=\"button\" rel=\"noopener nofollow\" class=\"shariff-link\" style=\"; background-color:#000; color:#fff\" target=\"_blank\"><span class=\"shariff-icon\" style=\"\"><svg width=\"32px\" height=\"20px\" xmlns=\"http:\/\/www.w3.org\/2000\/svg\" viewBox=\"0 0 24 24\"><path fill=\"#000\" d=\"M14.258 10.152L23.176 0h-2.113l-7.747 8.813L7.133 0H0l9.352 13.328L0 23.973h2.113l8.176-9.309 6.531 9.309h7.133zm-2.895 3.293l-.949-1.328L2.875 1.56h3.246l6.086 8.523.945 1.328 7.91 11.078h-3.246zm0 0\"\/><\/svg><\/span><span class=\"shariff-text\">condividi<\/span>&nbsp;<\/a><\/li><li class=\"shariff-button linkedin shariff-nocustomcolor\" style=\"background-color:#7e8700\"><a href=\"https:\/\/www.linkedin.com\/sharing\/share-offsite\/?url=https%3A%2F%2Fisd-freiburg.de%2Fit%2Fcorsi-tedesco-freiburg%2Fesami-telc-e-certificati%2F\" title=\"Condividi su LinkedIn\" aria-label=\"Condividi su LinkedIn\" role=\"button\" rel=\"noopener nofollow\" class=\"shariff-link\" style=\"; background-color:#0077b5; color:#fff\" target=\"_blank\"><span class=\"shariff-icon\" style=\"\"><svg width=\"32px\" height=\"20px\" xmlns=\"http:\/\/www.w3.org\/2000\/svg\" viewBox=\"0 0 27 32\"><path fill=\"#0077b5\" d=\"M6.2 11.2v17.7h-5.9v-17.7h5.9zM6.6 5.7q0 1.3-0.9 2.2t-2.4 0.9h0q-1.5 0-2.4-0.9t-0.9-2.2 0.9-2.2 2.4-0.9 2.4 0.9 0.9 2.2zM27.4 18.7v10.1h-5.9v-9.5q0-1.9-0.7-2.9t-2.3-1.1q-1.1 0-1.9 0.6t-1.2 1.5q-0.2 0.5-0.2 1.4v9.9h-5.9q0-7.1 0-11.6t0-5.3l0-0.9h5.9v2.6h0q0.4-0.6 0.7-1t1-0.9 1.6-0.8 2-0.3q3 0 4.9 2t1.9 6z\"\/><\/svg><\/span><span class=\"shariff-text\">condividi<\/span>&nbsp;<\/a><\/li><li class=\"shariff-button xing shariff-nocustomcolor\" style=\"background-color:#7e8700\"><a href=\"https:\/\/www.xing.com\/spi\/shares\/new?url=https%3A%2F%2Fisd-freiburg.de%2Fit%2Fcorsi-tedesco-freiburg%2Fesami-telc-e-certificati%2F\" title=\"Condividi su XING\" aria-label=\"Condividi su XING\" role=\"button\" rel=\"noopener nofollow\" class=\"shariff-link\" style=\"; background-color:#126567; color:#fff\" target=\"_blank\"><span class=\"shariff-icon\" style=\"\"><svg width=\"32px\" height=\"20px\" xmlns=\"http:\/\/www.w3.org\/2000\/svg\" viewBox=\"0 0 25 32\"><path fill=\"#126567\" d=\"M10.7 11.9q-0.2 0.3-4.6 8.2-0.5 0.8-1.2 0.8h-4.3q-0.4 0-0.5-0.3t0-0.6l4.5-8q0 0 0 0l-2.9-5q-0.2-0.4 0-0.7 0.2-0.3 0.5-0.3h4.3q0.7 0 1.2 0.8zM25.1 0.4q0.2 0.3 0 0.7l-9.4 16.7 6 11q0.2 0.4 0 0.6-0.2 0.3-0.6 0.3h-4.3q-0.7 0-1.2-0.8l-6-11.1q0.3-0.6 9.5-16.8 0.4-0.8 1.2-0.8h4.3q0.4 0 0.5 0.3z\"\/><\/svg><\/span><span class=\"shariff-text\">condividi<\/span>&nbsp;<\/a><\/li><\/ul><\/div>","protected":false},"excerpt":{"rendered":"<p>ISD &#8211;\u00a0esami telc a Freiburg Dal\u00a02010 L&#8217;Internationales Sprachzentrum Dialogo \u00e8 un centro accreditato per la presentazione di esami telc ed il conseguimento di certificati linguistici. Con pi\u00f9 di 600 esaminandi l&#8217;anno l&#8217;ISD ha acquisito competenza e efficienza per lo svolgimento di tutti gli esami telc.Per\u00a0informazioni sugli esami e sui certificati linguistici\u00a0telc\u00a0clicca qui. Corsi di preparazione [&hellip;]<\/p>\n","protected":false},"author":3,"featured_media":21238,"parent":101,"menu_order":50,"comment_status":"closed","ping_status":"closed","template":"","meta":{"_exactmetrics_skip_tracking":false,"_exactmetrics_sitenote_active":false,"_exactmetrics_sitenote_note":"","_exactmetrics_sitenote_category":0,"footnotes":""},"class_list":["post-965","page","type-page","status-publish","has-post-thumbnail","hentry"],"yoast_head":"<!-- This site is optimized with the Yoast SEO plugin v27.4 - https:\/\/yoast.com\/product\/yoast-seo-wordpress\/ -->\n<title>Esami telc e certificati di lingua - isd-freiburg.de<\/title>\n<meta name=\"description\" content=\"Esami telc, certificazioni linguistiche, certificati di lingua in tedesco, tedesco medico e tedesco business, B1, B2, C1-Hoch, ogni mese presso ISD-Freiburg\" \/>\n<meta name=\"robots\" content=\"index, follow, max-snippet:-1, max-image-preview:large, max-video-preview:-1\" \/>\n<link rel=\"canonical\" href=\"https:\/\/isd-freiburg.de\/it\/corsi-tedesco-freiburg\/esami-telc-e-certificati\/\" \/>\n<meta property=\"og:locale\" content=\"it_IT\" \/>\n<meta property=\"og:type\" content=\"article\" \/>\n<meta property=\"og:title\" content=\"Esami telc e certificati di lingua - isd-freiburg.de\" \/>\n<meta property=\"og:description\" content=\"Esami telc, certificazioni linguistiche, certificati di lingua in tedesco, tedesco medico e tedesco business, B1, B2, C1-Hoch, ogni mese presso ISD-Freiburg\" \/>\n<meta property=\"og:url\" content=\"https:\/\/isd-freiburg.de\/it\/corsi-tedesco-freiburg\/esami-telc-e-certificati\/\" \/>\n<meta property=\"og:site_name\" content=\"isd-freiburg.de\" \/>\n<meta property=\"article:publisher\" content=\"https:\/\/www.facebook.com\/isd.freiburg\/\" \/>\n<meta property=\"article:modified_time\" content=\"2022-11-14T17:54:52+00:00\" \/>\n<meta property=\"og:image\" content=\"https:\/\/isd-freiburg.de\/wp-content\/uploads\/2016\/03\/TELC_212.png\" \/>\n<meta name=\"twitter:card\" content=\"summary_large_image\" \/>\n<meta name=\"twitter:label1\" content=\"Tempo di lettura stimato\" \/>\n\t<meta name=\"twitter:data1\" content=\"5 minuti\" \/>\n<script type=\"application\/ld+json\" class=\"yoast-schema-graph\">{\"@context\":\"https:\\\/\\\/schema.org\",\"@graph\":[{\"@type\":\"WebPage\",\"@id\":\"https:\\\/\\\/isd-freiburg.de\\\/it\\\/corsi-tedesco-freiburg\\\/esami-telc-e-certificati\\\/\",\"url\":\"https:\\\/\\\/isd-freiburg.de\\\/it\\\/corsi-tedesco-freiburg\\\/esami-telc-e-certificati\\\/\",\"name\":\"Esami telc e certificati di lingua - isd-freiburg.de\",\"isPartOf\":{\"@id\":\"https:\\\/\\\/isd-freiburg.de\\\/it\\\/#website\"},\"primaryImageOfPage\":{\"@id\":\"https:\\\/\\\/isd-freiburg.de\\\/it\\\/corsi-tedesco-freiburg\\\/esami-telc-e-certificati\\\/#primaryimage\"},\"image\":{\"@id\":\"https:\\\/\\\/isd-freiburg.de\\\/it\\\/corsi-tedesco-freiburg\\\/esami-telc-e-certificati\\\/#primaryimage\"},\"thumbnailUrl\":\"https:\\\/\\\/isd-freiburg.de\\\/wp-content\\\/uploads\\\/2023\\\/04\\\/cropped-DSC1016.jpeg\",\"datePublished\":\"2016-05-29T08:25:27+00:00\",\"dateModified\":\"2022-11-14T17:54:52+00:00\",\"description\":\"Esami telc, certificazioni linguistiche, certificati di lingua in tedesco, tedesco medico e tedesco business, B1, B2, C1-Hoch, ogni mese presso ISD-Freiburg\",\"breadcrumb\":{\"@id\":\"https:\\\/\\\/isd-freiburg.de\\\/it\\\/corsi-tedesco-freiburg\\\/esami-telc-e-certificati\\\/#breadcrumb\"},\"inLanguage\":\"it-IT\",\"potentialAction\":[{\"@type\":\"ReadAction\",\"target\":[\"https:\\\/\\\/isd-freiburg.de\\\/it\\\/corsi-tedesco-freiburg\\\/esami-telc-e-certificati\\\/\"]}]},{\"@type\":\"ImageObject\",\"inLanguage\":\"it-IT\",\"@id\":\"https:\\\/\\\/isd-freiburg.de\\\/it\\\/corsi-tedesco-freiburg\\\/esami-telc-e-certificati\\\/#primaryimage\",\"url\":\"https:\\\/\\\/isd-freiburg.de\\\/wp-content\\\/uploads\\\/2023\\\/04\\\/cropped-DSC1016.jpeg\",\"contentUrl\":\"https:\\\/\\\/isd-freiburg.de\\\/wp-content\\\/uploads\\\/2023\\\/04\\\/cropped-DSC1016.jpeg\",\"width\":899,\"height\":553},{\"@type\":\"BreadcrumbList\",\"@id\":\"https:\\\/\\\/isd-freiburg.de\\\/it\\\/corsi-tedesco-freiburg\\\/esami-telc-e-certificati\\\/#breadcrumb\",\"itemListElement\":[{\"@type\":\"ListItem\",\"position\":1,\"name\":\"Home\",\"item\":\"https:\\\/\\\/isd-freiburg.de\\\/it\\\/corsi-tedesco-freiburg\\\/\"},{\"@type\":\"ListItem\",\"position\":2,\"name\":\"Internationales Sprachzentrum Dialogo &#8211; Corsi Tedesco Freiburg\",\"item\":\"https:\\\/\\\/isd-freiburg.de\\\/it\\\/corsi-tedesco-freiburg\\\/\"},{\"@type\":\"ListItem\",\"position\":3,\"name\":\"Esami telc e certificati di lingua\"}]},{\"@type\":\"WebSite\",\"@id\":\"https:\\\/\\\/isd-freiburg.de\\\/it\\\/#website\",\"url\":\"https:\\\/\\\/isd-freiburg.de\\\/it\\\/\",\"name\":\"isd-freiburg.de\",\"description\":\"Just another WordPress site\",\"publisher\":{\"@id\":\"https:\\\/\\\/isd-freiburg.de\\\/it\\\/#organization\"},\"potentialAction\":[{\"@type\":\"SearchAction\",\"target\":{\"@type\":\"EntryPoint\",\"urlTemplate\":\"https:\\\/\\\/isd-freiburg.de\\\/it\\\/?s={search_term_string}\"},\"query-input\":{\"@type\":\"PropertyValueSpecification\",\"valueRequired\":true,\"valueName\":\"search_term_string\"}}],\"inLanguage\":\"it-IT\"},{\"@type\":\"Organization\",\"@id\":\"https:\\\/\\\/isd-freiburg.de\\\/it\\\/#organization\",\"name\":\"ISD Freiburg\",\"url\":\"https:\\\/\\\/isd-freiburg.de\\\/it\\\/\",\"logo\":{\"@type\":\"ImageObject\",\"inLanguage\":\"it-IT\",\"@id\":\"https:\\\/\\\/isd-freiburg.de\\\/it\\\/#\\\/schema\\\/logo\\\/image\\\/\",\"url\":\"https:\\\/\\\/isd-freiburg.de\\\/wp-content\\\/uploads\\\/2015\\\/11\\\/isd_logo.jpg\",\"contentUrl\":\"https:\\\/\\\/isd-freiburg.de\\\/wp-content\\\/uploads\\\/2015\\\/11\\\/isd_logo.jpg\",\"width\":222,\"height\":80,\"caption\":\"ISD Freiburg\"},\"image\":{\"@id\":\"https:\\\/\\\/isd-freiburg.de\\\/it\\\/#\\\/schema\\\/logo\\\/image\\\/\"},\"sameAs\":[\"https:\\\/\\\/www.facebook.com\\\/isd.freiburg\\\/\"]}]}<\/script>\n<!-- \/ Yoast SEO plugin. -->","yoast_head_json":{"title":"Esami telc e certificati di lingua - isd-freiburg.de","description":"Esami telc, certificazioni linguistiche, certificati di lingua in tedesco, tedesco medico e tedesco business, B1, B2, C1-Hoch, ogni mese presso ISD-Freiburg","robots":{"index":"index","follow":"follow","max-snippet":"max-snippet:-1","max-image-preview":"max-image-preview:large","max-video-preview":"max-video-preview:-1"},"canonical":"https:\/\/isd-freiburg.de\/it\/corsi-tedesco-freiburg\/esami-telc-e-certificati\/","og_locale":"it_IT","og_type":"article","og_title":"Esami telc e certificati di lingua - isd-freiburg.de","og_description":"Esami telc, certificazioni linguistiche, certificati di lingua in tedesco, tedesco medico e tedesco business, B1, B2, C1-Hoch, ogni mese presso ISD-Freiburg","og_url":"https:\/\/isd-freiburg.de\/it\/corsi-tedesco-freiburg\/esami-telc-e-certificati\/","og_site_name":"isd-freiburg.de","article_publisher":"https:\/\/www.facebook.com\/isd.freiburg\/","article_modified_time":"2022-11-14T17:54:52+00:00","og_image":[{"url":"https:\/\/isd-freiburg.de\/wp-content\/uploads\/2016\/03\/TELC_212.png","type":"","width":"","height":""}],"twitter_card":"summary_large_image","twitter_misc":{"Tempo di lettura stimato":"5 minuti"},"schema":{"@context":"https:\/\/schema.org","@graph":[{"@type":"WebPage","@id":"https:\/\/isd-freiburg.de\/it\/corsi-tedesco-freiburg\/esami-telc-e-certificati\/","url":"https:\/\/isd-freiburg.de\/it\/corsi-tedesco-freiburg\/esami-telc-e-certificati\/","name":"Esami telc e certificati di lingua - isd-freiburg.de","isPartOf":{"@id":"https:\/\/isd-freiburg.de\/it\/#website"},"primaryImageOfPage":{"@id":"https:\/\/isd-freiburg.de\/it\/corsi-tedesco-freiburg\/esami-telc-e-certificati\/#primaryimage"},"image":{"@id":"https:\/\/isd-freiburg.de\/it\/corsi-tedesco-freiburg\/esami-telc-e-certificati\/#primaryimage"},"thumbnailUrl":"https:\/\/isd-freiburg.de\/wp-content\/uploads\/2023\/04\/cropped-DSC1016.jpeg","datePublished":"2016-05-29T08:25:27+00:00","dateModified":"2022-11-14T17:54:52+00:00","description":"Esami telc, certificazioni linguistiche, certificati di lingua in tedesco, tedesco medico e tedesco business, B1, B2, C1-Hoch, ogni mese presso ISD-Freiburg","breadcrumb":{"@id":"https:\/\/isd-freiburg.de\/it\/corsi-tedesco-freiburg\/esami-telc-e-certificati\/#breadcrumb"},"inLanguage":"it-IT","potentialAction":[{"@type":"ReadAction","target":["https:\/\/isd-freiburg.de\/it\/corsi-tedesco-freiburg\/esami-telc-e-certificati\/"]}]},{"@type":"ImageObject","inLanguage":"it-IT","@id":"https:\/\/isd-freiburg.de\/it\/corsi-tedesco-freiburg\/esami-telc-e-certificati\/#primaryimage","url":"https:\/\/isd-freiburg.de\/wp-content\/uploads\/2023\/04\/cropped-DSC1016.jpeg","contentUrl":"https:\/\/isd-freiburg.de\/wp-content\/uploads\/2023\/04\/cropped-DSC1016.jpeg","width":899,"height":553},{"@type":"BreadcrumbList","@id":"https:\/\/isd-freiburg.de\/it\/corsi-tedesco-freiburg\/esami-telc-e-certificati\/#breadcrumb","itemListElement":[{"@type":"ListItem","position":1,"name":"Home","item":"https:\/\/isd-freiburg.de\/it\/corsi-tedesco-freiburg\/"},{"@type":"ListItem","position":2,"name":"Internationales Sprachzentrum Dialogo &#8211; Corsi Tedesco Freiburg","item":"https:\/\/isd-freiburg.de\/it\/corsi-tedesco-freiburg\/"},{"@type":"ListItem","position":3,"name":"Esami telc e certificati di lingua"}]},{"@type":"WebSite","@id":"https:\/\/isd-freiburg.de\/it\/#website","url":"https:\/\/isd-freiburg.de\/it\/","name":"isd-freiburg.de","description":"Just another WordPress site","publisher":{"@id":"https:\/\/isd-freiburg.de\/it\/#organization"},"potentialAction":[{"@type":"SearchAction","target":{"@type":"EntryPoint","urlTemplate":"https:\/\/isd-freiburg.de\/it\/?s={search_term_string}"},"query-input":{"@type":"PropertyValueSpecification","valueRequired":true,"valueName":"search_term_string"}}],"inLanguage":"it-IT"},{"@type":"Organization","@id":"https:\/\/isd-freiburg.de\/it\/#organization","name":"ISD Freiburg","url":"https:\/\/isd-freiburg.de\/it\/","logo":{"@type":"ImageObject","inLanguage":"it-IT","@id":"https:\/\/isd-freiburg.de\/it\/#\/schema\/logo\/image\/","url":"https:\/\/isd-freiburg.de\/wp-content\/uploads\/2015\/11\/isd_logo.jpg","contentUrl":"https:\/\/isd-freiburg.de\/wp-content\/uploads\/2015\/11\/isd_logo.jpg","width":222,"height":80,"caption":"ISD Freiburg"},"image":{"@id":"https:\/\/isd-freiburg.de\/it\/#\/schema\/logo\/image\/"},"sameAs":["https:\/\/www.facebook.com\/isd.freiburg\/"]}]}},"_links":{"self":[{"href":"https:\/\/isd-freiburg.de\/it\/wp-json\/wp\/v2\/pages\/965","targetHints":{"allow":["GET"]}}],"collection":[{"href":"https:\/\/isd-freiburg.de\/it\/wp-json\/wp\/v2\/pages"}],"about":[{"href":"https:\/\/isd-freiburg.de\/it\/wp-json\/wp\/v2\/types\/page"}],"author":[{"embeddable":true,"href":"https:\/\/isd-freiburg.de\/it\/wp-json\/wp\/v2\/users\/3"}],"replies":[{"embeddable":true,"href":"https:\/\/isd-freiburg.de\/it\/wp-json\/wp\/v2\/comments?post=965"}],"version-history":[{"count":1,"href":"https:\/\/isd-freiburg.de\/it\/wp-json\/wp\/v2\/pages\/965\/revisions"}],"predecessor-version":[{"id":16815,"href":"https:\/\/isd-freiburg.de\/it\/wp-json\/wp\/v2\/pages\/965\/revisions\/16815"}],"up":[{"embeddable":true,"href":"https:\/\/isd-freiburg.de\/it\/wp-json\/wp\/v2\/pages\/101"}],"wp:featuredmedia":[{"embeddable":true,"href":"https:\/\/isd-freiburg.de\/it\/wp-json\/wp\/v2\/media\/21238"}],"wp:attachment":[{"href":"https:\/\/isd-freiburg.de\/it\/wp-json\/wp\/v2\/media?parent=965"}],"curies":[{"name":"wp","href":"https:\/\/api.w.org\/{rel}","templated":true}]}}