{"id":11548,"date":"2018-09-20T09:36:14","date_gmt":"2018-09-20T09:36:17","guid":{"rendered":"https:\/\/isd-freiburg.de\/?post_type=product&#038;p=11548"},"modified":"2024-02-02T16:42:16","modified_gmt":"2024-02-02T16:42:16","slug":"tedesco-medico-approbation","status":"publish","type":"product","link":"https:\/\/isd-freiburg.de\/it\/online-anmeldung\/tedesco-medico-approbation\/","title":{"rendered":"Tedesco Medico Corso gratuito (Prenotazione)"},"content":{"rendered":"<h3><strong>Fachsprachpr\u00fcfung<br \/>\nPrenotazione posto in corso gratuito promosso dal BAMF<br \/>\n<\/strong><\/h3>\n<p>L&#8217;Istituto ISD-Freiburg \u00e8 accreditato per l&#8217;organizzazione di corsi gratuiti per Medici stranieri, con lo scopo di preparare i partecipanti a sostenere l&#8217;esame Fachsprachpr\u00fcfung dell&#8217;\u00c4rztekammer o l&#8217;esame <i>telc Fachsprachpr\u00fcfung<\/i>, quest&#8217;ultimo sostenibile direttamente presso l&#8217;ISD-Freiburg.<br \/>\nImportante (!!): i partecipanti al corso vengono risarciti dei costi per il Fachsprachpr\u00fcfung dell&#8217;\u00c4rztekammer (che Costa ca. 420,- EUR)<\/p>\n<p><strong>Tipo di corso<\/strong>: corso di gruppo (3-12 partecipanti)<br \/>\n<strong>obiettivo del corso<\/strong>: Acquisizione delle conoscenze di tedesco medico C1 per la preparazione al <em>Fachsprachpr\u00fcfung<\/em><br \/>\n<strong>Prezzo<\/strong>: Gratis se in possesso del <em>Berechtigungsschein (chiedere alla scuola come ottenerlo)<\/em><br \/>\n<strong>Prossimo inizio<\/strong><br \/>\n16.01.2019 (16 Wochen) 08:30 \u2013 12:45<br \/>\n11.02.2019 (16 Wochen) 13:00 \u2013 17:15<br \/>\n18.03.2019 (16 Wochen) 13:00 \u2013 17:15<br \/>\n06.05.2019 (16 Wochen) 08:30 \u2013 12:45<br \/>\n01.07.2019 (16 Wochen) 08:30 \u2013 12:45<br \/>\n02.09.2019 (16 Wochen) 13:00 \u2013 17:15<br \/>\n07.10.2019 (16 Wochen) 08:30 \u2013 12:45<br \/>\n<strong>Luogo<\/strong>: ISD <em>Unterrichtszentrum<\/em> Rehlingstr. 6 d-e<br \/>\n<strong>Durata<\/strong>: 16 settimane<br \/>\n<strong>Unit\u00e0 didattiche totali<\/strong>: 400 UE<br \/>\n<strong>Unit\u00e0 didattiche giornaliere<\/strong>: 5 UE<br \/>\n<b>Certificazione<\/b>: Il corso termina con il <em>Fachsprachpr\u00fcfung<\/em> della\u00a0 <em>Landes\u00e4rztekammer<\/em>. In alternativa si pu\u00f2 spostenere il <em>telc Deutsch Medizin B2-C1 Fachsprachpr\u00fcfung<\/em> direttamente presso l&#8217;ISD. Per l&#8217;esame dell&#8217;\u00c4rztekammer \u00e8 necessario contattare il Regierungspr\u00e4sidium di competenza (chiedere consiglio alla direzione della scuola ISD).<\/p>\n<div class=\"shariff shariff-align-flex-start shariff-widget-align-flex-start shariff-buttonstretch\" style=\"display:none\"><ul class=\"shariff-buttons theme-default orientation-horizontal buttonsize-medium\"><li class=\"shariff-button facebook shariff-nocustomcolor\" style=\"background-color:#7e8700\"><a href=\"https:\/\/www.facebook.com\/sharer\/sharer.php?u=https%3A%2F%2Fisd-freiburg.de%2Fit%2Fonline-anmeldung%2Ftedesco-medico-approbation%2F\" title=\"Condividi su Facebook\" aria-label=\"Condividi su Facebook\" role=\"button\" rel=\"nofollow\" class=\"shariff-link\" style=\"; background-color:#3b5998; color:#fff\" target=\"_blank\"><span class=\"shariff-icon\" style=\"\"><svg width=\"32px\" height=\"20px\" xmlns=\"http:\/\/www.w3.org\/2000\/svg\" viewBox=\"0 0 18 32\"><path fill=\"#3b5998\" d=\"M17.1 0.2v4.7h-2.8q-1.5 0-2.1 0.6t-0.5 1.9v3.4h5.2l-0.7 5.3h-4.5v13.6h-5.5v-13.6h-4.5v-5.3h4.5v-3.9q0-3.3 1.9-5.2t5-1.8q2.6 0 4.1 0.2z\"\/><\/svg><\/span><span class=\"shariff-text\">condividi<\/span>&nbsp;<\/a><\/li><li class=\"shariff-button twitter shariff-nocustomcolor\" style=\"background-color:#7e8700\"><a href=\"https:\/\/twitter.com\/share?url=https%3A%2F%2Fisd-freiburg.de%2Fit%2Fonline-anmeldung%2Ftedesco-medico-approbation%2F&text=Tedesco%20Medico%20Corso%20gratuito%20%28Prenotazione%29\" title=\"Condividi su X\" aria-label=\"Condividi su X\" role=\"button\" rel=\"noopener nofollow\" class=\"shariff-link\" style=\"; background-color:#000; color:#fff\" target=\"_blank\"><span class=\"shariff-icon\" style=\"\"><svg width=\"32px\" height=\"20px\" xmlns=\"http:\/\/www.w3.org\/2000\/svg\" viewBox=\"0 0 24 24\"><path fill=\"#000\" d=\"M14.258 10.152L23.176 0h-2.113l-7.747 8.813L7.133 0H0l9.352 13.328L0 23.973h2.113l8.176-9.309 6.531 9.309h7.133zm-2.895 3.293l-.949-1.328L2.875 1.56h3.246l6.086 8.523.945 1.328 7.91 11.078h-3.246zm0 0\"\/><\/svg><\/span><span class=\"shariff-text\">condividi<\/span>&nbsp;<\/a><\/li><li class=\"shariff-button linkedin shariff-nocustomcolor\" style=\"background-color:#7e8700\"><a href=\"https:\/\/www.linkedin.com\/sharing\/share-offsite\/?url=https%3A%2F%2Fisd-freiburg.de%2Fit%2Fonline-anmeldung%2Ftedesco-medico-approbation%2F\" title=\"Condividi su LinkedIn\" aria-label=\"Condividi su LinkedIn\" role=\"button\" rel=\"noopener nofollow\" class=\"shariff-link\" style=\"; background-color:#0077b5; color:#fff\" target=\"_blank\"><span class=\"shariff-icon\" style=\"\"><svg width=\"32px\" height=\"20px\" xmlns=\"http:\/\/www.w3.org\/2000\/svg\" viewBox=\"0 0 27 32\"><path fill=\"#0077b5\" d=\"M6.2 11.2v17.7h-5.9v-17.7h5.9zM6.6 5.7q0 1.3-0.9 2.2t-2.4 0.9h0q-1.5 0-2.4-0.9t-0.9-2.2 0.9-2.2 2.4-0.9 2.4 0.9 0.9 2.2zM27.4 18.7v10.1h-5.9v-9.5q0-1.9-0.7-2.9t-2.3-1.1q-1.1 0-1.9 0.6t-1.2 1.5q-0.2 0.5-0.2 1.4v9.9h-5.9q0-7.1 0-11.6t0-5.3l0-0.9h5.9v2.6h0q0.4-0.6 0.7-1t1-0.9 1.6-0.8 2-0.3q3 0 4.9 2t1.9 6z\"\/><\/svg><\/span><span class=\"shariff-text\">condividi<\/span>&nbsp;<\/a><\/li><li class=\"shariff-button xing shariff-nocustomcolor\" style=\"background-color:#7e8700\"><a href=\"https:\/\/www.xing.com\/spi\/shares\/new?url=https%3A%2F%2Fisd-freiburg.de%2Fit%2Fonline-anmeldung%2Ftedesco-medico-approbation%2F\" title=\"Condividi su XING\" aria-label=\"Condividi su XING\" role=\"button\" rel=\"noopener nofollow\" class=\"shariff-link\" style=\"; background-color:#126567; color:#fff\" target=\"_blank\"><span class=\"shariff-icon\" style=\"\"><svg width=\"32px\" height=\"20px\" xmlns=\"http:\/\/www.w3.org\/2000\/svg\" viewBox=\"0 0 25 32\"><path fill=\"#126567\" d=\"M10.7 11.9q-0.2 0.3-4.6 8.2-0.5 0.8-1.2 0.8h-4.3q-0.4 0-0.5-0.3t0-0.6l4.5-8q0 0 0 0l-2.9-5q-0.2-0.4 0-0.7 0.2-0.3 0.5-0.3h4.3q0.7 0 1.2 0.8zM25.1 0.4q0.2 0.3 0 0.7l-9.4 16.7 6 11q0.2 0.4 0 0.6-0.2 0.3-0.6 0.3h-4.3q-0.7 0-1.2-0.8l-6-11.1q0.3-0.6 9.5-16.8 0.4-0.8 1.2-0.8h4.3q0.4 0 0.5 0.3z\"\/><\/svg><\/span><span class=\"shariff-text\">condividi<\/span>&nbsp;<\/a><\/li><\/ul><\/div>","protected":false},"excerpt":{"rendered":"<p><strong>Prenotare un posto nel corso gratuito di Tedesco Medico C1 per la Preparazione del <em>Fachsprachpr\u00fcfung.<\/em><\/strong><\/p>\n","protected":false},"featured_media":3495,"template":"","meta":{"_exactmetrics_skip_tracking":false,"_exactmetrics_sitenote_active":false,"_exactmetrics_sitenote_note":"","_exactmetrics_sitenote_category":0},"product_brand":[],"product_cat":[400],"product_tag":[181,182,183],"class_list":{"0":"post-11548","1":"product","2":"type-product","3":"status-publish","4":"has-post-thumbnail","6":"product_cat-corsi-di-tedesco","7":"product_tag-deutschkurs-it-2","8":"product_tag-medizin-it","9":"product_tag-medizinisches-deutsch-it","11":"first","12":"instock","13":"virtual","14":"sold-individually","15":"purchasable","16":"product-type-simple"},"yoast_head":"<!-- This site is optimized with the Yoast SEO plugin v27.3 - https:\/\/yoast.com\/product\/yoast-seo-wordpress\/ -->\n<title>Tedesco Medico Corso gratuito (Prenotazione) - isd-freiburg.de<\/title>\n<meta name=\"description\" content=\"Corso grauito per Fachsprachpr\u00fcfung (Medizin C1)\" \/>\n<meta name=\"robots\" content=\"index, follow, max-snippet:-1, max-image-preview:large, max-video-preview:-1\" \/>\n<link rel=\"canonical\" href=\"https:\/\/isd-freiburg.de\/it\/online-anmeldung\/tedesco-medico-approbation\/\" \/>\n<meta property=\"og:locale\" content=\"it_IT\" \/>\n<meta property=\"og:type\" content=\"article\" \/>\n<meta property=\"og:title\" content=\"Tedesco Medico Corso gratuito (Prenotazione) - isd-freiburg.de\" \/>\n<meta property=\"og:description\" content=\"Corso grauito per Fachsprachpr\u00fcfung (Medizin C1)\" \/>\n<meta property=\"og:url\" content=\"https:\/\/isd-freiburg.de\/it\/online-anmeldung\/tedesco-medico-approbation\/\" \/>\n<meta property=\"og:site_name\" content=\"isd-freiburg.de\" \/>\n<meta property=\"article:publisher\" content=\"https:\/\/www.facebook.com\/isd.freiburg\/\" \/>\n<meta property=\"article:modified_time\" content=\"2024-02-02T16:42:16+00:00\" \/>\n<meta property=\"og:image\" content=\"https:\/\/isd-freiburg.de\/wp-content\/uploads\/2016\/06\/DEU_MED_Einzel.jpg\" \/>\n\t<meta property=\"og:image:width\" content=\"977\" \/>\n\t<meta property=\"og:image:height\" content=\"651\" \/>\n\t<meta property=\"og:image:type\" content=\"image\/jpeg\" \/>\n<meta name=\"twitter:card\" content=\"summary_large_image\" \/>\n<meta name=\"twitter:label1\" content=\"Tempo di lettura stimato\" \/>\n\t<meta name=\"twitter:data1\" content=\"1 minuto\" \/>\n<script type=\"application\/ld+json\" class=\"yoast-schema-graph\">{\"@context\":\"https:\\\/\\\/schema.org\",\"@graph\":[{\"@type\":\"WebPage\",\"@id\":\"https:\\\/\\\/isd-freiburg.de\\\/it\\\/online-anmeldung\\\/tedesco-medico-approbation\\\/\",\"url\":\"https:\\\/\\\/isd-freiburg.de\\\/it\\\/online-anmeldung\\\/tedesco-medico-approbation\\\/\",\"name\":\"Tedesco Medico Corso gratuito (Prenotazione) - isd-freiburg.de\",\"isPartOf\":{\"@id\":\"https:\\\/\\\/isd-freiburg.de\\\/it\\\/#website\"},\"primaryImageOfPage\":{\"@id\":\"https:\\\/\\\/isd-freiburg.de\\\/it\\\/online-anmeldung\\\/tedesco-medico-approbation\\\/#primaryimage\"},\"image\":{\"@id\":\"https:\\\/\\\/isd-freiburg.de\\\/it\\\/online-anmeldung\\\/tedesco-medico-approbation\\\/#primaryimage\"},\"thumbnailUrl\":\"https:\\\/\\\/isd-freiburg.de\\\/wp-content\\\/uploads\\\/2016\\\/06\\\/DEU_MED_Einzel.jpg\",\"datePublished\":\"2018-09-20T09:36:17+00:00\",\"dateModified\":\"2024-02-02T16:42:16+00:00\",\"description\":\"Corso grauito per Fachsprachpr\u00fcfung (Medizin C1)\",\"breadcrumb\":{\"@id\":\"https:\\\/\\\/isd-freiburg.de\\\/it\\\/online-anmeldung\\\/tedesco-medico-approbation\\\/#breadcrumb\"},\"inLanguage\":\"it-IT\",\"potentialAction\":[{\"@type\":\"ReadAction\",\"target\":[\"https:\\\/\\\/isd-freiburg.de\\\/it\\\/online-anmeldung\\\/tedesco-medico-approbation\\\/\"]}]},{\"@type\":\"ImageObject\",\"inLanguage\":\"it-IT\",\"@id\":\"https:\\\/\\\/isd-freiburg.de\\\/it\\\/online-anmeldung\\\/tedesco-medico-approbation\\\/#primaryimage\",\"url\":\"https:\\\/\\\/isd-freiburg.de\\\/wp-content\\\/uploads\\\/2016\\\/06\\\/DEU_MED_Einzel.jpg\",\"contentUrl\":\"https:\\\/\\\/isd-freiburg.de\\\/wp-content\\\/uploads\\\/2016\\\/06\\\/DEU_MED_Einzel.jpg\",\"width\":977,\"height\":651},{\"@type\":\"BreadcrumbList\",\"@id\":\"https:\\\/\\\/isd-freiburg.de\\\/it\\\/online-anmeldung\\\/tedesco-medico-approbation\\\/#breadcrumb\",\"itemListElement\":[{\"@type\":\"ListItem\",\"position\":1,\"name\":\"Home\",\"item\":\"https:\\\/\\\/isd-freiburg.de\\\/it\\\/corsi-tedesco-freiburg\\\/\"},{\"@type\":\"ListItem\",\"position\":2,\"name\":\"Iscrizione Online\",\"item\":\"https:\\\/\\\/isd-freiburg.de\\\/it\\\/iscrizione-online\\\/\"},{\"@type\":\"ListItem\",\"position\":3,\"name\":\"Tedesco Medico Corso gratuito (Prenotazione)\"}]},{\"@type\":\"WebSite\",\"@id\":\"https:\\\/\\\/isd-freiburg.de\\\/it\\\/#website\",\"url\":\"https:\\\/\\\/isd-freiburg.de\\\/it\\\/\",\"name\":\"isd-freiburg.de\",\"description\":\"Just another WordPress site\",\"publisher\":{\"@id\":\"https:\\\/\\\/isd-freiburg.de\\\/it\\\/#organization\"},\"potentialAction\":[{\"@type\":\"SearchAction\",\"target\":{\"@type\":\"EntryPoint\",\"urlTemplate\":\"https:\\\/\\\/isd-freiburg.de\\\/it\\\/?s={search_term_string}\"},\"query-input\":{\"@type\":\"PropertyValueSpecification\",\"valueRequired\":true,\"valueName\":\"search_term_string\"}}],\"inLanguage\":\"it-IT\"},{\"@type\":\"Organization\",\"@id\":\"https:\\\/\\\/isd-freiburg.de\\\/it\\\/#organization\",\"name\":\"ISD Freiburg\",\"url\":\"https:\\\/\\\/isd-freiburg.de\\\/it\\\/\",\"logo\":{\"@type\":\"ImageObject\",\"inLanguage\":\"it-IT\",\"@id\":\"https:\\\/\\\/isd-freiburg.de\\\/it\\\/#\\\/schema\\\/logo\\\/image\\\/\",\"url\":\"https:\\\/\\\/isd-freiburg.de\\\/wp-content\\\/uploads\\\/2015\\\/11\\\/isd_logo.jpg\",\"contentUrl\":\"https:\\\/\\\/isd-freiburg.de\\\/wp-content\\\/uploads\\\/2015\\\/11\\\/isd_logo.jpg\",\"width\":222,\"height\":80,\"caption\":\"ISD Freiburg\"},\"image\":{\"@id\":\"https:\\\/\\\/isd-freiburg.de\\\/it\\\/#\\\/schema\\\/logo\\\/image\\\/\"},\"sameAs\":[\"https:\\\/\\\/www.facebook.com\\\/isd.freiburg\\\/\"]}]}<\/script>\n<!-- \/ Yoast SEO plugin. -->","yoast_head_json":{"title":"Tedesco Medico Corso gratuito (Prenotazione) - isd-freiburg.de","description":"Corso grauito per Fachsprachpr\u00fcfung (Medizin C1)","robots":{"index":"index","follow":"follow","max-snippet":"max-snippet:-1","max-image-preview":"max-image-preview:large","max-video-preview":"max-video-preview:-1"},"canonical":"https:\/\/isd-freiburg.de\/it\/online-anmeldung\/tedesco-medico-approbation\/","og_locale":"it_IT","og_type":"article","og_title":"Tedesco Medico Corso gratuito (Prenotazione) - isd-freiburg.de","og_description":"Corso grauito per Fachsprachpr\u00fcfung (Medizin C1)","og_url":"https:\/\/isd-freiburg.de\/it\/online-anmeldung\/tedesco-medico-approbation\/","og_site_name":"isd-freiburg.de","article_publisher":"https:\/\/www.facebook.com\/isd.freiburg\/","article_modified_time":"2024-02-02T16:42:16+00:00","og_image":[{"width":977,"height":651,"url":"https:\/\/isd-freiburg.de\/wp-content\/uploads\/2016\/06\/DEU_MED_Einzel.jpg","type":"image\/jpeg"}],"twitter_card":"summary_large_image","twitter_misc":{"Tempo di lettura stimato":"1 minuto"},"schema":{"@context":"https:\/\/schema.org","@graph":[{"@type":"WebPage","@id":"https:\/\/isd-freiburg.de\/it\/online-anmeldung\/tedesco-medico-approbation\/","url":"https:\/\/isd-freiburg.de\/it\/online-anmeldung\/tedesco-medico-approbation\/","name":"Tedesco Medico Corso gratuito (Prenotazione) - isd-freiburg.de","isPartOf":{"@id":"https:\/\/isd-freiburg.de\/it\/#website"},"primaryImageOfPage":{"@id":"https:\/\/isd-freiburg.de\/it\/online-anmeldung\/tedesco-medico-approbation\/#primaryimage"},"image":{"@id":"https:\/\/isd-freiburg.de\/it\/online-anmeldung\/tedesco-medico-approbation\/#primaryimage"},"thumbnailUrl":"https:\/\/isd-freiburg.de\/wp-content\/uploads\/2016\/06\/DEU_MED_Einzel.jpg","datePublished":"2018-09-20T09:36:17+00:00","dateModified":"2024-02-02T16:42:16+00:00","description":"Corso grauito per Fachsprachpr\u00fcfung (Medizin C1)","breadcrumb":{"@id":"https:\/\/isd-freiburg.de\/it\/online-anmeldung\/tedesco-medico-approbation\/#breadcrumb"},"inLanguage":"it-IT","potentialAction":[{"@type":"ReadAction","target":["https:\/\/isd-freiburg.de\/it\/online-anmeldung\/tedesco-medico-approbation\/"]}]},{"@type":"ImageObject","inLanguage":"it-IT","@id":"https:\/\/isd-freiburg.de\/it\/online-anmeldung\/tedesco-medico-approbation\/#primaryimage","url":"https:\/\/isd-freiburg.de\/wp-content\/uploads\/2016\/06\/DEU_MED_Einzel.jpg","contentUrl":"https:\/\/isd-freiburg.de\/wp-content\/uploads\/2016\/06\/DEU_MED_Einzel.jpg","width":977,"height":651},{"@type":"BreadcrumbList","@id":"https:\/\/isd-freiburg.de\/it\/online-anmeldung\/tedesco-medico-approbation\/#breadcrumb","itemListElement":[{"@type":"ListItem","position":1,"name":"Home","item":"https:\/\/isd-freiburg.de\/it\/corsi-tedesco-freiburg\/"},{"@type":"ListItem","position":2,"name":"Iscrizione Online","item":"https:\/\/isd-freiburg.de\/it\/iscrizione-online\/"},{"@type":"ListItem","position":3,"name":"Tedesco Medico Corso gratuito (Prenotazione)"}]},{"@type":"WebSite","@id":"https:\/\/isd-freiburg.de\/it\/#website","url":"https:\/\/isd-freiburg.de\/it\/","name":"isd-freiburg.de","description":"Just another WordPress site","publisher":{"@id":"https:\/\/isd-freiburg.de\/it\/#organization"},"potentialAction":[{"@type":"SearchAction","target":{"@type":"EntryPoint","urlTemplate":"https:\/\/isd-freiburg.de\/it\/?s={search_term_string}"},"query-input":{"@type":"PropertyValueSpecification","valueRequired":true,"valueName":"search_term_string"}}],"inLanguage":"it-IT"},{"@type":"Organization","@id":"https:\/\/isd-freiburg.de\/it\/#organization","name":"ISD Freiburg","url":"https:\/\/isd-freiburg.de\/it\/","logo":{"@type":"ImageObject","inLanguage":"it-IT","@id":"https:\/\/isd-freiburg.de\/it\/#\/schema\/logo\/image\/","url":"https:\/\/isd-freiburg.de\/wp-content\/uploads\/2015\/11\/isd_logo.jpg","contentUrl":"https:\/\/isd-freiburg.de\/wp-content\/uploads\/2015\/11\/isd_logo.jpg","width":222,"height":80,"caption":"ISD Freiburg"},"image":{"@id":"https:\/\/isd-freiburg.de\/it\/#\/schema\/logo\/image\/"},"sameAs":["https:\/\/www.facebook.com\/isd.freiburg\/"]}]}},"_links":{"self":[{"href":"https:\/\/isd-freiburg.de\/it\/wp-json\/wp\/v2\/product\/11548","targetHints":{"allow":["GET"]}}],"collection":[{"href":"https:\/\/isd-freiburg.de\/it\/wp-json\/wp\/v2\/product"}],"about":[{"href":"https:\/\/isd-freiburg.de\/it\/wp-json\/wp\/v2\/types\/product"}],"wp:featuredmedia":[{"embeddable":true,"href":"https:\/\/isd-freiburg.de\/it\/wp-json\/wp\/v2\/media\/3495"}],"wp:attachment":[{"href":"https:\/\/isd-freiburg.de\/it\/wp-json\/wp\/v2\/media?parent=11548"}],"wp:term":[{"taxonomy":"product_brand","embeddable":true,"href":"https:\/\/isd-freiburg.de\/it\/wp-json\/wp\/v2\/product_brand?post=11548"},{"taxonomy":"product_cat","embeddable":true,"href":"https:\/\/isd-freiburg.de\/it\/wp-json\/wp\/v2\/product_cat?post=11548"},{"taxonomy":"product_tag","embeddable":true,"href":"https:\/\/isd-freiburg.de\/it\/wp-json\/wp\/v2\/product_tag?post=11548"}],"curies":[{"name":"wp","href":"https:\/\/api.w.org\/{rel}","templated":true}]}}