{"id":11653,"date":"2018-12-18T10:06:04","date_gmt":"2018-12-18T10:06:05","guid":{"rendered":"https:\/\/isd-freiburg.de\/?post_type=product&#038;p=11653"},"modified":"2019-01-03T16:14:34","modified_gmt":"2019-01-03T16:14:34","slug":"preparazione-c1-hochschule","status":"publish","type":"product","link":"https:\/\/isd-freiburg.de\/it\/online-anmeldung\/preparazione-c1-hochschule\/","title":{"rendered":"Preparazione C1-Hochschule"},"content":{"rendered":"<h3><strong><img fetchpriority=\"high\" decoding=\"async\" class=\"size-medium wp-image-2722 alignright\" src=\"https:\/\/isd-freiburg.de\/wp-content\/uploads\/2016\/06\/1U6A8844.jpg\" alt=\"1U6A8844\" width=\"360\" height=\"240\" \/>Preparazione al test telc C1-Hochschule<\/strong><\/h3>\n<p>per chi ha intenzione di iscriversi all&#8217;Universit\u00e0 in Germania ed \u00e8 obbligato quindi a presentare un certificato di lingua, \u00e8 vivamente consigliato prepararsi con un corso specifico prima di sostenere l&#8217;esame, per ottimizzare il proprio potenziale e non rischiare di dover ripetere l&#8217;esame pi\u00f9 volte.<\/p>\n<p><strong>Tipo di corso<\/strong>: Minigruppo (3-6 partecipanti)<br \/>\n<strong>Obiettivo del corso<\/strong>: preparazione mirata dell&#8217;esame <em>c1-Hochschule<\/em><br \/>\n<strong>Prezzo<\/strong>: 449,- EUR<br \/>\n<strong>Inizio corso<\/strong>: 04.02.2019, 04.03.2019, 06.05.2019, 03.06.2019, 01.07.2019, 05.08.2019, 02.09.2019, 07.10.2019, 04.11.2019, 02.12.2019<br \/>\n<strong>Luogo<\/strong>: ISD-Freiburg Verwaltungszentrum, Habsburgerstr. 83<br \/>\n<strong>Orario<\/strong>: Lun.-Ven. 16:30 \u2013 19:00 (15 min. pausa)<br \/>\n<strong>Durata<\/strong>: 3 settimane (15 giorni)<br \/>\n<strong>Unit\u00e0 didattiche totali<\/strong>: 45 UE<br \/>\n<strong>Unit\u00e0 didattiche giornaliere<\/strong>: 3 UE<\/p>\n<p>Grazie a oltre 300 certificati di lingua all&#8217;anno l&#8217;ISD-Freiburg \u00e8 ormai specialista nell&#8217;organizzazione di certificati di tedesco telc. Attraverso l&#8217;esperienza pluriennale e un investimento costante nell&#8217;aggiornamento, nella formazione e nella specializzazione del corpo docente la Scuola ISD-Freiburg \u00e8 in grado di offrirle garanzie pi\u00f9 che solide in tutto ci\u00f2 che riguarda la preparazione degli esami telc.<br \/>\n<b>Perch\u00e9 fare un corso di preparazione presso l&#8217;ISD-Freiburg?<br \/>\n<\/b>Perch\u00e9 tutto il nostro Team, sia i direttori chegli insegnanti \u00e8 composto da esaminatori telc qualificati. Perch\u00e9 organizziamo pi\u00f9 di 300 esami ogni anno e conosciamo bene i problemi in cui si pu\u00f2 incorrere, se non ci si prepara bene. Perch\u00e9 le lezioni si svolgono solamente in corsi individuali o in minigruppi.<br \/>\nPerch\u00e9negli anni abbiamo affinato i nostri programmi didattici rendendoli efficienti e affidabili.<br \/>\n<strong>Perch\u00e9 fare un corso di preparazione prima del C1-Hochschule?<\/strong><br \/>\nPerch\u00e9 purtroppo troppo spesso abbiamo dovuto constatare che esaminandi poco preparati non sono stati in grado di ottenere la certificazione, a volte per errori facilmente evitabili. Visto che l&#8217;esame ha un costo abbastanza elevato e pu\u00f2 essere ripetuto solo ogni 2 mesi (bisogna aspettare almeno 5 settimane prima dei risultati dell&#8217;esame appena sostenuto), conviene sostenerlo in tutta sicurezza, onde evitare di dover ripeterlo.<br \/>\n<strong>Qual \u00e8 principio fondamentale di un corso presso l&#8217;ISD-Freiburg?<\/strong><br \/>\nMeno partecipanti possibile! In un grande gruppo \u00e8 possibile acquisire le competenze basilari di un certo livello (B1, B2, C1, etc.), ma la possibilit\u00e0 per ogni partecipante di lavorare specificamente ai propri punti deboli \u00e8 necessariamente limitata. Per la preparazione di un esame diamo per scontato che il partecipante abbia gi\u00e0 seguito un corso del livello specifico. Nel corso in minigruppo sar\u00e0 dunque possibile per l&#8217;insegnante dedicare pi\u00f9 attenzione aogni singolo partecipante, andando a migliorare in ogni singolo caso, gli aspetti su cui lavorare. In questo modo \u00e8 possibile ridurre il margine degli errori e aumentare le chances di passare l&#8217;esame.<\/p>\n<div class=\"shariff shariff-align-flex-start shariff-widget-align-flex-start shariff-buttonstretch\" style=\"display:none\"><ul class=\"shariff-buttons theme-default orientation-horizontal buttonsize-medium\"><li class=\"shariff-button facebook shariff-nocustomcolor\" style=\"background-color:#7e8700\"><a href=\"https:\/\/www.facebook.com\/sharer\/sharer.php?u=https%3A%2F%2Fisd-freiburg.de%2Fit%2Fonline-anmeldung%2Fpreparazione-c1-hochschule%2F\" title=\"Condividi su Facebook\" aria-label=\"Condividi su Facebook\" role=\"button\" rel=\"nofollow\" class=\"shariff-link\" style=\"; background-color:#3b5998; color:#fff\" target=\"_blank\"><span class=\"shariff-icon\" style=\"\"><svg width=\"32px\" height=\"20px\" xmlns=\"http:\/\/www.w3.org\/2000\/svg\" viewBox=\"0 0 18 32\"><path fill=\"#3b5998\" d=\"M17.1 0.2v4.7h-2.8q-1.5 0-2.1 0.6t-0.5 1.9v3.4h5.2l-0.7 5.3h-4.5v13.6h-5.5v-13.6h-4.5v-5.3h4.5v-3.9q0-3.3 1.9-5.2t5-1.8q2.6 0 4.1 0.2z\"\/><\/svg><\/span><span class=\"shariff-text\">condividi<\/span>&nbsp;<\/a><\/li><li class=\"shariff-button twitter shariff-nocustomcolor\" style=\"background-color:#7e8700\"><a href=\"https:\/\/twitter.com\/share?url=https%3A%2F%2Fisd-freiburg.de%2Fit%2Fonline-anmeldung%2Fpreparazione-c1-hochschule%2F&text=Preparazione%20C1-Hochschule\" title=\"Condividi su X\" aria-label=\"Condividi su X\" role=\"button\" rel=\"noopener nofollow\" class=\"shariff-link\" style=\"; background-color:#000; color:#fff\" target=\"_blank\"><span class=\"shariff-icon\" style=\"\"><svg width=\"32px\" height=\"20px\" xmlns=\"http:\/\/www.w3.org\/2000\/svg\" viewBox=\"0 0 24 24\"><path fill=\"#000\" d=\"M14.258 10.152L23.176 0h-2.113l-7.747 8.813L7.133 0H0l9.352 13.328L0 23.973h2.113l8.176-9.309 6.531 9.309h7.133zm-2.895 3.293l-.949-1.328L2.875 1.56h3.246l6.086 8.523.945 1.328 7.91 11.078h-3.246zm0 0\"\/><\/svg><\/span><span class=\"shariff-text\">condividi<\/span>&nbsp;<\/a><\/li><li class=\"shariff-button linkedin shariff-nocustomcolor\" style=\"background-color:#7e8700\"><a href=\"https:\/\/www.linkedin.com\/sharing\/share-offsite\/?url=https%3A%2F%2Fisd-freiburg.de%2Fit%2Fonline-anmeldung%2Fpreparazione-c1-hochschule%2F\" title=\"Condividi su LinkedIn\" aria-label=\"Condividi su LinkedIn\" role=\"button\" rel=\"noopener nofollow\" class=\"shariff-link\" style=\"; background-color:#0077b5; color:#fff\" target=\"_blank\"><span class=\"shariff-icon\" style=\"\"><svg width=\"32px\" height=\"20px\" xmlns=\"http:\/\/www.w3.org\/2000\/svg\" viewBox=\"0 0 27 32\"><path fill=\"#0077b5\" d=\"M6.2 11.2v17.7h-5.9v-17.7h5.9zM6.6 5.7q0 1.3-0.9 2.2t-2.4 0.9h0q-1.5 0-2.4-0.9t-0.9-2.2 0.9-2.2 2.4-0.9 2.4 0.9 0.9 2.2zM27.4 18.7v10.1h-5.9v-9.5q0-1.9-0.7-2.9t-2.3-1.1q-1.1 0-1.9 0.6t-1.2 1.5q-0.2 0.5-0.2 1.4v9.9h-5.9q0-7.1 0-11.6t0-5.3l0-0.9h5.9v2.6h0q0.4-0.6 0.7-1t1-0.9 1.6-0.8 2-0.3q3 0 4.9 2t1.9 6z\"\/><\/svg><\/span><span class=\"shariff-text\">condividi<\/span>&nbsp;<\/a><\/li><li class=\"shariff-button xing shariff-nocustomcolor\" style=\"background-color:#7e8700\"><a href=\"https:\/\/www.xing.com\/spi\/shares\/new?url=https%3A%2F%2Fisd-freiburg.de%2Fit%2Fonline-anmeldung%2Fpreparazione-c1-hochschule%2F\" title=\"Condividi su XING\" aria-label=\"Condividi su XING\" role=\"button\" rel=\"noopener nofollow\" class=\"shariff-link\" style=\"; background-color:#126567; color:#fff\" target=\"_blank\"><span class=\"shariff-icon\" style=\"\"><svg width=\"32px\" height=\"20px\" xmlns=\"http:\/\/www.w3.org\/2000\/svg\" viewBox=\"0 0 25 32\"><path fill=\"#126567\" d=\"M10.7 11.9q-0.2 0.3-4.6 8.2-0.5 0.8-1.2 0.8h-4.3q-0.4 0-0.5-0.3t0-0.6l4.5-8q0 0 0 0l-2.9-5q-0.2-0.4 0-0.7 0.2-0.3 0.5-0.3h4.3q0.7 0 1.2 0.8zM25.1 0.4q0.2 0.3 0 0.7l-9.4 16.7 6 11q0.2 0.4 0 0.6-0.2 0.3-0.6 0.3h-4.3q-0.7 0-1.2-0.8l-6-11.1q0.3-0.6 9.5-16.8 0.4-0.8 1.2-0.8h4.3q0.4 0 0.5 0.3z\"\/><\/svg><\/span><span class=\"shariff-text\">condividi<\/span>&nbsp;<\/a><\/li><\/ul><\/div>","protected":false},"excerpt":{"rendered":"<p><strong>Preparazione a C1-Hochschule con 3 &#8211; 6 partecipanti<\/strong><\/p>\n","protected":false},"featured_media":3576,"template":"","meta":{"_exactmetrics_skip_tracking":false,"_exactmetrics_sitenote_active":false,"_exactmetrics_sitenote_note":"","_exactmetrics_sitenote_category":0},"product_brand":[],"product_cat":[399,400],"product_tag":[536,535],"class_list":{"0":"post-11653","1":"product","2":"type-product","3":"status-publish","4":"has-post-thumbnail","6":"product_cat-corsi-di-lingua","7":"product_cat-corsi-di-tedesco","8":"product_tag-preparazione-c1-hochschule","9":"product_tag-telc-c1-hochschule-it","11":"first","12":"instock","13":"sold-individually","14":"shipping-taxable","15":"purchasable","16":"product-type-variable"},"yoast_head":"<!-- This site is optimized with the Yoast SEO plugin v27.4 - https:\/\/yoast.com\/product\/yoast-seo-wordpress\/ -->\n<title>Preparazione C1-Hochschule - isd-freiburg.de<\/title>\n<meta name=\"description\" content=\"telc c1 Hochschule\" \/>\n<meta name=\"robots\" content=\"index, follow, max-snippet:-1, max-image-preview:large, max-video-preview:-1\" \/>\n<link rel=\"canonical\" href=\"https:\/\/isd-freiburg.de\/it\/online-anmeldung\/preparazione-c1-hochschule\/\" \/>\n<meta property=\"og:locale\" content=\"it_IT\" \/>\n<meta property=\"og:type\" content=\"article\" \/>\n<meta property=\"og:title\" content=\"Preparazione C1-Hochschule - isd-freiburg.de\" \/>\n<meta property=\"og:description\" content=\"telc c1 Hochschule\" \/>\n<meta property=\"og:url\" content=\"https:\/\/isd-freiburg.de\/it\/online-anmeldung\/preparazione-c1-hochschule\/\" \/>\n<meta property=\"og:site_name\" content=\"isd-freiburg.de\" \/>\n<meta property=\"article:publisher\" content=\"https:\/\/www.facebook.com\/isd.freiburg\/\" \/>\n<meta property=\"article:modified_time\" content=\"2019-01-03T16:14:34+00:00\" \/>\n<meta property=\"og:image\" content=\"https:\/\/isd-freiburg.de\/wp-content\/uploads\/2016\/06\/telc.jpg\" \/>\n\t<meta property=\"og:image:width\" content=\"977\" \/>\n\t<meta property=\"og:image:height\" content=\"651\" \/>\n\t<meta property=\"og:image:type\" content=\"image\/jpeg\" \/>\n<meta name=\"twitter:card\" content=\"summary_large_image\" \/>\n<meta name=\"twitter:label1\" content=\"Tempo di lettura stimato\" \/>\n\t<meta name=\"twitter:data1\" content=\"2 minuti\" \/>\n<script type=\"application\/ld+json\" class=\"yoast-schema-graph\">{\"@context\":\"https:\\\/\\\/schema.org\",\"@graph\":[{\"@type\":\"WebPage\",\"@id\":\"https:\\\/\\\/isd-freiburg.de\\\/it\\\/online-anmeldung\\\/preparazione-c1-hochschule\\\/\",\"url\":\"https:\\\/\\\/isd-freiburg.de\\\/it\\\/online-anmeldung\\\/preparazione-c1-hochschule\\\/\",\"name\":\"Preparazione C1-Hochschule - isd-freiburg.de\",\"isPartOf\":{\"@id\":\"https:\\\/\\\/isd-freiburg.de\\\/it\\\/#website\"},\"primaryImageOfPage\":{\"@id\":\"https:\\\/\\\/isd-freiburg.de\\\/it\\\/online-anmeldung\\\/preparazione-c1-hochschule\\\/#primaryimage\"},\"image\":{\"@id\":\"https:\\\/\\\/isd-freiburg.de\\\/it\\\/online-anmeldung\\\/preparazione-c1-hochschule\\\/#primaryimage\"},\"thumbnailUrl\":\"https:\\\/\\\/isd-freiburg.de\\\/wp-content\\\/uploads\\\/2016\\\/06\\\/telc.jpg\",\"datePublished\":\"2018-12-18T10:06:05+00:00\",\"dateModified\":\"2019-01-03T16:14:34+00:00\",\"description\":\"telc c1 Hochschule\",\"breadcrumb\":{\"@id\":\"https:\\\/\\\/isd-freiburg.de\\\/it\\\/online-anmeldung\\\/preparazione-c1-hochschule\\\/#breadcrumb\"},\"inLanguage\":\"it-IT\",\"potentialAction\":[{\"@type\":\"ReadAction\",\"target\":[\"https:\\\/\\\/isd-freiburg.de\\\/it\\\/online-anmeldung\\\/preparazione-c1-hochschule\\\/\"]}]},{\"@type\":\"ImageObject\",\"inLanguage\":\"it-IT\",\"@id\":\"https:\\\/\\\/isd-freiburg.de\\\/it\\\/online-anmeldung\\\/preparazione-c1-hochschule\\\/#primaryimage\",\"url\":\"https:\\\/\\\/isd-freiburg.de\\\/wp-content\\\/uploads\\\/2016\\\/06\\\/telc.jpg\",\"contentUrl\":\"https:\\\/\\\/isd-freiburg.de\\\/wp-content\\\/uploads\\\/2016\\\/06\\\/telc.jpg\",\"width\":977,\"height\":651,\"caption\":\"Fassade - Habsburgerstr. 83\"},{\"@type\":\"BreadcrumbList\",\"@id\":\"https:\\\/\\\/isd-freiburg.de\\\/it\\\/online-anmeldung\\\/preparazione-c1-hochschule\\\/#breadcrumb\",\"itemListElement\":[{\"@type\":\"ListItem\",\"position\":1,\"name\":\"Home\",\"item\":\"https:\\\/\\\/isd-freiburg.de\\\/it\\\/corsi-tedesco-freiburg\\\/\"},{\"@type\":\"ListItem\",\"position\":2,\"name\":\"Iscrizione Online\",\"item\":\"https:\\\/\\\/isd-freiburg.de\\\/it\\\/iscrizione-online\\\/\"},{\"@type\":\"ListItem\",\"position\":3,\"name\":\"Preparazione C1-Hochschule\"}]},{\"@type\":\"WebSite\",\"@id\":\"https:\\\/\\\/isd-freiburg.de\\\/it\\\/#website\",\"url\":\"https:\\\/\\\/isd-freiburg.de\\\/it\\\/\",\"name\":\"isd-freiburg.de\",\"description\":\"Just another WordPress site\",\"publisher\":{\"@id\":\"https:\\\/\\\/isd-freiburg.de\\\/it\\\/#organization\"},\"potentialAction\":[{\"@type\":\"SearchAction\",\"target\":{\"@type\":\"EntryPoint\",\"urlTemplate\":\"https:\\\/\\\/isd-freiburg.de\\\/it\\\/?s={search_term_string}\"},\"query-input\":{\"@type\":\"PropertyValueSpecification\",\"valueRequired\":true,\"valueName\":\"search_term_string\"}}],\"inLanguage\":\"it-IT\"},{\"@type\":\"Organization\",\"@id\":\"https:\\\/\\\/isd-freiburg.de\\\/it\\\/#organization\",\"name\":\"ISD Freiburg\",\"url\":\"https:\\\/\\\/isd-freiburg.de\\\/it\\\/\",\"logo\":{\"@type\":\"ImageObject\",\"inLanguage\":\"it-IT\",\"@id\":\"https:\\\/\\\/isd-freiburg.de\\\/it\\\/#\\\/schema\\\/logo\\\/image\\\/\",\"url\":\"https:\\\/\\\/isd-freiburg.de\\\/wp-content\\\/uploads\\\/2015\\\/11\\\/isd_logo.jpg\",\"contentUrl\":\"https:\\\/\\\/isd-freiburg.de\\\/wp-content\\\/uploads\\\/2015\\\/11\\\/isd_logo.jpg\",\"width\":222,\"height\":80,\"caption\":\"ISD Freiburg\"},\"image\":{\"@id\":\"https:\\\/\\\/isd-freiburg.de\\\/it\\\/#\\\/schema\\\/logo\\\/image\\\/\"},\"sameAs\":[\"https:\\\/\\\/www.facebook.com\\\/isd.freiburg\\\/\"]}]}<\/script>\n<!-- \/ Yoast SEO plugin. -->","yoast_head_json":{"title":"Preparazione C1-Hochschule - isd-freiburg.de","description":"telc c1 Hochschule","robots":{"index":"index","follow":"follow","max-snippet":"max-snippet:-1","max-image-preview":"max-image-preview:large","max-video-preview":"max-video-preview:-1"},"canonical":"https:\/\/isd-freiburg.de\/it\/online-anmeldung\/preparazione-c1-hochschule\/","og_locale":"it_IT","og_type":"article","og_title":"Preparazione C1-Hochschule - isd-freiburg.de","og_description":"telc c1 Hochschule","og_url":"https:\/\/isd-freiburg.de\/it\/online-anmeldung\/preparazione-c1-hochschule\/","og_site_name":"isd-freiburg.de","article_publisher":"https:\/\/www.facebook.com\/isd.freiburg\/","article_modified_time":"2019-01-03T16:14:34+00:00","og_image":[{"width":977,"height":651,"url":"https:\/\/isd-freiburg.de\/wp-content\/uploads\/2016\/06\/telc.jpg","type":"image\/jpeg"}],"twitter_card":"summary_large_image","twitter_misc":{"Tempo di lettura stimato":"2 minuti"},"schema":{"@context":"https:\/\/schema.org","@graph":[{"@type":"WebPage","@id":"https:\/\/isd-freiburg.de\/it\/online-anmeldung\/preparazione-c1-hochschule\/","url":"https:\/\/isd-freiburg.de\/it\/online-anmeldung\/preparazione-c1-hochschule\/","name":"Preparazione C1-Hochschule - isd-freiburg.de","isPartOf":{"@id":"https:\/\/isd-freiburg.de\/it\/#website"},"primaryImageOfPage":{"@id":"https:\/\/isd-freiburg.de\/it\/online-anmeldung\/preparazione-c1-hochschule\/#primaryimage"},"image":{"@id":"https:\/\/isd-freiburg.de\/it\/online-anmeldung\/preparazione-c1-hochschule\/#primaryimage"},"thumbnailUrl":"https:\/\/isd-freiburg.de\/wp-content\/uploads\/2016\/06\/telc.jpg","datePublished":"2018-12-18T10:06:05+00:00","dateModified":"2019-01-03T16:14:34+00:00","description":"telc c1 Hochschule","breadcrumb":{"@id":"https:\/\/isd-freiburg.de\/it\/online-anmeldung\/preparazione-c1-hochschule\/#breadcrumb"},"inLanguage":"it-IT","potentialAction":[{"@type":"ReadAction","target":["https:\/\/isd-freiburg.de\/it\/online-anmeldung\/preparazione-c1-hochschule\/"]}]},{"@type":"ImageObject","inLanguage":"it-IT","@id":"https:\/\/isd-freiburg.de\/it\/online-anmeldung\/preparazione-c1-hochschule\/#primaryimage","url":"https:\/\/isd-freiburg.de\/wp-content\/uploads\/2016\/06\/telc.jpg","contentUrl":"https:\/\/isd-freiburg.de\/wp-content\/uploads\/2016\/06\/telc.jpg","width":977,"height":651,"caption":"Fassade - Habsburgerstr. 83"},{"@type":"BreadcrumbList","@id":"https:\/\/isd-freiburg.de\/it\/online-anmeldung\/preparazione-c1-hochschule\/#breadcrumb","itemListElement":[{"@type":"ListItem","position":1,"name":"Home","item":"https:\/\/isd-freiburg.de\/it\/corsi-tedesco-freiburg\/"},{"@type":"ListItem","position":2,"name":"Iscrizione Online","item":"https:\/\/isd-freiburg.de\/it\/iscrizione-online\/"},{"@type":"ListItem","position":3,"name":"Preparazione C1-Hochschule"}]},{"@type":"WebSite","@id":"https:\/\/isd-freiburg.de\/it\/#website","url":"https:\/\/isd-freiburg.de\/it\/","name":"isd-freiburg.de","description":"Just another WordPress site","publisher":{"@id":"https:\/\/isd-freiburg.de\/it\/#organization"},"potentialAction":[{"@type":"SearchAction","target":{"@type":"EntryPoint","urlTemplate":"https:\/\/isd-freiburg.de\/it\/?s={search_term_string}"},"query-input":{"@type":"PropertyValueSpecification","valueRequired":true,"valueName":"search_term_string"}}],"inLanguage":"it-IT"},{"@type":"Organization","@id":"https:\/\/isd-freiburg.de\/it\/#organization","name":"ISD Freiburg","url":"https:\/\/isd-freiburg.de\/it\/","logo":{"@type":"ImageObject","inLanguage":"it-IT","@id":"https:\/\/isd-freiburg.de\/it\/#\/schema\/logo\/image\/","url":"https:\/\/isd-freiburg.de\/wp-content\/uploads\/2015\/11\/isd_logo.jpg","contentUrl":"https:\/\/isd-freiburg.de\/wp-content\/uploads\/2015\/11\/isd_logo.jpg","width":222,"height":80,"caption":"ISD Freiburg"},"image":{"@id":"https:\/\/isd-freiburg.de\/it\/#\/schema\/logo\/image\/"},"sameAs":["https:\/\/www.facebook.com\/isd.freiburg\/"]}]}},"_links":{"self":[{"href":"https:\/\/isd-freiburg.de\/it\/wp-json\/wp\/v2\/product\/11653","targetHints":{"allow":["GET"]}}],"collection":[{"href":"https:\/\/isd-freiburg.de\/it\/wp-json\/wp\/v2\/product"}],"about":[{"href":"https:\/\/isd-freiburg.de\/it\/wp-json\/wp\/v2\/types\/product"}],"wp:featuredmedia":[{"embeddable":true,"href":"https:\/\/isd-freiburg.de\/it\/wp-json\/wp\/v2\/media\/3576"}],"wp:attachment":[{"href":"https:\/\/isd-freiburg.de\/it\/wp-json\/wp\/v2\/media?parent=11653"}],"wp:term":[{"taxonomy":"product_brand","embeddable":true,"href":"https:\/\/isd-freiburg.de\/it\/wp-json\/wp\/v2\/product_brand?post=11653"},{"taxonomy":"product_cat","embeddable":true,"href":"https:\/\/isd-freiburg.de\/it\/wp-json\/wp\/v2\/product_cat?post=11653"},{"taxonomy":"product_tag","embeddable":true,"href":"https:\/\/isd-freiburg.de\/it\/wp-json\/wp\/v2\/product_tag?post=11653"}],"curies":[{"name":"wp","href":"https:\/\/api.w.org\/{rel}","templated":true}]}}