{"id":14441,"date":"2020-03-18T08:46:49","date_gmt":"2020-03-19T15:34:31","guid":{"rendered":"https:\/\/isd-freiburg.de\/?post_type=product&#038;p=14441"},"modified":"2020-03-22T15:31:49","modified_gmt":"2020-03-22T15:31:49","slug":"tedesco-online","status":"publish","type":"product","link":"https:\/\/isd-freiburg.de\/it\/online-anmeldung\/tedesco-online\/","title":{"rendered":"Tedesco Online"},"content":{"rendered":"<p><strong>Tedesco online (via Skype o piattaforme simili)<\/strong><\/p>\n<p>La scuola ISD-Freiburg offre da subito un servizio di corsi online a moduli compatti di 10 lezioni ciascuno. Tutti i corsi sono One-on-one con insegnanti qualificati dal vivo (non in Video registrato!). I corsi sono concepiti didatticamente per offrire la migliore preparazione possibile. Grazie all&#8217;esperienza e al Know-How acquisiti attraverso pi\u00f9 di un decennio di lavoro professionale nel campo dell&#8217;insegnamento del Tedesco, la nostra scuola \u00e8 in grado di garantire altissima qualit\u00e0, riconosciuta anche ufficialmente dalla certificazione AZAV di cui disponiamo. Inoltre la scuola di lingua ISD-Freiburg \u00e8 un Istituto molto attivo nel campo delle certificazioni linguistiche di tedesco telc, con pi\u00f9 di 400 esami l&#8217;anno.<\/p>\n<p><strong>Pronto in 5 passi!<\/strong><\/p>\n<p><em>Step 1.<\/em> Scelta del corso: Si pu\u00f2 scegliere un livello di partenza del tipo Standard, Training di Grammatica o Tedesco medico<br \/>\n<em>Step 2.<\/em> Iscrizione: online cliccando qui in basso, per Email o al telefono.<br \/>\n<em>Step 3.<\/em> Pagamento: via Paypal o a mezzo bonifico bancario.<br \/>\n<em>Step 4.<\/em> Scelta del ritmo di apprendimento: Ci sono 3 opzioni: intensivo, estensivo o flessibile (vedi in basso in descrizione. Questo valore \u00e8 comunque modificabile durante il corso, ci informi via Email o telefonicamente sul suo piano)<br \/>\n<em>Step 5.<\/em> Start<\/p>\n<p>Cerca il Modulo di partenza pi\u00f9 adatto al tuo livello attuale<\/p>\n<p><strong>Module REGULAR:<\/strong><br \/>\nOK1: Start Deutsch A1.1.1 \u2013 Buch 1 Units 1-4<br \/>\nOK2: Start Deutsch A1.1.2 \u2013 Buch 1 Units 5-7<br \/>\nOK3: Start Deutsch A1.2.1 \u2013 Buch 2 Units 8-11<br \/>\nOK4: Start Deutsch A1.2.2 \u2013 Buch 2 Units 12-14<\/p>\n<p>OK5: Start Deutsch A2.1.1 \u2013 Buch 3 Units 1-4<br \/>\nOK6: Start Deutsch A2.1.2 \u2013 Buch 3 Units 5-7<br \/>\nOK7: Start Deutsch A2.2.1 \u2013 Buch 4 Units 8-11<br \/>\nOK8: Start Deutsch A2.2.2 \u2013 Buch 4 Units 12-14<\/p>\n<p>OK9: Start Deutsch B1.1.1 \u2013 Buch 5 Units 1-3<br \/>\nOK10: Start Deutsch B1.1.2 \u2013 Buch 5 Units 4-5<br \/>\nOK11: Start Deutsch B1.1.3 \u2013 Buch 5 Units 6-7<br \/>\nOK12: Start Deutsch B1.2.1 \u2013 Buch 6 Units 8-10<br \/>\nOK13: Start Deutsch B1.2.2 \u2013 Buch 6 Units 11-12<br \/>\nOK14: Start Deutsch B1.2.3 \u2013 Buch 6 Units 13-14<\/p>\n<p>OK15: Start Deutsch B2.1.1 \u2013 Buch AN2 Units 1-2<br \/>\nOK16: Start Deutsch B2.1.2 \u2013 Buch AN2 Units 3-4<br \/>\nOK17: Start Deutsch B2.1.3 \u2013 Buch AN2 Units 5-6<br \/>\nOK18: Start Deutsch B2.2.1 \u2013 Buch AN2 Units 7-8<br \/>\nOK19: Start Deutsch B2.2.2 \u2013 Buch AN2 Units 9-10<br \/>\nOK20: Start Deutsch B2.2.3 \u2013 Wdh. bzw. Pr\u00fcfungsvorbereitung telc oder Goethe B2<\/p>\n<p>OK21: Start Deutsch C1.1.1 \u2013 Buch AN3 Units 1-2<br \/>\nOK22: Start Deutsch C1.1.2 \u2013 Buch AN3 Units 3-4<br \/>\nOK23: Start Deutsch C1.1.3 \u2013 Buch AN3 Units 5-6<br \/>\nOK24: Start Deutsch C1.2.1 \u2013 Buch AN3 Units 7-8<br \/>\nOK25: Start Deutsch C1.2.2 \u2013 Buch AN3 Units 9-10<br \/>\nOK26: Start Deutsch C1.2.3 \u2013 Wdh. bzw. Pr\u00fcfungsvorbereitung telc oder Goethe C1 oder telc C1-Hochschule<\/p>\n<p><strong>Module Grammatiktraining<\/strong><br \/>\nOK27: Grammatik Modul 1 Basic (A1): Genus \u2013 Trennbare Verben \u2013 Modalverben \u2013 Fragew\u00f6rter \u2013 Perfekt \u2013 Pr\u00e4teritum \u2013 Pr\u00e4positionen mit Dativ<br \/>\nOK 28: Grammatik Modul 2 Intermediate (A2-B1): Hauptsatz\/Nebensatz \u2013 Kasus \u2013 Perfekt unregelm\u00e4\u00dfige Formen \u2013 Pr\u00e4positionen und Wechselpr\u00e4positionen \u2013 Reflexive Verben \u2013 Verben mit Pr\u00e4positionen 1 \u2013 Adjektivdeklination<br \/>\nOK 29: Grammatik Modul 3 Advanced (B2-C1): Verben Adjektive und Nomen mit Pr\u00e4positionen 2 \u2013 Passiv \u2013 Konjunktiv II und Konjunktiv I \u2013 Konjunktionen und Subjunktionen \u2013 Wortposition im Satz \u2013 Genusregeln und Artikelgebrauch<\/p>\n<p><strong>Module Fachsprache \/ Pr\u00fcfungsvorbereitung FSP (1 Modul \u00e1 10 Stunden 480,- EUR)<\/strong><br \/>\nOK30: Fachsprache Medizin 1: Anamnese Vorbereitung auf Fachsprachenpr\u00fcfung<br \/>\nOK31: Fachsprache Medizin 2: Patientenvorstellung Vorbereitung auf Fachsprachenpr\u00fcfung<br \/>\nOK32: Fachsprache Medizin 3: Arztbrief Vorbereitung auf Fachsprachenpr\u00fcfung<\/p>\n<p>&nbsp;<\/p>\n<div class=\"shariff shariff-align-flex-start shariff-widget-align-flex-start shariff-buttonstretch\" style=\"display:none\"><ul class=\"shariff-buttons theme-default orientation-horizontal buttonsize-medium\"><li class=\"shariff-button facebook shariff-nocustomcolor\" style=\"background-color:#7e8700\"><a href=\"https:\/\/www.facebook.com\/sharer\/sharer.php?u=https%3A%2F%2Fisd-freiburg.de%2Fit%2Fonline-anmeldung%2Ftedesco-online%2F\" title=\"Condividi su Facebook\" aria-label=\"Condividi su Facebook\" role=\"button\" rel=\"nofollow\" class=\"shariff-link\" style=\"; background-color:#3b5998; color:#fff\" target=\"_blank\"><span class=\"shariff-icon\" style=\"\"><svg width=\"32px\" height=\"20px\" xmlns=\"http:\/\/www.w3.org\/2000\/svg\" viewBox=\"0 0 18 32\"><path fill=\"#3b5998\" d=\"M17.1 0.2v4.7h-2.8q-1.5 0-2.1 0.6t-0.5 1.9v3.4h5.2l-0.7 5.3h-4.5v13.6h-5.5v-13.6h-4.5v-5.3h4.5v-3.9q0-3.3 1.9-5.2t5-1.8q2.6 0 4.1 0.2z\"\/><\/svg><\/span><span class=\"shariff-text\">condividi<\/span>&nbsp;<\/a><\/li><li class=\"shariff-button twitter shariff-nocustomcolor\" style=\"background-color:#7e8700\"><a href=\"https:\/\/twitter.com\/share?url=https%3A%2F%2Fisd-freiburg.de%2Fit%2Fonline-anmeldung%2Ftedesco-online%2F&text=Tedesco%20Online\" title=\"Condividi su X\" aria-label=\"Condividi su X\" role=\"button\" rel=\"noopener nofollow\" class=\"shariff-link\" style=\"; background-color:#000; color:#fff\" target=\"_blank\"><span class=\"shariff-icon\" style=\"\"><svg width=\"32px\" height=\"20px\" xmlns=\"http:\/\/www.w3.org\/2000\/svg\" viewBox=\"0 0 24 24\"><path fill=\"#000\" d=\"M14.258 10.152L23.176 0h-2.113l-7.747 8.813L7.133 0H0l9.352 13.328L0 23.973h2.113l8.176-9.309 6.531 9.309h7.133zm-2.895 3.293l-.949-1.328L2.875 1.56h3.246l6.086 8.523.945 1.328 7.91 11.078h-3.246zm0 0\"\/><\/svg><\/span><span class=\"shariff-text\">condividi<\/span>&nbsp;<\/a><\/li><li class=\"shariff-button linkedin shariff-nocustomcolor\" style=\"background-color:#7e8700\"><a href=\"https:\/\/www.linkedin.com\/sharing\/share-offsite\/?url=https%3A%2F%2Fisd-freiburg.de%2Fit%2Fonline-anmeldung%2Ftedesco-online%2F\" title=\"Condividi su LinkedIn\" aria-label=\"Condividi su LinkedIn\" role=\"button\" rel=\"noopener nofollow\" class=\"shariff-link\" style=\"; background-color:#0077b5; color:#fff\" target=\"_blank\"><span class=\"shariff-icon\" style=\"\"><svg width=\"32px\" height=\"20px\" xmlns=\"http:\/\/www.w3.org\/2000\/svg\" viewBox=\"0 0 27 32\"><path fill=\"#0077b5\" d=\"M6.2 11.2v17.7h-5.9v-17.7h5.9zM6.6 5.7q0 1.3-0.9 2.2t-2.4 0.9h0q-1.5 0-2.4-0.9t-0.9-2.2 0.9-2.2 2.4-0.9 2.4 0.9 0.9 2.2zM27.4 18.7v10.1h-5.9v-9.5q0-1.9-0.7-2.9t-2.3-1.1q-1.1 0-1.9 0.6t-1.2 1.5q-0.2 0.5-0.2 1.4v9.9h-5.9q0-7.1 0-11.6t0-5.3l0-0.9h5.9v2.6h0q0.4-0.6 0.7-1t1-0.9 1.6-0.8 2-0.3q3 0 4.9 2t1.9 6z\"\/><\/svg><\/span><span class=\"shariff-text\">condividi<\/span>&nbsp;<\/a><\/li><li class=\"shariff-button xing shariff-nocustomcolor\" style=\"background-color:#7e8700\"><a href=\"https:\/\/www.xing.com\/spi\/shares\/new?url=https%3A%2F%2Fisd-freiburg.de%2Fit%2Fonline-anmeldung%2Ftedesco-online%2F\" title=\"Condividi su XING\" aria-label=\"Condividi su XING\" role=\"button\" rel=\"noopener nofollow\" class=\"shariff-link\" style=\"; background-color:#126567; color:#fff\" target=\"_blank\"><span class=\"shariff-icon\" style=\"\"><svg width=\"32px\" height=\"20px\" xmlns=\"http:\/\/www.w3.org\/2000\/svg\" viewBox=\"0 0 25 32\"><path fill=\"#126567\" d=\"M10.7 11.9q-0.2 0.3-4.6 8.2-0.5 0.8-1.2 0.8h-4.3q-0.4 0-0.5-0.3t0-0.6l4.5-8q0 0 0 0l-2.9-5q-0.2-0.4 0-0.7 0.2-0.3 0.5-0.3h4.3q0.7 0 1.2 0.8zM25.1 0.4q0.2 0.3 0 0.7l-9.4 16.7 6 11q0.2 0.4 0 0.6-0.2 0.3-0.6 0.3h-4.3q-0.7 0-1.2-0.8l-6-11.1q0.3-0.6 9.5-16.8 0.4-0.8 1.2-0.8h4.3q0.4 0 0.5 0.3z\"\/><\/svg><\/span><span class=\"shariff-text\">condividi<\/span>&nbsp;<\/a><\/li><\/ul><\/div>","protected":false},"excerpt":{"rendered":"<p>German Online is the online teaching Service of ISD-Freiburg, which is a established, officially certificated language and examination centre for German in Freiburg<\/p>\n","protected":false},"featured_media":3576,"template":"","meta":{"_exactmetrics_skip_tracking":false,"_exactmetrics_sitenote_active":false,"_exactmetrics_sitenote_note":"","_exactmetrics_sitenote_category":0},"product_brand":[],"product_cat":[399,400],"product_tag":[642,181,639,640,641,643,638,189],"class_list":{"0":"post-14441","1":"product","2":"type-product","3":"status-publish","4":"has-post-thumbnail","6":"product_cat-corsi-di-lingua","7":"product_cat-corsi-di-tedesco","8":"product_tag-deutsch-onlinen-lernen-it","9":"product_tag-deutschkurs-it-2","10":"product_tag-german-it","11":"product_tag-german-course-it","12":"product_tag-learn-german-it","13":"product_tag-online-deutschkurs-it","14":"product_tag-online-german-it","15":"product_tag-sprachschule-it","16":"pa_kontingent-non-conosco-il-mio-livello-richiedo-un-test","17":"pa_kontingent-ok01-start-deutsch-a1-1-1-it","18":"pa_kontingent-ok02-start-deutsch-a1-1-2-it","19":"pa_kontingent-ok03-start-deutsch-a1-2-1-it","20":"pa_kontingent-ok04-start-deutsch-a1-2-2-it","21":"pa_kontingent-ok05-start-deutsch-a2-1-1-it","22":"pa_kontingent-ok06-start-deutsch-a2-1-2-it","23":"pa_kontingent-ok07-start-deutsch-a2-2-1-it","24":"pa_kontingent-ok08-start-deutsch-a2-2-2-it","25":"pa_kontingent-ok09-intermedio-deutsch-b1-1-1","26":"pa_kontingent-ok10-intermedio-deutsch-b1-1-2","27":"pa_kontingent-ok11-intermedio-deutsch-b1-1-3","28":"pa_kontingent-ok12-intermedio-deutsch-b1-2-1","29":"pa_kontingent-ok13-intermedio-deutsch-b1-2-2","30":"pa_kontingent-ok14-intermedio-deutsch-b1-2-3","31":"pa_kontingent-ok15-intermedio-deutsch-b2-a","32":"pa_kontingent-ok16-intermedio-deutsch-b2-b","33":"pa_kontingent-ok17-intermedio-deutsch-b2-c","34":"pa_kontingent-ok18-intermedio-deutsch-b2-d","35":"pa_kontingent-ok19-intermedio-deutsch-b2-e","36":"pa_kontingent-ok20-intermedio-deutsch-b2-pruefungsvorbereitung","37":"pa_kontingent-ok21-avanzato-deutsch-c1-a","38":"pa_kontingent-ok22-avanzato-deutsch-c1-b","39":"pa_kontingent-ok23-avanzato-deutsch-c1-c","40":"pa_kontingent-ok24-avanzato-deutsch-c1-d","41":"pa_kontingent-ok25-avanzato-deutsch-c1-e","42":"pa_kontingent-ok26-avanzato-deutsch-c1-pruefungsvorbereitung","43":"pa_kontingent-ok27-grammatica-base","44":"pa_kontingent-ok28-grammatica-intermedia","45":"pa_kontingent-ok29-grammatica-avanzata","47":"first","48":"instock","49":"shipping-taxable","50":"purchasable","51":"product-type-variable","52":"has-default-attributes"},"yoast_head":"<!-- This site is optimized with the Yoast SEO plugin v27.3 - https:\/\/yoast.com\/product\/yoast-seo-wordpress\/ -->\n<title>Tedesco Online - isd-freiburg.de<\/title>\n<meta name=\"description\" content=\"German online \u00e8 un programma di moduli di tedesco online con insegnanti dal vivo. ISD-Freiburg \u00e8 una scuola di lingua e centro esami autorizzato e certificato\" \/>\n<meta name=\"robots\" content=\"index, follow, max-snippet:-1, max-image-preview:large, max-video-preview:-1\" \/>\n<link rel=\"canonical\" href=\"https:\/\/isd-freiburg.de\/it\/online-anmeldung\/tedesco-online\/\" \/>\n<meta property=\"og:locale\" content=\"it_IT\" \/>\n<meta property=\"og:type\" content=\"article\" \/>\n<meta property=\"og:title\" content=\"Tedesco Online - isd-freiburg.de\" \/>\n<meta property=\"og:description\" content=\"German online \u00e8 un programma di moduli di tedesco online con insegnanti dal vivo. ISD-Freiburg \u00e8 una scuola di lingua e centro esami autorizzato e certificato\" \/>\n<meta property=\"og:url\" content=\"https:\/\/isd-freiburg.de\/it\/online-anmeldung\/tedesco-online\/\" \/>\n<meta property=\"og:site_name\" content=\"isd-freiburg.de\" \/>\n<meta property=\"article:publisher\" content=\"https:\/\/www.facebook.com\/isd.freiburg\/\" \/>\n<meta property=\"article:modified_time\" content=\"2020-03-22T15:31:49+00:00\" \/>\n<meta property=\"og:image\" content=\"https:\/\/isd-freiburg.de\/wp-content\/uploads\/2016\/06\/telc.jpg\" \/>\n\t<meta property=\"og:image:width\" content=\"977\" \/>\n\t<meta property=\"og:image:height\" content=\"651\" \/>\n\t<meta property=\"og:image:type\" content=\"image\/jpeg\" \/>\n<meta name=\"twitter:card\" content=\"summary_large_image\" \/>\n<meta name=\"twitter:label1\" content=\"Tempo di lettura stimato\" \/>\n\t<meta name=\"twitter:data1\" content=\"3 minuti\" \/>\n<script type=\"application\/ld+json\" class=\"yoast-schema-graph\">{\"@context\":\"https:\\\/\\\/schema.org\",\"@graph\":[{\"@type\":\"WebPage\",\"@id\":\"https:\\\/\\\/isd-freiburg.de\\\/it\\\/online-anmeldung\\\/tedesco-online\\\/\",\"url\":\"https:\\\/\\\/isd-freiburg.de\\\/it\\\/online-anmeldung\\\/tedesco-online\\\/\",\"name\":\"Tedesco Online - isd-freiburg.de\",\"isPartOf\":{\"@id\":\"https:\\\/\\\/isd-freiburg.de\\\/it\\\/#website\"},\"primaryImageOfPage\":{\"@id\":\"https:\\\/\\\/isd-freiburg.de\\\/it\\\/online-anmeldung\\\/tedesco-online\\\/#primaryimage\"},\"image\":{\"@id\":\"https:\\\/\\\/isd-freiburg.de\\\/it\\\/online-anmeldung\\\/tedesco-online\\\/#primaryimage\"},\"thumbnailUrl\":\"https:\\\/\\\/isd-freiburg.de\\\/wp-content\\\/uploads\\\/2016\\\/06\\\/telc.jpg\",\"datePublished\":\"2020-03-19T15:34:31+00:00\",\"dateModified\":\"2020-03-22T15:31:49+00:00\",\"description\":\"German online \u00e8 un programma di moduli di tedesco online con insegnanti dal vivo. ISD-Freiburg \u00e8 una scuola di lingua e centro esami autorizzato e certificato\",\"breadcrumb\":{\"@id\":\"https:\\\/\\\/isd-freiburg.de\\\/it\\\/online-anmeldung\\\/tedesco-online\\\/#breadcrumb\"},\"inLanguage\":\"it-IT\",\"potentialAction\":[{\"@type\":\"ReadAction\",\"target\":[\"https:\\\/\\\/isd-freiburg.de\\\/it\\\/online-anmeldung\\\/tedesco-online\\\/\"]}]},{\"@type\":\"ImageObject\",\"inLanguage\":\"it-IT\",\"@id\":\"https:\\\/\\\/isd-freiburg.de\\\/it\\\/online-anmeldung\\\/tedesco-online\\\/#primaryimage\",\"url\":\"https:\\\/\\\/isd-freiburg.de\\\/wp-content\\\/uploads\\\/2016\\\/06\\\/telc.jpg\",\"contentUrl\":\"https:\\\/\\\/isd-freiburg.de\\\/wp-content\\\/uploads\\\/2016\\\/06\\\/telc.jpg\",\"width\":977,\"height\":651,\"caption\":\"Fassade - Habsburgerstr. 83\"},{\"@type\":\"BreadcrumbList\",\"@id\":\"https:\\\/\\\/isd-freiburg.de\\\/it\\\/online-anmeldung\\\/tedesco-online\\\/#breadcrumb\",\"itemListElement\":[{\"@type\":\"ListItem\",\"position\":1,\"name\":\"Home\",\"item\":\"https:\\\/\\\/isd-freiburg.de\\\/it\\\/corsi-tedesco-freiburg\\\/\"},{\"@type\":\"ListItem\",\"position\":2,\"name\":\"Iscrizione Online\",\"item\":\"https:\\\/\\\/isd-freiburg.de\\\/it\\\/iscrizione-online\\\/\"},{\"@type\":\"ListItem\",\"position\":3,\"name\":\"Tedesco Online\"}]},{\"@type\":\"WebSite\",\"@id\":\"https:\\\/\\\/isd-freiburg.de\\\/it\\\/#website\",\"url\":\"https:\\\/\\\/isd-freiburg.de\\\/it\\\/\",\"name\":\"isd-freiburg.de\",\"description\":\"Just another WordPress site\",\"publisher\":{\"@id\":\"https:\\\/\\\/isd-freiburg.de\\\/it\\\/#organization\"},\"potentialAction\":[{\"@type\":\"SearchAction\",\"target\":{\"@type\":\"EntryPoint\",\"urlTemplate\":\"https:\\\/\\\/isd-freiburg.de\\\/it\\\/?s={search_term_string}\"},\"query-input\":{\"@type\":\"PropertyValueSpecification\",\"valueRequired\":true,\"valueName\":\"search_term_string\"}}],\"inLanguage\":\"it-IT\"},{\"@type\":\"Organization\",\"@id\":\"https:\\\/\\\/isd-freiburg.de\\\/it\\\/#organization\",\"name\":\"ISD Freiburg\",\"url\":\"https:\\\/\\\/isd-freiburg.de\\\/it\\\/\",\"logo\":{\"@type\":\"ImageObject\",\"inLanguage\":\"it-IT\",\"@id\":\"https:\\\/\\\/isd-freiburg.de\\\/it\\\/#\\\/schema\\\/logo\\\/image\\\/\",\"url\":\"https:\\\/\\\/isd-freiburg.de\\\/wp-content\\\/uploads\\\/2015\\\/11\\\/isd_logo.jpg\",\"contentUrl\":\"https:\\\/\\\/isd-freiburg.de\\\/wp-content\\\/uploads\\\/2015\\\/11\\\/isd_logo.jpg\",\"width\":222,\"height\":80,\"caption\":\"ISD Freiburg\"},\"image\":{\"@id\":\"https:\\\/\\\/isd-freiburg.de\\\/it\\\/#\\\/schema\\\/logo\\\/image\\\/\"},\"sameAs\":[\"https:\\\/\\\/www.facebook.com\\\/isd.freiburg\\\/\"]}]}<\/script>\n<!-- \/ Yoast SEO plugin. -->","yoast_head_json":{"title":"Tedesco Online - isd-freiburg.de","description":"German online \u00e8 un programma di moduli di tedesco online con insegnanti dal vivo. ISD-Freiburg \u00e8 una scuola di lingua e centro esami autorizzato e certificato","robots":{"index":"index","follow":"follow","max-snippet":"max-snippet:-1","max-image-preview":"max-image-preview:large","max-video-preview":"max-video-preview:-1"},"canonical":"https:\/\/isd-freiburg.de\/it\/online-anmeldung\/tedesco-online\/","og_locale":"it_IT","og_type":"article","og_title":"Tedesco Online - isd-freiburg.de","og_description":"German online \u00e8 un programma di moduli di tedesco online con insegnanti dal vivo. ISD-Freiburg \u00e8 una scuola di lingua e centro esami autorizzato e certificato","og_url":"https:\/\/isd-freiburg.de\/it\/online-anmeldung\/tedesco-online\/","og_site_name":"isd-freiburg.de","article_publisher":"https:\/\/www.facebook.com\/isd.freiburg\/","article_modified_time":"2020-03-22T15:31:49+00:00","og_image":[{"width":977,"height":651,"url":"https:\/\/isd-freiburg.de\/wp-content\/uploads\/2016\/06\/telc.jpg","type":"image\/jpeg"}],"twitter_card":"summary_large_image","twitter_misc":{"Tempo di lettura stimato":"3 minuti"},"schema":{"@context":"https:\/\/schema.org","@graph":[{"@type":"WebPage","@id":"https:\/\/isd-freiburg.de\/it\/online-anmeldung\/tedesco-online\/","url":"https:\/\/isd-freiburg.de\/it\/online-anmeldung\/tedesco-online\/","name":"Tedesco Online - isd-freiburg.de","isPartOf":{"@id":"https:\/\/isd-freiburg.de\/it\/#website"},"primaryImageOfPage":{"@id":"https:\/\/isd-freiburg.de\/it\/online-anmeldung\/tedesco-online\/#primaryimage"},"image":{"@id":"https:\/\/isd-freiburg.de\/it\/online-anmeldung\/tedesco-online\/#primaryimage"},"thumbnailUrl":"https:\/\/isd-freiburg.de\/wp-content\/uploads\/2016\/06\/telc.jpg","datePublished":"2020-03-19T15:34:31+00:00","dateModified":"2020-03-22T15:31:49+00:00","description":"German online \u00e8 un programma di moduli di tedesco online con insegnanti dal vivo. ISD-Freiburg \u00e8 una scuola di lingua e centro esami autorizzato e certificato","breadcrumb":{"@id":"https:\/\/isd-freiburg.de\/it\/online-anmeldung\/tedesco-online\/#breadcrumb"},"inLanguage":"it-IT","potentialAction":[{"@type":"ReadAction","target":["https:\/\/isd-freiburg.de\/it\/online-anmeldung\/tedesco-online\/"]}]},{"@type":"ImageObject","inLanguage":"it-IT","@id":"https:\/\/isd-freiburg.de\/it\/online-anmeldung\/tedesco-online\/#primaryimage","url":"https:\/\/isd-freiburg.de\/wp-content\/uploads\/2016\/06\/telc.jpg","contentUrl":"https:\/\/isd-freiburg.de\/wp-content\/uploads\/2016\/06\/telc.jpg","width":977,"height":651,"caption":"Fassade - Habsburgerstr. 83"},{"@type":"BreadcrumbList","@id":"https:\/\/isd-freiburg.de\/it\/online-anmeldung\/tedesco-online\/#breadcrumb","itemListElement":[{"@type":"ListItem","position":1,"name":"Home","item":"https:\/\/isd-freiburg.de\/it\/corsi-tedesco-freiburg\/"},{"@type":"ListItem","position":2,"name":"Iscrizione Online","item":"https:\/\/isd-freiburg.de\/it\/iscrizione-online\/"},{"@type":"ListItem","position":3,"name":"Tedesco Online"}]},{"@type":"WebSite","@id":"https:\/\/isd-freiburg.de\/it\/#website","url":"https:\/\/isd-freiburg.de\/it\/","name":"isd-freiburg.de","description":"Just another WordPress site","publisher":{"@id":"https:\/\/isd-freiburg.de\/it\/#organization"},"potentialAction":[{"@type":"SearchAction","target":{"@type":"EntryPoint","urlTemplate":"https:\/\/isd-freiburg.de\/it\/?s={search_term_string}"},"query-input":{"@type":"PropertyValueSpecification","valueRequired":true,"valueName":"search_term_string"}}],"inLanguage":"it-IT"},{"@type":"Organization","@id":"https:\/\/isd-freiburg.de\/it\/#organization","name":"ISD Freiburg","url":"https:\/\/isd-freiburg.de\/it\/","logo":{"@type":"ImageObject","inLanguage":"it-IT","@id":"https:\/\/isd-freiburg.de\/it\/#\/schema\/logo\/image\/","url":"https:\/\/isd-freiburg.de\/wp-content\/uploads\/2015\/11\/isd_logo.jpg","contentUrl":"https:\/\/isd-freiburg.de\/wp-content\/uploads\/2015\/11\/isd_logo.jpg","width":222,"height":80,"caption":"ISD Freiburg"},"image":{"@id":"https:\/\/isd-freiburg.de\/it\/#\/schema\/logo\/image\/"},"sameAs":["https:\/\/www.facebook.com\/isd.freiburg\/"]}]}},"_links":{"self":[{"href":"https:\/\/isd-freiburg.de\/it\/wp-json\/wp\/v2\/product\/14441","targetHints":{"allow":["GET"]}}],"collection":[{"href":"https:\/\/isd-freiburg.de\/it\/wp-json\/wp\/v2\/product"}],"about":[{"href":"https:\/\/isd-freiburg.de\/it\/wp-json\/wp\/v2\/types\/product"}],"wp:featuredmedia":[{"embeddable":true,"href":"https:\/\/isd-freiburg.de\/it\/wp-json\/wp\/v2\/media\/3576"}],"wp:attachment":[{"href":"https:\/\/isd-freiburg.de\/it\/wp-json\/wp\/v2\/media?parent=14441"}],"wp:term":[{"taxonomy":"product_brand","embeddable":true,"href":"https:\/\/isd-freiburg.de\/it\/wp-json\/wp\/v2\/product_brand?post=14441"},{"taxonomy":"product_cat","embeddable":true,"href":"https:\/\/isd-freiburg.de\/it\/wp-json\/wp\/v2\/product_cat?post=14441"},{"taxonomy":"product_tag","embeddable":true,"href":"https:\/\/isd-freiburg.de\/it\/wp-json\/wp\/v2\/product_tag?post=14441"}],"curies":[{"name":"wp","href":"https:\/\/api.w.org\/{rel}","templated":true}]}}