{"id":15947,"date":"2022-05-17T11:10:16","date_gmt":"2022-05-17T11:10:31","guid":{"rendered":"https:\/\/isd-freiburg.de\/?post_type=product&#038;p=15947"},"modified":"2022-05-17T12:03:15","modified_gmt":"2022-05-17T12:03:15","slug":"corso-di-tedesco-intensiv-regular-kopie-2","status":"publish","type":"product","link":"https:\/\/isd-freiburg.de\/it\/online-anmeldung\/corso-di-tedesco-intensiv-regular-kopie-2\/","title":{"rendered":"Corso di Tedesco &#8211; superintensivo 24 units \/ settimana"},"content":{"rendered":"<h3>Descrizione corso e date di inizio<\/h3>\n<p lang=\"en-US\">Il corso superintenivo 24 units \u00e8 un upgrade rispetto al corso intensive Regular e offre oltre al programma normale 4 ore didattiche di conversazionee approfondimento di pronuncia e fonetica tedesca.<\/p>\n<p>I corsi superintensivi hanno luogo dal luned\u00ec al gioved\u00ec dalle 9:00 aalle 13:15 e il venerd\u00ec dalle 9:00 alle 12:15.<br \/>\nSe non hai conoscenze di Tedesco guarda Kursstart A1 nella tabvella sottostante, se invece hai conoscenze di tedesco confronta le date di inizio per gli altri livelli.<br \/>\nSe necessario \u00e8 possibile fare un <a href=\"https:\/\/isd-freiburg.de\/quiz\/deutsch-einstufungstest-in-freiburg\/\">test di valutazione<\/a>.<\/p>\n<div class=\"su-table su-table-responsive su-table-alternate\">\n<table>\n<tbody>\n<tr>\n<td><strong>Kursstart <\/strong><strong>A1:<\/strong><\/td>\n<td><strong>Kursstart A2:<\/strong><\/td>\n<td><strong>Kursstart B1:<\/strong><\/td>\n<td><strong>Kursstart B2:<\/strong><\/td>\n<td><strong>Kursstart C1:<\/strong><\/td>\n<\/tr>\n<tr>\n<td><strong>07.02.2022<br \/>\n14.03.2022<br \/>\n25.04.2022<br \/>\n06.06.2022 (07.06.2022)<br \/>\n04.07.2022<br \/>\n08.08.2022<br \/>\n12.09.2022<br \/>\n17.10.2022<br \/>\n14.11.2022<\/strong><\/td>\n<td><strong>21.02.2022<br \/>\n21.03.2022<br \/>\n02.05.2022<br \/>\n06.06.2022<br \/>\n18.07.2022<br \/>\n15.08.2022<br \/>\n19.09.2022<br \/>\n24.10.2022<\/strong><\/td>\n<td><strong>28.02.2022<br \/>\n<\/strong><strong>28.03.2022<br \/>\n<\/strong><strong>25.04.2022<br \/>\n<\/strong><strong>23.05.2022<br \/>\n27.06.2022<br \/>\n01.08.2022<br \/>\n12.09.2022<br \/>\n17.10.2022<br \/>\n14.11.2022<\/strong><\/td>\n<td><strong>07.02.2022<br \/>\n14.03.2022<br \/>\n09.05.2022<br \/>\n06.06.2022<br \/>\n04.07.2022<br \/>\n01.08.2022<br \/>\n05.09.2022<br \/>\n10.10.2022<br \/>\n14.11.2022<\/strong><\/td>\n<td><strong>07.02.2022<br \/>\n14.03.2022<br \/>\n25.04.2022<br \/>\n30.05.2022<br \/>\n18.07.2022<br \/>\n15.08.2022<br \/>\n12.09.2022<br \/>\n17.10.2022<br \/>\n21.11.2022<\/strong><\/td>\n<\/tr>\n<\/tbody>\n<\/table>\n<\/div>\n<h3>Struttura di un corso superintensivo 24 units<\/h3>\n<p>5 units Monday to Thursday (special rules for minigroups with less than 4 participants)<br \/>\n+<br \/>\n4 units on Friday<br \/>\n5 days a week<br \/>\nat least: 1 week<\/p>\n<p>In line with the common framework of the language scale stated by the European Union, ISD sets up courses from the beginner up to the advanced level as follows:<br \/>\n<em>A1a basic (2 weeks)<\/em><br \/>\n<em>A1b basic + (2 weeks)<\/em><br \/>\n<em>A1c basic ++ (2 weeks)<\/em><\/p>\n<p><em>A2a pre-intermediate (2 weeks)<\/em><br \/>\n<em>A2b pre-intermediate + (2 weeks)<\/em><br \/>\n<em>A2c pre-intermediate ++ (2 weeks)<\/em><\/p>\n<p><em>B1a intermediate (2 weeks)<\/em><br \/>\n<em>B1b intermediate + (2 weeks)<\/em><br \/>\n<em>B1c intermediate ++ (2 weeks)<\/em><br \/>\n<em>B1d Intermediate +++ (2 weeks)<br \/>\nB1+: Repetion of Grammar B1 (1 week)<\/em><\/p>\n<p><em>B2a upper-intermediate (2 weeks)<\/em><br \/>\n<em>B2b upper-intermediate + (2 weeks)<\/em><br \/>\n<em>B2c upper-intermediate ++ (2 weeks)<\/em><br \/>\n<em>B2d upper-intermediate +++ (2 weeks)<br \/>\nB2+: Preparation of B2 exam (2 weeks)<\/em><\/p>\n<p><em>C1a advanced (2 weeks)<\/em><br \/>\n<em>C1b advanced + (2 weeks)<\/em><br \/>\n<em>C1c advanced ++ (2 weeks)<\/em><br \/>\n<em>C1d advanced +++ (2 weeks)<\/em><br \/>\n<em>C1e advanced ++++ (2 weeks)<br \/>\n<\/em><br \/>\nAll the courses are didactically structured and planned to give the possibility to do in Addition to the internal Zwischentest the following telc-exams:<\/p>\n<p><em>Start Deutsch 1 (telc Deutsch A1)<\/em><br \/>\n<em>Start Deutsch 2 (telc Deutsch A1)<br \/>\n<\/em><em>Zertifikat Deutsch (telc Deutsch B1)<\/em><br \/>\n<em>telc Deutsch B2<\/em><br \/>\n<em>Zertifikat Deutsch f\u00fcr den Beruf (telc Deutsch B2 Beruf)<\/em><br \/>\n<em>telc Deutsch C1<\/em><br \/>\n<em>telc Deutsch C1 Hochschule<\/em><br \/>\n<em>Test DaF<\/em><br \/>\n<em>DSH<\/em><br \/>\n<strong>Quality-Control-System<\/strong><br \/>\nIl pi\u00f9 grande e frequente problema dei corsi di lingua tradizionali (per esempio quelli cofinanziati dallo Stato, come l\u2019Integrationskurs, il Deuf\u00f6v, etc.) \u00e8 che i gruppi spesso sono poco omogenei, nel senso che non tutti gli alunni sono motivati e ci\u00f2 pu\u00f2 rappresentare un freno allo svolgimento corretto del corso. Ci\u00f2 succede principalmente per due motivi: da un lato si riscontra purtroppo una certa tendenza di molte scuole a riempire i corsi oltremodo, per coprire gli costi dei corsi cofinanziati dallo Stato (i cui margini di guadagno sono bassi), <em>ergo<\/em>: si creano gruppi di 25 e pi\u00f9 persone. Dall\u2019altro non si presta la dovuta attenzione ai test d\u2019ingresso, di importanza fondxamentale per la formazione delle classi.<br \/>\nInoltre si riscontra in alcuni partecipanti (soprattutto in quelli che sono obbligati dalle Istituzioni a frequentare il corso e non pagano di tasca propria) la mancanza di motivazione e una scarsa partecipazione. Questo fenomeno \u00e8 spesso causa di un cattivo rendimento e di una atmosfera \u201cpesante\u201d nel gruppo, che pu\u00f2 avere riflessi negativi sull\u2019apprendimento della lingua e sulla motivazione degli insegnanti.<\/p>\n<p>Nel corso degli anni ci siamo concentrati sullo sviluppo di metodi e sistemi per ovviare a questi problemi e abbiamo cos\u00ec introdotto il <strong><em>Quality Control System<\/em><\/strong>. Di cosa si tratta?<br \/>\nSi tratta di una serie di misure tese a garantire il mantenimento di un ottimo livello di apprendimento nel corso e l\u2019efficacia delle metodologie didattiche attuate. All\u2019inizio si pone l\u2019attenzione sul test di livello. Poi a met\u00e0 e alla fine di ogni livello si svolgono dei test intermedi. Solo chi ottiene almeno il 50% dei punti pu\u00f2 passare al livello successivo. Il test intermedio si pu\u00f2 ripetere <strong>2 volte<\/strong>. Inoltre la direzione della scuola \u00e8 in costante contatto con i docenti e questi ultimi sono invitati a <strong>documentare<\/strong> dettagliatamente lo svolgimento del corso, il programma effettuato e persino la partecipazione dei singoli studenti (per esempio l\u2019assolvimento dei compiti per casa). Il docente \u00e8 quindi <strong>supportato<\/strong> nella valutazione dei test, delle proprie impressioni sui singoli alunni, oltre che al momento di dover prendere decisioni importanti.<br \/>\nUn altro elemento importante \u00e8 la <strong>pianificazione mirata<\/strong> del piano didattico. Il nostro interesse e anche la nostra pi\u00f9 grande gioia in ambito professionale \u00e8 riscontrare i progressi negli alunni che frequentano il nostro corso e soprattutto avere coscienza che il potenziale di ogni alunno sia sfruttato appieno e che l\u2019alunno sia soddisfatto dei risultati, sia che l\u2019obiettivo \u00e8 passare un esame linguistico sia che invece si punti semplicemente a migliorare il proprio Tedesco nel campo professionale o nella vita di tutti i giorni.<br \/>\nPoich\u00e9 tutto il nostro lavoro all\u2019ISD-Freiburg \u00e8 teso all\u2019offerta di un <strong>servizio competente<\/strong> ed efficace, i partecipanti dei corsi possono essere sicuri che il proprio tempo ed il proprio denaro sono investiti nel modo migliore.<\/p>\n<div class=\"shariff shariff-align-left shariff-widget-align-left shariff-buttonstretch\" style=\"display:none\"><ul class=\"shariff-buttons theme-default orientation-horizontal buttonsize-medium\"><li class=\"shariff-button facebook shariff-nocustomcolor\" style=\"background-color:#7e8700\"><a href=\"https:\/\/www.facebook.com\/sharer\/sharer.php?u=https%3A%2F%2Fisd-freiburg.de%2Fit%2Fonline-anmeldung%2Fcorso-di-tedesco-intensiv-regular-kopie-2%2F\" title=\"Condividi su Facebook\" aria-label=\"Condividi su Facebook\" role=\"button\" rel=\"nofollow\" class=\"shariff-link\" style=\"; background-color:#3b5998; color:#fff\" target=\"_blank\"><span class=\"shariff-icon\" style=\"\"><svg width=\"32px\" height=\"20px\" xmlns=\"http:\/\/www.w3.org\/2000\/svg\" viewBox=\"0 0 18 32\"><path fill=\"#3b5998\" d=\"M17.1 0.2v4.7h-2.8q-1.5 0-2.1 0.6t-0.5 1.9v3.4h5.2l-0.7 5.3h-4.5v13.6h-5.5v-13.6h-4.5v-5.3h4.5v-3.9q0-3.3 1.9-5.2t5-1.8q2.6 0 4.1 0.2z\"\/><\/svg><\/span><span class=\"shariff-text\">condividi<\/span>&nbsp;<\/a><\/li><li class=\"shariff-button twitter shariff-nocustomcolor\" style=\"background-color:#7e8700\"><a href=\"https:\/\/twitter.com\/share?url=https%3A%2F%2Fisd-freiburg.de%2Fit%2Fonline-anmeldung%2Fcorso-di-tedesco-intensiv-regular-kopie-2%2F&text=Corso%20di%20Tedesco%20%E2%80%93%20superintensivo%2024%20units%20%2F%20settimana\" title=\"Condividi su X\" aria-label=\"Condividi su X\" role=\"button\" rel=\"noopener nofollow\" class=\"shariff-link\" style=\"; background-color:#000; color:#fff\" target=\"_blank\"><span class=\"shariff-icon\" style=\"\"><svg width=\"32px\" height=\"20px\" xmlns=\"http:\/\/www.w3.org\/2000\/svg\" viewBox=\"0 0 24 24\"><path fill=\"#000\" d=\"M14.258 10.152L23.176 0h-2.113l-7.747 8.813L7.133 0H0l9.352 13.328L0 23.973h2.113l8.176-9.309 6.531 9.309h7.133zm-2.895 3.293l-.949-1.328L2.875 1.56h3.246l6.086 8.523.945 1.328 7.91 11.078h-3.246zm0 0\"\/><\/svg><\/span><span class=\"shariff-text\">condividi<\/span>&nbsp;<\/a><\/li><li class=\"shariff-button linkedin shariff-nocustomcolor\" style=\"background-color:#7e8700\"><a href=\"https:\/\/www.linkedin.com\/sharing\/share-offsite\/?url=https%3A%2F%2Fisd-freiburg.de%2Fit%2Fonline-anmeldung%2Fcorso-di-tedesco-intensiv-regular-kopie-2%2F\" title=\"Condividi su LinkedIn\" aria-label=\"Condividi su LinkedIn\" role=\"button\" rel=\"noopener nofollow\" class=\"shariff-link\" style=\"; background-color:#0077b5; color:#fff\" target=\"_blank\"><span class=\"shariff-icon\" style=\"\"><svg width=\"32px\" height=\"20px\" xmlns=\"http:\/\/www.w3.org\/2000\/svg\" viewBox=\"0 0 27 32\"><path fill=\"#0077b5\" d=\"M6.2 11.2v17.7h-5.9v-17.7h5.9zM6.6 5.7q0 1.3-0.9 2.2t-2.4 0.9h0q-1.5 0-2.4-0.9t-0.9-2.2 0.9-2.2 2.4-0.9 2.4 0.9 0.9 2.2zM27.4 18.7v10.1h-5.9v-9.5q0-1.9-0.7-2.9t-2.3-1.1q-1.1 0-1.9 0.6t-1.2 1.5q-0.2 0.5-0.2 1.4v9.9h-5.9q0-7.1 0-11.6t0-5.3l0-0.9h5.9v2.6h0q0.4-0.6 0.7-1t1-0.9 1.6-0.8 2-0.3q3 0 4.9 2t1.9 6z\"\/><\/svg><\/span><span class=\"shariff-text\">condividi<\/span>&nbsp;<\/a><\/li><li class=\"shariff-button xing shariff-nocustomcolor\" style=\"background-color:#7e8700\"><a href=\"https:\/\/www.xing.com\/spi\/shares\/new?url=https%3A%2F%2Fisd-freiburg.de%2Fit%2Fonline-anmeldung%2Fcorso-di-tedesco-intensiv-regular-kopie-2%2F\" title=\"Condividi su XING\" aria-label=\"Condividi su XING\" role=\"button\" rel=\"noopener nofollow\" class=\"shariff-link\" style=\"; background-color:#126567; color:#fff\" target=\"_blank\"><span class=\"shariff-icon\" style=\"\"><svg width=\"32px\" height=\"20px\" xmlns=\"http:\/\/www.w3.org\/2000\/svg\" viewBox=\"0 0 25 32\"><path fill=\"#126567\" d=\"M10.7 11.9q-0.2 0.3-4.6 8.2-0.5 0.8-1.2 0.8h-4.3q-0.4 0-0.5-0.3t0-0.6l4.5-8q0 0 0 0l-2.9-5q-0.2-0.4 0-0.7 0.2-0.3 0.5-0.3h4.3q0.7 0 1.2 0.8zM25.1 0.4q0.2 0.3 0 0.7l-9.4 16.7 6 11q0.2 0.4 0 0.6-0.2 0.3-0.6 0.3h-4.3q-0.7 0-1.2-0.8l-6-11.1q0.3-0.6 9.5-16.8 0.4-0.8 1.2-0.8h4.3q0.4 0 0.5 0.3z\"\/><\/svg><\/span><span class=\"shariff-text\">condividi<\/span>&nbsp;<\/a><\/li><\/ul><\/div>","protected":false},"excerpt":{"rendered":"<p>Corso di Tedesco intensiv REGULAR dal lun. al ven. dalle\u00a09 alle\u00a012:15 a.M. (l&#8217;orario pu\u00f2 variare)<br \/>\n20 unit\u00e0 didattiche a settimana.\u00a0Scegliere\u00a0il numero di settimane (<em>Kursdauer<\/em>)e\u00a0il mese in cui si desidera iniziare (<em>Kursbeginn<\/em>).\u00a0Inoltre scegliere\u00a0un&#8217;opzione sull&#8217;attuale livello di conoscenza del Tedesco (<em>Einstufung<\/em>). Una volta completata l&#8217;iscrizione e scelta la modalit\u00e0 di pagamento si riceve conferma entro 48 ore.<strong><br \/>\n<\/strong><\/p>\n","protected":false},"featured_media":4336,"template":"","meta":{"_exactmetrics_skip_tracking":false,"_exactmetrics_sitenote_active":false,"_exactmetrics_sitenote_note":"","_exactmetrics_sitenote_category":0},"product_brand":[],"product_cat":[399,400],"product_tag":[186,187,181,188,189],"class_list":{"0":"post-15947","1":"product","2":"type-product","3":"status-publish","4":"has-post-thumbnail","6":"product_cat-corsi-di-lingua","7":"product_cat-corsi-di-tedesco","8":"product_tag-daf-it-2","9":"product_tag-deutsch-it-2","10":"product_tag-deutschkurs-it-2","11":"product_tag-freiburg-it-2","12":"product_tag-sprachschule-it","13":"pa_kursbeginn-agosto","14":"pa_kursbeginn-aprile","15":"pa_kursbeginn-dicembre","16":"pa_kursbeginn-febbraio","17":"pa_kursbeginn-gennaio","18":"pa_kursbeginn-giugno","19":"pa_kursbeginn-luglio","20":"pa_kursbeginn-maggio","21":"pa_kursbeginn-marzo","22":"pa_kursbeginn-novembre","23":"pa_kursbeginn-ottobre","24":"pa_kursbeginn-settembre","25":"pa_kursdauer-10-settimane","26":"pa_kursdauer-12-settimane","27":"pa_kursdauer-14-settimane","28":"pa_kursdauer-16-settimane","29":"pa_kursdauer-18-settimane","30":"pa_kursdauer-2-settimane","31":"pa_kursdauer-20-settimane","32":"pa_kursdauer-22-settimane","33":"pa_kursdauer-24-settimane","34":"pa_kursdauer-26-settimane","35":"pa_kursdauer-28-settimane","36":"pa_kursdauer-30-settimane","37":"pa_kursdauer-32-settimane","38":"pa_kursdauer-34-settimane","39":"pa_kursdauer-36-settimane","40":"pa_kursdauer-38-settimane","41":"pa_kursdauer-38-piu-settimane","42":"pa_kursdauer-4-settimane","43":"pa_kursdauer-6-settimane","44":"pa_kursdauer-8-settimane","46":"first","47":"instock","48":"sold-individually","49":"shipping-taxable","50":"purchasable","51":"product-type-variable","52":"has-default-attributes"},"yoast_head":"<!-- This site is optimized with the Yoast SEO plugin v27.4 - https:\/\/yoast.com\/product\/yoast-seo-wordpress\/ -->\n<title>Corso di Tedesco - superintensivo 24 units \/ settimana - isd-freiburg.de<\/title>\n<meta name=\"description\" content=\"Corso intensivo di Tedesco intensiv da 20 unit\u00e0 didattiche a settimana. Corso per tutti i levlli dall&#039;A1 fino al C1.\" \/>\n<meta name=\"robots\" content=\"index, follow, max-snippet:-1, max-image-preview:large, max-video-preview:-1\" \/>\n<link rel=\"canonical\" href=\"https:\/\/isd-freiburg.de\/it\/online-anmeldung\/corso-di-tedesco-intensiv-regular-kopie-2\/\" \/>\n<meta property=\"og:locale\" content=\"it_IT\" \/>\n<meta property=\"og:type\" content=\"article\" \/>\n<meta property=\"og:title\" content=\"Corso di Tedesco - superintensivo 24 units \/ settimana - isd-freiburg.de\" \/>\n<meta property=\"og:description\" content=\"Corso intensivo di Tedesco intensiv da 20 unit\u00e0 didattiche a settimana. Corso per tutti i levlli dall&#039;A1 fino al C1.\" \/>\n<meta property=\"og:url\" content=\"https:\/\/isd-freiburg.de\/it\/online-anmeldung\/corso-di-tedesco-intensiv-regular-kopie-2\/\" \/>\n<meta property=\"og:site_name\" content=\"isd-freiburg.de\" \/>\n<meta property=\"article:publisher\" content=\"https:\/\/www.facebook.com\/isd.freiburg\/\" \/>\n<meta property=\"article:modified_time\" content=\"2022-05-17T12:03:15+00:00\" \/>\n<meta property=\"og:image\" content=\"https:\/\/isd-freiburg.de\/wp-content\/uploads\/2016\/06\/DEU_REG_PROF.jpg\" \/>\n\t<meta property=\"og:image:width\" content=\"977\" \/>\n\t<meta property=\"og:image:height\" content=\"651\" \/>\n\t<meta property=\"og:image:type\" content=\"image\/jpeg\" \/>\n<meta name=\"twitter:card\" content=\"summary_large_image\" \/>\n<meta name=\"twitter:label1\" content=\"Tempo di lettura stimato\" \/>\n\t<meta name=\"twitter:data1\" content=\"4 minuti\" \/>\n<script type=\"application\/ld+json\" class=\"yoast-schema-graph\">{\"@context\":\"https:\\\/\\\/schema.org\",\"@graph\":[{\"@type\":\"WebPage\",\"@id\":\"https:\\\/\\\/isd-freiburg.de\\\/it\\\/online-anmeldung\\\/corso-di-tedesco-intensiv-regular-kopie-2\\\/\",\"url\":\"https:\\\/\\\/isd-freiburg.de\\\/it\\\/online-anmeldung\\\/corso-di-tedesco-intensiv-regular-kopie-2\\\/\",\"name\":\"Corso di Tedesco - superintensivo 24 units \\\/ settimana - isd-freiburg.de\",\"isPartOf\":{\"@id\":\"https:\\\/\\\/isd-freiburg.de\\\/it\\\/#website\"},\"primaryImageOfPage\":{\"@id\":\"https:\\\/\\\/isd-freiburg.de\\\/it\\\/online-anmeldung\\\/corso-di-tedesco-intensiv-regular-kopie-2\\\/#primaryimage\"},\"image\":{\"@id\":\"https:\\\/\\\/isd-freiburg.de\\\/it\\\/online-anmeldung\\\/corso-di-tedesco-intensiv-regular-kopie-2\\\/#primaryimage\"},\"thumbnailUrl\":\"https:\\\/\\\/isd-freiburg.de\\\/wp-content\\\/uploads\\\/2016\\\/06\\\/DEU_REG_PROF.jpg\",\"datePublished\":\"2022-05-17T11:10:31+00:00\",\"dateModified\":\"2022-05-17T12:03:15+00:00\",\"description\":\"Corso intensivo di Tedesco intensiv da 20 unit\u00e0 didattiche a settimana. Corso per tutti i levlli dall'A1 fino al C1.\",\"breadcrumb\":{\"@id\":\"https:\\\/\\\/isd-freiburg.de\\\/it\\\/online-anmeldung\\\/corso-di-tedesco-intensiv-regular-kopie-2\\\/#breadcrumb\"},\"inLanguage\":\"it-IT\",\"potentialAction\":[{\"@type\":\"ReadAction\",\"target\":[\"https:\\\/\\\/isd-freiburg.de\\\/it\\\/online-anmeldung\\\/corso-di-tedesco-intensiv-regular-kopie-2\\\/\"]}]},{\"@type\":\"ImageObject\",\"inLanguage\":\"it-IT\",\"@id\":\"https:\\\/\\\/isd-freiburg.de\\\/it\\\/online-anmeldung\\\/corso-di-tedesco-intensiv-regular-kopie-2\\\/#primaryimage\",\"url\":\"https:\\\/\\\/isd-freiburg.de\\\/wp-content\\\/uploads\\\/2016\\\/06\\\/DEU_REG_PROF.jpg\",\"contentUrl\":\"https:\\\/\\\/isd-freiburg.de\\\/wp-content\\\/uploads\\\/2016\\\/06\\\/DEU_REG_PROF.jpg\",\"width\":977,\"height\":651},{\"@type\":\"BreadcrumbList\",\"@id\":\"https:\\\/\\\/isd-freiburg.de\\\/it\\\/online-anmeldung\\\/corso-di-tedesco-intensiv-regular-kopie-2\\\/#breadcrumb\",\"itemListElement\":[{\"@type\":\"ListItem\",\"position\":1,\"name\":\"Home\",\"item\":\"https:\\\/\\\/isd-freiburg.de\\\/it\\\/corsi-tedesco-freiburg\\\/\"},{\"@type\":\"ListItem\",\"position\":2,\"name\":\"Iscrizione Online\",\"item\":\"https:\\\/\\\/isd-freiburg.de\\\/it\\\/iscrizione-online\\\/\"},{\"@type\":\"ListItem\",\"position\":3,\"name\":\"Corso di Tedesco &#8211; superintensivo 24 units \\\/ settimana\"}]},{\"@type\":\"WebSite\",\"@id\":\"https:\\\/\\\/isd-freiburg.de\\\/it\\\/#website\",\"url\":\"https:\\\/\\\/isd-freiburg.de\\\/it\\\/\",\"name\":\"isd-freiburg.de\",\"description\":\"Just another WordPress site\",\"publisher\":{\"@id\":\"https:\\\/\\\/isd-freiburg.de\\\/it\\\/#organization\"},\"potentialAction\":[{\"@type\":\"SearchAction\",\"target\":{\"@type\":\"EntryPoint\",\"urlTemplate\":\"https:\\\/\\\/isd-freiburg.de\\\/it\\\/?s={search_term_string}\"},\"query-input\":{\"@type\":\"PropertyValueSpecification\",\"valueRequired\":true,\"valueName\":\"search_term_string\"}}],\"inLanguage\":\"it-IT\"},{\"@type\":\"Organization\",\"@id\":\"https:\\\/\\\/isd-freiburg.de\\\/it\\\/#organization\",\"name\":\"ISD Freiburg\",\"url\":\"https:\\\/\\\/isd-freiburg.de\\\/it\\\/\",\"logo\":{\"@type\":\"ImageObject\",\"inLanguage\":\"it-IT\",\"@id\":\"https:\\\/\\\/isd-freiburg.de\\\/it\\\/#\\\/schema\\\/logo\\\/image\\\/\",\"url\":\"https:\\\/\\\/isd-freiburg.de\\\/wp-content\\\/uploads\\\/2015\\\/11\\\/isd_logo.jpg\",\"contentUrl\":\"https:\\\/\\\/isd-freiburg.de\\\/wp-content\\\/uploads\\\/2015\\\/11\\\/isd_logo.jpg\",\"width\":222,\"height\":80,\"caption\":\"ISD Freiburg\"},\"image\":{\"@id\":\"https:\\\/\\\/isd-freiburg.de\\\/it\\\/#\\\/schema\\\/logo\\\/image\\\/\"},\"sameAs\":[\"https:\\\/\\\/www.facebook.com\\\/isd.freiburg\\\/\"]}]}<\/script>\n<!-- \/ Yoast SEO plugin. -->","yoast_head_json":{"title":"Corso di Tedesco - superintensivo 24 units \/ settimana - isd-freiburg.de","description":"Corso intensivo di Tedesco intensiv da 20 unit\u00e0 didattiche a settimana. Corso per tutti i levlli dall'A1 fino al C1.","robots":{"index":"index","follow":"follow","max-snippet":"max-snippet:-1","max-image-preview":"max-image-preview:large","max-video-preview":"max-video-preview:-1"},"canonical":"https:\/\/isd-freiburg.de\/it\/online-anmeldung\/corso-di-tedesco-intensiv-regular-kopie-2\/","og_locale":"it_IT","og_type":"article","og_title":"Corso di Tedesco - superintensivo 24 units \/ settimana - isd-freiburg.de","og_description":"Corso intensivo di Tedesco intensiv da 20 unit\u00e0 didattiche a settimana. Corso per tutti i levlli dall'A1 fino al C1.","og_url":"https:\/\/isd-freiburg.de\/it\/online-anmeldung\/corso-di-tedesco-intensiv-regular-kopie-2\/","og_site_name":"isd-freiburg.de","article_publisher":"https:\/\/www.facebook.com\/isd.freiburg\/","article_modified_time":"2022-05-17T12:03:15+00:00","og_image":[{"width":977,"height":651,"url":"https:\/\/isd-freiburg.de\/wp-content\/uploads\/2016\/06\/DEU_REG_PROF.jpg","type":"image\/jpeg"}],"twitter_card":"summary_large_image","twitter_misc":{"Tempo di lettura stimato":"4 minuti"},"schema":{"@context":"https:\/\/schema.org","@graph":[{"@type":"WebPage","@id":"https:\/\/isd-freiburg.de\/it\/online-anmeldung\/corso-di-tedesco-intensiv-regular-kopie-2\/","url":"https:\/\/isd-freiburg.de\/it\/online-anmeldung\/corso-di-tedesco-intensiv-regular-kopie-2\/","name":"Corso di Tedesco - superintensivo 24 units \/ settimana - isd-freiburg.de","isPartOf":{"@id":"https:\/\/isd-freiburg.de\/it\/#website"},"primaryImageOfPage":{"@id":"https:\/\/isd-freiburg.de\/it\/online-anmeldung\/corso-di-tedesco-intensiv-regular-kopie-2\/#primaryimage"},"image":{"@id":"https:\/\/isd-freiburg.de\/it\/online-anmeldung\/corso-di-tedesco-intensiv-regular-kopie-2\/#primaryimage"},"thumbnailUrl":"https:\/\/isd-freiburg.de\/wp-content\/uploads\/2016\/06\/DEU_REG_PROF.jpg","datePublished":"2022-05-17T11:10:31+00:00","dateModified":"2022-05-17T12:03:15+00:00","description":"Corso intensivo di Tedesco intensiv da 20 unit\u00e0 didattiche a settimana. Corso per tutti i levlli dall'A1 fino al C1.","breadcrumb":{"@id":"https:\/\/isd-freiburg.de\/it\/online-anmeldung\/corso-di-tedesco-intensiv-regular-kopie-2\/#breadcrumb"},"inLanguage":"it-IT","potentialAction":[{"@type":"ReadAction","target":["https:\/\/isd-freiburg.de\/it\/online-anmeldung\/corso-di-tedesco-intensiv-regular-kopie-2\/"]}]},{"@type":"ImageObject","inLanguage":"it-IT","@id":"https:\/\/isd-freiburg.de\/it\/online-anmeldung\/corso-di-tedesco-intensiv-regular-kopie-2\/#primaryimage","url":"https:\/\/isd-freiburg.de\/wp-content\/uploads\/2016\/06\/DEU_REG_PROF.jpg","contentUrl":"https:\/\/isd-freiburg.de\/wp-content\/uploads\/2016\/06\/DEU_REG_PROF.jpg","width":977,"height":651},{"@type":"BreadcrumbList","@id":"https:\/\/isd-freiburg.de\/it\/online-anmeldung\/corso-di-tedesco-intensiv-regular-kopie-2\/#breadcrumb","itemListElement":[{"@type":"ListItem","position":1,"name":"Home","item":"https:\/\/isd-freiburg.de\/it\/corsi-tedesco-freiburg\/"},{"@type":"ListItem","position":2,"name":"Iscrizione Online","item":"https:\/\/isd-freiburg.de\/it\/iscrizione-online\/"},{"@type":"ListItem","position":3,"name":"Corso di Tedesco &#8211; superintensivo 24 units \/ settimana"}]},{"@type":"WebSite","@id":"https:\/\/isd-freiburg.de\/it\/#website","url":"https:\/\/isd-freiburg.de\/it\/","name":"isd-freiburg.de","description":"Just another WordPress site","publisher":{"@id":"https:\/\/isd-freiburg.de\/it\/#organization"},"potentialAction":[{"@type":"SearchAction","target":{"@type":"EntryPoint","urlTemplate":"https:\/\/isd-freiburg.de\/it\/?s={search_term_string}"},"query-input":{"@type":"PropertyValueSpecification","valueRequired":true,"valueName":"search_term_string"}}],"inLanguage":"it-IT"},{"@type":"Organization","@id":"https:\/\/isd-freiburg.de\/it\/#organization","name":"ISD Freiburg","url":"https:\/\/isd-freiburg.de\/it\/","logo":{"@type":"ImageObject","inLanguage":"it-IT","@id":"https:\/\/isd-freiburg.de\/it\/#\/schema\/logo\/image\/","url":"https:\/\/isd-freiburg.de\/wp-content\/uploads\/2015\/11\/isd_logo.jpg","contentUrl":"https:\/\/isd-freiburg.de\/wp-content\/uploads\/2015\/11\/isd_logo.jpg","width":222,"height":80,"caption":"ISD Freiburg"},"image":{"@id":"https:\/\/isd-freiburg.de\/it\/#\/schema\/logo\/image\/"},"sameAs":["https:\/\/www.facebook.com\/isd.freiburg\/"]}]}},"_links":{"self":[{"href":"https:\/\/isd-freiburg.de\/it\/wp-json\/wp\/v2\/product\/15947","targetHints":{"allow":["GET"]}}],"collection":[{"href":"https:\/\/isd-freiburg.de\/it\/wp-json\/wp\/v2\/product"}],"about":[{"href":"https:\/\/isd-freiburg.de\/it\/wp-json\/wp\/v2\/types\/product"}],"wp:featuredmedia":[{"embeddable":true,"href":"https:\/\/isd-freiburg.de\/it\/wp-json\/wp\/v2\/media\/4336"}],"wp:attachment":[{"href":"https:\/\/isd-freiburg.de\/it\/wp-json\/wp\/v2\/media?parent=15947"}],"wp:term":[{"taxonomy":"product_brand","embeddable":true,"href":"https:\/\/isd-freiburg.de\/it\/wp-json\/wp\/v2\/product_brand?post=15947"},{"taxonomy":"product_cat","embeddable":true,"href":"https:\/\/isd-freiburg.de\/it\/wp-json\/wp\/v2\/product_cat?post=15947"},{"taxonomy":"product_tag","embeddable":true,"href":"https:\/\/isd-freiburg.de\/it\/wp-json\/wp\/v2\/product_tag?post=15947"}],"curies":[{"name":"wp","href":"https:\/\/api.w.org\/{rel}","templated":true}]}}